{"id":1870,"date":"2022-08-03T15:41:09","date_gmt":"2022-08-03T13:41:09","guid":{"rendered":"https:\/\/venta-fenster.de\/?page_id=1870"},"modified":"2025-04-02T13:04:01","modified_gmt":"2025-04-02T11:04:01","slug":"rollladen","status":"publish","type":"page","link":"https:\/\/vorlage.roeser-webseiten.de\/bhp-template-6\/rollladen\/","title":{"rendered":"Rolll\u00e4den"},"content":{"rendered":"<p>[et_pb_section fb_built=&#8221;1&#8243; fullwidth=&#8221;on&#8221; _builder_version=&#8221;4.16&#8243; global_colors_info=&#8221;{}&#8221;][et_pb_fullwidth_image src=&#8221;https:\/\/vorlage.roeser-webseiten.de\/bhp-template-6\/wp-content\/uploads\/sites\/21\/2023\/09\/shutterstock_735000256.jpg&#8221; title_text=&#8221;shutterstock_735000256&#8243; _builder_version=&#8221;4.21.0&#8243; _module_preset=&#8221;default&#8221; global_colors_info=&#8221;{}&#8221;][\/et_pb_fullwidth_image][\/et_pb_section][et_pb_section fb_built=&#8221;1&#8243; _builder_version=&#8221;4.17.6&#8243; _module_preset=&#8221;default&#8221; global_colors_info=&#8221;{}&#8221;][et_pb_row _builder_version=&#8221;4.21.0&#8243; _module_preset=&#8221;default&#8221; global_colors_info=&#8221;{}&#8221;][et_pb_column type=&#8221;4_4&#8243; _builder_version=&#8221;4.21.0&#8243; _module_preset=&#8221;default&#8221; global_colors_info=&#8221;{}&#8221;][et_pb_text _builder_version=&#8221;4.27.4&#8243; _module_preset=&#8221;default&#8221; text_line_height=&#8221;1.8em&#8221; header_font_size=&#8221;40px&#8221; header_line_height=&#8221;1.3em&#8221; text_orientation=&#8221;center&#8221; max_width=&#8221;720px&#8221; max_width_tablet=&#8221;720px&#8221; max_width_phone=&#8221;720px&#8221; max_width_last_edited=&#8221;on|desktop&#8221; module_alignment=&#8221;center&#8221; header_font_size_tablet=&#8221;36px&#8221; header_font_size_phone=&#8221;30px&#8221; header_font_size_last_edited=&#8221;on|desktop&#8221; global_colors_info=&#8221;{}&#8221;]<\/p>\n<h1>Rolll\u00e4den &#8211; die perfekte Wahl<\/h1>\n<p>Die Vorz\u00fcge eines Rollladens sind vielf\u00e4ltig: Er schirmt effektiv vor Sonne und Hitze ab, gew\u00e4hrleistet Sichtschutz sowie optimalen Wetterschutz. Weiterhin ist er witterungsbest\u00e4ndig und von langer Lebensdauer.<\/p>\n<p>Bei uns erhalten Sie individuell angefertigte Rollladenanlagen in der gesamten Farbpalette nach RAL-Standard &#8211; ganz nach Ihren pers\u00f6nlichen Bed\u00fcrfnissen.<\/p>\n<p>[\/et_pb_text][\/et_pb_column][\/et_pb_row][\/et_pb_section][et_pb_section fb_built=&#8221;1&#8243; module_id=&#8221;mehr&#8221; _builder_version=&#8221;4.21.0&#8243; _module_preset=&#8221;default&#8221; background_color=&#8221;RGBA(255,255,255,0)&#8221; global_colors_info=&#8221;{}&#8221;][et_pb_row column_structure=&#8221;1_2,1_2&#8243; module_class=&#8221;align-items-center-lg swap-on-mobile&#8221; _builder_version=&#8221;4.21.0&#8243; _module_preset=&#8221;default&#8221; global_colors_info=&#8221;{}&#8221;][et_pb_column type=&#8221;1_2&#8243; _builder_version=&#8221;4.16&#8243; _module_preset=&#8221;default&#8221; global_colors_info=&#8221;{}&#8221;][et_pb_image src=&#8221;https:\/\/vorlage.roeser-webseiten.de\/bhp-template-6\/wp-content\/uploads\/sites\/21\/2023\/09\/shutterstock_2317335115.jpg&#8221; alt=&#8221;Aufsatzrolll\u00e4den&#8221; title_text=&#8221;shutterstock_2317335115&#8243; _builder_version=&#8221;4.27.4&#8243; _module_preset=&#8221;default&#8221; global_colors_info=&#8221;{}&#8221;][\/et_pb_image][\/et_pb_column][et_pb_column type=&#8221;1_2&#8243; _builder_version=&#8221;4.16&#8243; _module_preset=&#8221;default&#8221; global_colors_info=&#8221;{}&#8221;][et_pb_text _builder_version=&#8221;4.27.4&#8243; _module_preset=&#8221;default&#8221; text_line_height=&#8221;1.8em&#8221; header_3_font_size=&#8221;30px&#8221; header_3_font_size_tablet=&#8221;26px&#8221; header_3_font_size_phone=&#8221;24px&#8221; header_3_font_size_last_edited=&#8221;on|phone&#8221; global_colors_info=&#8221;{}&#8221;]<\/p>\n<h2>Au\u00dfenrolll\u00e4den<\/h2>\n<p>Wenn es um eine dezente und unauff\u00e4llige Optik f\u00fcr Ihre Fenster geht, sind Rolll\u00e4den die perfekte Wahl. Durch den integrierten Rollladenkasten befindet sich dieser hinter der Au\u00dfenwand und ist somit von au\u00dfen unsichtbar.<\/p>\n<p>Neben ihrem \u00e4sthetischen Mehrwert bieten Roll\u00e4den auch hervorragende W\u00e4rmed\u00e4mmeigenschaften f\u00fcr Ihr Zuhause oder Ihre Wohnung.<\/p>\n<p>[\/et_pb_text][\/et_pb_column][\/et_pb_row][\/et_pb_section][et_pb_section fb_built=&#8221;1&#8243; _builder_version=&#8221;4.21.0&#8243; _module_preset=&#8221;default&#8221; global_colors_info=&#8221;{}&#8221;][et_pb_row column_structure=&#8221;1_2,1_2&#8243; module_class=&#8221;align-items-center-lg aspect-ratio-500&#8243; _builder_version=&#8221;4.17.4&#8243; _module_preset=&#8221;default&#8221; global_colors_info=&#8221;{}&#8221;][et_pb_column type=&#8221;1_2&#8243; _builder_version=&#8221;4.16&#8243; _module_preset=&#8221;default&#8221; global_colors_info=&#8221;{}&#8221;][et_pb_text _builder_version=&#8221;4.27.2&#8243; _module_preset=&#8221;default&#8221; text_line_height=&#8221;1.8em&#8221; header_3_font_size=&#8221;30px&#8221; header_3_font_size_tablet=&#8221;26px&#8221; header_3_font_size_phone=&#8221;24px&#8221; header_3_font_size_last_edited=&#8221;on|phone&#8221; global_colors_info=&#8221;{}&#8221;]<\/p>\n<h2>Garagentore<\/h2>\n<p>Rolltore f\u00fcr Garagen sind eine gro\u00dfartige M\u00f6glichkeit, um Ihre Garage sicher und einfach zug\u00e4nglich zu machen. Diese Tore sind robust und langlebig, sodass sie auch bei h\u00e4ufigem Gebrauch lange halten. Sie sind einfach zu bedienen und k\u00f6nnen mit einer Fernbedienung ge\u00f6ffnet und geschlossen werden, was den Komfort erh\u00f6ht. Rolltore sind auch sehr platzsparend, da sie senkrecht aufgerollt werden und somit keinen Platz in der Garage einnehmen. Ebenso bieten sie einen hervorragenden Schutz vor Witterungseinfl\u00fcssen und Einbr\u00fcchen. Mit einem Rolltor k\u00f6nnen Sie sicher sein, dass Ihre Garage und Ihr Eigentum sicher und gesch\u00fctzt sind.<\/p>\n<p>&nbsp;<\/p>\n<p>[\/et_pb_text][\/et_pb_column][et_pb_column type=&#8221;1_2&#8243; _builder_version=&#8221;4.16&#8243; _module_preset=&#8221;default&#8221; global_colors_info=&#8221;{}&#8221;][et_pb_image src=&#8221;https:\/\/vorlage.roeser-webseiten.de\/bhp-template-6\/wp-content\/uploads\/sites\/21\/2023\/09\/shutterstock_2193897773.jpg&#8221; alt=&#8221;Vorsatzrolll\u00e4den&#8221; title_text=&#8221;shutterstock_2193897773&#8243; _builder_version=&#8221;4.21.0&#8243; _module_preset=&#8221;default&#8221; global_colors_info=&#8221;{}&#8221;][\/et_pb_image][\/et_pb_column][\/et_pb_row][\/et_pb_section][et_pb_section fb_built=&#8221;1&#8243; _builder_version=&#8221;4.21.0&#8243; _module_preset=&#8221;default&#8221; background_color=&#8221;RGBA(255,255,255,0)&#8221; global_colors_info=&#8221;{}&#8221;][et_pb_row column_structure=&#8221;1_2,1_2&#8243; module_class=&#8221;align-items-center-lg swap-on-mobile&#8221; _builder_version=&#8221;4.21.0&#8243; _module_preset=&#8221;default&#8221; global_colors_info=&#8221;{}&#8221;][et_pb_column type=&#8221;1_2&#8243; _builder_version=&#8221;4.16&#8243; _module_preset=&#8221;default&#8221; global_colors_info=&#8221;{}&#8221;][et_pb_image src=&#8221;https:\/\/vorlage.roeser-webseiten.de\/bhp-template-6\/wp-content\/uploads\/sites\/21\/2023\/09\/shutterstock_1940671936.jpg&#8221; alt=&#8221;Raffstores&#8221; title_text=&#8221;shutterstock_1940671936&#8243; _builder_version=&#8221;4.21.0&#8243; _module_preset=&#8221;default&#8221; global_colors_info=&#8221;{}&#8221;][\/et_pb_image][\/et_pb_column][et_pb_column type=&#8221;1_2&#8243; _builder_version=&#8221;4.16&#8243; _module_preset=&#8221;default&#8221; global_colors_info=&#8221;{}&#8221;][et_pb_text _builder_version=&#8221;4.27.2&#8243; _module_preset=&#8221;default&#8221; text_line_height=&#8221;1.8em&#8221; header_3_font_size=&#8221;30px&#8221; header_3_font_size_tablet=&#8221;26px&#8221; header_3_font_size_phone=&#8221;24px&#8221; header_3_font_size_last_edited=&#8221;on|phone&#8221; global_colors_info=&#8221;{}&#8221;]<\/p>\n<h2>Raffstore<\/h2>\n<p>Raffstore gibt es in verschiedenen Materialien sowie Farbvarianten, wodurch sie individuell an den Bedarf angepasst werden k\u00f6nnen. Durch ihre einfache Handhabung lassen sich diese Jalousien sowohl manuell als auch automatisch bedienen &#8211; f\u00fcr h\u00f6chsten Komfort bei jeder Nutzungssituation. Alles in allem sind Raffstore also absolut empfehlenswert f\u00fcr all jene Personen, welche auf der Suche nach einer praktischen wie stilvollen L\u00f6sung zur Regulierung von Tageslichteinfall im heimischen oder beruflichen Umfeld sind.<\/p>\n<p>&nbsp;<\/p>\n<p>[\/et_pb_text][\/et_pb_column][\/et_pb_row][\/et_pb_section][et_pb_section fb_built=&#8221;1&#8243; _builder_version=&#8221;4.27.2&#8243; _module_preset=&#8221;default&#8221; custom_padding=&#8221;2em||0px||false|false&#8221; global_colors_info=&#8221;{}&#8221;][et_pb_row _builder_version=&#8221;4.27.2&#8243; _module_preset=&#8221;default&#8221; global_colors_info=&#8221;{}&#8221;][et_pb_column type=&#8221;4_4&#8243; _builder_version=&#8221;4.27.2&#8243; _module_preset=&#8221;default&#8221; global_colors_info=&#8221;{}&#8221;][et_pb_text _builder_version=&#8221;4.27.4&#8243; _module_preset=&#8221;default&#8221; text_line_height=&#8221;1.8em&#8221; global_colors_info=&#8221;{}&#8221;]<\/p>\n<h3 style=\"text-align: center;\">Wir freuen uns auf Ihren Kontakt!<\/h3>\n<p>[\/et_pb_text][\/et_pb_column][\/et_pb_row][\/et_pb_section][et_pb_section fb_built=&#8221;1&#8243; _builder_version=&#8221;4.27.4&#8243; _module_preset=&#8221;default&#8221; background_color=&#8221;#3B486B&#8221; custom_padding=&#8221;0px||0px|&#8221; animation_style=&#8221;fade&#8221; global_module=&#8221;2433&#8243; saved_tabs=&#8221;all&#8221; global_colors_info=&#8221;{}&#8221;][et_pb_row module_class=&#8221;d-flex d-lg-flex&#8221; _builder_version=&#8221;4.27.4&#8243; _module_preset=&#8221;default&#8221; global_colors_info=&#8221;{}&#8221;][et_pb_column type=&#8221;4_4&#8243; _builder_version=&#8221;4.27.4&#8243; _module_preset=&#8221;default&#8221; global_colors_info=&#8221;{}&#8221;][et_pb_blurb use_icon=&#8221;on&#8221; font_icon=&#8221;&#xe090;||divi||400&#8243; icon_color=&#8221;#FFFFFF&#8221; icon_placement=&#8221;left&#8221; image_icon_width=&#8221;30px&#8221; icon_placement_tablet=&#8221;left&#8221; icon_placement_phone=&#8221;top&#8221; icon_placement_last_edited=&#8221;on|desktop&#8221; image_icon_width_tablet=&#8221;24px&#8221; image_icon_width_phone=&#8221;24px&#8221; image_icon_width_last_edited=&#8221;on|desktop&#8221; _builder_version=&#8221;4.27.4&#8243; _module_preset=&#8221;default&#8221; body_font=&#8221;|600|||||||&#8221; body_font_size=&#8221;24px&#8221; body_line_height=&#8221;1.8em&#8221; image_icon_custom_padding=&#8221;4px||||false|false&#8221; background_layout=&#8221;dark&#8221; animation=&#8221;off&#8221; body_font_size_tablet=&#8221;22px&#8221; body_font_size_phone=&#8221;21px&#8221; body_font_size_last_edited=&#8221;on|phone&#8221; text_orientation_tablet=&#8221;&#8221; text_orientation_phone=&#8221;center&#8221; text_orientation_last_edited=&#8221;on|phone&#8221; global_colors_info=&#8221;{}&#8221;]<\/p>\n<p>0721 \/ 37 19 0<\/p>\n<p>[\/et_pb_blurb][et_pb_divider color=&#8221;#FECA64&#8243; divider_position=&#8221;center&#8221; color_last_edited=&#8221;off|desktop&#8221; disabled_on=&#8221;off|on|on&#8221; _builder_version=&#8221;4.21.0&#8243; _module_preset=&#8221;default&#8221; global_colors_info=&#8221;{}&#8221;][\/et_pb_divider][et_pb_blurb use_icon=&#8221;on&#8221; font_icon=&#8221;&#xe076;||divi||400&#8243; icon_color=&#8221;#FFFFFF&#8221; icon_placement=&#8221;left&#8221; image_icon_width=&#8221;30px&#8221; icon_placement_tablet=&#8221;left&#8221; icon_placement_phone=&#8221;top&#8221; icon_placement_last_edited=&#8221;on|desktop&#8221; image_icon_width_tablet=&#8221;24px&#8221; image_icon_width_phone=&#8221;24px&#8221; image_icon_width_last_edited=&#8221;on|desktop&#8221; _builder_version=&#8221;4.21.0&#8243; _module_preset=&#8221;default&#8221; body_font=&#8221;|600|||||||&#8221; body_font_size=&#8221;24px&#8221; body_line_height=&#8221;1.8em&#8221; image_icon_custom_padding=&#8221;4px||||false|false&#8221; background_layout=&#8221;dark&#8221; animation=&#8221;off&#8221; body_font_size_tablet=&#8221;22px&#8221; body_font_size_phone=&#8221;21px&#8221; body_font_size_last_edited=&#8221;on|phone&#8221; text_orientation_tablet=&#8221;&#8221; text_orientation_phone=&#8221;center&#8221; text_orientation_last_edited=&#8221;on|phone&#8221; global_colors_info=&#8221;{}&#8221;]info@roeser-medienhaus.de[\/et_pb_blurb][\/et_pb_column][\/et_pb_row][\/et_pb_section]<\/p>\n","protected":false},"excerpt":{"rendered":"<p>Rolll\u00e4den &#8211; die perfekte Wahl Die Vorz\u00fcge eines Rollladens sind vielf\u00e4ltig: Er schirmt effektiv vor Sonne und Hitze ab, gew\u00e4hrleistet Sichtschutz sowie optimalen Wetterschutz. Weiterhin ist er witterungsbest\u00e4ndig und von langer Lebensdauer. Bei uns erhalten Sie individuell angefertigte Rollladenanlagen in der gesamten Farbpalette nach RAL-Standard &#8211; ganz nach Ihren pers\u00f6nlichen Bed\u00fcrfnissen.Au\u00dfenrolll\u00e4den Wenn es um eine dezente und unauff\u00e4llige Optik f\u00fcr Ihre Fenster geht, sind Rolll\u00e4den die perfekte Wahl. Durch den integrierten Rollladenkasten befindet sich dieser hinter der Au\u00dfenwand und ist somit von au\u00dfen unsichtbar. Neben ihrem \u00e4sthetischen Mehrwert bieten Roll\u00e4den auch hervorragende W\u00e4rmed\u00e4mmeigenschaften f\u00fcr Ihr Zuhause oder Ihre Wohnung.Garagentore Rolltore f\u00fcr Garagen sind eine gro\u00dfartige M\u00f6glichkeit, um Ihre Garage sicher und einfach zug\u00e4nglich zu machen. Diese Tore sind robust und langlebig, sodass sie auch bei h\u00e4ufigem Gebrauch lange halten. Sie sind einfach zu bedienen und k\u00f6nnen mit einer Fernbedienung ge\u00f6ffnet und geschlossen werden, was den Komfort erh\u00f6ht. Rolltore sind auch sehr platzsparend, da sie senkrecht aufgerollt werden und somit keinen Platz in der Garage einnehmen. Ebenso bieten sie einen hervorragenden Schutz vor Witterungseinfl\u00fcssen und Einbr\u00fcchen. Mit einem Rolltor k\u00f6nnen Sie sicher sein, dass Ihre Garage und Ihr Eigentum sicher und gesch\u00fctzt sind. &nbsp;Raffstore Raffstore gibt es in verschiedenen Materialien sowie Farbvarianten, wodurch sie individuell an den Bedarf angepasst werden k\u00f6nnen. Durch ihre einfache Handhabung lassen sich diese Jalousien sowohl manuell<\/p>\n<div class=\"view-full-post\"><a href=\"https:\/\/vorlage.roeser-webseiten.de\/bhp-template-6\/rollladen\/\" class=\"view-full-post-btn\">View Full Post<\/a><\/div>\n<p>;<\/p>\n","protected":false},"author":2,"featured_media":0,"parent":0,"menu_order":0,"comment_status":"closed","ping_status":"closed","template":"","meta":{"_et_pb_use_builder":"on","_et_pb_old_content":"","_et_gb_content_width":"","footnotes":""},"class_list":["post-1870","page","type-page","status-publish","hentry"],"aioseo_notices":[],"_links":{"self":[{"href":"https:\/\/vorlage.roeser-webseiten.de\/bhp-template-6\/wp-json\/wp\/v2\/pages\/1870","targetHints":{"allow":["GET"]}}],"collection":[{"href":"https:\/\/vorlage.roeser-webseiten.de\/bhp-template-6\/wp-json\/wp\/v2\/pages"}],"about":[{"href":"https:\/\/vorlage.roeser-webseiten.de\/bhp-template-6\/wp-json\/wp\/v2\/types\/page"}],"author":[{"embeddable":true,"href":"https:\/\/vorlage.roeser-webseiten.de\/bhp-template-6\/wp-json\/wp\/v2\/users\/2"}],"replies":[{"embeddable":true,"href":"https:\/\/vorlage.roeser-webseiten.de\/bhp-template-6\/wp-json\/wp\/v2\/comments?post=1870"}],"version-history":[{"count":4,"href":"https:\/\/vorlage.roeser-webseiten.de\/bhp-template-6\/wp-json\/wp\/v2\/pages\/1870\/revisions"}],"predecessor-version":[{"id":2609,"href":"https:\/\/vorlage.roeser-webseiten.de\/bhp-template-6\/wp-json\/wp\/v2\/pages\/1870\/revisions\/2609"}],"wp:attachment":[{"href":"https:\/\/vorlage.roeser-webseiten.de\/bhp-template-6\/wp-json\/wp\/v2\/media?parent=1870"}],"curies":[{"name":"wp","href":"https:\/\/api.w.org\/{rel}","templated":true}]}}