{"id":84,"date":"2022-08-18T11:21:50","date_gmt":"2022-08-18T09:21:50","guid":{"rendered":"https:\/\/2.roeser-webseiten.de\/bestattungen-hartfelder\/?page_id=6"},"modified":"2025-04-15T08:54:37","modified_gmt":"2025-04-15T06:54:37","slug":"startseite","status":"publish","type":"page","link":"https:\/\/vorlage.roeser-webseiten.de\/bhp-template-5\/","title":{"rendered":"Startseite"},"content":{"rendered":"<p>[et_pb_section fb_built=&#8221;1&#8243; fullwidth=&#8221;on&#8221; _builder_version=&#8221;4.19.0&#8243; _module_preset=&#8221;default&#8221; global_colors_info=&#8221;{}&#8221;][et_pb_fullwidth_header title=&#8221;Bestattungshaus Mustermann&#8221; subhead=&#8221;Ein w\u00fcrdevoller Abschied f\u00fcr Ihre Liebsten&#8221; text_orientation=&#8221;center&#8221; button_one_text=&#8221;Bestattungen&#8221; button_one_url=&#8221;@ET-DC@eyJkeW5hbWljIjp0cnVlLCJjb250ZW50IjoicG9zdF9saW5rX3VybF9wYWdlIiwic2V0dGluZ3MiOnsicG9zdF9pZCI6IjIxOSJ9fQ==@&#8221; button_two_text=&#8221;Kontakt&#8221; button_two_url=&#8221;@ET-DC@eyJkeW5hbWljIjp0cnVlLCJjb250ZW50IjoicG9zdF9saW5rX3VybF9wYWdlIiwic2V0dGluZ3MiOnsicG9zdF9pZCI6IjEwNiJ9fQ==@&#8221; admin_label=&#8221;Hintergrundbild mit Text und Buttons&#8221; _builder_version=&#8221;4.27.4&#8243; _dynamic_attributes=&#8221;button_one_url,button_two_url&#8221; _module_preset=&#8221;default&#8221; title_font_size=&#8221;40px&#8221; background_color=&#8221;#1B263B&#8221; use_background_color_gradient=&#8221;on&#8221; background_color_gradient_type=&#8221;elliptical&#8221; background_color_gradient_stops=&#8221;rgba(34,34,59,0.67) 0%|rgba(148,146,160,0.82) 100%&#8221; background_color_gradient_overlays_image=&#8221;on&#8221; background_image=&#8221;https:\/\/vorlage.roeser-webseiten.de\/bhp-template-5\/wp-content\/uploads\/sites\/20\/2025\/04\/shutterstock-2495003935-steg-am-wasser.webp&#8221; custom_button_two=&#8221;on&#8221; button_two_text_color=&#8221;#4A4E69&#8243; button_two_bg_color=&#8221;#D8C5C0&#8243; button_two_border_color=&#8221;#4A4E69&#8243; button_two_use_icon=&#8221;off&#8221; custom_margin=&#8221;|0px||0px|false|true&#8221; custom_padding=&#8221;6%||6%||true|false&#8221; custom_padding_tablet=&#8221;8%||8%||true|false&#8221; custom_padding_phone=&#8221;8%|0px|8%|0px|true|true&#8221; custom_padding_last_edited=&#8221;on|phone&#8221; hover_enabled=&#8221;0&#8243; title_font_size_tablet=&#8221;36px&#8221; title_font_size_phone=&#8221;30px&#8221; title_font_size_last_edited=&#8221;on|phone&#8221; subhead_font_size_tablet=&#8221;&#8221; subhead_font_size_phone=&#8221;16px&#8221; subhead_font_size_last_edited=&#8221;on|phone&#8221; background_last_edited=&#8221;on|phone&#8221; use_background_color_gradient_tablet=&#8221;on&#8221; use_background_color_gradient_phone=&#8221;on&#8221; background_color_gradient_direction_tablet=&#8221;0deg&#8221; background_color_gradient_direction_phone=&#8221;180deg&#8221; background_color_gradient_stops_tablet=&#8221;rgba(27,38,59,0.67) 28%|rgba(148,146,160,0.24) 100%&#8221; background_color_gradient_stops_phone=&#8221;rgba(34,34,59,0.69) 0%|rgba(74,78,105,0.3) 96%&#8221; parallax_tablet=&#8221;off&#8221; parallax_phone=&#8221;off&#8221; text_shadow_style=&#8221;preset1&#8243; text_shadow_vertical_length=&#8221;0.08em&#8221; text_shadow_color=&#8221;#4A4E69&#8243; global_colors_info=&#8221;{}&#8221; button_one_border_color__hover_enabled=&#8221;on|desktop&#8221; button_one_border_color__hover=&#8221;#4A4E69&#8243; button_one_text_color__hover_enabled=&#8221;on|hover&#8221; button_one_text_color__hover=&#8221;#22223B&#8221; button_one_bg_color__hover_enabled=&#8221;on|hover&#8221; button_one_bg_color__hover=&#8221;#D8C5C0&#8243; button_one_bg_enable_color__hover=&#8221;on&#8221; button_two_border_color__hover=&#8221;#D8C5C0&#8243; button_two_border_color__hover_enabled=&#8221;on|hover&#8221; button_two_bg_color__hover_enabled=&#8221;on|hover&#8221; button_two_bg_color__hover=&#8221;#4A4E69&#8243; button_two_bg_enable_color__hover=&#8221;on&#8221; button_two_text_color__hover_enabled=&#8221;on|desktop&#8221; button_two_text_color__hover=&#8221;#FFFFFF&#8221; button_two_bg_enable_color=&#8221;on&#8221; sticky_enabled=&#8221;0&#8243; button_two_font=&#8221;||||||||&#8221;][\/et_pb_fullwidth_header][\/et_pb_section][et_pb_section fb_built=&#8221;1&#8243; admin_label=&#8221;Einleitung&#8221; _builder_version=&#8221;4.27.4&#8243; _module_preset=&#8221;default&#8221; custom_padding=&#8221;||||false|false&#8221; bottom_divider_style=&#8221;wave2&#8243; bottom_divider_color=&#8221;#F6F2F3&#8243; bottom_divider_height=&#8221;40px&#8221; global_colors_info=&#8221;{}&#8221;][et_pb_row _builder_version=&#8221;4.27.4&#8243; _module_preset=&#8221;default&#8221; global_colors_info=&#8221;{}&#8221;][et_pb_column type=&#8221;4_4&#8243; _builder_version=&#8221;4.19.0&#8243; _module_preset=&#8221;default&#8221; global_colors_info=&#8221;{}&#8221;][et_pb_text _builder_version=&#8221;4.27.4&#8243; _module_preset=&#8221;default&#8221; text_line_height=&#8221;1.6em&#8221; header_2_font_size=&#8221;32px&#8221; header_2_line_height=&#8221;1.4em&#8221; text_orientation=&#8221;center&#8221; max_width=&#8221;720px&#8221; max_width_tablet=&#8221;720px&#8221; max_width_phone=&#8221;720px&#8221; max_width_last_edited=&#8221;on|desktop&#8221; module_alignment=&#8221;center&#8221; header_2_font_size_tablet=&#8221;30px&#8221; header_2_font_size_phone=&#8221;24px&#8221; header_2_font_size_last_edited=&#8221;on|phone&#8221; text_orientation_tablet=&#8221;center&#8221; text_orientation_phone=&#8221;left&#8221; text_orientation_last_edited=&#8221;on|phone&#8221; global_colors_info=&#8221;{}&#8221;]<\/p>\n<h2>Einf\u00fchlsame Begleitung in schweren Zeiten<\/h2>\n<p>Willkommen beim Bestattungshaus Mustermann! Wir sind ein traditionsreiches Familienunternehmen mit langj\u00e4hriger Erfahrung.<\/p>\n<p>Wir wissen, dass eine Beerdigung oder Trauerfeier eine sehr emotionale Zeit ist und dass jeder Mensch individuelle Bed\u00fcrfnisse hat. Deshalb legen wir gro\u00dfen Wert auf eine einf\u00fchlsame Beratung und Begleitung w\u00e4hrend der gesamten Trauerzeit.<\/p>\n<p>Wir h\u00f6ren Ihnen zu, nehmen uns Zeit f\u00fcr Ihre Fragen und W\u00fcnsche und unterst\u00fctzen Sie bei allen organisatorischen Aufgaben.[\/et_pb_text][\/et_pb_column][\/et_pb_row][\/et_pb_section][et_pb_section fb_built=&#8221;1&#8243; custom_padding_last_edited=&#8221;off|desktop&#8221; disabled_on=&#8221;off|off|off&#8221; admin_label=&#8221;Leistungen &#8221; module_class=&#8221;blurb_container-90&#8243; _builder_version=&#8221;4.27.4&#8243; _module_preset=&#8221;default&#8221; background_color=&#8221;#F6F2F3&#8243; positioning=&#8221;none&#8221; position_origin_a=&#8221;bottom_center&#8221; vertical_offset=&#8221;0px&#8221; module_alignment=&#8221;left&#8221; custom_padding=&#8221;0px||0px||true|false&#8221; custom_padding_tablet=&#8221;74px|21px|28px|21px|false|true&#8221; custom_padding_phone=&#8221;0px|0px|21px|0px|false|true&#8221; global_colors_info=&#8221;{}&#8221;][et_pb_row column_structure=&#8221;1_2,1_2&#8243; use_custom_gutter=&#8221;on&#8221; gutter_width=&#8221;2&#8243; make_equal=&#8221;on&#8221; _builder_version=&#8221;4.27.4&#8243; _module_preset=&#8221;default&#8221; max_width=&#8221;1200px&#8221; module_alignment=&#8221;center&#8221; global_colors_info=&#8221;{}&#8221;][et_pb_column type=&#8221;1_2&#8243; _builder_version=&#8221;4.21.0&#8243; _module_preset=&#8221;default&#8221; global_colors_info=&#8221;{}&#8221;][et_pb_image src=&#8221;https:\/\/vorlage.roeser-webseiten.de\/bhp-template-5\/wp-content\/uploads\/sites\/20\/2023\/09\/shutterstock_1412690906.jpg&#8221; title_text=&#8221;shutterstock_1412690906&#8243; show_bottom_space=&#8221;off&#8221; align=&#8221;center&#8221; _builder_version=&#8221;4.27.4&#8243; _module_preset=&#8221;default&#8221; custom_margin=&#8221;||0px||false|false&#8221; global_colors_info=&#8221;{}&#8221;][\/et_pb_image][et_pb_text _builder_version=&#8221;4.27.4&#8243; _module_preset=&#8221;default&#8221; text_line_height=&#8221;1.6em&#8221; header_3_font_size=&#8221;24px&#8221; background_color=&#8221;rgba(74,78,105,0.92)&#8221; positioning=&#8221;absolute&#8221; position_origin_a=&#8221;bottom_center&#8221; z_index=&#8221;5&#8243; position_origin_a_tablet=&#8221;bottom_center&#8221; position_origin_a_phone=&#8221;bottom_center&#8221; position_origin_a_last_edited=&#8221;on|tablet&#8221; position_origin_f_tablet=&#8221;&#8221; position_origin_f_phone=&#8221;&#8221; position_origin_f_last_edited=&#8221;on|desktop&#8221; position_origin_r_tablet=&#8221;&#8221; position_origin_r_phone=&#8221;&#8221; position_origin_r_last_edited=&#8221;on|desktop&#8221; background_layout=&#8221;dark&#8221; width=&#8221;100%&#8221; custom_padding=&#8221;2em|1.4em|1.4em|1.4em|false|true&#8221; header_3_font_size_tablet=&#8221;24px&#8221; header_3_font_size_phone=&#8221;21px&#8221; header_3_font_size_last_edited=&#8221;on|desktop&#8221; background_color_tablet=&#8221;#4A4E69&#8243; background_last_edited=&#8221;on|tablet&#8221; background_enable_color_tablet=&#8221;on&#8221; positioning_tablet=&#8221;relative&#8221; positioning_phone=&#8221;none&#8221; positioning_last_edited=&#8221;on|phone&#8221; global_colors_info=&#8221;{}&#8221;]<\/p>\n<h3>Bestattungen<\/h3>\n<p>Wir bieten eine Vielzahl von Bestattungsoptionen an, darunter die traditionelle Beerdigung auf dem Friedhof sowie Seebestattungen oder Baumbestattungen.<\/p>\n<p>[\/et_pb_text][\/et_pb_column][et_pb_column type=&#8221;1_2&#8243; _builder_version=&#8221;4.21.0&#8243; _module_preset=&#8221;default&#8221; global_colors_info=&#8221;{}&#8221;][et_pb_image src=&#8221;https:\/\/vorlage.roeser-webseiten.de\/bhp-template-5\/wp-content\/uploads\/sites\/20\/2023\/06\/trauerbegleitung.jpg&#8221; alt=&#8221;\u00e4lterer Mann h\u00e4lt st\u00fctzend Schulter einer trauernden Person&#8221; title_text=&#8221;trauerbegleitung&#8221; show_bottom_space=&#8221;off&#8221; align=&#8221;center&#8221; _builder_version=&#8221;4.21.0&#8243; _module_preset=&#8221;default&#8221; custom_margin=&#8221;||0px||false|false&#8221; global_colors_info=&#8221;{}&#8221;][\/et_pb_image][et_pb_text _builder_version=&#8221;4.21.0&#8243; _module_preset=&#8221;default&#8221; text_line_height=&#8221;1.6em&#8221; header_3_font_size=&#8221;24px&#8221; background_color=&#8221;rgba(74,78,105,0.92)&#8221; positioning=&#8221;absolute&#8221; position_origin_a=&#8221;bottom_center&#8221; z_index=&#8221;5&#8243; position_origin_a_tablet=&#8221;bottom_center&#8221; position_origin_a_phone=&#8221;bottom_center&#8221; position_origin_a_last_edited=&#8221;on|tablet&#8221; position_origin_f_tablet=&#8221;&#8221; position_origin_f_phone=&#8221;&#8221; position_origin_f_last_edited=&#8221;on|desktop&#8221; position_origin_r_tablet=&#8221;&#8221; position_origin_r_phone=&#8221;&#8221; position_origin_r_last_edited=&#8221;on|desktop&#8221; background_layout=&#8221;dark&#8221; width=&#8221;100%&#8221; custom_padding=&#8221;2em|1.4em|1.4em|1.4em|false|true&#8221; header_3_font_size_tablet=&#8221;24px&#8221; header_3_font_size_phone=&#8221;21px&#8221; header_3_font_size_last_edited=&#8221;on|desktop&#8221; background_color_tablet=&#8221;#4A4E69&#8243; background_last_edited=&#8221;on|tablet&#8221; background_enable_color_tablet=&#8221;on&#8221; positioning_tablet=&#8221;relative&#8221; positioning_phone=&#8221;none&#8221; positioning_last_edited=&#8221;on|phone&#8221; global_colors_info=&#8221;{}&#8221;]<\/p>\n<h3>Trauerbegleitung<\/h3>\n<p>In Zeiten der Trauer stehen wir Ihnen mit unserer Hilfe zur Seite, um Sie in schweren Stunden zu unterst\u00fctzen und einf\u00fchlsame Beerdigungen f\u00fcr Ihre Lieben zu organisieren.<\/p>\n<p>[\/et_pb_text][\/et_pb_column][\/et_pb_row][et_pb_row column_structure=&#8221;1_2,1_2&#8243; use_custom_gutter=&#8221;on&#8221; gutter_width=&#8221;2&#8243; make_equal=&#8221;on&#8221; _builder_version=&#8221;4.27.4&#8243; _module_preset=&#8221;default&#8221; max_width=&#8221;1200px&#8221; module_alignment=&#8221;center&#8221; global_colors_info=&#8221;{}&#8221;][et_pb_column type=&#8221;1_2&#8243; _builder_version=&#8221;4.21.0&#8243; _module_preset=&#8221;default&#8221; global_colors_info=&#8221;{}&#8221;][et_pb_image src=&#8221;https:\/\/vorlage.roeser-webseiten.de\/bhp-template-5\/wp-content\/uploads\/sites\/20\/2023\/09\/shutterstock_529433293.jpg&#8221; alt=&#8221;wei\u00dfe Kerzen mit Lilien&#8221; title_text=&#8221;shutterstock_529433293&#8243; show_bottom_space=&#8221;off&#8221; align=&#8221;center&#8221; _builder_version=&#8221;4.21.0&#8243; _module_preset=&#8221;default&#8221; custom_margin=&#8221;||0px||false|false&#8221; global_colors_info=&#8221;{}&#8221;][\/et_pb_image][et_pb_text _builder_version=&#8221;4.21.0&#8243; _module_preset=&#8221;default&#8221; text_line_height=&#8221;1.6em&#8221; header_3_font_size=&#8221;24px&#8221; background_color=&#8221;rgba(74,78,105,0.92)&#8221; positioning=&#8221;absolute&#8221; position_origin_a=&#8221;bottom_center&#8221; z_index=&#8221;5&#8243; position_origin_a_tablet=&#8221;bottom_center&#8221; position_origin_a_phone=&#8221;bottom_center&#8221; position_origin_a_last_edited=&#8221;on|tablet&#8221; position_origin_f_tablet=&#8221;&#8221; position_origin_f_phone=&#8221;&#8221; position_origin_f_last_edited=&#8221;on|desktop&#8221; position_origin_r_tablet=&#8221;&#8221; position_origin_r_phone=&#8221;&#8221; position_origin_r_last_edited=&#8221;on|desktop&#8221; background_layout=&#8221;dark&#8221; width=&#8221;100%&#8221; custom_padding=&#8221;2em|1.4em|1.4em|1.4em|false|true&#8221; header_3_font_size_tablet=&#8221;24px&#8221; header_3_font_size_phone=&#8221;21px&#8221; header_3_font_size_last_edited=&#8221;on|desktop&#8221; background_color_tablet=&#8221;#4A4E69&#8243; background_last_edited=&#8221;on|tablet&#8221; background_enable_color_tablet=&#8221;on&#8221; positioning_tablet=&#8221;relative&#8221; positioning_phone=&#8221;none&#8221; positioning_last_edited=&#8221;on|phone&#8221; global_colors_info=&#8221;{}&#8221;]<\/p>\n<h3>Bestattungs-Vorsorge<\/h3>\n<p>Wir helfen Ihnen dabei, bereits im Vorfeld Ihre Angelegenheiten zu kl\u00e4ren und beraten Sie individuell auf Ihren pers\u00f6nlichen Bedarf zugeschnitten.<\/p>\n<p>[\/et_pb_text][\/et_pb_column][et_pb_column type=&#8221;1_2&#8243; _builder_version=&#8221;4.21.0&#8243; _module_preset=&#8221;default&#8221; global_colors_info=&#8221;{}&#8221;][et_pb_image src=&#8221;https:\/\/vorlage.roeser-webseiten.de\/bhp-template-5\/wp-content\/uploads\/sites\/20\/2023\/06\/weisse-rosen.jpg&#8221; alt=&#8221;5 wei\u00dfe Rosen&#8221; title_text=&#8221;weisse Rosen&#8221; show_bottom_space=&#8221;off&#8221; align=&#8221;center&#8221; _builder_version=&#8221;4.27.4&#8243; _module_preset=&#8221;default&#8221; background_color=&#8221;rgba(34,34,59,0.92)&#8221; position_origin_a=&#8221;bottom_center&#8221; vertical_offset=&#8221;0px&#8221; z_index=&#8221;5&#8243; width=&#8221;100%&#8221; custom_padding_tablet=&#8221;2em|1em|1.4em|1em|false|true&#8221; custom_padding_phone=&#8221;2em|1em|1.4em|1em|false|true&#8221; custom_padding_last_edited=&#8221;off|desktop&#8221; global_colors_info=&#8221;{}&#8221;][\/et_pb_image][et_pb_text _builder_version=&#8221;4.21.0&#8243; _module_preset=&#8221;default&#8221; text_line_height=&#8221;1.6em&#8221; header_3_font_size=&#8221;24px&#8221; background_color=&#8221;rgba(74,78,105,0.92)&#8221; positioning=&#8221;absolute&#8221; position_origin_a=&#8221;bottom_center&#8221; z_index=&#8221;5&#8243; position_origin_a_tablet=&#8221;bottom_center&#8221; position_origin_a_phone=&#8221;bottom_center&#8221; position_origin_a_last_edited=&#8221;on|tablet&#8221; position_origin_f_tablet=&#8221;&#8221; position_origin_f_phone=&#8221;&#8221; position_origin_f_last_edited=&#8221;on|desktop&#8221; position_origin_r_tablet=&#8221;&#8221; position_origin_r_phone=&#8221;&#8221; position_origin_r_last_edited=&#8221;on|desktop&#8221; background_layout=&#8221;dark&#8221; width=&#8221;100%&#8221; custom_padding=&#8221;2em|1.4em|1.4em|1.4em|false|true&#8221; header_3_font_size_tablet=&#8221;24px&#8221; header_3_font_size_phone=&#8221;21px&#8221; header_3_font_size_last_edited=&#8221;on|desktop&#8221; background_color_tablet=&#8221;#4A4E69&#8243; background_last_edited=&#8221;on|tablet&#8221; background_enable_color_tablet=&#8221;on&#8221; positioning_tablet=&#8221;relative&#8221; positioning_phone=&#8221;none&#8221; positioning_last_edited=&#8221;on|phone&#8221; global_colors_info=&#8221;{}&#8221;]<\/p>\n<h3>Im Trauerfall<\/h3>\n<p>In Zeiten der Trauer stehen wir Ihnen unterst\u00fctzend und entlastend zur Seite &#8211; unabh\u00e4ngig von Wochentagen oder Feiertagen.<\/p>\n<p>[\/et_pb_text][\/et_pb_column][\/et_pb_row][\/et_pb_section][et_pb_section fb_built=&#8221;1&#8243; _builder_version=&#8221;4.27.4&#8243; _module_preset=&#8221;default&#8221; top_divider_style=&#8221;wave2&#8243; top_divider_color=&#8221;#F6F2F3&#8243; top_divider_height=&#8221;40px&#8221; global_colors_info=&#8221;{}&#8221;][et_pb_row _builder_version=&#8221;4.21.0&#8243; _module_preset=&#8221;default&#8221; global_colors_info=&#8221;{}&#8221;][et_pb_column type=&#8221;4_4&#8243; _builder_version=&#8221;4.21.0&#8243; _module_preset=&#8221;default&#8221; global_colors_info=&#8221;{}&#8221;][et_pb_text admin_label=&#8221;Hinterbliebenenservice&#8221; _builder_version=&#8221;4.27.4&#8243; _module_preset=&#8221;default&#8221; text_line_height=&#8221;1.6em&#8221; header_3_font_size=&#8221;30px&#8221; header_4_font_size=&#8221;24px&#8221; text_orientation=&#8221;center&#8221; max_width=&#8221;720px&#8221; max_width_tablet=&#8221;720px&#8221; max_width_phone=&#8221;720px&#8221; max_width_last_edited=&#8221;on|desktop&#8221; module_alignment=&#8221;center&#8221; header_3_text_align_last_edited=&#8221;off|phone&#8221; header_3_font_size_tablet=&#8221;26px&#8221; header_3_font_size_phone=&#8221;24px&#8221; header_3_font_size_last_edited=&#8221;on|phone&#8221; header_4_font_size_tablet=&#8221;22px&#8221; header_4_font_size_phone=&#8221;21px&#8221; header_4_font_size_last_edited=&#8221;on|phone&#8221; text_orientation_tablet=&#8221;center&#8221; text_orientation_phone=&#8221;left&#8221; text_orientation_last_edited=&#8221;on|phone&#8221; global_colors_info=&#8221;{}&#8221;]<\/p>\n<h3>Hinterbliebenen-Service<\/h3>\n<p>Die Abwicklung der Bestattungskosten stellt oft eine zus\u00e4tzliche Belastung f\u00fcr die Hinterbliebenen dar. In dieser schwierigen Phase stehen wir Ihnen mit unserem Hinterbliebenenservice zur Seite.<\/p>\n<p>Gemeinsam mit unserem Partner &#8216;Hilfe in der Trauer&#8217; unterst\u00fctzen wir Sie dabei, unkompliziert und effizient L\u00f6sungen f\u00fcr Ihre Bestattungsrechnungen zu finden &#8211; sei es durch Ratenzahlungen oder andere M\u00f6glichkeiten.\u00a0<\/p>\n<p>[\/et_pb_text][\/et_pb_column][\/et_pb_row][\/et_pb_section][et_pb_section fb_built=&#8221;1&#8243; _builder_version=&#8221;4.27.4&#8243; _module_preset=&#8221;default&#8221; background_color=&#8221;#4A4E69&#8243; use_background_color_gradient=&#8221;on&#8221; background_color_gradient_stops=&#8221;rgba(74,78,105,0.81) 0%|rgba(34,34,59,0.6) 100%&#8221; background_color_gradient_overlays_image=&#8221;on&#8221; background_image=&#8221;https:\/\/vorlage.roeser-webseiten.de\/bhp-template-5\/wp-content\/uploads\/sites\/20\/2023\/06\/rose-auf-dunklem-hintergrund-1.jpg&#8221; background_position=&#8221;center_right&#8221; background_color_tablet=&#8221;#292F3A&#8221; background_color_phone=&#8221;#4A4E69&#8243; background_last_edited=&#8221;on|phone&#8221; background_enable_color_tablet=&#8221;on&#8221; background_enable_color_phone=&#8221;on&#8221; use_background_color_gradient_phone=&#8221;on&#8221; background_color_gradient_stops_phone=&#8221;rgba(74,78,105,0.78) 0%|rgba(34,34,59,0.74) 100%&#8221; parallax_tablet=&#8221;off&#8221; background_size_tablet=&#8221;cover&#8221; background_position_tablet=&#8221;bottom_right&#8221; background_horizontal_offset_tablet=&#8221;12%&#8221; background_horizontal_offset_phone=&#8221;15%&#8221; global_colors_info=&#8221;{}&#8221;][et_pb_row _builder_version=&#8221;4.19.0&#8243; _module_preset=&#8221;default&#8221; global_colors_info=&#8221;{}&#8221;][et_pb_column type=&#8221;4_4&#8243; _builder_version=&#8221;4.19.0&#8243; _module_preset=&#8221;default&#8221; global_colors_info=&#8221;{}&#8221;][et_pb_cta title=&#8221;Ein Abschied ist immer ein gro\u00dfer Verlust.&#8221; button_url=&#8221;@ET-DC@eyJkeW5hbWljIjp0cnVlLCJjb250ZW50IjoicG9zdF9saW5rX3VybF9wYWdlIiwic2V0dGluZ3MiOnsicG9zdF9pZCI6IjEwNiJ9fQ==@&#8221; button_text=&#8221;Lassen Sie uns Ihnen helfen.&#8221; _builder_version=&#8221;4.27.4&#8243; _dynamic_attributes=&#8221;button_url&#8221; _module_preset=&#8221;default&#8221; header_level=&#8221;h4&#8243; header_font_size=&#8221;30px&#8221; header_line_height=&#8221;1.6em&#8221; body_line_height=&#8221;1.8em&#8221; background_color=&#8221;RGBA(255,255,255,0)&#8221; max_width=&#8221;720px&#8221; max_width_tablet=&#8221;720px&#8221; max_width_phone=&#8221;720px&#8221; max_width_last_edited=&#8221;on|tablet&#8221; module_alignment=&#8221;center&#8221; custom_padding=&#8221;|0px||0px|false|true&#8221; hover_enabled=&#8221;0&#8243; header_font_size_tablet=&#8221;26px&#8221; header_font_size_phone=&#8221;24px&#8221; header_font_size_last_edited=&#8221;on|phone&#8221; global_colors_info=&#8221;{}&#8221; button_border_color__hover=&#8221;#CFAC8C&#8221; button_border_color__hover_enabled=&#8221;on|hover&#8221; button_bg_color__hover_enabled=&#8221;on|hover&#8221; button_bg_color__hover=&#8221;#F6F2F3&#8243; button_bg_enable_color__hover=&#8221;on&#8221; button_text_color__hover_enabled=&#8221;on|desktop&#8221; button_text_color__hover=&#8221;#22223B&#8221; sticky_enabled=&#8221;0&#8243;]<\/p>\n<p>Als erfahrene Bestatter und einf\u00fchlsame Trauerbegleiter sind wir jederzeit f\u00fcr Sie da, um Ihnen den R\u00fccken freizuhalten und Ihnen in allen Belangen zur Seite zu stehen. Dabei achten wir stets darauf, Ihre individuellen W\u00fcnsche und Bed\u00fcrfnisse zu ber\u00fccksichtigen und Ihnen eine zuverl\u00e4ssige Unterst\u00fctzung zu bieten.<\/p>\n<p>[\/et_pb_cta][\/et_pb_column][\/et_pb_row][\/et_pb_section]<\/p>\n","protected":false},"excerpt":{"rendered":"<p>Einf\u00fchlsame Begleitung in schweren Zeiten Willkommen beim Bestattungshaus Mustermann! Wir sind ein traditionsreiches Familienunternehmen mit langj\u00e4hriger Erfahrung. Wir wissen, dass eine Beerdigung oder Trauerfeier eine sehr emotionale Zeit ist und dass jeder Mensch individuelle Bed\u00fcrfnisse hat. Deshalb legen wir gro\u00dfen Wert auf eine einf\u00fchlsame Beratung und Begleitung w\u00e4hrend der gesamten Trauerzeit. Wir h\u00f6ren Ihnen zu, nehmen uns Zeit f\u00fcr Ihre Fragen und W\u00fcnsche und unterst\u00fctzen Sie bei allen organisatorischen Aufgaben.Bestattungen Wir bieten eine Vielzahl von Bestattungsoptionen an, darunter die traditionelle Beerdigung auf dem Friedhof sowie Seebestattungen oder Baumbestattungen.Trauerbegleitung In Zeiten der Trauer stehen wir Ihnen mit unserer Hilfe zur Seite, um Sie in schweren Stunden zu unterst\u00fctzen und einf\u00fchlsame Beerdigungen f\u00fcr Ihre Lieben zu organisieren.Bestattungs-Vorsorge Wir helfen Ihnen dabei, bereits im Vorfeld Ihre Angelegenheiten zu kl\u00e4ren und beraten Sie individuell auf Ihren pers\u00f6nlichen Bedarf zugeschnitten.Im Trauerfall In Zeiten der Trauer stehen wir Ihnen unterst\u00fctzend und entlastend zur Seite &#8211; unabh\u00e4ngig von Wochentagen oder Feiertagen.Hinterbliebenen-Service Die Abwicklung der Bestattungskosten stellt oft eine zus\u00e4tzliche Belastung f\u00fcr die Hinterbliebenen dar. In dieser schwierigen Phase stehen wir Ihnen mit unserem Hinterbliebenenservice zur Seite. Gemeinsam mit unserem Partner &#8216;Hilfe in der Trauer&#8217; unterst\u00fctzen wir Sie dabei, unkompliziert und effizient L\u00f6sungen f\u00fcr Ihre Bestattungsrechnungen zu finden &#8211; sei es durch Ratenzahlungen oder andere M\u00f6glichkeiten.\u00a0Als erfahrene Bestatter und einf\u00fchlsame Trauerbegleiter sind wir jederzeit f\u00fcr Sie da, um<\/p>\n<div class=\"view-full-post\"><a href=\"https:\/\/vorlage.roeser-webseiten.de\/bhp-template-5\/\" class=\"view-full-post-btn\">View Full Post<\/a><\/div>\n<p>;<\/p>\n","protected":false},"author":2,"featured_media":0,"parent":0,"menu_order":0,"comment_status":"closed","ping_status":"closed","template":"","meta":{"_et_pb_use_builder":"on","_et_pb_old_content":"Lorem ipsum dolor sit amet, consetetur sadipscing elitr, sed diam nonumy eirmod tempor invidunt ut labore et dolore magna aliquyam erat, sed diam voluptua. At vero eos et accusam et justo duo dolores et ea rebum. Stet clita kasd gubergren, no sea takimata sanctus est Lorem ipsum dolor sit amet.\r\n<h2>Lorem ipsum dolor sit amet, consetetur sadipscing elitr, sed diam nonumy eirmod tempor<\/h2>\r\nLorem ipsum dolor sit amet, consetetur sadipscing elitr, sed diam nonumy eirmod tempor invidunt ut labore et dolore magna aliquyam erat, sed diam voluptua. At vero eos et accusam et justo duo dolores et ea rebum. Stet clita kasd gubergren, no sea takimata sanctus est Lorem ipsum dolor sit amet. Lorem ipsum dolor sit amet, consetetur sadipscing elitr, sed diam nonumy eirmod tempor invidunt ut labore et dolore magna aliquyam erat, sed diam voluptua. At vero eos et accusam et justo duo dolores et ea rebum. Stet clita kasd gubergren, no sea takimata sanctus est Lorem ipsum dolor sit amet.\r\n<h3>Stet clita kasd gubergren, no sea takimata sanctus est Lorem ipsum dolor sit amet.<\/h3>\r\nLorem ipsum dolor sit amet, consetetur sadipscing elitr, sed diam nonumy eirmod tempor invidunt ut labore et dolore magna aliquyam erat, sed diam voluptua. At vero eos et accusam et justo duo dolores et ea rebum. Stet clita kasd gubergren, no sea takimata sanctus est Lorem ipsum dolor sit amet. Lorem ipsum dolor sit amet, consetetur sadipscing elitr, sed diam nonumy eirmod tempor invidunt ut labore et dolore magna aliquyam erat, sed diam voluptua. At vero eos et accusam et justo duo dolores et ea rebum. Stet clita kasd gubergren, no sea takimata sanctus est Lorem ipsum dolor sit amet.","_et_gb_content_width":"","footnotes":""},"class_list":["post-84","page","type-page","status-publish","hentry"],"aioseo_notices":[],"_links":{"self":[{"href":"https:\/\/vorlage.roeser-webseiten.de\/bhp-template-5\/wp-json\/wp\/v2\/pages\/84","targetHints":{"allow":["GET"]}}],"collection":[{"href":"https:\/\/vorlage.roeser-webseiten.de\/bhp-template-5\/wp-json\/wp\/v2\/pages"}],"about":[{"href":"https:\/\/vorlage.roeser-webseiten.de\/bhp-template-5\/wp-json\/wp\/v2\/types\/page"}],"author":[{"embeddable":true,"href":"https:\/\/vorlage.roeser-webseiten.de\/bhp-template-5\/wp-json\/wp\/v2\/users\/2"}],"replies":[{"embeddable":true,"href":"https:\/\/vorlage.roeser-webseiten.de\/bhp-template-5\/wp-json\/wp\/v2\/comments?post=84"}],"version-history":[{"count":5,"href":"https:\/\/vorlage.roeser-webseiten.de\/bhp-template-5\/wp-json\/wp\/v2\/pages\/84\/revisions"}],"predecessor-version":[{"id":1051,"href":"https:\/\/vorlage.roeser-webseiten.de\/bhp-template-5\/wp-json\/wp\/v2\/pages\/84\/revisions\/1051"}],"wp:attachment":[{"href":"https:\/\/vorlage.roeser-webseiten.de\/bhp-template-5\/wp-json\/wp\/v2\/media?parent=84"}],"curies":[{"name":"wp","href":"https:\/\/api.w.org\/{rel}","templated":true}]}}