{"id":217,"date":"2023-04-28T15:04:22","date_gmt":"2023-04-28T13:04:22","guid":{"rendered":"https:\/\/2.roeser-webseiten.de\/bestattungen-hartfelder\/?page_id=217"},"modified":"2025-04-01T13:53:40","modified_gmt":"2025-04-01T11:53:40","slug":"unsere-leistungen","status":"publish","type":"page","link":"https:\/\/vorlage.roeser-webseiten.de\/bhp-template-5\/unsere-leistungen\/","title":{"rendered":"Unsere Leistungen"},"content":{"rendered":"<p>[et_pb_section fb_built=&#8221;1&#8243; fullwidth=&#8221;on&#8221; _builder_version=&#8221;4.19.0&#8243; _module_preset=&#8221;default&#8221; global_colors_info=&#8221;{}&#8221;][et_pb_fullwidth_image src=&#8221;https:\/\/vorlage.roeser-webseiten.de\/bhp-template-5\/wp-content\/uploads\/sites\/20\/2023\/09\/shutterstock_1137429512-1-e1693920480877.jpg&#8221; alt=&#8221;2 wei\u00dfe Kerzen mit Lilien vor dunklem Hintergrund&#8221; title_text=&#8221;shutterstock_1137429512-1&#8243; src_tablet=&#8221;https:\/\/vorlage.roeser-webseiten.de\/bhp-template-5\/wp-content\/uploads\/sites\/20\/2023\/06\/kerzen-mit-lilie-t.jpg&#8221; src_phone=&#8221;https:\/\/vorlage.roeser-webseiten.de\/bhp-template-5\/wp-content\/uploads\/sites\/20\/2023\/06\/kerzen-mit-lilie-t.jpg&#8221; src_last_edited=&#8221;off|desktop&#8221; _builder_version=&#8221;4.21.0&#8243; _module_preset=&#8221;default&#8221; global_colors_info=&#8221;{}&#8221;][\/et_pb_fullwidth_image][\/et_pb_section][et_pb_section fb_built=&#8221;1&#8243; admin_label=&#8221;Einleitung&#8221; _builder_version=&#8221;4.27.4&#8243; _module_preset=&#8221;default&#8221; bottom_divider_style=&#8221;wave2&#8243; bottom_divider_color=&#8221;#F6F2F3&#8243; bottom_divider_height=&#8221;40px&#8221; global_colors_info=&#8221;{}&#8221;][et_pb_row _builder_version=&#8221;4.19.0&#8243; _module_preset=&#8221;default&#8221; global_colors_info=&#8221;{}&#8221;][et_pb_column type=&#8221;4_4&#8243; _builder_version=&#8221;4.19.0&#8243; _module_preset=&#8221;default&#8221; global_colors_info=&#8221;{}&#8221;][et_pb_text module_class=&#8221;col-2&#8243; _builder_version=&#8221;4.27.4&#8243; _module_preset=&#8221;default&#8221; text_line_height=&#8221;1.6em&#8221; header_font_size=&#8221;36px&#8221; header_line_height=&#8221;1.3em&#8221; text_orientation=&#8221;center&#8221; max_width=&#8221;720px&#8221; max_width_tablet=&#8221;720px&#8221; max_width_phone=&#8221;720px&#8221; max_width_last_edited=&#8221;on|desktop&#8221; module_alignment=&#8221;center&#8221; hover_enabled=&#8221;0&#8243; header_font_size_tablet=&#8221;32px&#8221; header_font_size_phone=&#8221;30px&#8221; header_font_size_last_edited=&#8221;on|phone&#8221; text_orientation_tablet=&#8221;center&#8221; text_orientation_phone=&#8221;left&#8221; text_orientation_last_edited=&#8221;on|phone&#8221; global_colors_info=&#8221;{}&#8221; sticky_enabled=&#8221;0&#8243;]<\/p>\n<h1>Unsere Leistungen<\/h1>\n<p><strong>F\u00fcr eine w\u00fcrdevolle Abschiednahme.<\/strong><\/p>\n<p>Unser Angebot ist vielf\u00e4ltig und beinhaltet Bestattungen jeglicher Art &#8211; von traditionellen Erdbestattungen \u00fcber Feuerbestattungen bis hin zu See- oder Baum\u00adbestattungen sowie anonymen Beisetzungen.<\/p>\n<p>Unsere Zusammenarbeit mit den \u00f6rtlichen Friedhofsverwaltungen erm\u00f6glicht es uns, alle Formalit\u00e4ten termingerecht abzuwickeln. Wir sind f\u00fcr Sie da, um die Organisation Ihrer individuellen W\u00fcnsche bez\u00fcglich Trauerfeiern nach Ihren Vorstellungen durchzuf\u00fchren.<\/p>\n<p>[\/et_pb_text][\/et_pb_column][\/et_pb_row][\/et_pb_section][et_pb_section fb_built=&#8221;1&#8243; _builder_version=&#8221;4.27.4&#8243; _module_preset=&#8221;default&#8221; background_color=&#8221;#F6F2F3&#8243; global_colors_info=&#8221;{}&#8221;][et_pb_row _builder_version=&#8221;4.19.0&#8243; _module_preset=&#8221;default&#8221; global_colors_info=&#8221;{}&#8221;][et_pb_column type=&#8221;4_4&#8243; _builder_version=&#8221;4.19.0&#8243; _module_preset=&#8221;default&#8221; global_colors_info=&#8221;{}&#8221;][et_pb_text admin_label=&#8221;Aufz\u00e4hlung Leistungen&#8221; module_class=&#8221;col-2 h2-small&#8221; _builder_version=&#8221;4.27.4&#8243; _module_preset=&#8221;default&#8221; text_line_height=&#8221;1.6em&#8221; header_2_font_size=&#8221;25px&#8221; header_2_line_height=&#8221;1.3em&#8221; header_2_font_size_tablet=&#8221;24px&#8221; header_2_font_size_phone=&#8221;21px&#8221; header_2_font_size_last_edited=&#8221;on|desktop&#8221; global_colors_info=&#8221;{}&#8221;]<\/p>\n<h2>Wir \u00fcbernehmen u.a.:<\/h2>\n<ul>\n<li>individuelle Planung, Organisation und Gestaltung der Trauerfeier<\/li>\n<li>Terminabsprache mit der Friedhofsverwaltung, Pfarrer\/in und Organist\/in, oder auf Wunsch auch freie Trauerredner\/in<\/li>\n<li>Ausarbeitung und Gestaltung der Traueranzeige und Danksagungen<\/li>\n<li>Bestellung von Trauerfloristik<\/li>\n<li>Aufbahrung der\/s Verstorbenen<\/li>\n<li>Erledigung notwendiger Formalit\u00e4ten und Beh\u00f6rdeng\u00e4nge<\/li>\n<li>Beantragung von Leistungen der Lebens- oder Sterbegeldversicherung<\/li>\n<li>Abmeldung der Rente und der Krankenkasse<\/li>\n<li>\u00dcberf\u00fchrungen im In- und Ausland<\/li>\n<li>Sie haben in uns immer einen pers\u00f6nlichen Ansprechpartner<\/li>\n<\/ul>\n<p>[\/et_pb_text][\/et_pb_column][\/et_pb_row][\/et_pb_section][et_pb_section fb_built=&#8221;1&#8243; _builder_version=&#8221;4.27.4&#8243; _module_preset=&#8221;default&#8221; background_color=&#8221;#4A4E69&#8243; use_background_color_gradient=&#8221;on&#8221; background_color_gradient_stops=&#8221;rgba(74,78,105,0.88) 0%|rgba(34,34,59,0.91) 100%&#8221; background_color_gradient_overlays_image=&#8221;on&#8221; background_image=&#8221;https:\/\/vorlage.roeser-webseiten.de\/bhp-template-5\/wp-content\/uploads\/sites\/20\/2023\/06\/kerzen-mit-lilie-t.jpg&#8221; background_position=&#8221;center_right&#8221; background_horizontal_offset=&#8221;50%&#8221; background_color_tablet=&#8221;#292F3A&#8221; background_color_phone=&#8221;#4A4E69&#8243; background_last_edited=&#8221;on|phone&#8221; background_enable_color_tablet=&#8221;on&#8221; background_enable_color_phone=&#8221;on&#8221; use_background_color_gradient_phone=&#8221;on&#8221; background_color_gradient_stops_phone=&#8221;rgba(74,78,105,0.76) 2%|rgba(34,34,59,0.84) 100%&#8221; parallax_tablet=&#8221;off&#8221; background_size_tablet=&#8221;cover&#8221; background_horizontal_offset_tablet=&#8221;50%&#8221; background_horizontal_offset_phone=&#8221;30%&#8221; locked=&#8221;off&#8221; global_colors_info=&#8221;{}&#8221;][et_pb_row _builder_version=&#8221;4.19.0&#8243; _module_preset=&#8221;default&#8221; global_colors_info=&#8221;{}&#8221;][et_pb_column type=&#8221;4_4&#8243; _builder_version=&#8221;4.19.0&#8243; _module_preset=&#8221;default&#8221; global_colors_info=&#8221;{}&#8221;][et_pb_cta title=&#8221;Individuelle Trauerfeiern und Beisetzungen&#8221; button_url=&#8221;@ET-DC@eyJkeW5hbWljIjp0cnVlLCJjb250ZW50IjoicG9zdF9saW5rX3VybF9wYWdlIiwic2V0dGluZ3MiOnsicG9zdF9pZCI6IjEwNiJ9fQ==@&#8221; button_text=&#8221;Wir beraten Sie gerne pers\u00f6nlich.&#8221; _builder_version=&#8221;4.27.4&#8243; _dynamic_attributes=&#8221;button_url&#8221; _module_preset=&#8221;default&#8221; header_level=&#8221;h4&#8243; header_font_size=&#8221;30px&#8221; header_line_height=&#8221;1.6em&#8221; body_line_height=&#8221;1.8em&#8221; background_color=&#8221;RGBA(255,255,255,0)&#8221; custom_button=&#8221;on&#8221; button_text_size=&#8221;17px&#8221; button_text_color=&#8221;#FFFFFF&#8221; button_bg_color=&#8221;#4A4E69&#8243; button_border_color=&#8221;#F2E9E4&#8243; button_use_icon=&#8221;off&#8221; max_width=&#8221;720px&#8221; max_width_tablet=&#8221;720px&#8221; max_width_phone=&#8221;720px&#8221; max_width_last_edited=&#8221;on|tablet&#8221; module_alignment=&#8221;center&#8221; custom_padding=&#8221;|0px||0px|false|true&#8221; header_font_size_tablet=&#8221;26px&#8221; header_font_size_phone=&#8221;24px&#8221; header_font_size_last_edited=&#8221;on|phone&#8221; text_shadow_style=&#8221;preset3&#8243; text_shadow_blur_strength=&#8221;0.23em&#8221; text_shadow_color=&#8221;#22223B&#8221; locked=&#8221;off&#8221; global_colors_info=&#8221;{}&#8221; button_border_color__hover=&#8221;#CFAC8C&#8221; button_border_color__hover_enabled=&#8221;on|hover&#8221; button_bg_color__hover_enabled=&#8221;on|hover&#8221; button_bg_color__hover=&#8221;#F6F2F3&#8243; button_bg_enable_color__hover=&#8221;on&#8221; button_text_color__hover_enabled=&#8221;on|desktop&#8221; button_text_color__hover=&#8221;#22223B&#8221;]<\/p>\n<p>Lassen Sie uns gemeinsam diesen schweren Weg gehen und vertrauen Sie auf unsere Erfahrung und unser Einf\u00fchlungsverm\u00f6gen. Wir sind f\u00fcr Sie da, wenn Sie uns brauchen. Rufen Sie uns an oder kommen Sie pers\u00f6nlich vorbei &#8211; wir nehmen uns gerne Zeit f\u00fcr ein Gespr\u00e4ch mit Ihnen.<\/p>\n<p>[\/et_pb_cta][\/et_pb_column][\/et_pb_row][\/et_pb_section]<\/p>\n","protected":false},"excerpt":{"rendered":"<p>Unsere Leistungen F\u00fcr eine w\u00fcrdevolle Abschiednahme. Unser Angebot ist vielf\u00e4ltig und beinhaltet Bestattungen jeglicher Art &#8211; von traditionellen Erdbestattungen \u00fcber Feuerbestattungen bis hin zu See- oder Baum\u00adbestattungen sowie anonymen Beisetzungen. Unsere Zusammenarbeit mit den \u00f6rtlichen Friedhofsverwaltungen erm\u00f6glicht es uns, alle Formalit\u00e4ten termingerecht abzuwickeln. Wir sind f\u00fcr Sie da, um die Organisation Ihrer individuellen W\u00fcnsche bez\u00fcglich Trauerfeiern nach Ihren Vorstellungen durchzuf\u00fchren.Wir \u00fcbernehmen u.a.: individuelle Planung, Organisation und Gestaltung der Trauerfeier Terminabsprache mit der Friedhofsverwaltung, Pfarrer\/in und Organist\/in, oder auf Wunsch auch freie Trauerredner\/in Ausarbeitung und Gestaltung der Traueranzeige und Danksagungen Bestellung von Trauerfloristik Aufbahrung der\/s Verstorbenen Erledigung notwendiger Formalit\u00e4ten und Beh\u00f6rdeng\u00e4nge Beantragung von Leistungen der Lebens- oder Sterbegeldversicherung Abmeldung der Rente und der Krankenkasse \u00dcberf\u00fchrungen im In- und Ausland Sie haben in uns immer einen pers\u00f6nlichen Ansprechpartner Lassen Sie uns gemeinsam diesen schweren Weg gehen und vertrauen Sie auf unsere Erfahrung und unser Einf\u00fchlungsverm\u00f6gen. Wir sind f\u00fcr Sie da, wenn Sie uns brauchen. Rufen Sie uns an oder kommen Sie pers\u00f6nlich vorbei &#8211; wir nehmen uns gerne Zeit f\u00fcr ein Gespr\u00e4ch mit Ihnen.<\/p>\n","protected":false},"author":2,"featured_media":0,"parent":0,"menu_order":0,"comment_status":"closed","ping_status":"closed","template":"","meta":{"_et_pb_use_builder":"on","_et_pb_old_content":"","_et_gb_content_width":"","footnotes":""},"class_list":["post-217","page","type-page","status-publish","hentry"],"aioseo_notices":[],"_links":{"self":[{"href":"https:\/\/vorlage.roeser-webseiten.de\/bhp-template-5\/wp-json\/wp\/v2\/pages\/217","targetHints":{"allow":["GET"]}}],"collection":[{"href":"https:\/\/vorlage.roeser-webseiten.de\/bhp-template-5\/wp-json\/wp\/v2\/pages"}],"about":[{"href":"https:\/\/vorlage.roeser-webseiten.de\/bhp-template-5\/wp-json\/wp\/v2\/types\/page"}],"author":[{"embeddable":true,"href":"https:\/\/vorlage.roeser-webseiten.de\/bhp-template-5\/wp-json\/wp\/v2\/users\/2"}],"replies":[{"embeddable":true,"href":"https:\/\/vorlage.roeser-webseiten.de\/bhp-template-5\/wp-json\/wp\/v2\/comments?post=217"}],"version-history":[{"count":5,"href":"https:\/\/vorlage.roeser-webseiten.de\/bhp-template-5\/wp-json\/wp\/v2\/pages\/217\/revisions"}],"predecessor-version":[{"id":1010,"href":"https:\/\/vorlage.roeser-webseiten.de\/bhp-template-5\/wp-json\/wp\/v2\/pages\/217\/revisions\/1010"}],"wp:attachment":[{"href":"https:\/\/vorlage.roeser-webseiten.de\/bhp-template-5\/wp-json\/wp\/v2\/media?parent=217"}],"curies":[{"name":"wp","href":"https:\/\/api.w.org\/{rel}","templated":true}]}}