{"id":215,"date":"2023-04-28T15:03:56","date_gmt":"2023-04-28T13:03:56","guid":{"rendered":"https:\/\/2.roeser-webseiten.de\/bestattungen-hartfelder\/?page_id=215"},"modified":"2025-04-15T09:22:17","modified_gmt":"2025-04-15T07:22:17","slug":"ueber-uns","status":"publish","type":"page","link":"https:\/\/vorlage.roeser-webseiten.de\/bhp-template-5\/ueber-uns\/","title":{"rendered":"\u00dcber Uns"},"content":{"rendered":"<p>[et_pb_section fb_built=&#8221;1&#8243; fullwidth=&#8221;on&#8221; _builder_version=&#8221;4.19.0&#8243; _module_preset=&#8221;default&#8221; global_colors_info=&#8221;{}&#8221;][et_pb_fullwidth_image src=&#8221;https:\/\/vorlage.roeser-webseiten.de\/bhp-template-5\/wp-content\/uploads\/sites\/20\/2023\/09\/shutterstock_1195360741-e1693920549798.jpg&#8221; alt=&#8221;\u00dcber Uns: Bestattungsfahrzeug Mercedes Benz- Binz&#8221; title_text=&#8221;shutterstock_1195360741&#8243; src_tablet=&#8221;https:\/\/vorlage.roeser-webseiten.de\/bhp-template-5\/wp-content\/uploads\/sites\/14\/2023\/06\/wagen-t.jpg&#8221; src_phone=&#8221;https:\/\/vorlage.roeser-webseiten.de\/bhp-template-5\/wp-content\/uploads\/sites\/14\/2023\/06\/wagen-t.jpg&#8221; src_last_edited=&#8221;off|desktop&#8221; admin_label=&#8221;Bild&#8221; _builder_version=&#8221;4.24.2&#8243; _module_preset=&#8221;default&#8221; global_colors_info=&#8221;{}&#8221;][\/et_pb_fullwidth_image][\/et_pb_section][et_pb_section fb_built=&#8221;1&#8243; admin_label=&#8221;Einleitung&#8221; _builder_version=&#8221;4.27.4&#8243; _module_preset=&#8221;default&#8221; bottom_divider_style=&#8221;wave2&#8243; bottom_divider_color=&#8221;#F6F2F3&#8243; bottom_divider_height=&#8221;40px&#8221; bottom_divider_flip=&#8221;horizontal&#8221; global_colors_info=&#8221;{}&#8221;][et_pb_row _builder_version=&#8221;4.19.0&#8243; _module_preset=&#8221;default&#8221; global_colors_info=&#8221;{}&#8221;][et_pb_column type=&#8221;4_4&#8243; _builder_version=&#8221;4.19.0&#8243; _module_preset=&#8221;default&#8221; global_colors_info=&#8221;{}&#8221;][et_pb_text _builder_version=&#8221;4.27.4&#8243; _module_preset=&#8221;default&#8221; header_font_size=&#8221;36px&#8221; text_orientation=&#8221;center&#8221; max_width=&#8221;720px&#8221; max_width_tablet=&#8221;&#8221; max_width_phone=&#8221;&#8221; max_width_last_edited=&#8221;on|phone&#8221; module_alignment=&#8221;center&#8221; hover_enabled=&#8221;0&#8243; header_font_size_tablet=&#8221;32px&#8221; header_font_size_phone=&#8221;30px&#8221; header_font_size_last_edited=&#8221;on|phone&#8221; text_orientation_tablet=&#8221;center&#8221; text_orientation_phone=&#8221;left&#8221; text_orientation_last_edited=&#8221;on|phone&#8221; module_alignment_tablet=&#8221;left&#8221; module_alignment_phone=&#8221;left&#8221; module_alignment_last_edited=&#8221;on|tablet&#8221; global_colors_info=&#8221;{}&#8221; sticky_enabled=&#8221;0&#8243;]<\/p>\n<h1>\u00dcber uns<\/h1>\n<p>Wir sind ein erfahrenes Bestattungsunternehmen, das sich seit vielen Jahren um die w\u00fcrdevolle Abschiednahme von Verstorbenen k\u00fcmmert. Unser Ziel ist es, Ihnen in dieser schweren Zeit zur Seite zu stehen und Ihnen bei allen organisatorischen Aufgaben behilflich zu sein.<\/p>\n<p>Unser erfahrenes Team steht Ihnen jederzeit zur Verf\u00fcgung und unterst\u00fctzt Sie bei der Planung und Durchf\u00fchrung der Beerdigung. Wir k\u00fcmmern uns um alle Formalit\u00e4ten und erledigen alles Notwendige im Hintergrund, damit Sie sich uneingeschr\u00e4nkt auf Ihre Trauerarbeit konzentrieren k\u00f6nnen.<\/p>\n<p>[\/et_pb_text][\/et_pb_column][\/et_pb_row][\/et_pb_section][et_pb_section fb_built=&#8221;1&#8243; admin_label=&#8221;Unser Versprechen&#8221; _builder_version=&#8221;4.27.4&#8243; _module_preset=&#8221;default&#8221; background_color=&#8221;#F6F2F3&#8243; custom_padding=&#8221;||||false|false&#8221; bottom_divider_color=&#8221;#F6F2F3&#8243; bottom_divider_height=&#8221;40px&#8221; bottom_divider_arrangement=&#8221;above_content&#8221; global_colors_info=&#8221;{}&#8221;][et_pb_row _builder_version=&#8221;4.21.0&#8243; _module_preset=&#8221;default&#8221; custom_padding=&#8221;||0px||false|false&#8221; global_colors_info=&#8221;{}&#8221;][et_pb_column type=&#8221;4_4&#8243; _builder_version=&#8221;4.19.0&#8243; _module_preset=&#8221;default&#8221; global_colors_info=&#8221;{}&#8221;][et_pb_text _builder_version=&#8221;4.27.4&#8243; _module_preset=&#8221;default&#8221; header_2_font_size=&#8221;32px&#8221; header_3_font_size=&#8221;26px&#8221; header_2_font_size_tablet=&#8221;30px&#8221; header_2_font_size_phone=&#8221;24px&#8221; header_2_font_size_last_edited=&#8221;on|phone&#8221; header_3_font_size_tablet=&#8221;24px&#8221; header_3_font_size_phone=&#8221;22px&#8221; header_3_font_size_last_edited=&#8221;on|phone&#8221; global_colors_info=&#8221;{}&#8221;]<\/p>\n<h2>Unser Versprechen:<\/h2>\n<p><strong>W\u00fcrdevoller Abschied nach Ihren Vorstellungen<\/strong><\/p>\n<p>[\/et_pb_text][\/et_pb_column][\/et_pb_row][et_pb_row column_structure=&#8221;1_2,1_2&#8243; _builder_version=&#8221;4.27.4&#8243; _module_preset=&#8221;default&#8221; global_colors_info=&#8221;{}&#8221;][et_pb_column type=&#8221;1_2&#8243; _builder_version=&#8221;4.21.0&#8243; _module_preset=&#8221;default&#8221; global_colors_info=&#8221;{}&#8221;][et_pb_text module_class=&#8221;col-md-2 ml-lg-5&#8243; _builder_version=&#8221;4.21.0&#8243; _module_preset=&#8221;default&#8221; background_enable_color=&#8221;off&#8221; width_tablet=&#8221;100%&#8221; width_phone=&#8221;100%&#8221; width_last_edited=&#8221;off|desktop&#8221; custom_padding_tablet=&#8221;|||0px|false|false&#8221; custom_padding_last_edited=&#8221;off|desktop&#8221; module_alignment_last_edited=&#8221;off|desktop&#8221; global_colors_info=&#8221;{}&#8221;]<\/p>\n<p>Wir wissen, dass der Verlust eines geliebten Menschen eine schwierige Zeit ist und jeder Mensch anders trauert. Deshalb gehen wir individuell auf Ihre W\u00fcnsche ein und gestalten die Beerdigung nach Ihren Vorstellungen. Ob traditionell oder modern &#8211; wir sorgen daf\u00fcr, dass der Abschied von Ihrem Angeh\u00f6rigen w\u00fcrdevoll und angemessen verl\u00e4uft.<\/p>\n<p>Unsere Mitarbeiterinnen und Mitarbeiter sind nicht nur fachlich kompetent, sondern auch einf\u00fchlsam und verst\u00e4ndnisvoll. Wir nehmen uns Zeit f\u00fcr Sie und h\u00f6ren Ihnen zu, wenn Sie reden m\u00f6chten. Denn wir wissen: Manchmal hilft es einfach schon, wenn man jemanden zum Reden hat.<\/p>\n<p>[\/et_pb_text][\/et_pb_column][et_pb_column type=&#8221;1_2&#8243; _builder_version=&#8221;4.21.0&#8243; _module_preset=&#8221;default&#8221; global_colors_info=&#8221;{}&#8221;][et_pb_image src=&#8221;https:\/\/vorlage.roeser-webseiten.de\/bhp-template-5\/wp-content\/uploads\/sites\/20\/2023\/09\/shutterstock_342682037.jpg&#8221; title_text=&#8221;shutterstock_342682037&#8243; align=&#8221;center&#8221; _builder_version=&#8221;4.21.0&#8243; _module_preset=&#8221;default&#8221; custom_margin=&#8221;||0px||false|false&#8221; global_colors_info=&#8221;{}&#8221;][\/et_pb_image][\/et_pb_column][\/et_pb_row][\/et_pb_section]<\/p>\n","protected":false},"excerpt":{"rendered":"<p>\u00dcber uns Wir sind ein erfahrenes Bestattungsunternehmen, das sich seit vielen Jahren um die w\u00fcrdevolle Abschiednahme von Verstorbenen k\u00fcmmert. Unser Ziel ist es, Ihnen in dieser schweren Zeit zur Seite zu stehen und Ihnen bei allen organisatorischen Aufgaben behilflich zu sein. Unser erfahrenes Team steht Ihnen jederzeit zur Verf\u00fcgung und unterst\u00fctzt Sie bei der Planung und Durchf\u00fchrung der Beerdigung. Wir k\u00fcmmern uns um alle Formalit\u00e4ten und erledigen alles Notwendige im Hintergrund, damit Sie sich uneingeschr\u00e4nkt auf Ihre Trauerarbeit konzentrieren k\u00f6nnen.Unser Versprechen: W\u00fcrdevoller Abschied nach Ihren VorstellungenWir wissen, dass der Verlust eines geliebten Menschen eine schwierige Zeit ist und jeder Mensch anders trauert. Deshalb gehen wir individuell auf Ihre W\u00fcnsche ein und gestalten die Beerdigung nach Ihren Vorstellungen. Ob traditionell oder modern &#8211; wir sorgen daf\u00fcr, dass der Abschied von Ihrem Angeh\u00f6rigen w\u00fcrdevoll und angemessen verl\u00e4uft. Unsere Mitarbeiterinnen und Mitarbeiter sind nicht nur fachlich kompetent, sondern auch einf\u00fchlsam und verst\u00e4ndnisvoll. Wir nehmen uns Zeit f\u00fcr Sie und h\u00f6ren Ihnen zu, wenn Sie reden m\u00f6chten. Denn wir wissen: Manchmal hilft es einfach schon, wenn man jemanden zum Reden hat.<\/p>\n","protected":false},"author":2,"featured_media":0,"parent":0,"menu_order":0,"comment_status":"closed","ping_status":"closed","template":"","meta":{"_et_pb_use_builder":"on","_et_pb_old_content":"","_et_gb_content_width":"","footnotes":""},"class_list":["post-215","page","type-page","status-publish","hentry"],"aioseo_notices":[],"_links":{"self":[{"href":"https:\/\/vorlage.roeser-webseiten.de\/bhp-template-5\/wp-json\/wp\/v2\/pages\/215","targetHints":{"allow":["GET"]}}],"collection":[{"href":"https:\/\/vorlage.roeser-webseiten.de\/bhp-template-5\/wp-json\/wp\/v2\/pages"}],"about":[{"href":"https:\/\/vorlage.roeser-webseiten.de\/bhp-template-5\/wp-json\/wp\/v2\/types\/page"}],"author":[{"embeddable":true,"href":"https:\/\/vorlage.roeser-webseiten.de\/bhp-template-5\/wp-json\/wp\/v2\/users\/2"}],"replies":[{"embeddable":true,"href":"https:\/\/vorlage.roeser-webseiten.de\/bhp-template-5\/wp-json\/wp\/v2\/comments?post=215"}],"version-history":[{"count":5,"href":"https:\/\/vorlage.roeser-webseiten.de\/bhp-template-5\/wp-json\/wp\/v2\/pages\/215\/revisions"}],"predecessor-version":[{"id":1055,"href":"https:\/\/vorlage.roeser-webseiten.de\/bhp-template-5\/wp-json\/wp\/v2\/pages\/215\/revisions\/1055"}],"wp:attachment":[{"href":"https:\/\/vorlage.roeser-webseiten.de\/bhp-template-5\/wp-json\/wp\/v2\/media?parent=215"}],"curies":[{"name":"wp","href":"https:\/\/api.w.org\/{rel}","templated":true}]}}