{"id":930,"date":"2023-09-01T13:06:06","date_gmt":"2023-09-01T11:06:06","guid":{"rendered":"https:\/\/vorlage.roeser-webseiten.de\/bhp-template-4\/?page_id=930"},"modified":"2025-04-01T16:09:48","modified_gmt":"2025-04-01T14:09:48","slug":"ueber-uns","status":"publish","type":"page","link":"https:\/\/vorlage.roeser-webseiten.de\/bhp-template-4\/ueber-uns\/","title":{"rendered":"\u00dcber Uns"},"content":{"rendered":"<p>[et_pb_section fb_built=&#8221;1&#8243; fullwidth=&#8221;on&#8221; module_class=&#8221;header-full-width-image&#8221; _builder_version=&#8221;4.21.0&#8243; _module_preset=&#8221;default&#8221; custom_margin=&#8221;12px||12px||true|false&#8221; custom_padding=&#8221;0px||0px||false|false&#8221; global_colors_info=&#8221;{}&#8221;][et_pb_fullwidth_image src=&#8221;https:\/\/vorlage.roeser-webseiten.de\/bhp-template-4\/wp-content\/uploads\/sites\/19\/2023\/09\/shutterstock_1564790830-1-e1695798443735.jpg&#8221; alt=&#8221;Zimmermann mit Mess- und Arbeitswerkzeug im Lederg\u00fcrtel&#8221; title_text=&#8221;Zimmermann mit Arbeitswerkzeug&#8221; src_tablet=&#8221;https:\/\/vorlage.roeser-webseiten.de\/bhp-template-4\/wp-content\/uploads\/sites\/19\/2021\/08\/header-planung-t.jpg&#8221; src_phone=&#8221;https:\/\/vorlage.roeser-webseiten.de\/bhp-template-4\/wp-content\/uploads\/sites\/19\/2021\/08\/header-planung-t.jpg&#8221; src_last_edited=&#8221;off|desktop&#8221; admin_label=&#8221;Vollbreites Bild&#8221; _builder_version=&#8221;4.21.0&#8243; _module_preset=&#8221;default&#8221; custom_margin_tablet=&#8221;|||28px|false|false&#8221; custom_margin_phone=&#8221;|||12px|false|false&#8221; custom_margin_last_edited=&#8221;off|desktop&#8221; global_colors_info=&#8221;{}&#8221; src__hover_enabled=&#8221;off|desktop&#8221;][\/et_pb_fullwidth_image][\/et_pb_section][et_pb_section fb_built=&#8221;1&#8243; admin_label=&#8221;Einleitung&#8221; _builder_version=&#8221;4.24.2&#8243; _module_preset=&#8221;default&#8221; custom_margin=&#8221;21px|60px|21px||true|false&#8221; custom_margin_tablet=&#8221;|2.5%||2.5%|false|true&#8221; custom_margin_phone=&#8221;12px|12px|12px|12px|true|true&#8221; custom_margin_last_edited=&#8221;on|phone&#8221; locked=&#8221;off&#8221; global_colors_info=&#8221;{}&#8221;][et_pb_row use_custom_gutter=&#8221;on&#8221; make_equal=&#8221;on&#8221; custom_padding_last_edited=&#8221;on|tablet&#8221; _builder_version=&#8221;4.24.2&#8243; _module_preset=&#8221;default&#8221; width_tablet=&#8221;90%&#8221; width_phone=&#8221;90%&#8221; width_last_edited=&#8221;on|phone&#8221; module_alignment=&#8221;center&#8221; custom_padding_tablet=&#8221;||0px||false|false&#8221; custom_padding_phone=&#8221;||0px||false|false&#8221; custom_css_main_element=&#8221;background:transparent !important;&#8221; global_colors_info=&#8221;{}&#8221;][et_pb_column type=&#8221;4_4&#8243; _builder_version=&#8221;4.16&#8243; _module_preset=&#8221;default&#8221; global_colors_info=&#8221;{}&#8221;][et_pb_text _builder_version=&#8221;4.24.2&#8243; _module_preset=&#8221;default&#8221; header_font_size=&#8221;36px&#8221; animation_style=&#8221;fade&#8221; header_font_size_tablet=&#8221;32px&#8221; header_font_size_phone=&#8221;24px&#8221; header_font_size_last_edited=&#8221;on|phone&#8221; global_colors_info=&#8221;{}&#8221; max_width=&#8221;720px&#8221;]<\/p>\n<h1>\u00dcber Uns: 5 Generationen Holzhandwerk<\/h1>\n<p>Wir sind ein Familienunternehmen in 5. Generation und bringen eine langj\u00e4hrige Erfahrung im Bereich des Holzhandwerks mit.<\/p>\n<p>Unser Ziel ist es, Ihnen hochwertige M\u00f6belst\u00fccke zu bieten, die perfekt auf Ihre Bed\u00fcrfnisse zugeschnitten sind. Dabei legen wir gr\u00f6\u00dften Wert auf Pr\u00e4zision und Sorgfalt bei jedem Arbeitsschritt. Unsere Kunden sch\u00e4tzen auch heute noch die handwerkliche Qualit\u00e4t unserer Holzarbeiten, denn sie wissen: Bei uns wird jedes Detail mit h\u00f6chster Sorgfalt ausgef\u00fchrt.<\/p>\n<p>Vertrauen Sie auf die Expertise und Erfahrung des Teams und lassen Sie sich von den ma\u00dfgeschneiderten L\u00f6sungen begeistern.<\/p>\n<p>[\/et_pb_text][\/et_pb_column][\/et_pb_row][\/et_pb_section][et_pb_section fb_built=&#8221;1&#8243; custom_padding_last_edited=&#8221;on|tablet&#8221; admin_label=&#8221;\u00dcber uns&#8221; _builder_version=&#8221;4.24.2&#8243; _module_preset=&#8221;default&#8221; background_enable_image=&#8221;off&#8221; background_size=&#8221;custom&#8221; background_position=&#8221;center_left&#8221; custom_margin=&#8221;21px||21px|60px|true|false&#8221; custom_margin_tablet=&#8221;|2.5%||2.5%|true|true&#8221; custom_margin_phone=&#8221;12px|12px|12px|12px|false|true&#8221; custom_margin_last_edited=&#8221;on|phone&#8221; custom_padding=&#8221;0px||0px||true|false&#8221; custom_padding_tablet=&#8221;0px||0px||true|false&#8221; custom_padding_phone=&#8221;0px||0px||true|false&#8221; custom_css_main_element=&#8221;z-index:9;&#8221; locked=&#8221;off&#8221; global_colors_info=&#8221;{}&#8221;][et_pb_row column_structure=&#8221;1_2,1_2&#8243; use_custom_gutter=&#8221;on&#8221; make_equal=&#8221;on&#8221; custom_padding_last_edited=&#8221;on|tablet&#8221; _builder_version=&#8221;4.24.2&#8243; _module_preset=&#8221;default&#8221; width=&#8221;100%&#8221; width_tablet=&#8221;100%&#8221; width_phone=&#8221;100%&#8221; width_last_edited=&#8221;on|tablet&#8221; max_width=&#8221;100%&#8221; module_alignment=&#8221;left&#8221; custom_margin_tablet=&#8221;||||false|false&#8221; custom_margin_phone=&#8221;||||false|false&#8221; custom_margin_last_edited=&#8221;off|phone&#8221; custom_padding=&#8221;0px||0px||true|false&#8221; custom_padding_tablet=&#8221;0px||28px||false|false&#8221; custom_padding_phone=&#8221;||||false|false&#8221; module_alignment_tablet=&#8221;center&#8221; module_alignment_phone=&#8221;center&#8221; module_alignment_last_edited=&#8221;on|tablet&#8221; global_colors_info=&#8221;{}&#8221; custom_css_main_element_last_edited=&#8221;off|phone&#8221; custom_css_main_element_tablet=&#8221;margin-right:28px !important;&#8221;][et_pb_column type=&#8221;1_2&#8243; module_class=&#8221;fill-bg&#8221; admin_label=&#8221;Bild im Hintergrund&#8221; disabled_on=&#8221;off|off|off&#8221; _builder_version=&#8221;4.24.2&#8243; _module_preset=&#8221;default&#8221; background_image=&#8221;https:\/\/vorlage.roeser-webseiten.de\/bhp-template-4\/wp-content\/uploads\/sites\/19\/2023\/09\/shutterstock_616598522.jpg&#8221; custom_padding=&#8221;12vw||12vw||true|false&#8221; custom_padding_tablet=&#8221;22vw||22vw||true|false&#8221; custom_padding_phone=&#8221;22vw||||false|false&#8221; custom_padding_last_edited=&#8221;on|phone&#8221; global_colors_info=&#8221;{}&#8221;][\/et_pb_column][et_pb_column type=&#8221;1_2&#8243; module_class=&#8221;align-middle&#8221; _builder_version=&#8221;4.24.2&#8243; _module_preset=&#8221;default&#8221; custom_padding=&#8221;30px||30px||true|false&#8221; custom_padding_tablet=&#8221;|2.5%||2.5%|true|true&#8221; custom_padding_phone=&#8221;|2.5%||2.5%|true|true&#8221; custom_padding_last_edited=&#8221;on|tablet&#8221; global_colors_info=&#8221;{}&#8221;][et_pb_text content_last_edited=&#8221;off|tablet&#8221; disabled_on=&#8221;off|off|off&#8221; _builder_version=&#8221;4.24.2&#8243; _module_preset=&#8221;default&#8221; width=&#8221;80%&#8221; width_tablet=&#8221;100%&#8221; width_phone=&#8221;100%&#8221; width_last_edited=&#8221;on|phone&#8221; max_width=&#8221;800px&#8221; max_width_tablet=&#8221;960px&#8221; max_width_phone=&#8221;800px&#8221; max_width_last_edited=&#8221;on|phone&#8221; custom_padding=&#8221;30px||30px||true|false&#8221; custom_padding_tablet=&#8221;21px|2.5%|0px|2.5%|false|true&#8221; custom_padding_phone=&#8221;0px|2.5%|0px|2.5%|true|true&#8221; custom_padding_last_edited=&#8221;on|tablet&#8221; header_2_font_size_tablet=&#8221;24px&#8221; header_2_font_size_phone=&#8221;22px&#8221; header_2_font_size_last_edited=&#8221;on|phone&#8221; header_3_font_size_last_edited=&#8221;off|desktop&#8221; global_colors_info=&#8221;{}&#8221;]<\/p>\n<h2>Pers\u00f6nlich und ma\u00dfgeschneidert:<br \/>Wir erf\u00fcllen Ihre W\u00fcnsche<\/h2>\n<p>Als Familienunternehmen ist uns pers\u00f6nlicher Kontakt zu unseren Kunden besonders wichtig. Wir nehmen uns Zeit f\u00fcr Sie und gehen auf Ihre W\u00fcnsche und Vorstellungen ein. Denn nur so k\u00f6nnen wir gemeinsam ein Ergebnis erzielen, das genau Ihren Erwartungen entspricht.<\/p>\n<p>Wir freuen uns darauf, Ihre W\u00fcnsche in die Tat umzusetzen und Ihnen ein M\u00f6belst\u00fcck zu schaffen, das Sie ein Leben lang begleiten wird.<\/p>\n<p>[\/et_pb_text][\/et_pb_column][\/et_pb_row][\/et_pb_section][et_pb_section fb_built=&#8221;1&#8243; admin_label=&#8221;Bewertungen&#8221; _builder_version=&#8221;4.24.2&#8243; _module_preset=&#8221;default&#8221; background_enable_pattern_style=&#8221;on&#8221; background_pattern_style=&#8221;diagonal-stripes-2&#8243; background_pattern_color=&#8221;rgba(241,235,216,0.12)&#8221; custom_margin=&#8221;21px|60px|21px||true|false&#8221; custom_margin_tablet=&#8221;|2.5%||2.5%|false|true&#8221; custom_margin_phone=&#8221;12px|12px|12px|12px|true|true&#8221; custom_margin_last_edited=&#8221;on|phone&#8221; custom_padding=&#8221;||||true|false&#8221; custom_css_main_element=&#8221;z-index:9;&#8221; locked=&#8221;off&#8221; global_colors_info=&#8221;{}&#8221;][et_pb_row _builder_version=&#8221;4.21.0&#8243; _module_preset=&#8221;default&#8221; custom_padding=&#8221;||0px||false|false&#8221; global_colors_info=&#8221;{}&#8221;][et_pb_column type=&#8221;4_4&#8243; _builder_version=&#8221;4.21.0&#8243; _module_preset=&#8221;default&#8221; global_colors_info=&#8221;{}&#8221;][et_pb_text _builder_version=&#8221;4.24.2&#8243; _module_preset=&#8221;default&#8221; header_3_text_align=&#8221;center&#8221; header_3_font_size=&#8221;26px&#8221; header_3_font_size_tablet=&#8221;24px&#8221; header_3_font_size_phone=&#8221;22px&#8221; header_3_font_size_last_edited=&#8221;on|phone&#8221; global_colors_info=&#8221;{}&#8221;]<\/p>\n<h3>Das sagen unsere Kunden<\/h3>\n<p>[\/et_pb_text][\/et_pb_column][\/et_pb_row][et_pb_row column_structure=&#8221;1_3,1_3,1_3&#8243; use_custom_gutter=&#8221;on&#8221; gutter_width=&#8221;2&#8243; make_equal=&#8221;on&#8221; _builder_version=&#8221;4.24.2&#8243; _module_preset=&#8221;default&#8221; width_tablet=&#8221;90%&#8221; width_phone=&#8221;90%&#8221; width_last_edited=&#8221;on|phone&#8221; custom_padding=&#8221;0px||0px||true|false&#8221; locked=&#8221;off&#8221; global_colors_info=&#8221;{}&#8221;][et_pb_column type=&#8221;1_3&#8243; _builder_version=&#8221;4.21.0&#8243; _module_preset=&#8221;default&#8221; global_colors_info=&#8221;{}&#8221;][dipi_star_rating title=&#8221;Max M&#8221; description=&#8221;Ich ben\u00f6tigte einen neuen Kleiderschrank und habe mich f\u00fcr ein Produkt aus Echtholz entschieden, das sehr robust ist und viel Platz bietet. Ich war besonders zufrieden mit dem Herrn Hobel und seinem Team, dass mich kompetent und gut beraten hat. Wenn ich wieder M\u00f6bel ben\u00f6tige, werde ich wieder hier her kommen.&#8221; rating=&#8221;5&#8243; display_type=&#8221;inline&#8221; show_rating_number=&#8221;off&#8221; _builder_version=&#8221;4.24.2&#8243; _module_preset=&#8221;default&#8221; title_font_size=&#8221;20px&#8221; background_color=&#8221;#EDF2F4&#8243; custom_padding=&#8221;21px|2em|21px|2em|true|true&#8221; custom_padding_tablet=&#8221;21px|2em|21px|2em|true|true&#8221; custom_padding_phone=&#8221;|1em||1em|true|true&#8221; custom_padding_last_edited=&#8221;on|phone&#8221; title_font_size_last_edited=&#8221;off|desktop&#8221; global_colors_info=&#8221;{}&#8221;][\/dipi_star_rating][\/et_pb_column][et_pb_column type=&#8221;1_3&#8243; _builder_version=&#8221;4.21.0&#8243; _module_preset=&#8221;default&#8221; global_colors_info=&#8221;{}&#8221;][dipi_star_rating title=&#8221;Anna + Timo G&#8221; description=&#8221;Wir haben uns dazu entschieden, unsere neue Wohnungseinrichtung von einem Schreiner fertigen zu lassen, dem Nachhaltigkeit genauso am Herzen liegt wie uns. Die von ihm gefertigten M\u00f6bel sind nicht nur langlebig, sondern auch robust und widerstandsf\u00e4hig. Wir sind von der Qualit\u00e4t der M\u00f6bel \u00fcberzeugt und glauben, dass sie perfekt zu unserem Lebensstil passen.&#8221; rating=&#8221;5&#8243; display_type=&#8221;inline&#8221; show_rating_number=&#8221;off&#8221; _builder_version=&#8221;4.21.0&#8243; _module_preset=&#8221;default&#8221; title_font_size=&#8221;20px&#8221; background_color=&#8221;#EDF2F4&#8243; custom_padding=&#8221;21px|2em|21px|2em|true|true&#8221; custom_padding_tablet=&#8221;21px|2em|21px|2em|true|true&#8221; custom_padding_phone=&#8221;|1em||1em|true|true&#8221; custom_padding_last_edited=&#8221;on|phone&#8221; global_colors_info=&#8221;{}&#8221;][\/dipi_star_rating][\/et_pb_column][et_pb_column type=&#8221;1_3&#8243; _builder_version=&#8221;4.21.0&#8243; _module_preset=&#8221;default&#8221; global_colors_info=&#8221;{}&#8221;][dipi_star_rating title=&#8221;Jule B&#8221; description=&#8221;F\u00fcr meine Studentenwohnung war ich auf der Suche nach einem passenden Bett. Ich wurde von Herrn Hobel optimal beraten und konnte schlie\u00dflich ein Bett finden, das nicht nur sehr bequem ist, sondern auch preislich im Rahmen lag. Ich bin mit meiner Wahl sehr zufrieden und kann nun erholsam schlafen. Die Beratung und der Kauf verliefen reibungslos und ich bin froh, dass ich mich f\u00fcr dieses Unternehmen entschieden habe.&#8221; rating=&#8221;5&#8243; display_type=&#8221;inline&#8221; show_rating_number=&#8221;off&#8221; _builder_version=&#8221;4.21.0&#8243; _module_preset=&#8221;default&#8221; title_font_size=&#8221;20px&#8221; background_color=&#8221;#EDF2F4&#8243; custom_padding=&#8221;21px|2em|21px|2em|true|true&#8221; custom_padding_tablet=&#8221;21px|2em|21px|2em|true|true&#8221; custom_padding_phone=&#8221;|1em||1em|true|true&#8221; custom_padding_last_edited=&#8221;on|phone&#8221; global_colors_info=&#8221;{}&#8221;][\/dipi_star_rating][\/et_pb_column][\/et_pb_row][\/et_pb_section]<\/p>\n","protected":false},"excerpt":{"rendered":"<p>\u00dcber Uns: 5 Generationen Holzhandwerk Wir sind ein Familienunternehmen in 5. Generation und bringen eine langj\u00e4hrige Erfahrung im Bereich des Holzhandwerks mit. Unser Ziel ist es, Ihnen hochwertige M\u00f6belst\u00fccke zu bieten, die perfekt auf Ihre Bed\u00fcrfnisse zugeschnitten sind. Dabei legen wir gr\u00f6\u00dften Wert auf Pr\u00e4zision und Sorgfalt bei jedem Arbeitsschritt. Unsere Kunden sch\u00e4tzen auch heute noch die handwerkliche Qualit\u00e4t unserer Holzarbeiten, denn sie wissen: Bei uns wird jedes Detail mit h\u00f6chster Sorgfalt ausgef\u00fchrt. Vertrauen Sie auf die Expertise und Erfahrung des Teams und lassen Sie sich von den ma\u00dfgeschneiderten L\u00f6sungen begeistern.Pers\u00f6nlich und ma\u00dfgeschneidert:Wir erf\u00fcllen Ihre W\u00fcnsche Als Familienunternehmen ist uns pers\u00f6nlicher Kontakt zu unseren Kunden besonders wichtig. Wir nehmen uns Zeit f\u00fcr Sie und gehen auf Ihre W\u00fcnsche und Vorstellungen ein. Denn nur so k\u00f6nnen wir gemeinsam ein Ergebnis erzielen, das genau Ihren Erwartungen entspricht. Wir freuen uns darauf, Ihre W\u00fcnsche in die Tat umzusetzen und Ihnen ein M\u00f6belst\u00fcck zu schaffen, das Sie ein Leben lang begleiten wird.Das sagen unsere Kunden[dipi_star_rating title=&#8221;Max M&#8221; description=&#8221;Ich ben\u00f6tigte einen neuen Kleiderschrank und habe mich f\u00fcr ein Produkt aus Echtholz entschieden, das sehr robust ist und viel Platz bietet. Ich war besonders zufrieden mit dem Herrn Hobel und seinem Team, dass mich kompetent und gut beraten hat. Wenn ich wieder M\u00f6bel ben\u00f6tige, werde ich wieder hier her kommen.&#8221; rating=&#8221;5&#8243; display_type=&#8221;inline&#8221; show_rating_number=&#8221;off&#8221; _builder_version=&#8221;4.24.2&#8243; _module_preset=&#8221;default&#8221; title_font_size=&#8221;20px&#8221;<\/p>\n<div class=\"view-full-post\"><a href=\"https:\/\/vorlage.roeser-webseiten.de\/bhp-template-4\/ueber-uns\/\" class=\"view-full-post-btn\">View Full Post<\/a><\/div>\n<p>;<\/p>\n","protected":false},"author":3,"featured_media":0,"parent":0,"menu_order":0,"comment_status":"closed","ping_status":"closed","template":"","meta":{"_et_pb_use_builder":"on","_et_pb_old_content":"","_et_gb_content_width":"","footnotes":""},"class_list":["post-930","page","type-page","status-publish","hentry"],"aioseo_notices":[],"_links":{"self":[{"href":"https:\/\/vorlage.roeser-webseiten.de\/bhp-template-4\/wp-json\/wp\/v2\/pages\/930","targetHints":{"allow":["GET"]}}],"collection":[{"href":"https:\/\/vorlage.roeser-webseiten.de\/bhp-template-4\/wp-json\/wp\/v2\/pages"}],"about":[{"href":"https:\/\/vorlage.roeser-webseiten.de\/bhp-template-4\/wp-json\/wp\/v2\/types\/page"}],"author":[{"embeddable":true,"href":"https:\/\/vorlage.roeser-webseiten.de\/bhp-template-4\/wp-json\/wp\/v2\/users\/3"}],"replies":[{"embeddable":true,"href":"https:\/\/vorlage.roeser-webseiten.de\/bhp-template-4\/wp-json\/wp\/v2\/comments?post=930"}],"version-history":[{"count":2,"href":"https:\/\/vorlage.roeser-webseiten.de\/bhp-template-4\/wp-json\/wp\/v2\/pages\/930\/revisions"}],"predecessor-version":[{"id":1211,"href":"https:\/\/vorlage.roeser-webseiten.de\/bhp-template-4\/wp-json\/wp\/v2\/pages\/930\/revisions\/1211"}],"wp:attachment":[{"href":"https:\/\/vorlage.roeser-webseiten.de\/bhp-template-4\/wp-json\/wp\/v2\/media?parent=930"}],"curies":[{"name":"wp","href":"https:\/\/api.w.org\/{rel}","templated":true}]}}