{"id":215,"date":"2021-08-19T14:33:14","date_gmt":"2021-08-19T12:33:14","guid":{"rendered":"https:\/\/roeser-webseiten.de\/schreinerei-glocker\/?page_id=215"},"modified":"2025-04-14T15:45:08","modified_gmt":"2025-04-14T13:45:08","slug":"leistungen","status":"publish","type":"page","link":"https:\/\/vorlage.roeser-webseiten.de\/bhp-template-4\/leistungen\/","title":{"rendered":"Leistungen"},"content":{"rendered":"<p>[et_pb_section fb_built=&#8221;1&#8243; custom_padding_last_edited=&#8221;on|phone&#8221; admin_label=&#8221;hintergrundbild&#8221; _builder_version=&#8221;4.27.4&#8243; _module_preset=&#8221;default&#8221; background_image=&#8221;https:\/\/vorlage.roeser-webseiten.de\/bhp-template-4\/wp-content\/uploads\/sites\/19\/2023\/09\/shutterstock_147381518-s.jpg&#8221; custom_padding=&#8221;28em||||false|false&#8221; custom_padding_tablet=&#8221;19em||||false|false&#8221; custom_padding_phone=&#8221;11em||||false|false&#8221; global_colors_info=&#8221;{}&#8221;][\/et_pb_section][et_pb_section fb_built=&#8221;1&#8243; custom_padding_last_edited=&#8221;off|desktop&#8221; admin_label=&#8221;Einleitung&#8221; module_class=&#8221;leistungen-nav&#8221; _builder_version=&#8221;4.27.4&#8243; _module_preset=&#8221;default&#8221; background_color=&#8221;RGBA(255,255,255,0)&#8221; custom_margin=&#8221;||||false|true&#8221; custom_margin_tablet=&#8221;|||30px|false|false&#8221; custom_margin_phone=&#8221;|12px||12px|false|true&#8221; custom_margin_last_edited=&#8221;off|phone&#8221; custom_padding=&#8221;0px||0px||false|false&#8221; custom_padding_tablet=&#8221;0px||||false|false&#8221; custom_padding_phone=&#8221;0px||0px||true|false&#8221; locked=&#8221;off&#8221; global_colors_info=&#8221;{}&#8221;][et_pb_row use_custom_gutter=&#8221;on&#8221; make_equal=&#8221;on&#8221; custom_padding_last_edited=&#8221;on|desktop&#8221; disabled_on=&#8221;off|off|off&#8221; module_class=&#8221;d-flex-3&#8243; _builder_version=&#8221;4.27.4&#8243; _module_preset=&#8221;default&#8221; width_tablet=&#8221;90%&#8221; width_phone=&#8221;90%&#8221; width_last_edited=&#8221;on|phone&#8221; max_width_tablet=&#8221;&#8221; max_width_phone=&#8221;&#8221; max_width_last_edited=&#8221;on|tablet&#8221; module_alignment=&#8221;center&#8221; custom_margin=&#8221;-154px||||false|false&#8221; custom_margin_tablet=&#8221;-74px||||false|false&#8221; custom_margin_phone=&#8221;-54px||||false|false&#8221; custom_margin_last_edited=&#8221;on|tablet&#8221; custom_padding=&#8221;||0px|0px|false|false&#8221; custom_padding_tablet=&#8221;0px||0px||true|false&#8221; custom_padding_phone=&#8221;|||0px|true|false&#8221; global_colors_info=&#8221;{}&#8221;][et_pb_column type=&#8221;4_4&#8243; _builder_version=&#8221;4.27.4&#8243; _module_preset=&#8221;default&#8221; background_enable_color=&#8221;off&#8221; animation_direction=&#8221;bottom&#8221; border_color_bottom=&#8221;#EF7D00&#8243; global_colors_info=&#8221;{}&#8221;][et_pb_image src=&#8221;https:\/\/vorlage.roeser-webseiten.de\/bhp-template-4\/wp-content\/uploads\/sites\/19\/2023\/09\/icon-moebel.png&#8221; alt=&#8221;icon-moebel&#8221; title_text=&#8221;icon-moebel&#8221; url=&#8221;#moebelbau&#8221; _builder_version=&#8221;4.27.4&#8243; _module_preset=&#8221;default&#8221; max_width=&#8221;150px&#8221; max_width_tablet=&#8221;100px&#8221; max_width_phone=&#8221;75px&#8221; max_width_last_edited=&#8221;on|phone&#8221; global_colors_info=&#8221;{}&#8221;][\/et_pb_image][et_pb_image src=&#8221;https:\/\/vorlage.roeser-webseiten.de\/bhp-template-4\/wp-content\/uploads\/sites\/19\/2023\/09\/icon-fenster.png&#8221; alt=&#8221;icon-fenster&#8221; title_text=&#8221;icon-fenster&#8221; url=&#8221;#fensterbau&#8221; _builder_version=&#8221;4.27.4&#8243; _module_preset=&#8221;default&#8221; max_width=&#8221;150px&#8221; max_width_tablet=&#8221;100px&#8221; max_width_phone=&#8221;75px&#8221; max_width_last_edited=&#8221;on|phone&#8221; global_colors_info=&#8221;{}&#8221;][\/et_pb_image][et_pb_image src=&#8221;https:\/\/vorlage.roeser-webseiten.de\/bhp-template-4\/wp-content\/uploads\/sites\/19\/2023\/09\/icon-tuer.png&#8221; alt=&#8221;icon-tuer&#8221; title_text=&#8221;icon-tuer&#8221; url=&#8221;#tueren&#8221; _builder_version=&#8221;4.27.4&#8243; _module_preset=&#8221;default&#8221; max_width=&#8221;150px&#8221; max_width_tablet=&#8221;100px&#8221; max_width_phone=&#8221;75px&#8221; max_width_last_edited=&#8221;on|phone&#8221; global_colors_info=&#8221;{}&#8221;][\/et_pb_image][\/et_pb_column][\/et_pb_row][\/et_pb_section][et_pb_section fb_built=&#8221;1&#8243; admin_label=&#8221;M\u00f6bel&#8221; module_id=&#8221;moebelbau&#8221; module_class=&#8221;button-float-left&#8221; _builder_version=&#8221;4.24.2&#8243; _module_preset=&#8221;default&#8221; background_enable_image=&#8221;off&#8221; background_size=&#8221;contain&#8221; background_position=&#8221;top_right&#8221; custom_margin=&#8221;0px|60px|21px||false|false&#8221; custom_margin_tablet=&#8221;0px|2.5%|21px|2.5%|false|true&#8221; custom_margin_phone=&#8221;12px|12px|12px|12px|false|true&#8221; custom_margin_last_edited=&#8221;on|phone&#8221; custom_padding=&#8221;28px||28px||true|false&#8221; custom_css_main_element=&#8221;z-index:9;&#8221; locked=&#8221;off&#8221; global_colors_info=&#8221;{}&#8221;][et_pb_row column_structure=&#8221;1_2,1_2&#8243; custom_padding_last_edited=&#8221;off|phone&#8221; _builder_version=&#8221;4.27.4&#8243; _module_preset=&#8221;default&#8221; custom_margin=&#8221;||||false|false&#8221; custom_margin_tablet=&#8221;||||false|false&#8221; custom_margin_phone=&#8221;||||false|false&#8221; custom_margin_last_edited=&#8221;off|phone&#8221; custom_padding=&#8221;|21px|||false|false&#8221; custom_padding_phone=&#8221;||54px||false|false&#8221; global_colors_info=&#8221;{}&#8221; custom_css_main_element_last_edited=&#8221;off|phone&#8221; custom_css_main_element_tablet=&#8221;margin-right:28px !important;&#8221;][et_pb_column type=&#8221;1_2&#8243; disabled_on=&#8221;off|off|off&#8221; _builder_version=&#8221;4.16&#8243; _module_preset=&#8221;default&#8221; global_colors_info=&#8221;{}&#8221;][et_pb_text content_tablet=&#8221;<\/p>\n<h2>Individuelle Fertigungen aus Holz<\/h2>\n<p>\u00dcber M\u00f6bel bis hin zu T\u00fcren fertigen wir alles nach Ihren individuellen W\u00fcnschen an. H\u00f6chste Pr\u00e4zision und Gewissenhaftigkeit sind f\u00fcr unsere Schreinerei in Mannheim ma\u00dfgebende Grunds\u00e4tze, die wir stets einhalten \u2013 und das seit 1956. Damals wie heute sch\u00e4tzen unsere Kunden unsere Holzarbeiten. Um das nach wie vor zu gew\u00e4hrleisten, besteht unser Familienbetrieb aus <strong>erfahrenen Fachkr\u00e4ften<\/strong>, die Sie stets nach bestem Wissen beraten und Ihnen <strong>kosteng\u00fcnstige, individuelle L\u00f6sungen<\/strong> anbieten.<\/p>\n<p>&#8221; content_last_edited=&#8221;off|desktop&#8221; _builder_version=&#8221;4.27.4&#8243; _module_preset=&#8221;default&#8221; header_3_font_size=&#8221;26px&#8221; max_width=&#8221;720px&#8221; header_3_font_size_tablet=&#8221;24px&#8221; header_3_font_size_phone=&#8221;22px&#8221; header_3_font_size_last_edited=&#8221;on|phone&#8221; global_colors_info=&#8221;{}&#8221;]<\/p>\n<h1>Nachhaltige M\u00f6bel aus Echtholz<\/h1>\n<p>Wir verwenden ausschlie\u00dflich hochwertiges Echtholz und achten darauf, dass unsere Materialien aus nachhaltiger Forstwirtschaft stammen. So k\u00f6nnen wir sicherstellen, dass unsere M\u00f6bel nicht nur sch\u00f6n anzusehen sind, sondern auch umweltfreundlich produziert werden.<br \/>Dabei legen wir gr\u00f6\u00dften Wert auf Pr\u00e4zision und Sorgfalt bei jedem Arbeitsschritt. Jedes Detail wird von uns mit h\u00f6chster Sorgfalt ausgef\u00fchrt, denn wir wissen, dass es gerade die kleinen Dinge sind, die den Unterschied ausmachen.<\/p>\n<p>Unsere Produktpalette ist breit gef\u00e4chert und reicht von klassischen M\u00f6beln wie Schr\u00e4nken und Tischen bis hin zu speziellen Anfertigungen wie Einbauschr\u00e4nken oder individuellen K\u00fcchen.<\/p>\n<p>Wir freuen uns darauf, auch Ihnen einzigartige M\u00f6belst\u00fccke zu schaffen, die genau auf Ihre Bed\u00fcrfnisse abgestimmt sind. Kontaktieren Sie uns gerne und lassen Sie uns gemeinsam Ihr Projekt verwirklichen!<\/p>\n<p>[\/et_pb_text][et_pb_button button_url=&#8221;@ET-DC@eyJkeW5hbWljIjp0cnVlLCJjb250ZW50IjoicG9zdF9saW5rX3VybF9wYWdlIiwic2V0dGluZ3MiOnsicG9zdF9pZCI6IjEyIn19@&#8221; button_text=&#8221;Jetzt Angebot anfordern&#8221; _builder_version=&#8221;4.21.0&#8243; _dynamic_attributes=&#8221;button_url&#8221; _module_preset=&#8221;default&#8221; locked=&#8221;off&#8221; global_colors_info=&#8221;{}&#8221;][\/et_pb_button][\/et_pb_column][et_pb_column type=&#8221;1_2&#8243; disabled_on=&#8221;off|off|off&#8221; _builder_version=&#8221;4.16&#8243; _module_preset=&#8221;default&#8221; global_colors_info=&#8221;{}&#8221;][dipi_masonry_gallery gallery_ids=&#8221;994,995,992,996,976&#8243; horizontal_order_direction=&#8221;on&#8221; show_lightbox=&#8221;off&#8221; icon_in_overlay=&#8221;off&#8221; columns=&#8221;2&#8243; _builder_version=&#8221;4.21.0&#8243; _module_preset=&#8221;default&#8221; global_colors_info=&#8221;{}&#8221;][\/dipi_masonry_gallery][\/et_pb_column][\/et_pb_row][\/et_pb_section][et_pb_section fb_built=&#8221;1&#8243; admin_label=&#8221;T\u00fcren&#8221; module_id=&#8221;moebelbau&#8221; module_class=&#8221;button-float-left&#8221; _builder_version=&#8221;4.24.2&#8243; _module_preset=&#8221;default&#8221; background_enable_image=&#8221;off&#8221; background_size=&#8221;contain&#8221; background_position=&#8221;top_right&#8221; custom_margin=&#8221;21px|60px|21px||true|false&#8221; custom_margin_tablet=&#8221;21px|2.5%|21px|2.5%|true|true&#8221; custom_margin_phone=&#8221;12px|12px|12px|12px|false|true&#8221; custom_margin_last_edited=&#8221;on|tablet&#8221; custom_padding=&#8221;28px||28px||true|false&#8221; custom_css_main_element=&#8221;z-index:9;&#8221; locked=&#8221;off&#8221; global_colors_info=&#8221;{}&#8221;][et_pb_row column_structure=&#8221;1_2,1_2&#8243; _builder_version=&#8221;4.27.4&#8243; _module_preset=&#8221;default&#8221; hover_enabled=&#8221;0&#8243; global_colors_info=&#8221;{}&#8221; custom_css_main_element_last_edited=&#8221;off|phone&#8221; custom_css_main_element_tablet=&#8221;margin-right:28px !important;&#8221; module_class=&#8221;swap-on-mobile&#8221; sticky_enabled=&#8221;0&#8243;][et_pb_column type=&#8221;1_2&#8243; disabled_on=&#8221;off|off|off&#8221; _builder_version=&#8221;4.16&#8243; _module_preset=&#8221;default&#8221; global_colors_info=&#8221;{}&#8221;][et_pb_image src=&#8221;https:\/\/vorlage.roeser-webseiten.de\/bhp-template-4\/wp-content\/uploads\/sites\/19\/2023\/09\/shutterstock_163267574.jpg&#8221; alt=&#8221;verschiedene T\u00fcren in einer M\u00f6belausstellung&#8221; title_text=&#8221;T\u00fcren Galerie&#8221; _builder_version=&#8221;4.21.0&#8243; _module_preset=&#8221;default&#8221; global_colors_info=&#8221;{}&#8221;][\/et_pb_image][\/et_pb_column][et_pb_column type=&#8221;1_2&#8243; disabled_on=&#8221;off|off|off&#8221; _builder_version=&#8221;4.16&#8243; _module_preset=&#8221;default&#8221; global_colors_info=&#8221;{}&#8221;][et_pb_text content_tablet=&#8221;<\/p>\n<h2>Individuelle Fertigungen aus Holz<\/h2>\n<p>\u00dcber M\u00f6bel bis hin zu T\u00fcren fertigen wir alles nach Ihren individuellen W\u00fcnschen an. H\u00f6chste Pr\u00e4zision und Gewissenhaftigkeit sind f\u00fcr unsere Schreinerei in Mannheim ma\u00dfgebende Grunds\u00e4tze, die wir stets einhalten \u2013 und das seit 1956. Damals wie heute sch\u00e4tzen unsere Kunden unsere Holzarbeiten. Um das nach wie vor zu gew\u00e4hrleisten, besteht unser Familienbetrieb aus <strong>erfahrenen Fachkr\u00e4ften<\/strong>, die Sie stets nach bestem Wissen beraten und Ihnen <strong>kosteng\u00fcnstige, individuelle L\u00f6sungen<\/strong> anbieten.<\/p>\n<p>&#8221; content_last_edited=&#8221;off|desktop&#8221; _builder_version=&#8221;4.21.0&#8243; _module_preset=&#8221;default&#8221; header_3_font_size=&#8221;26px&#8221; max_width=&#8221;720px&#8221; header_3_font_size_tablet=&#8221;24px&#8221; header_3_font_size_phone=&#8221;22px&#8221; header_3_font_size_last_edited=&#8221;on|phone&#8221; global_colors_info=&#8221;{}&#8221;]<\/p>\n<h3>Vielf\u00e4ltige Auswahl an T\u00fcren f\u00fcr jeden Zweck<\/h3>\n<p>Unser Angebot umfasst eine breite Palette an T\u00fcren: von Gartentoren \u00fcber Haust\u00fcren bis hin zu Zugangst\u00fcren mit speziellen Sicherheitseinrichtungen. Egal ob Zimmert\u00fcren, Dreh- oder Schiebet\u00fcren, Holzt\u00fcren mit oder ohne Fensterausschnitt oder Ganzglast\u00fcren &#8211; wir bieten f\u00fcr jeden Geschmack und Zweck die passende L\u00f6sung. Auch raumtrennende Elemente oder Schrankabschl\u00fcsse geh\u00f6ren zu unserem Leistungsspektrum.<\/p>\n<p>Je nach Ihren individuellen Bed\u00fcrfnissen und Anforderungen werden sie ma\u00dfgeschneidert entworfen, hergestellt und fachgerecht eingebaut. Dabei spielen wichtige Aspekte wie Sicherheit, Brandschutz und Schallschutz eine entscheidende Rolle, genauso wie das \u00e4sthetische Design.<\/p>\n<p>[\/et_pb_text][et_pb_button button_url=&#8221;@ET-DC@eyJkeW5hbWljIjp0cnVlLCJjb250ZW50IjoicG9zdF9saW5rX3VybF9wYWdlIiwic2V0dGluZ3MiOnsicG9zdF9pZCI6IjEyIn19@&#8221; button_text=&#8221;Jetzt Angebot anfordern&#8221; _builder_version=&#8221;4.16&#8243; _dynamic_attributes=&#8221;button_url&#8221; _module_preset=&#8221;default&#8221; locked=&#8221;off&#8221; global_colors_info=&#8221;{}&#8221;][\/et_pb_button][\/et_pb_column][\/et_pb_row][\/et_pb_section]<\/p>\n","protected":false},"excerpt":{"rendered":"<p>Nachhaltige M\u00f6bel aus Echtholz Wir verwenden ausschlie\u00dflich hochwertiges Echtholz und achten darauf, dass unsere Materialien aus nachhaltiger Forstwirtschaft stammen. So k\u00f6nnen wir sicherstellen, dass unsere M\u00f6bel nicht nur sch\u00f6n anzusehen sind, sondern auch umweltfreundlich produziert werden.Dabei legen wir gr\u00f6\u00dften Wert auf Pr\u00e4zision und Sorgfalt bei jedem Arbeitsschritt. Jedes Detail wird von uns mit h\u00f6chster Sorgfalt ausgef\u00fchrt, denn wir wissen, dass es gerade die kleinen Dinge sind, die den Unterschied ausmachen. Unsere Produktpalette ist breit gef\u00e4chert und reicht von klassischen M\u00f6beln wie Schr\u00e4nken und Tischen bis hin zu speziellen Anfertigungen wie Einbauschr\u00e4nken oder individuellen K\u00fcchen. Wir freuen uns darauf, auch Ihnen einzigartige M\u00f6belst\u00fccke zu schaffen, die genau auf Ihre Bed\u00fcrfnisse abgestimmt sind. Kontaktieren Sie uns gerne und lassen Sie uns gemeinsam Ihr Projekt verwirklichen!<div class=\"et_pb_module dipi_masonry_gallery dipi_masonry_gallery_0\">\n\t\t\t\t\n\t\t\t\t\n\t\t\t\t\n\t\t\t\t\n\t\t\t\t\n\t\t\t\t\n\t\t\t\t<div class=\"et_pb_module_inner\">\n\t\t\t\t\t<div class=\"dipi_masonry_gallery_wrapper\" data-config=\"{&quot;infinite_scroll_viewport&quot;:&quot;25%&quot;}\">\n                \n            <div\n                class=\"dipi_masonry_gallery_container animated none\"\n                \n                data-count=\"5\"\n                data-anim=\"none\"\n            >\n                <div class=\"grid hide_lightbox hide_lightbox_tablet hide_lightbox_phone hide_overlay \" data-lazy=\"false\" data-horizontal=\"on\">\n                    <div class=\"grid-sizer\"><\/div><div class=\"gutter-sizer\"><\/div><div class=\"grid-item et_pb_gallery_image \">\n                       \n                        <div class=\"img-container dipi-mg-animation dipi-mg-none\" href=\"https:\/\/vorlage.roeser-webseiten.de\/bhp-template-4\/wp-content\/uploads\/sites\/19\/2023\/09\/shutterstock_1899080734.jpg\">\n                            <img decoding=\"async\" src=\"https:\/\/vorlage.roeser-webseiten.de\/bhp-template-4\/wp-content\/uploads\/sites\/19\/2023\/09\/shutterstock_1899080734.jpg\"\n                                alt=\"Esszimmers Holztisch, St\u00fchlen und Pflanzen in einer modernen Wohnung\"\n                                loading=\"lazy\"\n                            \/>\n                            <span class=\"dipi_masonry_gallery_overlay background\"><\/span>\n                <span class=\"dipi_masonry_gallery_overlay background-hover\"><\/span>\n                <span class=\"dipi_masonry_gallery_overlay content\" style=\"transition-duration: 0ms;\">\n                    \n                    \n                    \n                <\/span>\n                        <\/div>\n                    \n                <\/div><div class=\"grid-item et_pb_gallery_image \">\n                       \n                        <div class=\"img-container dipi-mg-animation dipi-mg-none\" href=\"https:\/\/vorlage.roeser-webseiten.de\/bhp-template-4\/wp-content\/uploads\/sites\/19\/2023\/09\/shutterstock_1916000596.jpg\">\n                            <img decoding=\"async\" src=\"https:\/\/vorlage.roeser-webseiten.de\/bhp-template-4\/wp-content\/uploads\/sites\/19\/2023\/09\/shutterstock_1916000596.jpg\"\n                                alt=\"Holzschrank\"\n                                loading=\"lazy\"\n                            \/>\n                            <span class=\"dipi_masonry_gallery_overlay background\"><\/span>\n                <span class=\"dipi_masonry_gallery_overlay background-hover\"><\/span>\n                <span class=\"dipi_masonry_gallery_overlay content\" style=\"transition-duration: 0ms;\">\n                    \n                    \n                    \n                <\/span>\n                        <\/div>\n                    \n                <\/div><div class=\"grid-item et_pb_gallery_image \">\n                       \n                        <div class=\"img-container dipi-mg-animation dipi-mg-none\" href=\"https:\/\/vorlage.roeser-webseiten.de\/bhp-template-4\/wp-content\/uploads\/sites\/19\/2023\/09\/shutterstock_1682231170.jpg\">\n                            <img decoding=\"async\" src=\"https:\/\/vorlage.roeser-webseiten.de\/bhp-template-4\/wp-content\/uploads\/sites\/19\/2023\/09\/shutterstock_1682231170.jpg\"\n                                alt=\"Kinderzimmer mit Babybettchen, Schr\u00e4nkchen und Spielzeug\"\n                                loading=\"lazy\"\n                            \/>\n                            <span class=\"dipi_masonry_gallery_overlay background\"><\/span>\n                <span class=\"dipi_masonry_gallery_overlay background-hover\"><\/span>\n                <span class=\"dipi_masonry_gallery_overlay content\" style=\"transition-duration: 0ms;\">\n                    \n                    \n                    \n                <\/span>\n                        <\/div>\n                    \n                <\/div><div class=\"grid-item et_pb_gallery_image \">\n                       \n                        <div class=\"img-container dipi-mg-animation dipi-mg-none\" href=\"https:\/\/vorlage.roeser-webseiten.de\/bhp-template-4\/wp-content\/uploads\/sites\/19\/2023\/09\/shutterstock_1938472468.jpg\">\n                            <img decoding=\"async\" src=\"https:\/\/vorlage.roeser-webseiten.de\/bhp-template-4\/wp-content\/uploads\/sites\/19\/2023\/09\/shutterstock_1938472468.jpg\"\n                                alt=\"Modernes Wohnzimmer mit Parkettboden und stilvollen M\u00f6beln\"\n                                loading=\"lazy\"\n                            \/>\n                            <span class=\"dipi_masonry_gallery_overlay background\"><\/span>\n                <span class=\"dipi_masonry_gallery_overlay background-hover\"><\/span>\n                <span class=\"dipi_masonry_gallery_overlay content\" style=\"transition-duration: 0ms;\">\n                    \n                    \n                    \n                <\/span>\n                        <\/div>\n                    \n                <\/div><div class=\"grid-item et_pb_gallery_image \">\n                       \n                        <div class=\"img-container dipi-mg-animation dipi-mg-none\" href=\"https:\/\/vorlage.roeser-webseiten.de\/bhp-template-4\/wp-content\/uploads\/sites\/19\/2023\/09\/shutterstock_2101530265.jpg\">\n                            <img decoding=\"async\" src=\"https:\/\/vorlage.roeser-webseiten.de\/bhp-template-4\/wp-content\/uploads\/sites\/19\/2023\/09\/shutterstock_2101530265.jpg\"\n                                alt=\"\"\n                                loading=\"lazy\"\n                            \/>\n                            <span class=\"dipi_masonry_gallery_overlay background\"><\/span>\n                <span class=\"dipi_masonry_gallery_overlay background-hover\"><\/span>\n                <span class=\"dipi_masonry_gallery_overlay content\" style=\"transition-duration: 0ms;\">\n                    \n                    \n                    \n                <\/span>\n                        <\/div>\n                    \n                <\/div>\n                <\/div>\n                \n            <\/div>\n            \n            <\/div>\n             \n\t\t\t\t<\/div>\n\t\t\t<\/div>Vielf\u00e4ltige Auswahl an T\u00fcren f\u00fcr jeden Zweck Unser Angebot umfasst eine breite Palette an T\u00fcren: von Gartentoren \u00fcber Haust\u00fcren bis hin zu Zugangst\u00fcren mit speziellen Sicherheitseinrichtungen. Egal ob Zimmert\u00fcren, Dreh- oder Schiebet\u00fcren, Holzt\u00fcren mit oder ohne Fensterausschnitt oder Ganzglast\u00fcren &#8211; wir bieten f\u00fcr jeden Geschmack und Zweck die passende L\u00f6sung. Auch raumtrennende Elemente oder Schrankabschl\u00fcsse geh\u00f6ren zu unserem Leistungsspektrum. Je nach Ihren individuellen Bed\u00fcrfnissen und Anforderungen werden sie ma\u00dfgeschneidert entworfen, hergestellt und fachgerecht eingebaut. Dabei spielen wichtige Aspekte wie Sicherheit, Brandschutz und Schallschutz eine entscheidende Rolle, genauso wie das \u00e4sthetische<\/p>\n<div class=\"view-full-post\"><a href=\"https:\/\/vorlage.roeser-webseiten.de\/bhp-template-4\/leistungen\/\" class=\"view-full-post-btn\">View Full Post<\/a><\/div>\n<p>;<\/p>\n","protected":false},"author":3,"featured_media":0,"parent":0,"menu_order":0,"comment_status":"closed","ping_status":"closed","template":"","meta":{"_et_pb_use_builder":"on","_et_pb_old_content":"","_et_gb_content_width":"","footnotes":""},"class_list":["post-215","page","type-page","status-publish","hentry"],"aioseo_notices":[],"_links":{"self":[{"href":"https:\/\/vorlage.roeser-webseiten.de\/bhp-template-4\/wp-json\/wp\/v2\/pages\/215","targetHints":{"allow":["GET"]}}],"collection":[{"href":"https:\/\/vorlage.roeser-webseiten.de\/bhp-template-4\/wp-json\/wp\/v2\/pages"}],"about":[{"href":"https:\/\/vorlage.roeser-webseiten.de\/bhp-template-4\/wp-json\/wp\/v2\/types\/page"}],"author":[{"embeddable":true,"href":"https:\/\/vorlage.roeser-webseiten.de\/bhp-template-4\/wp-json\/wp\/v2\/users\/3"}],"replies":[{"embeddable":true,"href":"https:\/\/vorlage.roeser-webseiten.de\/bhp-template-4\/wp-json\/wp\/v2\/comments?post=215"}],"version-history":[{"count":5,"href":"https:\/\/vorlage.roeser-webseiten.de\/bhp-template-4\/wp-json\/wp\/v2\/pages\/215\/revisions"}],"predecessor-version":[{"id":1243,"href":"https:\/\/vorlage.roeser-webseiten.de\/bhp-template-4\/wp-json\/wp\/v2\/pages\/215\/revisions\/1243"}],"wp:attachment":[{"href":"https:\/\/vorlage.roeser-webseiten.de\/bhp-template-4\/wp-json\/wp\/v2\/media?parent=215"}],"curies":[{"name":"wp","href":"https:\/\/api.w.org\/{rel}","templated":true}]}}