{"id":10,"date":"2021-08-18T15:21:24","date_gmt":"2021-08-18T13:21:24","guid":{"rendered":"https:\/\/roeser-webseiten.de\/schreinerei-glocker\/?page_id=10"},"modified":"2025-03-05T09:38:39","modified_gmt":"2025-03-05T08:38:39","slug":"impressum","status":"publish","type":"page","link":"https:\/\/vorlage.roeser-webseiten.de\/bhp-template-4\/impressum\/","title":{"rendered":"Impressum"},"content":{"rendered":"<p>[et_pb_section fb_built=&#8221;1&#8243; admin_label=&#8221;Einleitung&#8221; _builder_version=&#8221;4.21.0&#8243; _module_preset=&#8221;default&#8221; custom_margin=&#8221;12px||12px|60px|true|false&#8221; custom_margin_tablet=&#8221;|||30px|false|false&#8221; custom_margin_phone=&#8221;|12px||12px|false|true&#8221; custom_margin_last_edited=&#8221;on|phone&#8221; locked=&#8221;off&#8221; global_colors_info=&#8221;{}&#8221;][et_pb_row use_custom_gutter=&#8221;on&#8221; make_equal=&#8221;on&#8221; _builder_version=&#8221;4.21.0&#8243; _module_preset=&#8221;default&#8221; module_alignment=&#8221;center&#8221; custom_css_main_element=&#8221;background:transparent !important;&#8221; global_colors_info=&#8221;{}&#8221;][et_pb_column type=&#8221;4_4&#8243; _builder_version=&#8221;4.16&#8243; _module_preset=&#8221;default&#8221; global_colors_info=&#8221;{}&#8221;][et_pb_text _builder_version=&#8221;4.24.2&#8243; _module_preset=&#8221;default&#8221; animation_style=&#8221;fade&#8221; global_colors_info=&#8221;{}&#8221;]<\/p>\n<h1>Impressum<\/h1>\n<p>Rudolf R\u00f6ser Verlag und Informationsdienste AG<br \/>Fritz-Erler-Stra\u00dfe 25<br \/>76133 Karlsruhe<\/p>\n<p><strong>Vertreten durch:<\/strong><br \/>Patrick H\u00fcnemohr, Johannes R\u00f6ser, Robert R\u00f6ser, Annette R\u00f6ser-Letizky<\/p>\n<p><strong>Vorsitzender des Aufsichtsrats:<\/strong><br \/>Dr. Michael L\u00fcck<\/p>\n<h2>Kontakt<\/h2>\n<p>Telefon: 07 21 \/ 37 19-0<br \/>Telefax: 07 21 \/ 37 19-300<br \/>E-Mail: info@roeser-medienhaus.de<\/p>\n<h2>Umsatzsteuer-ID<\/h2>\n<p>Umsatzsteuer-Identifikationsnummer gem\u00e4\u00df \u00a7 27 a Umsatzsteuergesetz:<br \/>DE 175 999 802<\/p>\n<h2>Verbraucher\u00adstreit\u00adbeilegung\/Universal\u00adschlichtungs\u00adstelle<\/h2>\n<p>Wir sind nicht bereit oder verpflichtet, an Streitbeilegungsverfahren vor einer Verbraucherschlichtungsstelle teilzunehmen.<\/p>\n<p>[\/et_pb_text][\/et_pb_column][\/et_pb_row][et_pb_row column_structure=&#8221;3_5,2_5&#8243; use_custom_gutter=&#8221;on&#8221; make_equal=&#8221;on&#8221; _builder_version=&#8221;4.21.0&#8243; _module_preset=&#8221;default&#8221; module_alignment=&#8221;center&#8221; custom_css_main_element=&#8221;background:transparent !important;&#8221; global_colors_info=&#8221;{}&#8221;][et_pb_column type=&#8221;3_5&#8243; _builder_version=&#8221;4.16&#8243; _module_preset=&#8221;default&#8221; global_colors_info=&#8221;{}&#8221;][et_pb_text admin_label=&#8221;Bildnachweis&#8221; _builder_version=&#8221;4.24.2&#8243; _module_preset=&#8221;default&#8221; animation_style=&#8221;fade&#8221; global_colors_info=&#8221;{}&#8221;]<\/p>\n<h3>Bildnachweis:<\/h3>\n<p>Stock Photo ID: 464407250 | <a title=\"Link zur Autorenseite\" href=\"https:\/\/www.shutterstock.com\/g\/Carlos+andre+Santos\" target=\"_blank\" rel=\"noopener\">Carlos andre Santos.shutterstock.com<\/a><br \/>Stock Photo ID: 588924086 | <a title=\"Link zur Autorenseite\" href=\"https:\/\/www.shutterstock.com\/g\/primopiano\" target=\"_blank\" rel=\"noopener\">primopiano.shutterstock.com<\/a><br \/>Stock-Foto ID: 1917250037 |\u00a0 <a class=\"jss1760 jss73 jss75 jss74\" title=\"Link zur Authorenseite\" href=\"https:\/\/www.shutterstock.com\/de\/g\/robertkneschke\" target=\"_blank\" rel=\"noopener\">Robert Kneschke.shutterstock.com<\/a><br \/>Stock-Foto ID: 2037836606 | <a class=\"jss1760 jss73 jss75 jss74\" title=\"Link zur Authorenseite\" href=\"https:\/\/www.shutterstock.com\/g\/seregam\" target=\"_blank\" rel=\"noopener\">Seregam.shutterstock.com<\/a><br \/>Stock-Foto ID: 2101530265 | <a class=\"jss1760 jss73 jss75 jss74\" title=\"Link zur Authorenseite\" href=\"https:\/\/www.shutterstock.com\/g\/timltv\" target=\"_blank\" rel=\"noopener\">timltv.shutterstock.com<\/a><br \/>Stock-Foto ID: 1105229279 | <a class=\"jss1760 jss73 jss75 jss74\" title=\"Link zur Authorenseite\" href=\"https:\/\/www.shutterstock.com\/g\/massimodisoccio\" target=\"_blank\" rel=\"noopener\">Di Soccio Massimo.shutterstock.com<\/a><br \/>Stock-Foto ID: 1120775078 | <a class=\"jss1760 jss73 jss75 jss74\" title=\"Link zur Authorenseite\" href=\"https:\/\/www.shutterstock.com\/g\/amedeoemaja\" target=\"_blank\" rel=\"noopener\">amedeoemaja.shutterstock.com<\/a><br \/>Stock-Foto ID: 1102338020 | <a class=\"jss1760 jss73 jss75 jss74\" title=\"Link zur Authorenseite\" href=\"https:\/\/www.shutterstock.com\/de\/g\/tiero\" target=\"_blank\" rel=\"noopener\">gualtiero boffi.shutterstock.com<\/a><br \/>Stock-Foto ID: 1807303570 | <a class=\"jss1760 jss73 jss75 jss74\" title=\"Link zur Authorenseite\" href=\"https:\/\/www.shutterstock.com\/g\/newafrica\" target=\"_blank\" rel=\"noopener\">New Africa.shutterstock.com<\/a><br \/>Stock-Foto ID: 1564790830 | <a class=\"jss1760 jss73 jss75 jss74\" title=\"Link zur Authorenseite\" href=\"https:\/\/www.shutterstock.com\/g\/Krasula\" target=\"_blank\" rel=\"noopener\">Krasula.shutterstock.com<\/a><br \/>Stock-Foto ID: 616598522 | <a class=\"jss1760 jss73 jss75 jss74\" title=\"Link zur Authorenseite\" href=\"https:\/\/www.shutterstock.com\/g\/edvideo74\" target=\"_blank\" rel=\"noopener\">Dzhafarov Eduard.shutterstock.com<\/a><br \/>Stock-Foto ID: 1106930285 | <a class=\"jss1760 jss73 jss75 jss74\" title=\"Link zur Authorenseite\" href=\"https:\/\/www.shutterstock.com\/g\/leejeongjin\" target=\"_blank\" rel=\"noopener\">Scott-lee.shutterstock.com<\/a><br \/>Stock-Foto ID: 1899080734 | <a class=\"jss1760 jss73 jss75 jss74\" title=\"Link zur Authorenseite\" href=\"https:\/\/www.shutterstock.com\/g\/Followtheflow\" target=\"_blank\" rel=\"noopener\">Followtheflow.shutterstock.com<\/a><br \/>Stock-Foto ID: 1682231170 | <a class=\"jss1760 jss73 jss75 jss74\" title=\"Link zur Authorenseite\" href=\"https:\/\/www.shutterstock.com\/g\/daylightistanbulstudio\" target=\"_blank\" rel=\"noopener\">united photo studio.shutterstock.com<\/a><br \/>Stock-Foto ID: 1916000596 | <a class=\"jss1760 jss73 jss75 jss74\" title=\"Link zur Authorenseite\" href=\"https:\/\/www.shutterstock.com\/g\/diplomedia\" target=\"_blank\" rel=\"noopener\">diplomedia.shutterstock.com<\/a><br \/>Stock-Foto ID: 1938472468 | <a class=\"jss1760 jss73 jss75 jss74\" title=\"Link zur Authorenseite\" href=\"https:\/\/www.shutterstock.com\/g\/newafrica\" target=\"_blank\" rel=\"noopener\">New Africa.shutterstock.com<\/a><br \/>Stock-Foto ID: 163267574 | <a class=\"jss1760 jss73 jss75 jss74\" title=\"Link zur Authorenseite\" href=\"https:\/\/www.shutterstock.com\/g\/Akif+Oztoprak\" target=\"_blank\" rel=\"noopener\">Akif Oztoprak.shutterstock.com<\/a><br \/>Stock-Foto ID: 700539886 | <a class=\"jss1760 jss73 jss75 jss74\" title=\"Link zur Authorenseite\" href=\"https:\/\/www.shutterstock.com\/g\/whyframe\" target=\"_blank\" rel=\"noopener\">WHYFRAME.shutterstock.com<\/a><\/p>\n<p>Stock Vector ID: 2120587940 | <a class=\"jss1760 jss73 jss75 jss74\" title=\"Link zur Authorenseite\" href=\"https:\/\/www.shutterstock.com\/g\/mlangsen\" target=\"_blank\" rel=\"noopener\">mlangsen.shutterstock.com<\/a><br \/>Stock Vector ID: 515182108 | <a class=\"jss1760 jss73 jss75 jss74\" title=\"Link zur Authorenseite\" href=\"https:\/\/www.shutterstock.com\/g\/Artco\" target=\"_blank\" rel=\"noopener\">Artco.shutterstock.com<\/a><\/p>\n<p>[\/et_pb_text][\/et_pb_column][et_pb_column type=&#8221;2_5&#8243; _builder_version=&#8221;4.16&#8243; _module_preset=&#8221;default&#8221; global_colors_info=&#8221;{}&#8221;][et_pb_text _builder_version=&#8221;4.24.2&#8243; _module_preset=&#8221;default&#8221; locked=&#8221;off&#8221; global_colors_info=&#8221;{}&#8221;]<\/p>\n<h3>\u00a0Design &amp; Umsetzung<\/h3>\n<p>R\u00f6ser Medienhaus<br \/>Fritz-Erler-Stra\u00dfe 25<br \/>76133 Karlsruhe<\/p>\n<p>Telefon 07 21 \/ 37 19-0<br \/>Telefax 0721 \/ 37 19-4 00<br \/><a title=\"E-Mail\" href=\"mailto:info@roeser-medienhaus.de\">info@roeser-medienhaus.de<\/a><br \/><a title=\"Link zur R\u00f6ser Medienhaus Seite\" href=\"https:\/\/www.roeser-medienhaus.de\/\" target=\"_blank\" rel=\"noopener\">www.roeser-medienhaus.de<\/a>\u200b<a title=\"Link zur R\u00f6ser Medienhaus Seite\" href=\"https:\/\/www.roeser-medienhaus.de\/\" target=\"_blank\" rel=\"noopener\"><\/a><\/p>\n<p>[\/et_pb_text][\/et_pb_column][\/et_pb_row][\/et_pb_section]<\/p>\n","protected":false},"excerpt":{"rendered":"<p>Impressum Rudolf R\u00f6ser Verlag und Informationsdienste AGFritz-Erler-Stra\u00dfe 2576133 Karlsruhe Vertreten durch:Patrick H\u00fcnemohr, Johannes R\u00f6ser, Robert R\u00f6ser, Annette R\u00f6ser-Letizky Vorsitzender des Aufsichtsrats:Dr. Michael L\u00fcck Kontakt Telefon: 07 21 \/ 37 19-0Telefax: 07 21 \/ 37 19-300E-Mail: info@roeser-medienhaus.de Umsatzsteuer-ID Umsatzsteuer-Identifikationsnummer gem\u00e4\u00df \u00a7 27 a Umsatzsteuergesetz:DE 175 999 802 Verbraucher\u00adstreit\u00adbeilegung\/Universal\u00adschlichtungs\u00adstelle Wir sind nicht bereit oder verpflichtet, an Streitbeilegungsverfahren vor einer Verbraucherschlichtungsstelle teilzunehmen.Bildnachweis: Stock Photo ID: 464407250 | Carlos andre Santos.shutterstock.comStock Photo ID: 588924086 | primopiano.shutterstock.comStock-Foto ID: 1917250037 |\u00a0 Robert Kneschke.shutterstock.comStock-Foto ID: 2037836606 | Seregam.shutterstock.comStock-Foto ID: 2101530265 | timltv.shutterstock.comStock-Foto ID: 1105229279 | Di Soccio Massimo.shutterstock.comStock-Foto ID: 1120775078 | amedeoemaja.shutterstock.comStock-Foto ID: 1102338020 | gualtiero boffi.shutterstock.comStock-Foto ID: 1807303570 | New Africa.shutterstock.comStock-Foto ID: 1564790830 | Krasula.shutterstock.comStock-Foto ID: 616598522 | Dzhafarov Eduard.shutterstock.comStock-Foto ID: 1106930285 | Scott-lee.shutterstock.comStock-Foto ID: 1899080734 | Followtheflow.shutterstock.comStock-Foto ID: 1682231170 | united photo studio.shutterstock.comStock-Foto ID: 1916000596 | diplomedia.shutterstock.comStock-Foto ID: 1938472468 | New Africa.shutterstock.comStock-Foto ID: 163267574 | Akif Oztoprak.shutterstock.comStock-Foto ID: 700539886 | WHYFRAME.shutterstock.com Stock Vector ID: 2120587940 | mlangsen.shutterstock.comStock Vector ID: 515182108 | Artco.shutterstock.com\u00a0Design &amp; Umsetzung R\u00f6ser MedienhausFritz-Erler-Stra\u00dfe 2576133 Karlsruhe Telefon 07 21 \/ 37 19-0Telefax 0721 \/ 37 19-4 00info@roeser-medienhaus.dewww.roeser-medienhaus.de\u200b<\/p>\n","protected":false},"author":3,"featured_media":0,"parent":0,"menu_order":0,"comment_status":"closed","ping_status":"closed","template":"","meta":{"_et_pb_use_builder":"on","_et_pb_old_content":"","_et_gb_content_width":"","footnotes":""},"class_list":["post-10","page","type-page","status-publish","hentry"],"aioseo_notices":[],"_links":{"self":[{"href":"https:\/\/vorlage.roeser-webseiten.de\/bhp-template-4\/wp-json\/wp\/v2\/pages\/10","targetHints":{"allow":["GET"]}}],"collection":[{"href":"https:\/\/vorlage.roeser-webseiten.de\/bhp-template-4\/wp-json\/wp\/v2\/pages"}],"about":[{"href":"https:\/\/vorlage.roeser-webseiten.de\/bhp-template-4\/wp-json\/wp\/v2\/types\/page"}],"author":[{"embeddable":true,"href":"https:\/\/vorlage.roeser-webseiten.de\/bhp-template-4\/wp-json\/wp\/v2\/users\/3"}],"replies":[{"embeddable":true,"href":"https:\/\/vorlage.roeser-webseiten.de\/bhp-template-4\/wp-json\/wp\/v2\/comments?post=10"}],"version-history":[{"count":1,"href":"https:\/\/vorlage.roeser-webseiten.de\/bhp-template-4\/wp-json\/wp\/v2\/pages\/10\/revisions"}],"predecessor-version":[{"id":1173,"href":"https:\/\/vorlage.roeser-webseiten.de\/bhp-template-4\/wp-json\/wp\/v2\/pages\/10\/revisions\/1173"}],"wp:attachment":[{"href":"https:\/\/vorlage.roeser-webseiten.de\/bhp-template-4\/wp-json\/wp\/v2\/media?parent=10"}],"curies":[{"name":"wp","href":"https:\/\/api.w.org\/{rel}","templated":true}]}}