{"id":257,"date":"2021-05-05T11:28:24","date_gmt":"2021-05-05T09:28:24","guid":{"rendered":"https:\/\/roeser-webseiten.de\/ruppel-steuerberatung\/?page_id=257"},"modified":"2025-04-03T17:28:14","modified_gmt":"2025-04-03T15:28:14","slug":"kanzlei","status":"publish","type":"page","link":"https:\/\/vorlage.roeser-webseiten.de\/bhp-template-3\/kanzlei\/","title":{"rendered":"Kanzlei"},"content":{"rendered":"<p>[et_pb_section fb_built=&#8221;1&#8243; fullwidth=&#8221;on&#8221; _builder_version=&#8221;4.21.0&#8243; _module_preset=&#8221;8314d07b-64eb-42bb-9dae-61bacdd5f694&#8243; min_height_last_edited=&#8221;off|desktop&#8221; height_tablet=&#8221;&#8221; height_phone=&#8221;&#8221; height_last_edited=&#8221;on|tablet&#8221; background_image_tablet=&#8221;https:\/\/roeser-webseiten.de\/ruppel-steuerberatung\/wp-content\/uploads\/sites\/302\/2021\/06\/haende-teambilding-t.jpg&#8221; background_image_phone=&#8221;https:\/\/roeser-webseiten.de\/ruppel-steuerberatung\/wp-content\/uploads\/sites\/302\/2021\/06\/haende-teambilding-t.jpg&#8221; background_enable_image_phone=&#8221;on&#8221; locked=&#8221;off&#8221; global_colors_info=&#8221;{}&#8221; custom_css_main_element_last_edited=&#8221;off|desktop&#8221; custom_css_main_element_tablet=&#8221;background-image: url(%22https:\/\/roeser-webseiten.de\/ruppel-steuerberatung\/wp-content\/uploads\/sites\/302\/2021\/05\/Headerbild-teambilding-t.jpg%22);&#8221; custom_css_main_element_phone=&#8221;background-image: url(%22https:\/\/roeser-webseiten.de\/ruppel-steuerberatung\/wp-content\/uploads\/sites\/302\/2021\/05\/Headerbild-teambilding-t.jpg%22);&#8221;][et_pb_fullwidth_image src=&#8221;https:\/\/vorlage.roeser-webseiten.de\/bhp-template-3\/wp-content\/uploads\/sites\/18\/2023\/08\/shutterstock_1732539665-e1710946637145.jpg&#8221; alt=&#8221;Team sitzt an einem Tisch und unterh\u00e4lt sich&#8221; title_text=&#8221;Team&#8221; _builder_version=&#8221;4.24.2&#8243; _module_preset=&#8221;default&#8221; global_colors_info=&#8221;{}&#8221;][\/et_pb_fullwidth_image][\/et_pb_section][et_pb_section fb_built=&#8221;1&#8243; admin_label=&#8221;Kontakt&#8221; _builder_version=&#8221;4.21.0&#8243; _module_preset=&#8221;default&#8221; background_color=&#8221;RGBA(255,255,255,0)&#8221; custom_padding=&#8221;0px|0px|0px|0px|true|true&#8221; global_colors_info=&#8221;{}&#8221;][et_pb_row column_structure=&#8221;1_3,1_3,1_3&#8243; use_custom_gutter=&#8221;on&#8221; make_equal=&#8221;on&#8221; _builder_version=&#8221;4.21.0&#8243; _module_preset=&#8221;default&#8221; background_color=&#8221;#756C63&#8243; width_tablet=&#8221;80%&#8221; width_phone=&#8221;80%&#8221; width_last_edited=&#8221;on|phone&#8221; module_alignment=&#8221;right&#8221; custom_margin=&#8221;-54px|0px||auto|false|false&#8221; custom_margin_tablet=&#8221;-40px|auto|||false|false&#8221; custom_margin_phone=&#8221;|||auto|false|false&#8221; custom_margin_last_edited=&#8221;on|phone&#8221; custom_padding=&#8221;1em|1.3em|1em|1.3em|true|true&#8221; module_alignment_tablet=&#8221;center&#8221; module_alignment_phone=&#8221;center&#8221; module_alignment_last_edited=&#8221;on|phone&#8221; global_colors_info=&#8221;{}&#8221;][et_pb_column type=&#8221;1_3&#8243; _builder_version=&#8221;4.21.0&#8243; _module_preset=&#8221;default&#8221; custom_padding_tablet=&#8221;||21px||false|false&#8221; custom_padding_phone=&#8221;||21px||false|false&#8221; custom_padding_last_edited=&#8221;on|tablet&#8221; border_width_right=&#8221;2px&#8221; border_color_right=&#8221;#FFFFFF&#8221; border_color_bottom=&#8221;#FFFFFF&#8221; border_width_right_tablet=&#8221;0px&#8221; border_width_right_phone=&#8221;0px&#8221; border_width_right_last_edited=&#8221;on|tablet&#8221; border_width_bottom_tablet=&#8221;2px&#8221; border_width_bottom_phone=&#8221;2px&#8221; border_width_bottom_last_edited=&#8221;on|phone&#8221; global_colors_info=&#8221;{}&#8221;][et_pb_blurb use_icon=&#8221;on&#8221; font_icon=&#8221;&#xe081;||divi||400&#8243; icon_color=&#8221;#FFFFFF&#8221; icon_placement=&#8221;left&#8221; image_icon_width=&#8221;30px&#8221; content_max_width=&#8221;720px&#8221; _builder_version=&#8221;4.21.0&#8243; _module_preset=&#8221;default&#8221; body_font_size=&#8221;20px&#8221; background_layout=&#8221;dark&#8221; global_colors_info=&#8221;{}&#8221;]<\/p>\n<p>Fritz-Erler-Stra\u00dfe 25<br \/>76133 Karlsruhe<\/p>\n<p>[\/et_pb_blurb][\/et_pb_column][et_pb_column type=&#8221;1_3&#8243; _builder_version=&#8221;4.21.0&#8243; _module_preset=&#8221;default&#8221; custom_padding_tablet=&#8221;||21px||false|false&#8221; custom_padding_phone=&#8221;||21px||false|false&#8221; custom_padding_last_edited=&#8221;on|tablet&#8221; border_color_top=&#8221;#FFFFFF&#8221; border_width_right=&#8221;2px&#8221; border_color_right=&#8221;#FFFFFF&#8221; border_color_bottom=&#8221;#FFFFFF&#8221; border_width_top_tablet=&#8221;2px&#8221; border_width_top_last_edited=&#8221;off|tablet&#8221; border_width_right_tablet=&#8221;0px&#8221; border_width_right_phone=&#8221;0px&#8221; border_width_right_last_edited=&#8221;on|tablet&#8221; border_width_bottom_tablet=&#8221;2px&#8221; border_width_bottom_phone=&#8221;2px&#8221; border_width_bottom_last_edited=&#8221;on|tablet&#8221; global_colors_info=&#8221;{}&#8221;][et_pb_blurb use_icon=&#8221;on&#8221; font_icon=&#8221;&#xe090;||divi||400&#8243; icon_color=&#8221;#FFFFFF&#8221; icon_placement=&#8221;left&#8221; image_icon_width=&#8221;30px&#8221; content_max_width=&#8221;720px&#8221; _builder_version=&#8221;4.21.0&#8243; _module_preset=&#8221;default&#8221; body_font_size=&#8221;20px&#8221; background_layout=&#8221;dark&#8221; global_colors_info=&#8221;{}&#8221;]07 21 \/ 37 19-0[\/et_pb_blurb][\/et_pb_column][et_pb_column type=&#8221;1_3&#8243; _builder_version=&#8221;4.21.0&#8243; _module_preset=&#8221;default&#8221; global_colors_info=&#8221;{}&#8221;][et_pb_blurb use_icon=&#8221;on&#8221; font_icon=&#8221;&#xf0e0;||fa||400&#8243; icon_color=&#8221;#FFFFFF&#8221; icon_placement=&#8221;left&#8221; image_icon_width=&#8221;30px&#8221; content_max_width=&#8221;720px&#8221; _builder_version=&#8221;4.21.0&#8243; _module_preset=&#8221;default&#8221; body_font_size=&#8221;20px&#8221; background_layout=&#8221;dark&#8221; global_colors_info=&#8221;{}&#8221;]info@roeser-medienhaus.de[\/et_pb_blurb][\/et_pb_column][\/et_pb_row][\/et_pb_section][et_pb_section fb_built=&#8221;1&#8243; admin_label=&#8221;Einleitungstext&#8221; _builder_version=&#8221;4.16&#8243; _module_preset=&#8221;default&#8221; animation_style=&#8221;slide&#8221; animation_direction=&#8221;bottom&#8221; animation_delay=&#8221;200ms&#8221; global_colors_info=&#8221;{}&#8221;][et_pb_row _builder_version=&#8221;4.16&#8243; _module_preset=&#8221;default&#8221; module_alignment=&#8221;center&#8221; global_colors_info=&#8221;{}&#8221;][et_pb_column type=&#8221;4_4&#8243; _builder_version=&#8221;4.16&#8243; _module_preset=&#8221;default&#8221; global_colors_info=&#8221;{}&#8221;][dipi_dual_heading first_heading=&#8221;Steuerkanzlei mit Erfahrung&#8221; second_heading=&#8221;Zuverl\u00e4ssige Beratung und Betreuung&#8221; heading_tag=&#8221;h1&#8243; heading_display=&#8221;column&#8221; _builder_version=&#8221;4.27.4&#8243; _module_preset=&#8221;default&#8221; first_heading_font=&#8221;||||||||&#8221; first_heading_text_color=&#8221;#556672&#8243; first_heading_font_size=&#8221;36px&#8221; first_heading_line_height=&#8221;1.3em&#8221; second_heading_font=&#8221;||||||||&#8221; second_heading_text_color=&#8221;#756C63&#8243; second_heading_font_size=&#8221;21px&#8221; text_orientation=&#8221;left&#8221; background_layout=&#8221;light&#8221; first_heading_font_size_tablet=&#8221;32px&#8221; first_heading_font_size_phone=&#8221;24px&#8221; first_heading_font_size_last_edited=&#8221;on|desktop&#8221; second_heading_font_size_tablet=&#8221;18px&#8221; second_heading_font_size_phone=&#8221;16px&#8221; second_heading_font_size_last_edited=&#8221;on|phone&#8221; locked=&#8221;off&#8221; global_colors_info=&#8221;{}&#8221;][\/dipi_dual_heading][et_pb_text _builder_version=&#8221;4.27.4&#8243; _module_preset=&#8221;default&#8221; text_line_height=&#8221;1.8em&#8221; max_width=&#8221;720px&#8221; max_width_tablet=&#8221;720px&#8221; max_width_phone=&#8221;720px&#8221; max_width_last_edited=&#8221;on|desktop&#8221; global_colors_info=&#8221;{}&#8221;]<\/p>\n<p>Wir sind eine erfahrene Kanzlei, die sich auf die Beratung und Betreuung von Klienten in allen steuerlichen und wirtschaftlichen Angelegenheiten spezialisiert hat. Unsere langj\u00e4hrige Erfahrung und unser umfassendes Wissen machen uns zu einem verl\u00e4sslichen Partner f\u00fcr unsere Mandanten.<\/p>\n<p>Unser Team besteht aus zwei Gesch\u00e4ftsf\u00fchrern, vier Mitarbeitern und zwei Auszubildenden. Jeder Einzelne von uns bringt seine individuellen F\u00e4higkeiten und St\u00e4rken ein, um Ihnen den bestm\u00f6glichen Service zu bieten. Wir arbeiten eng mit unseren Mandanten zusammen, um ihre individuellen Bed\u00fcrfnisse zu verstehen und ma\u00dfgeschneiderte L\u00f6sungen anzubieten.<\/p>\n<p>[\/et_pb_text][\/et_pb_column][\/et_pb_row][\/et_pb_section][et_pb_section fb_built=&#8221;1&#8243; _builder_version=&#8221;4.27.4&#8243; _module_preset=&#8221;default&#8221; hover_enabled=&#8221;0&#8243; global_colors_info=&#8221;{}&#8221; background_color=&#8221;rgba(236,236,226,0.5)&#8221; sticky_enabled=&#8221;0&#8243;][et_pb_row column_structure=&#8221;1_2,1_2&#8243; _builder_version=&#8221;4.21.0&#8243; _module_preset=&#8221;default&#8221; global_colors_info=&#8221;{}&#8221;][et_pb_column type=&#8221;1_2&#8243; _builder_version=&#8221;4.21.0&#8243; _module_preset=&#8221;default&#8221; global_colors_info=&#8221;{}&#8221;][et_pb_team_member name=&#8221;Anne Musterfrau&#8221; position=&#8221;Gesch\u00e4ftsf\u00fchrerin&#8221; image_url=&#8221;https:\/\/vorlage.roeser-webseiten.de\/bhp-template-3\/wp-content\/uploads\/sites\/18\/2023\/08\/shutterstock_160903970.jpg&#8221; _builder_version=&#8221;4.27.4&#8243; _module_preset=&#8221;default&#8221; header_level=&#8221;h2&#8243; header_font=&#8221;||||||||&#8221; header_font_size=&#8221;24px&#8221; body_line_height=&#8221;1.8em&#8221; position_text_color=&#8221;#423930&#8243; animation_style=&#8221;fade&#8221; hover_enabled=&#8221;0&#8243; header_font_size_tablet=&#8221;24px&#8221; header_font_size_phone=&#8221;21px&#8221; header_font_size_last_edited=&#8221;on|desktop&#8221; global_colors_info=&#8221;{}&#8221; sticky_enabled=&#8221;0&#8243;]<\/p>\n<p>Tel.: 0721 \/ 37 19 0<br \/>E-Mail schreiben<\/p>\n<p>[\/et_pb_team_member][\/et_pb_column][et_pb_column type=&#8221;1_2&#8243; _builder_version=&#8221;4.21.0&#8243; _module_preset=&#8221;default&#8221; global_colors_info=&#8221;{}&#8221;][et_pb_team_member name=&#8221;Wolfgang Mustermann&#8221; position=&#8221;Gesch\u00e4ftsf\u00fchrer&#8221; image_url=&#8221;https:\/\/vorlage.roeser-webseiten.de\/bhp-template-3\/wp-content\/uploads\/sites\/18\/2023\/08\/shutterstock_160903940.jpg&#8221; _builder_version=&#8221;4.24.2&#8243; _module_preset=&#8221;default&#8221; header_level=&#8221;h2&#8243; header_font=&#8221;||||||||&#8221; header_font_size=&#8221;24px&#8221; body_line_height=&#8221;1.8em&#8221; position_text_color=&#8221;#423930&#8243; animation_style=&#8221;fade&#8221; animation_delay=&#8221;200ms&#8221; hover_enabled=&#8221;0&#8243; header_font_size_tablet=&#8221;24px&#8221; header_font_size_phone=&#8221;21px&#8221; header_font_size_last_edited=&#8221;on|desktop&#8221; global_colors_info=&#8221;{}&#8221; sticky_enabled=&#8221;0&#8243;]<\/p>\n<p>Tel.: 0721 \/ 37 19 0<br \/>E-Mail schreiben<\/p>\n<p>[\/et_pb_team_member][\/et_pb_column][\/et_pb_row][\/et_pb_section][et_pb_section fb_built=&#8221;1&#8243; _builder_version=&#8221;4.21.0&#8243; _module_preset=&#8221;default&#8221; background_enable_color=&#8221;off&#8221; global_colors_info=&#8221;{}&#8221;][et_pb_row _builder_version=&#8221;4.21.0&#8243; _module_preset=&#8221;default&#8221; global_colors_info=&#8221;{}&#8221;][et_pb_column type=&#8221;4_4&#8243; _builder_version=&#8221;4.21.0&#8243; _module_preset=&#8221;default&#8221; global_colors_info=&#8221;{}&#8221;][et_pb_text _builder_version=&#8221;4.24.2&#8243; _module_preset=&#8221;default&#8221; text_line_height=&#8221;1.8em&#8221; header_3_font_size=&#8221;30px&#8221; max_width=&#8221;720px&#8221; header_3_font_size_tablet=&#8221;26px&#8221; header_3_font_size_phone=&#8221;24px&#8221; header_3_font_size_last_edited=&#8221;on|phone&#8221; global_colors_info=&#8221;{}&#8221;]<\/p>\n<h3>Unsere Philosophie: Gemeinsam zum steuerlichen Erfolg<\/h3>\n<p>Wir unterst\u00fctzen unsere Kunden bei der Erstellung von Steuererkl\u00e4rungen, Jahresabschl\u00fcssen, Buchhaltungen sowie bei der Planung und Umsetzung von steueroptimierten Strategien. Auch in schwierigen Situationen stehen wir unseren Kunden zur Seite und suchen gemeinsam nach L\u00f6sungen.<\/p>\n<p>Unsere Kanzlei ist nicht nur in Musterstadt, sondern auch in der Region bekannt. Wir haben uns einen Namen gemacht durch unsere Zuverl\u00e4ssigkeit, Kompetenz und unser Engagement f\u00fcr unsere Kunden. Wir sind stolz darauf, dass viele unserer Kunden uns seit Jahren vertrauen und uns weiterempfehlen.<\/p>\n<p>[\/et_pb_text][\/et_pb_column][\/et_pb_row][\/et_pb_section][et_pb_section fb_built=&#8221;1&#8243; admin_label=&#8221;Call to Action&#8221; _builder_version=&#8221;4.27.4&#8243; _module_preset=&#8221;default&#8221; background_color=&#8221;#ECECE2&#8243; animation_direction=&#8221;bottom&#8221; saved_tabs=&#8221;all&#8221; global_colors_info=&#8221;{}&#8221;][et_pb_row _builder_version=&#8221;4.16&#8243; _module_preset=&#8221;default&#8221; module_alignment=&#8221;center&#8221; global_colors_info=&#8221;{}&#8221;][et_pb_column type=&#8221;4_4&#8243; _builder_version=&#8221;4.16&#8243; _module_preset=&#8221;default&#8221; global_colors_info=&#8221;{}&#8221;][et_pb_cta title=&#8221;Lassen Sie uns gemeinsam Ihre Finanzen optimieren&#8221; button_url=&#8221;@ET-DC@eyJkeW5hbWljIjp0cnVlLCJjb250ZW50IjoicG9zdF9saW5rX3VybF9wYWdlIiwic2V0dGluZ3MiOnsicG9zdF9pZCI6IjE1In19@&#8221; button_text=&#8221;Jetzt unverbindlich beraten lassen!&#8221; _builder_version=&#8221;4.27.4&#8243; _dynamic_attributes=&#8221;button_url&#8221; _module_preset=&#8221;default&#8221; header_level=&#8221;h3&#8243; header_font_size=&#8221;26px&#8221; body_line_height=&#8221;1.8em&#8221; background_color=&#8221;#556672&#8243; custom_button=&#8221;on&#8221; button_text_color=&#8221;#FFFFFF&#8221; button_bg_color=&#8221;#556672&#8243; button_border_color=&#8221;#FFFFFF&#8221; button_use_icon=&#8221;off&#8221; width=&#8221;80%&#8221; width_tablet=&#8221;90%&#8221; width_phone=&#8221;100%&#8221; width_last_edited=&#8221;on|tablet&#8221; module_alignment=&#8221;center&#8221; header_font_size_tablet=&#8221;24px&#8221; header_font_size_phone=&#8221;22px&#8221; header_font_size_last_edited=&#8221;on|phone&#8221; global_colors_info=&#8221;{}&#8221; button_text_color__hover_enabled=&#8221;on|hover&#8221; button_text_color__hover=&#8221;#ECECE2&#8243; button_border_color__hover_enabled=&#8221;on|hover&#8221; button_border_color__hover=&#8221;#ECECE2&#8243; button_bg_color__hover_enabled=&#8221;on|hover&#8221; button_bg_color__hover=&#8221;#618093&#8243; button_bg_enable_color__hover=&#8221;on&#8221;]<\/p>\n<p>Wenn Sie auf der Suche nach einer erfahrenen Steuerkanzlei sind, die Ihnen mit Rat und Tat zur Seite steht, dann sind Sie bei uns genau richtig. Kontaktieren Sie uns gerne f\u00fcr ein unverbindliches Erstgespr\u00e4ch \u2013 wir freuen uns darauf, Sie kennenzulernen!<\/p>\n<p>[\/et_pb_cta][\/et_pb_column][\/et_pb_row][\/et_pb_section]<\/p>\n","protected":false},"excerpt":{"rendered":"<p>Fritz-Erler-Stra\u00dfe 2576133 Karlsruhe07 21 \/ 37 19-0info@roeser-medienhaus.de<div class=\"et_pb_module dipi_dual_heading dipi_dual_heading_0\">\n\t\t\t\t\n\t\t\t\t\n\t\t\t\t\n\t\t\t\t\n\t\t\t\t\n\t\t\t\t\n\t\t\t\t<div class=\"et_pb_module_inner\">\n\t\t\t\t\t\n                <div class=\"dipi-dual-heading \">\n                    <h1 class=\"dipi-dh-main\">\n                        <span class=\"dipi-dh-first-heading\">\n                            <span class=\"dipi-dh-animation-container\">\n                                <span class=\"dipi-dh-bg-container\">\n                                    Steuerkanzlei mit Erfahrung\n                                <\/span>\n                            <\/span>\n                        <\/span>\n                        <span class=\"dipi-dh-second-heading\">\n                            <span class=\"dipi-dh-animation-container\">\n                                <span class=\"dipi-dh-bg-container\">\n                                    Zuverl\u00e4ssige Beratung und Betreuung\n                                <\/span>\n                            <\/span>\n                        <\/span>\n                    <\/h1>\n                <\/div>\n\t\t\t\t<\/div>\n\t\t\t<\/div>Wir sind eine erfahrene Kanzlei, die sich auf die Beratung und Betreuung von Klienten in allen steuerlichen und wirtschaftlichen Angelegenheiten spezialisiert hat. Unsere langj\u00e4hrige Erfahrung und unser umfassendes Wissen machen uns zu einem verl\u00e4sslichen Partner f\u00fcr unsere Mandanten. Unser Team besteht aus zwei Gesch\u00e4ftsf\u00fchrern, vier Mitarbeitern und zwei Auszubildenden. Jeder Einzelne von uns bringt seine individuellen F\u00e4higkeiten und St\u00e4rken ein, um Ihnen den bestm\u00f6glichen Service zu bieten. Wir arbeiten eng mit unseren Mandanten zusammen, um ihre individuellen Bed\u00fcrfnisse zu verstehen und ma\u00dfgeschneiderte L\u00f6sungen anzubieten.Tel.: 0721 \/ 37 19 0E-Mail schreibenTel.: 0721 \/ 37 19 0E-Mail schreibenUnsere Philosophie: Gemeinsam zum steuerlichen Erfolg Wir unterst\u00fctzen unsere Kunden bei der Erstellung von Steuererkl\u00e4rungen, Jahresabschl\u00fcssen, Buchhaltungen sowie bei der Planung und Umsetzung von steueroptimierten Strategien. Auch in schwierigen Situationen stehen wir unseren Kunden zur Seite und suchen gemeinsam nach L\u00f6sungen. Unsere Kanzlei ist nicht nur in Musterstadt, sondern auch in der Region bekannt. Wir haben uns einen Namen gemacht durch unsere Zuverl\u00e4ssigkeit, Kompetenz und unser Engagement f\u00fcr unsere Kunden. Wir sind stolz darauf, dass viele unserer Kunden uns seit Jahren vertrauen und uns weiterempfehlen.Wenn Sie auf der Suche nach einer<\/p>\n<div class=\"view-full-post\"><a href=\"https:\/\/vorlage.roeser-webseiten.de\/bhp-template-3\/kanzlei\/\" class=\"view-full-post-btn\">View Full Post<\/a><\/div>\n<p>;<\/p>\n","protected":false},"author":2,"featured_media":0,"parent":0,"menu_order":0,"comment_status":"closed","ping_status":"closed","template":"","meta":{"_et_pb_use_builder":"on","_et_pb_old_content":"","_et_gb_content_width":"","footnotes":""},"class_list":["post-257","page","type-page","status-publish","hentry"],"aioseo_notices":[],"_links":{"self":[{"href":"https:\/\/vorlage.roeser-webseiten.de\/bhp-template-3\/wp-json\/wp\/v2\/pages\/257","targetHints":{"allow":["GET"]}}],"collection":[{"href":"https:\/\/vorlage.roeser-webseiten.de\/bhp-template-3\/wp-json\/wp\/v2\/pages"}],"about":[{"href":"https:\/\/vorlage.roeser-webseiten.de\/bhp-template-3\/wp-json\/wp\/v2\/types\/page"}],"author":[{"embeddable":true,"href":"https:\/\/vorlage.roeser-webseiten.de\/bhp-template-3\/wp-json\/wp\/v2\/users\/2"}],"replies":[{"embeddable":true,"href":"https:\/\/vorlage.roeser-webseiten.de\/bhp-template-3\/wp-json\/wp\/v2\/comments?post=257"}],"version-history":[{"count":5,"href":"https:\/\/vorlage.roeser-webseiten.de\/bhp-template-3\/wp-json\/wp\/v2\/pages\/257\/revisions"}],"predecessor-version":[{"id":1546,"href":"https:\/\/vorlage.roeser-webseiten.de\/bhp-template-3\/wp-json\/wp\/v2\/pages\/257\/revisions\/1546"}],"wp:attachment":[{"href":"https:\/\/vorlage.roeser-webseiten.de\/bhp-template-3\/wp-json\/wp\/v2\/media?parent=257"}],"curies":[{"name":"wp","href":"https:\/\/api.w.org\/{rel}","templated":true}]}}