{"id":20,"date":"2021-05-04T13:18:13","date_gmt":"2021-05-04T11:18:13","guid":{"rendered":"https:\/\/roeser-webseiten.de\/ruppel-steuerberatung\/?page_id=20"},"modified":"2025-04-03T17:14:50","modified_gmt":"2025-04-03T15:14:50","slug":"impressum","status":"publish","type":"page","link":"https:\/\/vorlage.roeser-webseiten.de\/bhp-template-3\/impressum\/","title":{"rendered":"Impressum"},"content":{"rendered":"<p>[et_pb_section fb_built=&#8221;1&#8243; _builder_version=&#8221;4.16&#8243; _module_preset=&#8221;default&#8221; global_colors_info=&#8221;{}&#8221;][et_pb_row _builder_version=&#8221;4.21.0&#8243; _module_preset=&#8221;default&#8221; global_colors_info=&#8221;{}&#8221;][et_pb_column type=&#8221;4_4&#8243; _builder_version=&#8221;4.21.0&#8243; _module_preset=&#8221;default&#8221; global_colors_info=&#8221;{}&#8221;][et_pb_text _builder_version=&#8221;4.27.4&#8243; _module_preset=&#8221;default&#8221; hover_enabled=&#8221;0&#8243; global_colors_info=&#8221;{}&#8221; header_font_size=&#8221;40px&#8221; header_font_size_last_edited=&#8221;on|phone&#8221; sticky_enabled=&#8221;0&#8243; header_font_size_tablet=&#8221;36px&#8221; header_font_size_phone=&#8221;32px&#8221; header_2_font_size=&#8221;30px&#8221; header_2_font_size_last_edited=&#8221;on|phone&#8221; header_2_font_size_tablet=&#8221;26px&#8221; header_2_font_size_phone=&#8221;24px&#8221; header_3_font_size_last_edited=&#8221;on|phone&#8221; header_3_font_size=&#8221;30px&#8221; header_3_font_size_tablet=&#8221;26px&#8221; header_3_font_size_phone=&#8221;24px&#8221; text_line_height=&#8221;1.8em&#8221;]<\/p>\n<h1>Impressum<\/h1>\n<p>R\u00f6ser MEDIA GmbH &amp; Co.KG<br \/>Fritz-Erler-Stra\u00dfe 25<br \/>76133 Karlsruhe<\/p>\n<p><strong>Vertreten durch:<\/strong><br \/>R\u00f6ser MEDIA Verwaltungsgesellschaft mbH<br \/>Fritz-Erler-Str. 25<br \/>76133 Karlsruhe<\/p>\n<p>Diese vertreten durch:<br \/>Patrick H\u00fcnemohr, Johannes R\u00f6ser, Robert R\u00f6ser, Annette R\u00f6ser-Letizky<\/p>\n<p>Handelsregister: HRB 107300<br \/>Registergericht: Amtsgericht Mannheim<\/p>\n<h2>Kontakt<\/h2>\n<p>Telefon: 0721 \/ 37 19-0<br \/>Telefax: 0721 \/ 37 19-300<br \/>E-Mail: info@roeser-medienhaus.de<\/p>\n<h2>Umsatzsteuer-ID<\/h2>\n<p>Umsatzsteuer-Identifikationsnummer gem\u00e4\u00df \u00a7 27 a Umsatzsteuergesetz:<br \/>DE 143 620 440<\/p>\n<p>[\/et_pb_text][\/et_pb_column][\/et_pb_row][\/et_pb_section][et_pb_section fb_built=&#8221;1&#8243; _builder_version=&#8221;4.27.4&#8243; _module_preset=&#8221;default&#8221; background_color=&#8221;rgba(236,236,226,0.5)&#8221; hover_enabled=&#8221;0&#8243; global_colors_info=&#8221;{}&#8221; sticky_enabled=&#8221;0&#8243;][et_pb_row column_structure=&#8221;3_5,2_5&#8243; _builder_version=&#8221;4.21.0&#8243; _module_preset=&#8221;default&#8221; global_colors_info=&#8221;{}&#8221;][et_pb_column type=&#8221;3_5&#8243; _builder_version=&#8221;4.21.0&#8243; _module_preset=&#8221;default&#8221; global_colors_info=&#8221;{}&#8221;][et_pb_text admin_label=&#8221;Bildnachweis&#8221; _builder_version=&#8221;4.27.4&#8243; _module_preset=&#8221;default&#8221; hover_enabled=&#8221;0&#8243; locked=&#8221;off&#8221; global_colors_info=&#8221;{}&#8221; header_font_size=&#8221;40px&#8221; header_2_font_size=&#8221;30px&#8221; header_3_font_size=&#8221;30px&#8221; header_font_size_tablet=&#8221;36px&#8221; header_font_size_phone=&#8221;32px&#8221; header_font_size_last_edited=&#8221;on|phone&#8221; header_2_font_size_tablet=&#8221;26px&#8221; header_2_font_size_phone=&#8221;24px&#8221; header_2_font_size_last_edited=&#8221;on|phone&#8221; header_3_font_size_tablet=&#8221;26px&#8221; header_3_font_size_phone=&#8221;24px&#8221; header_3_font_size_last_edited=&#8221;on|phone&#8221; text_line_height=&#8221;1.8em&#8221; sticky_enabled=&#8221;0&#8243;]<\/p>\n<h3>Bildnachweis:<\/h3>\n<p>Stock-Foto ID: 2151127879 | Von <a class=\"mui-19sk0fy-a-underline-inherit-linkContainer\" title=\"Link zur Autorenseite\" href=\"https:\/\/www.shutterstock.com\/g\/apops\" target=\"_blank\" rel=\"nofollow noopener\">Andrey_Popov\/Shutterstock.com<\/a><br \/>Stock-Foto ID: 160903913 | Von <a class=\"mui-19sk0fy-a-underline-inherit-linkContainer\" title=\"Link zur Autorenseite\" href=\"https:\/\/www.shutterstock.com\/g\/stockfour\" target=\"_blank\" rel=\"nofollow noopener\">stockfour\/Shutterstock.com<\/a><br \/>Stock-Foto ID:\u00a01732539665 | Von <a class=\"mui-19sk0fy-a-underline-inherit-linkContainer\" title=\"Link zur Autorenseite\" href=\"https:\/\/www.shutterstock.com\/g\/apops\" target=\"_blank\" rel=\"nofollow noopener\">Andrey_Popov\/Shutterstock.com<\/a><br \/>Stock-Foto ID: 160903940 | Von <a class=\"mui-19sk0fy-a-underline-inherit-linkContainer\" title=\"Link zur Autorenseite\" href=\"https:\/\/www.shutterstock.com\/g\/stockfour\" target=\"_blank\" rel=\"nofollow noopener\">stockfour\/Shutterstock.com<\/a><br \/>Stock-Foto ID: 160903970 | Von <a class=\"mui-19sk0fy-a-underline-inherit-linkContainer\" title=\"Link zur Autorenseite\" href=\"https:\/\/www.shutterstock.com\/g\/stockfour\" target=\"_blank\" rel=\"nofollow noopener\">stockfour\/Shutterstock.com<\/a><br \/>Stock-Foto ID: 2028661895 | Von <a class=\"mui-19sk0fy-a-underline-inherit-linkContainer\" title=\"Link zur Autorenseite\" href=\"https:\/\/www.shutterstock.com\/g\/apops\" target=\"_blank\" rel=\"nofollow noopener\">Andrey_Popov\/Shutterstock.com<\/a><\/p>\n<p>Stock-Foto ID: 533732656 |Von <a class=\"mui-19sk0fy-a-underline-inherit-linkContainer\" title=\"Link zur Autorenseite\" href=\"https:\/\/www.shutterstock.com\/g\/stockfour\" target=\"_blank\" rel=\"nofollow noopener\">stockfour\/Shutterstock.com<\/a><br \/>Stock-Foto ID: 240365218 | Von <a class=\"mui-19sk0fy-a-underline-inherit-linkContainer\" title=\"Link zur Autorenseite\" href=\"https:\/\/www.shutterstock.com\/g\/JohannesS\" target=\"_blank\" rel=\"nofollow noopener\">JohannesS\/Shutterstock.com<\/a><br \/>Stock-Foto ID: 1321657907 | Von <a class=\"mui-19sk0fy-a-underline-inherit-linkContainer\" title=\"Link zur Autorenseite\" href=\"https:\/\/www.shutterstock.com\/g\/adam121\" target=\"_blank\" rel=\"nofollow noopener\">Khakimullin Aleksandr\/Shutterstock.com<\/a><br \/>Stock-Foto ID: 382756177 | Von <a class=\"mui-19sk0fy-a-underline-inherit-linkContainer\" title=\"Link zur Autorenseite\" href=\"https:\/\/www.shutterstock.com\/g\/weyo\" target=\"_blank\" rel=\"nofollow noopener\">Marian Weyo\/Shutterstock.com<\/a><\/p>\n<p>[\/et_pb_text][\/et_pb_column][et_pb_column type=&#8221;2_5&#8243; _builder_version=&#8221;4.21.0&#8243; _module_preset=&#8221;default&#8221; global_colors_info=&#8221;{}&#8221;][et_pb_text _builder_version=&#8221;4.24.2&#8243; _module_preset=&#8221;default&#8221; locked=&#8221;off&#8221; global_colors_info=&#8221;{}&#8221; header_font_size=&#8221;40px&#8221; header_2_font_size=&#8221;30px&#8221; header_3_font_size=&#8221;30px&#8221; header_font_size_tablet=&#8221;36px&#8221; header_font_size_phone=&#8221;32px&#8221; header_font_size_last_edited=&#8221;on|phone&#8221; header_2_font_size_tablet=&#8221;26px&#8221; header_2_font_size_phone=&#8221;24px&#8221; header_2_font_size_last_edited=&#8221;on|phone&#8221; header_3_font_size_tablet=&#8221;26px&#8221; header_3_font_size_phone=&#8221;24px&#8221; header_3_font_size_last_edited=&#8221;on|phone&#8221; text_line_height=&#8221;1.8em&#8221;]<\/p>\n<h3>Design &amp; Umsetzung<\/h3>\n<p>R\u00f6ser Medienhaus\u200b<br \/>Fritz-Erler-Stra\u00dfe 25<br \/>76133 Karlsruhe<\/p>\n<p>Telefon 0721 \/ 37 19-0<br \/>Telefax 0721 \/ 37 19-300<br \/><a title=\"E-Mail\" href=\"mailto:info@roeser-medienhaus.de\">info@roeser-medienhaus.de<\/a><br \/><a title=\"Link zur Website R\u00f6ser Medienhaus\" href=\"https:\/\/roeser-medienhaus.de\/\" target=\"_blank\" rel=\"noopener\">www.roeser-medienhaus.de<\/a><\/p>\n<p>[\/et_pb_text][\/et_pb_column][\/et_pb_row][\/et_pb_section]<\/p>\n","protected":false},"excerpt":{"rendered":"<p>Impressum R\u00f6ser MEDIA GmbH &amp; Co.KGFritz-Erler-Stra\u00dfe 2576133 Karlsruhe Vertreten durch:R\u00f6ser MEDIA Verwaltungsgesellschaft mbHFritz-Erler-Str. 2576133 Karlsruhe Diese vertreten durch:Patrick H\u00fcnemohr, Johannes R\u00f6ser, Robert R\u00f6ser, Annette R\u00f6ser-Letizky Handelsregister: HRB 107300Registergericht: Amtsgericht Mannheim Kontakt Telefon: 0721 \/ 37 19-0Telefax: 0721 \/ 37 19-300E-Mail: info@roeser-medienhaus.de Umsatzsteuer-ID Umsatzsteuer-Identifikationsnummer gem\u00e4\u00df \u00a7 27 a Umsatzsteuergesetz:DE 143 620 440Bildnachweis: Stock-Foto ID: 2151127879 | Von Andrey_Popov\/Shutterstock.comStock-Foto ID: 160903913 | Von stockfour\/Shutterstock.comStock-Foto ID:\u00a01732539665 | Von Andrey_Popov\/Shutterstock.comStock-Foto ID: 160903940 | Von stockfour\/Shutterstock.comStock-Foto ID: 160903970 | Von stockfour\/Shutterstock.comStock-Foto ID: 2028661895 | Von Andrey_Popov\/Shutterstock.com Stock-Foto ID: 533732656 |Von stockfour\/Shutterstock.comStock-Foto ID: 240365218 | Von JohannesS\/Shutterstock.comStock-Foto ID: 1321657907 | Von Khakimullin Aleksandr\/Shutterstock.comStock-Foto ID: 382756177 | Von Marian Weyo\/Shutterstock.comDesign &amp; Umsetzung R\u00f6ser Medienhaus\u200bFritz-Erler-Stra\u00dfe 2576133 Karlsruhe Telefon 0721 \/ 37 19-0Telefax 0721 \/ 37 19-300info@roeser-medienhaus.dewww.roeser-medienhaus.de<\/p>\n","protected":false},"author":2,"featured_media":0,"parent":0,"menu_order":0,"comment_status":"closed","ping_status":"closed","template":"","meta":{"_et_pb_use_builder":"on","_et_pb_old_content":"","_et_gb_content_width":"","footnotes":""},"class_list":["post-20","page","type-page","status-publish","hentry"],"aioseo_notices":[],"_links":{"self":[{"href":"https:\/\/vorlage.roeser-webseiten.de\/bhp-template-3\/wp-json\/wp\/v2\/pages\/20","targetHints":{"allow":["GET"]}}],"collection":[{"href":"https:\/\/vorlage.roeser-webseiten.de\/bhp-template-3\/wp-json\/wp\/v2\/pages"}],"about":[{"href":"https:\/\/vorlage.roeser-webseiten.de\/bhp-template-3\/wp-json\/wp\/v2\/types\/page"}],"author":[{"embeddable":true,"href":"https:\/\/vorlage.roeser-webseiten.de\/bhp-template-3\/wp-json\/wp\/v2\/users\/2"}],"replies":[{"embeddable":true,"href":"https:\/\/vorlage.roeser-webseiten.de\/bhp-template-3\/wp-json\/wp\/v2\/comments?post=20"}],"version-history":[{"count":2,"href":"https:\/\/vorlage.roeser-webseiten.de\/bhp-template-3\/wp-json\/wp\/v2\/pages\/20\/revisions"}],"predecessor-version":[{"id":1538,"href":"https:\/\/vorlage.roeser-webseiten.de\/bhp-template-3\/wp-json\/wp\/v2\/pages\/20\/revisions\/1538"}],"wp:attachment":[{"href":"https:\/\/vorlage.roeser-webseiten.de\/bhp-template-3\/wp-json\/wp\/v2\/media?parent=20"}],"curies":[{"name":"wp","href":"https:\/\/api.w.org\/{rel}","templated":true}]}}