{"id":125,"date":"2021-05-04T15:39:05","date_gmt":"2021-05-04T13:39:05","guid":{"rendered":"https:\/\/roeser-webseiten.de\/ruppel-steuerberatung\/?page_id=125"},"modified":"2025-04-03T17:16:55","modified_gmt":"2025-04-03T15:16:55","slug":"steuerberatung","status":"publish","type":"page","link":"https:\/\/vorlage.roeser-webseiten.de\/bhp-template-3\/steuerberatung\/","title":{"rendered":"Steuerberatung"},"content":{"rendered":"<p>[et_pb_section fb_built=&#8221;1&#8243; fullwidth=&#8221;on&#8221; _builder_version=&#8221;4.21.0&#8243; _module_preset=&#8221;8314d07b-64eb-42bb-9dae-61bacdd5f694&#8243; min_height_last_edited=&#8221;off|desktop&#8221; height_tablet=&#8221;&#8221; height_phone=&#8221;&#8221; height_last_edited=&#8221;on|tablet&#8221; locked=&#8221;off&#8221; global_colors_info=&#8221;{}&#8221; custom_css_main_element_last_edited=&#8221;off|desktop&#8221; custom_css_main_element_tablet=&#8221;background-image: url(%22https:\/\/roeser-webseiten.de\/ruppel-steuerberatung\/wp-content\/uploads\/sites\/302\/2021\/05\/Headerbild-startseite-t.jpg%22);&#8221; custom_css_main_element_phone=&#8221;background-image: url(%22https:\/\/roeser-webseiten.de\/ruppel-steuerberatung\/wp-content\/uploads\/sites\/302\/2021\/05\/Headerbild-startseite-t.jpg%22);&#8221;][et_pb_fullwidth_image src=&#8221;https:\/\/vorlage.roeser-webseiten.de\/bhp-template-3\/wp-content\/uploads\/sites\/18\/2023\/08\/shutterstock_2028661895-e1710946661488.jpg&#8221; alt=&#8221;Beratungsgespr\u00e4ch beim Steuerberater&#8221; title_text=&#8221;Beratungsgespr\u00e4ch&#8221; _builder_version=&#8221;4.24.2&#8243; _module_preset=&#8221;default&#8221; global_colors_info=&#8221;{}&#8221;][\/et_pb_fullwidth_image][\/et_pb_section][et_pb_section fb_built=&#8221;1&#8243; admin_label=&#8221;Kontakt&#8221; _builder_version=&#8221;4.21.0&#8243; _module_preset=&#8221;default&#8221; background_color=&#8221;RGBA(255,255,255,0)&#8221; custom_padding=&#8221;0px|0px|0px|0px|true|true&#8221; global_colors_info=&#8221;{}&#8221;][et_pb_row column_structure=&#8221;1_3,1_3,1_3&#8243; use_custom_gutter=&#8221;on&#8221; make_equal=&#8221;on&#8221; _builder_version=&#8221;4.21.0&#8243; _module_preset=&#8221;default&#8221; background_color=&#8221;#756C63&#8243; width_tablet=&#8221;80%&#8221; width_phone=&#8221;80%&#8221; width_last_edited=&#8221;on|phone&#8221; module_alignment=&#8221;right&#8221; custom_margin=&#8221;-54px|0px||auto|false|false&#8221; custom_margin_tablet=&#8221;-40px|auto|||false|false&#8221; custom_margin_phone=&#8221;|||auto|false|false&#8221; custom_margin_last_edited=&#8221;on|phone&#8221; custom_padding=&#8221;1em|1.3em|1em|1.3em|true|true&#8221; module_alignment_tablet=&#8221;center&#8221; module_alignment_phone=&#8221;center&#8221; module_alignment_last_edited=&#8221;on|phone&#8221; global_colors_info=&#8221;{}&#8221;][et_pb_column type=&#8221;1_3&#8243; _builder_version=&#8221;4.21.0&#8243; _module_preset=&#8221;default&#8221; custom_padding_tablet=&#8221;||21px||false|false&#8221; custom_padding_phone=&#8221;||21px||false|false&#8221; custom_padding_last_edited=&#8221;on|tablet&#8221; border_width_right=&#8221;2px&#8221; border_color_right=&#8221;#FFFFFF&#8221; border_color_bottom=&#8221;#FFFFFF&#8221; border_width_right_tablet=&#8221;0px&#8221; border_width_right_phone=&#8221;0px&#8221; border_width_right_last_edited=&#8221;on|tablet&#8221; border_width_bottom_tablet=&#8221;2px&#8221; border_width_bottom_phone=&#8221;2px&#8221; border_width_bottom_last_edited=&#8221;on|phone&#8221; global_colors_info=&#8221;{}&#8221;][et_pb_blurb use_icon=&#8221;on&#8221; font_icon=&#8221;&#xe081;||divi||400&#8243; icon_color=&#8221;#FFFFFF&#8221; icon_placement=&#8221;left&#8221; image_icon_width=&#8221;30px&#8221; content_max_width=&#8221;720px&#8221; _builder_version=&#8221;4.21.0&#8243; _module_preset=&#8221;default&#8221; body_font_size=&#8221;20px&#8221; background_layout=&#8221;dark&#8221; global_colors_info=&#8221;{}&#8221;]<\/p>\n<p>Fritz-Erler-Stra\u00dfe 25<br \/>76133 Karlsruhe<\/p>\n<p>[\/et_pb_blurb][\/et_pb_column][et_pb_column type=&#8221;1_3&#8243; _builder_version=&#8221;4.21.0&#8243; _module_preset=&#8221;default&#8221; custom_padding_tablet=&#8221;||21px||false|false&#8221; custom_padding_phone=&#8221;||21px||false|false&#8221; custom_padding_last_edited=&#8221;on|tablet&#8221; border_color_top=&#8221;#FFFFFF&#8221; border_width_right=&#8221;2px&#8221; border_color_right=&#8221;#FFFFFF&#8221; border_color_bottom=&#8221;#FFFFFF&#8221; border_width_top_tablet=&#8221;2px&#8221; border_width_top_last_edited=&#8221;off|tablet&#8221; border_width_right_tablet=&#8221;0px&#8221; border_width_right_phone=&#8221;0px&#8221; border_width_right_last_edited=&#8221;on|tablet&#8221; border_width_bottom_tablet=&#8221;2px&#8221; border_width_bottom_phone=&#8221;2px&#8221; border_width_bottom_last_edited=&#8221;on|tablet&#8221; global_colors_info=&#8221;{}&#8221;][et_pb_blurb use_icon=&#8221;on&#8221; font_icon=&#8221;&#xe090;||divi||400&#8243; icon_color=&#8221;#FFFFFF&#8221; icon_placement=&#8221;left&#8221; image_icon_width=&#8221;30px&#8221; content_max_width=&#8221;720px&#8221; _builder_version=&#8221;4.21.0&#8243; _module_preset=&#8221;default&#8221; body_font_size=&#8221;20px&#8221; background_layout=&#8221;dark&#8221; global_colors_info=&#8221;{}&#8221;]07 21 \/ 37 19-0[\/et_pb_blurb][\/et_pb_column][et_pb_column type=&#8221;1_3&#8243; _builder_version=&#8221;4.21.0&#8243; _module_preset=&#8221;default&#8221; global_colors_info=&#8221;{}&#8221;][et_pb_blurb use_icon=&#8221;on&#8221; font_icon=&#8221;&#xf0e0;||fa||400&#8243; icon_color=&#8221;#FFFFFF&#8221; icon_placement=&#8221;left&#8221; image_icon_width=&#8221;30px&#8221; content_max_width=&#8221;720px&#8221; _builder_version=&#8221;4.21.0&#8243; _module_preset=&#8221;default&#8221; body_font_size=&#8221;20px&#8221; background_layout=&#8221;dark&#8221; global_colors_info=&#8221;{}&#8221;]info@roeser-medienhaus.de[\/et_pb_blurb][\/et_pb_column][\/et_pb_row][\/et_pb_section][et_pb_section fb_built=&#8221;1&#8243; admin_label=&#8221;Einleitungstext&#8221; _builder_version=&#8221;4.21.0&#8243; _module_preset=&#8221;default&#8221; animation_direction=&#8221;bottom&#8221; global_colors_info=&#8221;{}&#8221;][et_pb_row _builder_version=&#8221;4.16&#8243; _module_preset=&#8221;default&#8221; module_alignment=&#8221;center&#8221; global_colors_info=&#8221;{}&#8221;][et_pb_column type=&#8221;4_4&#8243; _builder_version=&#8221;4.16&#8243; _module_preset=&#8221;default&#8221; global_colors_info=&#8221;{}&#8221;][et_pb_text _builder_version=&#8221;4.27.4&#8243; _module_preset=&#8221;default&#8221; text_line_height=&#8221;1.8em&#8221; header_font_size=&#8221;36px&#8221; max_width=&#8221;720px&#8221; max_width_tablet=&#8221;720px&#8221; max_width_phone=&#8221;720px&#8221; max_width_last_edited=&#8221;on|desktop&#8221; header_font_size_tablet=&#8221;32px&#8221; header_font_size_phone=&#8221;30px&#8221; header_font_size_last_edited=&#8221;on|phone&#8221; global_colors_info=&#8221;{}&#8221;]<\/p>\n<h1>Steuerberatung<\/h1>\n<p>Ob als Privatperson oder Gesch\u00e4ftsinhaber\/in, wir unterst\u00fctzen Sie dabei, die steuerliche Belastung im Rahmen der gesetzlichen M\u00f6glichkeiten zu gestalten und zu minimieren.<\/p>\n<p>Um Fehler zu vermeiden und eine vollst\u00e4ndige Dokumentation zu gew\u00e4hrleisten, bieten wir Ihnen gerne unsere Dienstleistungen und Beratung an. Nehmen Sie sich die Zeit f\u00fcr die sch\u00f6nen Dinge des Lebens und \u00fcberlassen Sie uns die m\u00fchselige Arbeit.<\/p>\n<p>[\/et_pb_text][\/et_pb_column][\/et_pb_row][\/et_pb_section][et_pb_section fb_built=&#8221;1&#8243; _builder_version=&#8221;4.27.4&#8243; _module_preset=&#8221;default&#8221; background_color=&#8221;rgba(236,236,226,0.5)&#8221; background_pattern_width=&#8221;8px&#8221; background_pattern_height=&#8221;8px&#8221; hover_enabled=&#8221;0&#8243; global_colors_info=&#8221;{}&#8221; sticky_enabled=&#8221;0&#8243;][et_pb_row column_structure=&#8221;1_2,1_2&#8243; use_custom_gutter=&#8221;on&#8221; make_equal=&#8221;on&#8221; custom_padding_last_edited=&#8221;off|desktop&#8221; admin_label=&#8221;Dienstleistungen f\u00fcr Unternehmen&#8221; _builder_version=&#8221;4.27.4&#8243; _module_preset=&#8221;default&#8221; custom_margin_tablet=&#8221;||28px||false|false&#8221; custom_margin_last_edited=&#8221;off|desktop&#8221; custom_padding_tablet=&#8221;||54px||false|false&#8221; custom_padding_phone=&#8221;||28px||false|false&#8221; border_color_bottom=&#8221;#2764BF&#8221; global_colors_info=&#8221;{}&#8221;][et_pb_column type=&#8221;1_2&#8243; _builder_version=&#8221;4.16&#8243; _module_preset=&#8221;default&#8221; global_colors_info=&#8221;{}&#8221;][et_pb_text module_class=&#8221;header-no-padding&#8221; _builder_version=&#8221;4.27.4&#8243; _module_preset=&#8221;default&#8221; text_line_height=&#8221;1.8em&#8221; header_2_font_size=&#8221;30px&#8221; max_width=&#8221;720px&#8221; animation_style=&#8221;fade&#8221; header_2_font_size_tablet=&#8221;26px&#8221; header_2_font_size_phone=&#8221;24px&#8221; header_2_font_size_last_edited=&#8221;on|phone&#8221; global_colors_info=&#8221;{}&#8221;]<\/p>\n<h2>Strategische Entscheidungen treffen<\/h2>\n<p>Unsere Expertise in der betrieblichen Steuerberatung und -gestaltung unterst\u00fctzt Unternehmen bei strategischen Entscheidungen. Wir helfen bei der Wahl der passenden Rechtsform \u2013 ob Personengesellschaft, Kapitalgesellschaft oder Einzelunternehmer \u2013 und gestalten sowie beurteilen Gesellschaftsvertr\u00e4ge.<\/p>\n<p>Zudem optimieren wir Steuern bei \u00dcbertragungen von Betriebsverm\u00f6gen und Gesellschaftsanteilen, um eine erfolgreiche Nachfolgeplanung und -regelung zu gew\u00e4hrleisten. Im laufenden Gesch\u00e4ftsbetrieb beraten wir zu steuerlichen Implikationen bei operativen Entscheidungen wie Investitionen und Abschreibungen.<\/p>\n<p>[\/et_pb_text][\/et_pb_column][et_pb_column type=&#8221;1_2&#8243; _builder_version=&#8221;4.16&#8243; _module_preset=&#8221;default&#8221; global_colors_info=&#8221;{}&#8221;][et_pb_text admin_label=&#8221;Aufz\u00e4hlung&#8221; module_class=&#8221;li-check&#8221; _builder_version=&#8221;4.27.4&#8243; _module_preset=&#8221;default&#8221; text_line_height=&#8221;1.8em&#8221; header_3_font=&#8221;|600|||||||&#8221; header_3_font_size=&#8221;21px&#8221; header_3_line_height=&#8221;1.4em&#8221; background_color=&#8221;#FFFFFF&#8221; max_width=&#8221;720px&#8221; custom_padding=&#8221;1em|1.3em|1em|1.3em|true|true&#8221; header_4_font_size_tablet=&#8221;21px&#8221; header_4_font_size_phone=&#8221;18px&#8221; header_4_font_size_last_edited=&#8221;off|desktop&#8221; global_colors_info=&#8221;{}&#8221;]<\/p>\n<h3>Professionelle Unterst\u00fctzung f\u00fcr Unternehmen<\/h3>\n<ul>\n<li>Wir erledigen s\u00e4mtliche betrieblichen Steuererkl\u00e4rungen f\u00fcr Sie.<\/li>\n<li>Wir pr\u00fcfen Steuerbescheide und vertreten Sie vor den Finanzbeh\u00f6rden.<\/li>\n<li>Wir erstellen Jahresabschl\u00fcsse.<\/li>\n<li>Wir k\u00fcmmern uns um die Lohn- und Gehaltsbuchhaltung.<\/li>\n<li>Wir stehen Ihnen als Berater bei Betriebspr\u00fcfungen durch Finanzbeh\u00f6rden zur Seite.<\/li>\n<li>Wir vertreten Sie in Einspruchs- und Finanzgerichtsverfahren.<\/li>\n<li>Wir erstellen gutachterliche Stellungnahmen zu steuerrechtlichen Einzelfragen.<\/li>\n<li>Wir erstellen Bilanzen f\u00fcr Sie.<\/li>\n<\/ul>\n<p>[\/et_pb_text][\/et_pb_column][\/et_pb_row][\/et_pb_section][et_pb_section fb_built=&#8221;1&#8243; _builder_version=&#8221;4.21.0&#8243; _module_preset=&#8221;default&#8221; background_enable_color=&#8221;off&#8221; global_colors_info=&#8221;{}&#8221;][et_pb_row column_structure=&#8221;1_2,1_2&#8243; use_custom_gutter=&#8221;on&#8221; make_equal=&#8221;on&#8221; custom_padding_last_edited=&#8221;off|desktop&#8221; admin_label=&#8221;Dienstleistungen f\u00fcr Privatkunden&#8221; module_class=&#8221;switch-on-mobil&#8221; _builder_version=&#8221;4.16&#8243; _module_preset=&#8221;default&#8221; custom_margin=&#8221;||||false&#8221; custom_margin_tablet=&#8221;28px||28px||true|false&#8221; custom_margin_last_edited=&#8221;off|phone&#8221; custom_padding_tablet=&#8221;28px||28px||true|false&#8221; border_width_bottom=&#8221;0px&#8221; border_color_bottom=&#8221;#2764BF&#8221; global_colors_info=&#8221;{}&#8221;][et_pb_column type=&#8221;1_2&#8243; _builder_version=&#8221;4.16&#8243; _module_preset=&#8221;default&#8221; global_colors_info=&#8221;{}&#8221;][et_pb_text module_class=&#8221;header-no-padding&#8221; _builder_version=&#8221;4.24.2&#8243; _module_preset=&#8221;default&#8221; text_line_height=&#8221;1.8em&#8221; header_2_font_size=&#8221;30px&#8221; max_width=&#8221;720px&#8221; animation_style=&#8221;fade&#8221; header_2_font_size_tablet=&#8221;26px&#8221; header_2_font_size_phone=&#8221;24px&#8221; header_2_font_size_last_edited=&#8221;on|phone&#8221; global_colors_info=&#8221;{}&#8221;]<\/p>\n<h2>Private Steuerberatung<\/h2>\n<p>Es gibt zahlreiche M\u00f6glichkeiten im privaten Bereich, um die eigene Steuerlast zu beeinflussen und Eink\u00fcnfte \u00fcber mehrere Jahre zu gl\u00e4tten. Hierbei kann man insbesondere bei Vererbung, Schenkung oder Verm\u00f6gens\u00fcbertragung im Privatverm\u00f6gen von steuerlichen Verg\u00fcnstigungen profitieren.<\/p>\n<p>Wir helfen Ihnen dabei, die besten Entscheidungen zu treffen und somit Ihre steuerlichen Belastungen zu minimieren. Lassen Sie uns gemeinsam die Chancen nutzen, die Ihnen das Steuersystem bietet!\u00a0<\/p>\n<p>[\/et_pb_text][\/et_pb_column][et_pb_column type=&#8221;1_2&#8243; _builder_version=&#8221;4.16&#8243; _module_preset=&#8221;default&#8221; global_colors_info=&#8221;{}&#8221;][et_pb_text admin_label=&#8221;Aufz\u00e4hlung&#8221; module_class=&#8221;li-check&#8221; _builder_version=&#8221;4.27.4&#8243; _module_preset=&#8221;default&#8221; text_line_height=&#8221;1.8em&#8221; header_3_font=&#8221;|600|||||||&#8221; header_3_font_size=&#8221;21px&#8221; header_3_line_height=&#8221;1.4em&#8221; background_color=&#8221;rgba(236,236,226,0.67)&#8221; max_width=&#8221;720px&#8221; custom_padding=&#8221;1em|1.3em|1em|1.3em|true|true&#8221; global_colors_info=&#8221;{}&#8221;]<\/p>\n<h3>Professionelle Unterst\u00fctzung f\u00fcr Privatpersonen<\/h3>\n<ul>\n<li>Wir unterst\u00fctzen Sie bei der Erstellung Ihrer Steuererkl\u00e4rungen und \u00fcberpr\u00fcfen sorgf\u00e4ltig alle Belege.<\/li>\n<li>Wir beraten Sie bei der Wahl Ihrer Steuerklasse, insbesondere bei Ehegatten.<\/li>\n<li>Wir vertreten Sie vor den Finanzbeh\u00f6rden und legen Rechtsmittel ein, um Ihre Interessen zu verteidigen.<\/li>\n<li>Wir beraten Sie bei Schenkungs- und Erbschaftsangelegenheiten.<\/li>\n<li>Wir berechnen die steuerlichen Auswirkungen beim Kauf oder Verkauf von Immobilien.<\/li>\n<li>Wir bieten Beratung zu steuerlichen Auswirkungen bei der Zahlung von beruflichen Abfindungen sowie beim \u00dcbergang in den (vorzeitigen) Ruhestand.<\/li>\n<li>Wir vertreten Ihre Interessen gegen\u00fcber Unternehmen in finanziellen Ausgleichzahlungen bei Ausscheiden.<\/li>\n<li>Wir beraten Sie zu Steuersparmodelle wie Riester, R\u00fcrup usw.<\/li>\n<li>Wir stehen Ihnen zur Seite und helfen Ihnen, Ihre Steuerlast zu minimieren.<\/li>\n<\/ul>\n<p>[\/et_pb_text][\/et_pb_column][\/et_pb_row][\/et_pb_section][et_pb_section fb_built=&#8221;1&#8243; admin_label=&#8221;Call to Action&#8221; _builder_version=&#8221;4.27.4&#8243; _module_preset=&#8221;default&#8221; background_color=&#8221;#ECECE2&#8243; animation_direction=&#8221;bottom&#8221; saved_tabs=&#8221;all&#8221; global_colors_info=&#8221;{}&#8221;][et_pb_row _builder_version=&#8221;4.16&#8243; _module_preset=&#8221;default&#8221; module_alignment=&#8221;center&#8221; global_colors_info=&#8221;{}&#8221;][et_pb_column type=&#8221;4_4&#8243; _builder_version=&#8221;4.16&#8243; _module_preset=&#8221;default&#8221; global_colors_info=&#8221;{}&#8221;][et_pb_cta title=&#8221;Sparen Sie Zeit und Geld durch professionelle Steuerberatung!&#8221; button_url=&#8221;@ET-DC@eyJkeW5hbWljIjp0cnVlLCJjb250ZW50IjoicG9zdF9saW5rX3VybF9wYWdlIiwic2V0dGluZ3MiOnsicG9zdF9pZCI6IjE1In19@&#8221; button_text=&#8221;Jetzt beraten lassen&#8221; _builder_version=&#8221;4.27.4&#8243; _dynamic_attributes=&#8221;button_url&#8221; _module_preset=&#8221;default&#8221; header_level=&#8221;h3&#8243; header_font_size=&#8221;26px&#8221; header_line_height=&#8221;1.4em&#8221; body_line_height=&#8221;1.8em&#8221; background_color=&#8221;#556672&#8243; custom_button=&#8221;on&#8221; button_text_color=&#8221;#FFFFFF&#8221; button_bg_color=&#8221;#556672&#8243; button_border_color=&#8221;#FFFFFF&#8221; button_use_icon=&#8221;off&#8221; width=&#8221;80%&#8221; width_tablet=&#8221;90%&#8221; width_phone=&#8221;100%&#8221; width_last_edited=&#8221;on|tablet&#8221; module_alignment=&#8221;center&#8221; header_font_size_tablet=&#8221;24px&#8221; header_font_size_phone=&#8221;22px&#8221; header_font_size_last_edited=&#8221;on|phone&#8221; global_colors_info=&#8221;{}&#8221; button_text_color__hover_enabled=&#8221;on|hover&#8221; button_text_color__hover=&#8221;#ECECE2&#8243; button_border_color__hover_enabled=&#8221;on|hover&#8221; button_border_color__hover=&#8221;#ECECE2&#8243; button_bg_color__hover_enabled=&#8221;on|hover&#8221; button_bg_color__hover=&#8221;#618093&#8243; button_bg_enable_color__hover=&#8221;on&#8221;]<\/p>\n<p>Ob als Privatperson oder Gesch\u00e4ftsinhaber\/in, die steuerliche Belastung kann schnell \u00fcberm\u00e4\u00dfig hoch werden. Um Fehler zu vermeiden und eine vollst\u00e4ndige Dokumentation zu gew\u00e4hrleisten, sollten Sie sich unbedingt von einem Experten beraten lassen. Wir unterst\u00fctzen Sie dabei, die steuerliche Belastung im Rahmen der gesetzlichen M\u00f6glichkeiten zu gestalten und zu minimieren.<\/p>\n<p>[\/et_pb_cta][\/et_pb_column][\/et_pb_row][\/et_pb_section]<\/p>\n","protected":false},"excerpt":{"rendered":"<p>Fritz-Erler-Stra\u00dfe 2576133 Karlsruhe07 21 \/ 37 19-0info@roeser-medienhaus.deSteuerberatung Ob als Privatperson oder Gesch\u00e4ftsinhaber\/in, wir unterst\u00fctzen Sie dabei, die steuerliche Belastung im Rahmen der gesetzlichen M\u00f6glichkeiten zu gestalten und zu minimieren. Um Fehler zu vermeiden und eine vollst\u00e4ndige Dokumentation zu gew\u00e4hrleisten, bieten wir Ihnen gerne unsere Dienstleistungen und Beratung an. Nehmen Sie sich die Zeit f\u00fcr die sch\u00f6nen Dinge des Lebens und \u00fcberlassen Sie uns die m\u00fchselige Arbeit.Strategische Entscheidungen treffen Unsere Expertise in der betrieblichen Steuerberatung und -gestaltung unterst\u00fctzt Unternehmen bei strategischen Entscheidungen. Wir helfen bei der Wahl der passenden Rechtsform \u2013 ob Personengesellschaft, Kapitalgesellschaft oder Einzelunternehmer \u2013 und gestalten sowie beurteilen Gesellschaftsvertr\u00e4ge. Zudem optimieren wir Steuern bei \u00dcbertragungen von Betriebsverm\u00f6gen und Gesellschaftsanteilen, um eine erfolgreiche Nachfolgeplanung und -regelung zu gew\u00e4hrleisten. Im laufenden Gesch\u00e4ftsbetrieb beraten wir zu steuerlichen Implikationen bei operativen Entscheidungen wie Investitionen und Abschreibungen.Professionelle Unterst\u00fctzung f\u00fcr Unternehmen Wir erledigen s\u00e4mtliche betrieblichen Steuererkl\u00e4rungen f\u00fcr Sie. Wir pr\u00fcfen Steuerbescheide und vertreten Sie vor den Finanzbeh\u00f6rden. Wir erstellen Jahresabschl\u00fcsse. Wir k\u00fcmmern uns um die Lohn- und Gehaltsbuchhaltung. Wir stehen Ihnen als Berater bei Betriebspr\u00fcfungen durch Finanzbeh\u00f6rden zur Seite. Wir vertreten Sie in Einspruchs- und Finanzgerichtsverfahren. Wir erstellen gutachterliche Stellungnahmen zu steuerrechtlichen Einzelfragen. Wir erstellen Bilanzen f\u00fcr Sie. Private Steuerberatung Es gibt zahlreiche M\u00f6glichkeiten im privaten Bereich, um die eigene Steuerlast zu beeinflussen und Eink\u00fcnfte \u00fcber mehrere Jahre zu gl\u00e4tten. Hierbei kann man insbesondere<\/p>\n<div class=\"view-full-post\"><a href=\"https:\/\/vorlage.roeser-webseiten.de\/bhp-template-3\/steuerberatung\/\" class=\"view-full-post-btn\">View Full Post<\/a><\/div>\n<p>;<\/p>\n","protected":false},"author":2,"featured_media":0,"parent":0,"menu_order":0,"comment_status":"closed","ping_status":"closed","template":"","meta":{"_et_pb_use_builder":"on","_et_pb_old_content":"","_et_gb_content_width":"","footnotes":""},"class_list":["post-125","page","type-page","status-publish","hentry"],"aioseo_notices":[],"_links":{"self":[{"href":"https:\/\/vorlage.roeser-webseiten.de\/bhp-template-3\/wp-json\/wp\/v2\/pages\/125","targetHints":{"allow":["GET"]}}],"collection":[{"href":"https:\/\/vorlage.roeser-webseiten.de\/bhp-template-3\/wp-json\/wp\/v2\/pages"}],"about":[{"href":"https:\/\/vorlage.roeser-webseiten.de\/bhp-template-3\/wp-json\/wp\/v2\/types\/page"}],"author":[{"embeddable":true,"href":"https:\/\/vorlage.roeser-webseiten.de\/bhp-template-3\/wp-json\/wp\/v2\/users\/2"}],"replies":[{"embeddable":true,"href":"https:\/\/vorlage.roeser-webseiten.de\/bhp-template-3\/wp-json\/wp\/v2\/comments?post=125"}],"version-history":[{"count":3,"href":"https:\/\/vorlage.roeser-webseiten.de\/bhp-template-3\/wp-json\/wp\/v2\/pages\/125\/revisions"}],"predecessor-version":[{"id":1539,"href":"https:\/\/vorlage.roeser-webseiten.de\/bhp-template-3\/wp-json\/wp\/v2\/pages\/125\/revisions\/1539"}],"wp:attachment":[{"href":"https:\/\/vorlage.roeser-webseiten.de\/bhp-template-3\/wp-json\/wp\/v2\/media?parent=125"}],"curies":[{"name":"wp","href":"https:\/\/api.w.org\/{rel}","templated":true}]}}