{"id":834,"date":"2023-06-19T13:26:14","date_gmt":"2023-06-19T11:26:14","guid":{"rendered":"https:\/\/raumausstattung-glueck.de\/?page_id=834"},"modified":"2025-04-03T15:21:26","modified_gmt":"2025-04-03T13:21:26","slug":"ueber-uns","status":"publish","type":"page","link":"https:\/\/vorlage.roeser-webseiten.de\/bhp-template-2\/ueber-uns\/","title":{"rendered":"\u00dcber uns"},"content":{"rendered":"<p>[et_pb_section fb_built=&#8221;1&#8243; fullwidth=&#8221;on&#8221; _builder_version=&#8221;4.21.0&#8243; _module_preset=&#8221;default&#8221; global_colors_info=&#8221;{}&#8221;][et_pb_fullwidth_image src=&#8221;https:\/\/vorlage.roeser-webseiten.de\/bhp-template-2\/wp-content\/uploads\/sites\/17\/2023\/08\/shutterstock_1544354144-d.jpg&#8221; alt=&#8221;Blick auf Artikel in einem Deko-Shop&#8221; title_text=&#8221;Blick in ein Deko Shop&#8221; _builder_version=&#8221;4.27.4&#8243; _module_preset=&#8221;default&#8221; global_colors_info=&#8221;{}&#8221;][\/et_pb_fullwidth_image][\/et_pb_section][et_pb_section fb_built=&#8221;1&#8243; custom_padding_last_edited=&#8221;on|tablet&#8221; _builder_version=&#8221;4.27.4&#8243; _module_preset=&#8221;default&#8221; custom_padding=&#8221;0px||0px||true|false&#8221; custom_padding_tablet=&#8221;30px||0px||false|false&#8221; custom_padding_phone=&#8221;||0px||false|false&#8221; global_colors_info=&#8221;{}&#8221;][et_pb_row column_structure=&#8221;1_2,1_2&#8243; use_custom_gutter=&#8221;on&#8221; make_equal=&#8221;on&#8221; module_class=&#8221;swap-on-mobile&#8221; _builder_version=&#8221;4.24.2&#8243; _module_preset=&#8221;default&#8221; width_tablet=&#8221;80%&#8221; width_phone=&#8221;80%&#8221; width_last_edited=&#8221;on|phone&#8221; custom_padding=&#8221;||0px||false|false&#8221; custom_css_main_element=&#8221;align-items: center;&#8221; global_colors_info=&#8221;{}&#8221;][et_pb_column type=&#8221;1_2&#8243; _builder_version=&#8221;4.21.0&#8243; _module_preset=&#8221;default&#8221; global_colors_info=&#8221;{}&#8221;][dipi_image_mask image=&#8221;https:\/\/vorlage.roeser-webseiten.de\/bhp-template-2\/wp-content\/uploads\/sites\/17\/2023\/08\/shutterstock_1613076421.jpg&#8221; shape=&#8221;Shape7&#8243; shape_scale_x=&#8221;1.1&#8243; shape_scale_y=&#8221;0.76&#8243; image_vert=&#8221;59&#8243; layer_1_enable=&#8221;on&#8221; layer_1_background_color=&#8221;#4F7269&#8243; layer_2_enable=&#8221;on&#8221; docration_element_1=&#8221;FilledCircle&#8221; layer_2_background_color=&#8221;#DDA15E&#8221; layer_2_horz=&#8221;8%&#8221; layer_2_vert=&#8221;43%&#8221; layer_2_scale=&#8221;0.3&#8243; _builder_version=&#8221;4.21.0&#8243; _module_preset=&#8221;default&#8221; max_width_tablet=&#8221;450px&#8221; max_width_phone=&#8221;450px&#8221; max_width_last_edited=&#8221;on|desktop&#8221; module_alignment=&#8221;center&#8221; global_colors_info=&#8221;{}&#8221;][\/dipi_image_mask][\/et_pb_column][et_pb_column type=&#8221;1_2&#8243; _builder_version=&#8221;4.21.0&#8243; _module_preset=&#8221;default&#8221; global_colors_info=&#8221;{}&#8221;][et_pb_text _builder_version=&#8221;4.27.4&#8243; _module_preset=&#8221;default&#8221; header_font=&#8221;|600|||||||&#8221; header_font_size=&#8221;40px&#8221; header_2_font=&#8221;|600|||||||&#8221; header_2_font_size=&#8221;40px&#8221; header_font_size_tablet=&#8221;36px&#8221; header_font_size_phone=&#8221;30px&#8221; header_font_size_last_edited=&#8221;on|phone&#8221; header_2_font_size_tablet=&#8221;32px&#8221; header_2_font_size_phone=&#8221;30px&#8221; header_2_font_size_last_edited=&#8221;on|tablet&#8221; global_colors_info=&#8221;{}&#8221;]<\/p>\n<h1>Unser Team<\/h1>\n<p><strong>Herzlich, kompetent und immer f\u00fcr Sie da!<\/strong><\/p>\n<p><span data-slate-fragment=\"JTVCJTdCJTIydHlwZSUyMiUzQSUyMnAlMjIlMkMlMjJjaGlsZHJlbiUyMiUzQSU1QiU3QiUyMnRleHQlMjIlM0ElMjJVbnNlciUyMFRlYW0lMjBiZXN0ZWh0JTIwYXVzJTIwZXJmYWhyZW5lbiUyMERlc2lnbmVybiUyMHVuZCUyMEhhbmR3ZXJrZXJuJTJDJTIwZGllJTIwbWl0JTIwdmllbCUyMExlaWRlbnNjaGFmdCUyMHVuZCUyMEtyZWF0aXZpdCVDMyVBNHQlMjBhcmJlaXRlbi4lMjBXaXIlMjBzZXR6ZW4lMjBhdWYlMjBob2Nod2VydGlnZSUyME1hdGVyaWFsaWVuJTIwdW5kJTIwYWNodGVuJTIwZGFyYXVmJTJDJTIwZGFzcyUyMGplZGVzJTIwUHJvZHVrdCUyMHVuc2VyZW4lMjBob2hlbiUyMFF1YWxpdCVDMyVBNHRzc3RhbmRhcmRzJTIwZW50c3ByaWNodC4lMjBTbyUyMGslQzMlQjZubmVuJTIwd2lyJTIwc2ljaGVyc3RlbGxlbiUyQyUyMGRhc3MlMjB1bnNlcmUlMjBLdW5kZW4lMjBsYW5nZSUyMEZyZXVkZSUyMGFuJTIwaWhyZW4lMjBQcm9kdWt0ZW4lMjBoYWJlbiUyMHdlcmRlbi4lMjIlN0QlNUQlMkMlMjJpZCUyMiUzQSUyMmplN3ltJTIyJTdEJTVE\">Unser Team besteht aus erfahrenen Designern und Handwerkern, die mit viel Leidenschaft und Kreativit\u00e4t arbeiten. Wir setzen auf hochwertige Materialien und achten darauf, dass jedes Produkt unseren hohen Qualit\u00e4tsstandards entspricht. So k\u00f6nnen wir sicherstellen, dass unsere Kunden lange Freude an ihren Produkten haben werden.<\/span><\/p>\n<p>[\/et_pb_text][\/et_pb_column][\/et_pb_row][\/et_pb_section][et_pb_section fb_built=&#8221;1&#8243; custom_padding_last_edited=&#8221;off|desktop&#8221; module_class=&#8221;column-reverse&#8221; _builder_version=&#8221;4.24.2&#8243; _module_preset=&#8221;default&#8221; background_color=&#8221;#FCF9F4&#8243; custom_padding=&#8221;0px||0px||true|false&#8221; custom_padding_tablet=&#8221;||0px||false|false&#8221; custom_padding_phone=&#8221;||0px||false|false&#8221; global_colors_info=&#8221;{}&#8221;][et_pb_row column_structure=&#8221;1_2,1_2&#8243; use_custom_gutter=&#8221;on&#8221; make_equal=&#8221;on&#8221; custom_padding_last_edited=&#8221;on|tablet&#8221; _builder_version=&#8221;4.24.2&#8243; _module_preset=&#8221;default&#8221; width_tablet=&#8221;80%&#8221; width_phone=&#8221;80%&#8221; width_last_edited=&#8221;on|phone&#8221; custom_padding_tablet=&#8221;||0px||false|false&#8221; custom_padding_phone=&#8221;||0px||false|false&#8221; custom_css_main_element=&#8221;align-items: center;&#8221; global_colors_info=&#8221;{}&#8221;][et_pb_column type=&#8221;1_2&#8243; _builder_version=&#8221;4.21.0&#8243; _module_preset=&#8221;default&#8221; global_colors_info=&#8221;{}&#8221;][et_pb_text _builder_version=&#8221;4.27.4&#8243; _module_preset=&#8221;default&#8221; header_font=&#8221;|600|||||||&#8221; header_font_size=&#8221;40px&#8221; header_2_font=&#8221;|600|||||||&#8221; header_2_font_size=&#8221;40px&#8221; header_font_size_tablet=&#8221;36px&#8221; header_font_size_phone=&#8221;30px&#8221; header_font_size_last_edited=&#8221;on|phone&#8221; header_2_font_size_tablet=&#8221;32px&#8221; header_2_font_size_phone=&#8221;30px&#8221; header_2_font_size_last_edited=&#8221;on|tablet&#8221; global_colors_info=&#8221;{}&#8221;]<\/p>\n<h2>Kreativ &amp; qualit\u00e4tsbewusst<\/h2>\n<p><strong>Unser Unternehmen im Herzen der Stadt.<\/strong><\/p>\n<p>Seit 2010 sind wir direkt neben dem Konzerthaus am Marktplatz in der Innenstadt zu finden. Auf einer 80-Quadratmeter-Fl\u00e4che bieten wir eine breite Auswahl an Produkten an, die f\u00fcr jeden Geschmack etwas Passendes bereithalten. Unsere Produktpalette umfasst eine Vielzahl von M\u00f6beln und Wohnaccessoires f\u00fcr jeden Stil und Geschmack. Von modern bis klassisch &#8211; bei uns findest du das passende M\u00f6belst\u00fcck oder Accessoire f\u00fcr dein Zuhause. Dein Schreibstil ist \u00fcberzeugend.<\/p>\n<p>[\/et_pb_text][\/et_pb_column][et_pb_column type=&#8221;1_2&#8243; _builder_version=&#8221;4.21.0&#8243; _module_preset=&#8221;default&#8221; global_colors_info=&#8221;{}&#8221;][dipi_image_mask image=&#8221;https:\/\/vorlage.roeser-webseiten.de\/bhp-template-2\/wp-content\/uploads\/sites\/17\/2023\/08\/shutterstock_2127905618-1.jpg&#8221; shape=&#8221;Shape7&#8243; shape_scale_y=&#8221;0.83&#8243; shape_flip=&#8221;vertical|horizontal&#8221; image_width=&#8221;98%&#8221; image_horz=&#8221;12&#8243; image_vert=&#8221;93&#8243; layer_1_enable=&#8221;on&#8221; layer_1_background_color=&#8221;#4F7269&#8243; layer_3_enable=&#8221;on&#8221; docration_element_2=&#8221;FilledCircle&#8221; layer_3_background_color=&#8221;#DDA15E&#8221; layer_3_horz=&#8221;42%&#8221; layer_3_vert=&#8221;-13%&#8221; layer_3_scale=&#8221;0.4&#8243; _builder_version=&#8221;4.21.0&#8243; _module_preset=&#8221;default&#8221; max_width_tablet=&#8221;450px&#8221; max_width_phone=&#8221;450px&#8221; max_width_last_edited=&#8221;on|desktop&#8221; module_alignment=&#8221;center&#8221; global_colors_info=&#8221;{}&#8221;][\/dipi_image_mask][\/et_pb_column][\/et_pb_row][\/et_pb_section][et_pb_section fb_built=&#8221;1&#8243; custom_padding_last_edited=&#8221;off|desktop&#8221; _builder_version=&#8221;4.24.2&#8243; _module_preset=&#8221;default&#8221; custom_padding=&#8221;0px||0px||true|false&#8221; custom_padding_tablet=&#8221;||0px||false|false&#8221; custom_padding_phone=&#8221;||0px||false|false&#8221; global_colors_info=&#8221;{}&#8221;][et_pb_row column_structure=&#8221;1_2,1_2&#8243; use_custom_gutter=&#8221;on&#8221; make_equal=&#8221;on&#8221; custom_padding_last_edited=&#8221;on|tablet&#8221; module_class=&#8221;swap-on-mobile&#8221; _builder_version=&#8221;4.24.2&#8243; _module_preset=&#8221;default&#8221; width_tablet=&#8221;80%&#8221; width_phone=&#8221;80%&#8221; width_last_edited=&#8221;on|phone&#8221; custom_padding_tablet=&#8221;||0px||false|false&#8221; custom_padding_phone=&#8221;||0px||false|false&#8221; custom_css_main_element=&#8221;align-items: center;&#8221; global_colors_info=&#8221;{}&#8221;][et_pb_column type=&#8221;1_2&#8243; _builder_version=&#8221;4.21.0&#8243; _module_preset=&#8221;default&#8221; global_colors_info=&#8221;{}&#8221;][dipi_image_mask image=&#8221;https:\/\/vorlage.roeser-webseiten.de\/bhp-template-2\/wp-content\/uploads\/sites\/17\/2023\/08\/shutterstock_2233790383.jpg&#8221; shape=&#8221;Shape7&#8243; shape_scale_y=&#8221;0.87&#8243; shape_flip=&#8221;horizontal&#8221; image_width=&#8221;95%&#8221; image_horz=&#8221;16&#8243; image_vert=&#8221;7&#8243; layer_1_enable=&#8221;on&#8221; layer_1_background_color=&#8221;#4F7269&#8243; _builder_version=&#8221;4.21.0&#8243; _module_preset=&#8221;default&#8221; max_width_tablet=&#8221;450px&#8221; max_width_phone=&#8221;450px&#8221; max_width_last_edited=&#8221;on|desktop&#8221; module_alignment=&#8221;center&#8221; global_colors_info=&#8221;{}&#8221;][\/dipi_image_mask][\/et_pb_column][et_pb_column type=&#8221;1_2&#8243; _builder_version=&#8221;4.21.0&#8243; _module_preset=&#8221;default&#8221; global_colors_info=&#8221;{}&#8221;][et_pb_text _builder_version=&#8221;4.27.4&#8243; _module_preset=&#8221;default&#8221; header_3_font=&#8221;|600|||||||&#8221; header_3_font_size=&#8221;30px&#8221; header_3_font_size_tablet=&#8221;26px&#8221; header_3_font_size_phone=&#8221;24px&#8221; header_3_font_size_last_edited=&#8221;on|phone&#8221; global_colors_info=&#8221;{}&#8221;]<\/p>\n<h3>Pers\u00f6nliche Beratung und individuelle W\u00fcnsche<\/h3>\n<p><strong>Bei uns bist du gut aufgehoben.<\/strong><\/p>\n<p>Bei uns steht der Kunde im Mittelpunkt. Wir nehmen uns Zeit f\u00fcr eine ausf\u00fchrliche Beratung und gehen auf deine individuellen W\u00fcnsche ein. Denn nur so k\u00f6nnen wir sicherstellen, dass du am Ende vollkommen zufrieden bist. Wir legen gro\u00dfen Wert darauf, dass du das Gef\u00fchl hast, bei uns gut aufgehoben zu sein.<\/p>\n<p>Wir freuen uns darauf, dich in unserem Ladengesch\u00e4ft begr\u00fc\u00dfen zu d\u00fcrfen und dir unsere Produkte pers\u00f6nlich vorzustellen. Bei Fragen oder Anregungen stehen wir dir gerne zur Verf\u00fcgung.<\/p>\n<p>[\/et_pb_text][\/et_pb_column][\/et_pb_row][\/et_pb_section][et_pb_section fb_built=&#8221;1&#8243; _builder_version=&#8221;4.21.0&#8243; _module_preset=&#8221;default&#8221; background_color=&#8221;#FCF9F4&#8243; global_colors_info=&#8221;{}&#8221;][et_pb_row _builder_version=&#8221;4.24.2&#8243; _module_preset=&#8221;default&#8221; global_colors_info=&#8221;{}&#8221;][et_pb_column type=&#8221;4_4&#8243; _builder_version=&#8221;4.21.0&#8243; _module_preset=&#8221;default&#8221; global_colors_info=&#8221;{}&#8221;][et_pb_text _builder_version=&#8221;4.27.4&#8243; _module_preset=&#8221;default&#8221; header_3_font=&#8221;|600|||||||&#8221; header_3_font_size=&#8221;30px&#8221; text_orientation=&#8221;center&#8221; header_3_font_size_tablet=&#8221;26px&#8221; header_3_font_size_phone=&#8221;24px&#8221; header_3_font_size_last_edited=&#8221;on|phone&#8221; global_colors_info=&#8221;{}&#8221;]<\/p>\n<h3>Lass Dich inspirieren:<\/h3>\n<p><strong>Unsere Impressionen aus dem Deko-Shop<\/strong><\/p>\n<p>[\/et_pb_text][dipi_masonry_gallery gallery_ids=&#8221;1656,1638,1657,1655,1564,1690&#8243; use_overlay=&#8221;on&#8221; hover_icon=&#8221;&#x30;||divi||400&#8243; columns=&#8221;3&#8243; overlay_bg_color=&#8221;rgba(53,71,51,0)&#8221; overlay_icon_color=&#8221;#FFFFFF&#8221; overlay_icon_use_icon_font_size=&#8221;on&#8221; overlay_icon_font_size=&#8221;60px&#8221; columns_tablet=&#8221;&#8221; columns_phone=&#8221;3&#8243; columns_last_edited=&#8221;on|phone&#8221; gutter_tablet=&#8221;&#8221; gutter_phone=&#8221;5&#8243; gutter_last_edited=&#8221;on|tablet&#8221; _builder_version=&#8221;4.21.0&#8243; _module_preset=&#8221;default&#8221; global_colors_info=&#8221;{}&#8221; overlay_bg_color__hover_enabled=&#8221;on|hover&#8221; overlay_bg_color__hover=&#8221;rgba(79,114,105,0.82)&#8221; overlay_bg_enable_color__hover=&#8221;on&#8221;][\/dipi_masonry_gallery][\/et_pb_column][\/et_pb_row][\/et_pb_section]<\/p>\n","protected":false},"excerpt":{"rendered":"<p><div class=\"et_pb_module dipi_image_mask dipi_image_mask_0\">\n\t\t\t\t\n\t\t\t\t\n\t\t\t\t\n\t\t\t\t\n\t\t\t\t\n\t\t\t\t\n\t\t\t\t<div class=\"et_pb_module_inner\">\n\t\t\t\t\t<div class=\"dipi-image-mask--mask\">\n                <svg width=\"100%\" height=\"100%\"  style=\"overflow:visible\" xmlns=\"http:\/\/www.w3.org\/2000\/svg\" xmlns:xlink=\"http:\/\/www.w3.org\/1999\/xlink\" viewBox=\"0 0 1000 1000\" aria-labelledby=\"alt-text-69e75dd4b0af3\" role=\"img\">\n                    <title id=\"alt-text-69e75dd4b0af3\">Verkaufsteam eines Deko-Shops<\/title>\n                    \n                    <style><\/style>\n                    \n                    \n                <g>\n                    <g style=\"transform-origin: center; transform: rotate(0deg) scale(1.1 , 0.76)\" fill=\"url(#GRAD_1)\"><path class=\"st1\" d=\"M18.6,271.7C88.9,84.2,379.5,39.6,510.7,43.4C641.9,47.1,920,95,949.2,301c29.2,206.1-103.7,621.5-356.6,675.6 C339.6,1030.5-76.4,525.1,18.6,271.7z\"\/><\/g>\n                    <g>\n                        <defs>\n                            <mask id=\"SHAPE_1-69e75dd4b0acb\" fill=\"#fff\">\n                                <g style=\"transform-origin: center; transform: rotate(0deg) scale(1.1 , 0.76)\"> \n                                    <path d=\"M122.7,108.4c128.8-152,417-92.7,539.1-43.8s367.6,190.8,326,394.6c-41.5,204-305.2,548.2-561.2,511.2 C170.7,933.3-51.5,313.6,122.7,108.4z\"\/>\n                                <\/g>\n                            <\/mask>\n                        <\/defs>\n                        \n        <g style=\"mask:url(#SHAPE_1-69e75dd4b0acb)\">\n            <image \n                style=\"overflow:visible\" \n                width=100%  \n                href=https:\/\/vorlage.roeser-webseiten.de\/bhp-template-2\/wp-content\/uploads\/sites\/17\/2023\/08\/shutterstock_1613076421.jpg\n                transform=\"matrix(1 0 0 1 0 59)\"\n                preserveAspectRatio=\"none\"> \n            <\/image>\n        <\/g>\n                    <\/g>\n                <\/g>\n                    \n            <g style=\"transform: translate(8%, 43%) scale(0.3) rotate(0deg);transform-origin: center\">\n              <circle class=\"s02\" cx=\"248.5\" cy=\"249.9\" r=\"237.7\"\/>\n            <\/g>\n                <\/svg>\n            <\/div>\n\t\t\t\t<\/div>\n\t\t\t<\/div>Unser Team Herzlich, kompetent und immer f\u00fcr Sie da! Unser Team besteht aus erfahrenen Designern und Handwerkern, die mit viel Leidenschaft und Kreativit\u00e4t arbeiten. Wir setzen auf hochwertige Materialien und achten darauf, dass jedes Produkt unseren hohen Qualit\u00e4tsstandards entspricht. So k\u00f6nnen wir sicherstellen, dass unsere Kunden lange Freude an ihren Produkten haben werden.Kreativ &amp; qualit\u00e4tsbewusst Unser Unternehmen im Herzen der Stadt. Seit 2010 sind wir direkt neben dem Konzerthaus am Marktplatz in der Innenstadt zu finden. Auf einer 80-Quadratmeter-Fl\u00e4che bieten wir eine breite Auswahl an Produkten an, die f\u00fcr jeden Geschmack etwas Passendes bereithalten. Unsere Produktpalette umfasst eine Vielzahl von M\u00f6beln und Wohnaccessoires f\u00fcr jeden Stil und Geschmack. Von modern bis klassisch &#8211; bei uns findest du das passende M\u00f6belst\u00fcck oder Accessoire f\u00fcr dein Zuhause. Dein Schreibstil ist \u00fcberzeugend.<div class=\"et_pb_module dipi_image_mask dipi_image_mask_1\">\n\t\t\t\t\n\t\t\t\t\n\t\t\t\t\n\t\t\t\t\n\t\t\t\t\n\t\t\t\t\n\t\t\t\t<div class=\"et_pb_module_inner\">\n\t\t\t\t\t<div class=\"dipi-image-mask--mask\">\n                <svg width=\"100%\" height=\"100%\"  style=\"overflow:visible\" xmlns=\"http:\/\/www.w3.org\/2000\/svg\" xmlns:xlink=\"http:\/\/www.w3.org\/1999\/xlink\" viewBox=\"0 0 1000 1000\" aria-labelledby=\"alt-text-69e75dd4b449c\" role=\"img\">\n                    <title id=\"alt-text-69e75dd4b449c\">Blick auf Dekorationsartikel in einem Dekorationsladen<\/title>\n                    \n                    <style><\/style>\n                    \n                    \n                <g>\n                    <g style=\"transform-origin: center; transform: rotate(0deg) scale(1 , 0.83) scale(-1,1) scale(1,-1)\" fill=\"url(#GRAD_2)\"><path class=\"st1\" d=\"M18.6,271.7C88.9,84.2,379.5,39.6,510.7,43.4C641.9,47.1,920,95,949.2,301c29.2,206.1-103.7,621.5-356.6,675.6 C339.6,1030.5-76.4,525.1,18.6,271.7z\"\/><\/g>\n                    <g>\n                        <defs>\n                            <mask id=\"SHAPE_2-69e75dd4b4483\" fill=\"#fff\">\n                                <g style=\"transform-origin: center; transform: rotate(0deg) scale(1 , 0.83) scale(-1,1) scale(1,-1)\"> \n                                    <path d=\"M122.7,108.4c128.8-152,417-92.7,539.1-43.8s367.6,190.8,326,394.6c-41.5,204-305.2,548.2-561.2,511.2 C170.7,933.3-51.5,313.6,122.7,108.4z\"\/>\n                                <\/g>\n                            <\/mask>\n                        <\/defs>\n                        \n        <g style=\"mask:url(#SHAPE_2-69e75dd4b4483)\">\n            <image \n                style=\"overflow:visible\" \n                width=98%  \n                href=https:\/\/vorlage.roeser-webseiten.de\/bhp-template-2\/wp-content\/uploads\/sites\/17\/2023\/08\/shutterstock_2127905618-1.jpg\n                transform=\"matrix(1 0 0 1 12 93)\"\n                preserveAspectRatio=\"none\"> \n            <\/image>\n        <\/g>\n                    <\/g>\n                <\/g>\n                    \n            <g style=\"transform: translate(42%, -13%) scale(0.4) rotate(0deg);transform-origin: center\">\n              <circle class=\"s03\" cx=\"248.5\" cy=\"249.9\" r=\"237.7\"\/>\n            <\/g>\n                <\/svg>\n            <\/div>\n\t\t\t\t<\/div>\n\t\t\t<\/div><div class=\"et_pb_module dipi_image_mask dipi_image_mask_2\">\n\t\t\t\t\n\t\t\t\t\n\t\t\t\t\n\t\t\t\t\n\t\t\t\t\n\t\t\t\t\n\t\t\t\t<div class=\"et_pb_module_inner\">\n\t\t\t\t\t<div class=\"dipi-image-mask--mask\">\n                <svg width=\"100%\" height=\"100%\"  style=\"overflow:visible\" xmlns=\"http:\/\/www.w3.org\/2000\/svg\" xmlns:xlink=\"http:\/\/www.w3.org\/1999\/xlink\" viewBox=\"0 0 1000 1000\" aria-labelledby=\"alt-text-69e75dd4b8845\" role=\"img\">\n                    <title id=\"alt-text-69e75dd4b8845\">junge Frau steht vor einem Kerzenregal und riecht an einer Kerze<\/title>\n                    \n                    <style><\/style>\n                    \n                    \n                <g>\n                    <g style=\"transform-origin: center; transform: rotate(0deg) scale(1 , 0.87) scale(-1,1)\" fill=\"url(#GRAD_3)\"><path class=\"st1\" d=\"M18.6,271.7C88.9,84.2,379.5,39.6,510.7,43.4C641.9,47.1,920,95,949.2,301c29.2,206.1-103.7,621.5-356.6,675.6 C339.6,1030.5-76.4,525.1,18.6,271.7z\"\/><\/g>\n                    <g>\n                        <defs>\n                            <mask id=\"SHAPE_3-69e75dd4b881e\" fill=\"#fff\">\n                                <g style=\"transform-origin: center; transform: rotate(0deg) scale(1 , 0.87) scale(-1,1)\"> \n                                    <path d=\"M122.7,108.4c128.8-152,417-92.7,539.1-43.8s367.6,190.8,326,394.6c-41.5,204-305.2,548.2-561.2,511.2 C170.7,933.3-51.5,313.6,122.7,108.4z\"\/>\n                                <\/g>\n                            <\/mask>\n                        <\/defs>\n                        \n        <g style=\"mask:url(#SHAPE_3-69e75dd4b881e)\">\n            <image \n                style=\"overflow:visible\" \n                width=95%  \n                href=https:\/\/vorlage.roeser-webseiten.de\/bhp-template-2\/wp-content\/uploads\/sites\/17\/2023\/08\/shutterstock_2233790383.jpg\n                transform=\"matrix(1 0 0 1 16 7)\"\n                preserveAspectRatio=\"none\"> \n            <\/image>\n        <\/g>\n                    <\/g>\n                <\/g>\n                    \n                <\/svg>\n            <\/div>\n\t\t\t\t<\/div>\n\t\t\t<\/div>Pers\u00f6nliche Beratung und individuelle W\u00fcnsche Bei uns bist du gut aufgehoben. Bei uns steht der Kunde im Mittelpunkt. Wir nehmen uns Zeit f\u00fcr eine ausf\u00fchrliche Beratung und gehen auf deine individuellen W\u00fcnsche ein. Denn<\/p>\n<div class=\"view-full-post\"><a href=\"https:\/\/vorlage.roeser-webseiten.de\/bhp-template-2\/ueber-uns\/\" class=\"view-full-post-btn\">View Full Post<\/a><\/div>\n<p>;<\/p>\n","protected":false},"author":2,"featured_media":0,"parent":0,"menu_order":0,"comment_status":"closed","ping_status":"closed","template":"","meta":{"_et_pb_use_builder":"on","_et_pb_old_content":"","_et_gb_content_width":"","footnotes":""},"class_list":["post-834","page","type-page","status-publish","hentry"],"aioseo_notices":[],"_links":{"self":[{"href":"https:\/\/vorlage.roeser-webseiten.de\/bhp-template-2\/wp-json\/wp\/v2\/pages\/834","targetHints":{"allow":["GET"]}}],"collection":[{"href":"https:\/\/vorlage.roeser-webseiten.de\/bhp-template-2\/wp-json\/wp\/v2\/pages"}],"about":[{"href":"https:\/\/vorlage.roeser-webseiten.de\/bhp-template-2\/wp-json\/wp\/v2\/types\/page"}],"author":[{"embeddable":true,"href":"https:\/\/vorlage.roeser-webseiten.de\/bhp-template-2\/wp-json\/wp\/v2\/users\/2"}],"replies":[{"embeddable":true,"href":"https:\/\/vorlage.roeser-webseiten.de\/bhp-template-2\/wp-json\/wp\/v2\/comments?post=834"}],"version-history":[{"count":2,"href":"https:\/\/vorlage.roeser-webseiten.de\/bhp-template-2\/wp-json\/wp\/v2\/pages\/834\/revisions"}],"predecessor-version":[{"id":1815,"href":"https:\/\/vorlage.roeser-webseiten.de\/bhp-template-2\/wp-json\/wp\/v2\/pages\/834\/revisions\/1815"}],"wp:attachment":[{"href":"https:\/\/vorlage.roeser-webseiten.de\/bhp-template-2\/wp-json\/wp\/v2\/media?parent=834"}],"curies":[{"name":"wp","href":"https:\/\/api.w.org\/{rel}","templated":true}]}}