{"id":1190,"date":"2023-07-13T15:26:56","date_gmt":"2023-07-13T13:26:56","guid":{"rendered":"https:\/\/raumausstattung-glueck.de\/?page_id=1190"},"modified":"2025-04-03T15:45:49","modified_gmt":"2025-04-03T13:45:49","slug":"dekoration","status":"publish","type":"page","link":"https:\/\/vorlage.roeser-webseiten.de\/bhp-template-2\/dekoration\/","title":{"rendered":"Perfekte Dekoration f\u00fcr jeden Anlass"},"content":{"rendered":"<p>[et_pb_section fb_built=&#8221;1&#8243; fullwidth=&#8221;on&#8221; _builder_version=&#8221;4.21.0&#8243; _module_preset=&#8221;default&#8221; background_image_tablet=&#8221;https:\/\/vorlage.roeser-webseiten.de\/bhp-template-2\/wp-content\/uploads\/sites\/17\/2023\/08\/shutterstock_673912882-t.jpg&#8221; background_enable_image_tablet=&#8221;on&#8221; global_colors_info=&#8221;{}&#8221;][et_pb_fullwidth_image src=&#8221;https:\/\/vorlage.roeser-webseiten.de\/bhp-template-2\/wp-content\/uploads\/sites\/17\/2023\/08\/shutterstock_673912882.jpg&#8221; alt=&#8221;Dekoration auf einer Ablage mit Vase, Laterne und HOME Zeichen&#8221; title_text=&#8221;Dekoration&#8221; _builder_version=&#8221;4.27.4&#8243; _module_preset=&#8221;default&#8221; global_colors_info=&#8221;{}&#8221;][\/et_pb_fullwidth_image][\/et_pb_section][et_pb_section fb_built=&#8221;1&#8243; _builder_version=&#8221;4.21.0&#8243; _module_preset=&#8221;default&#8221; global_colors_info=&#8221;{}&#8221;][et_pb_row column_structure=&#8221;1_4,3_4&#8243; use_custom_gutter=&#8221;on&#8221; make_equal=&#8221;on&#8221; _builder_version=&#8221;4.24.2&#8243; _module_preset=&#8221;default&#8221; width_tablet=&#8221;80%&#8221; width_phone=&#8221;80%&#8221; width_last_edited=&#8221;on|phone&#8221; global_colors_info=&#8221;{}&#8221;][et_pb_column type=&#8221;1_4&#8243; admin_label=&#8221;unsichtbar auf mobil&#8221; disabled_on=&#8221;on|on|off&#8221; _builder_version=&#8221;4.21.0&#8243; _module_preset=&#8221;default&#8221; global_colors_info=&#8221;{}&#8221;][et_pb_sidebar area=&#8221;sidebar-4&#8243; _builder_version=&#8221;4.24.2&#8243; _module_preset=&#8221;default&#8221; header_font=&#8221;|600|||||||&#8221; header_font_size=&#8221;24px&#8221; header_font_size_tablet=&#8221;21px&#8221; header_font_size_phone=&#8221;18px&#8221; header_font_size_last_edited=&#8221;on|phone&#8221; global_colors_info=&#8221;{}&#8221;][\/et_pb_sidebar][\/et_pb_column][et_pb_column type=&#8221;3_4&#8243; _builder_version=&#8221;4.21.0&#8243; _module_preset=&#8221;default&#8221; global_colors_info=&#8221;{}&#8221;][et_pb_text _builder_version=&#8221;4.27.4&#8243; _module_preset=&#8221;default&#8221; header_font_size=&#8221;40px&#8221; hover_enabled=&#8221;0&#8243; header_font_size_tablet=&#8221;32px&#8221; header_font_size_phone=&#8221;30px&#8221; header_font_size_last_edited=&#8221;on|phone&#8221; global_colors_info=&#8221;{}&#8221; header_font=&#8221;|600|||||||&#8221; sticky_enabled=&#8221;0&#8243;]<\/p>\n<h1>Dekoration<\/h1>\n<p><strong>Finde die perfekte Dekoration f\u00fcr jeden Anlass.<\/strong><\/p>\n<p>Entdecke unsere gro\u00dfe Auswahl an dekorativen Produkten f\u00fcr den Innen- und Au\u00dfenbereich. Beachte bitte, dass manche der gezeigten Artikel von der Jahreszeit abh\u00e4ngig sind und deshalb nicht immer in genau dieser Art vorhanden sind. Wir informieren dich aber gerne im Vorfeld \u00fcber die Verf\u00fcgbarkeit.<\/p>\n<p>Klick auf die einzelnen Bilder, um eine gr\u00f6\u00dfere Anzeige zu bekommen.<\/p>\n<p>[\/et_pb_text][dipi_masonry_gallery gallery_ids=&#8221;1641,1642,1709,1708,1567,1640&#8243; use_overlay=&#8221;on&#8221; hover_icon=&#8221;&#x30;||divi||400&#8243; columns=&#8221;3&#8243; overlay_bg_color=&#8221;rgba(53,71,51,0)&#8221; overlay_icon_color=&#8221;#FFFFFF&#8221; overlay_icon_use_icon_font_size=&#8221;on&#8221; overlay_icon_font_size=&#8221;60px&#8221; use_thumbnails=&#8221;on&#8221; image_size_desktop=&#8221;medium&#8221; image_size_tablet=&#8221;medium&#8221; image_size_phone=&#8221;medium&#8221; columns_tablet=&#8221;3&#8243; columns_phone=&#8221;3&#8243; columns_last_edited=&#8221;on|phone&#8221; gutter_tablet=&#8221;&#8221; gutter_phone=&#8221;5&#8243; gutter_last_edited=&#8221;on|tablet&#8221; admin_label=&#8221;Pixel Masonry Gallery&#8221; _builder_version=&#8221;4.21.0&#8243; _module_preset=&#8221;default&#8221; global_colors_info=&#8221;{}&#8221; overlay_bg_color__hover=&#8221;rgba(79,114,105,0.82)&#8221; overlay_bg_color__hover_enabled=&#8221;on|hover&#8221;][\/dipi_masonry_gallery][\/et_pb_column][\/et_pb_row][\/et_pb_section][et_pb_section fb_built=&#8221;1&#8243; _builder_version=&#8221;4.21.0&#8243; _module_preset=&#8221;default&#8221; background_color=&#8221;#FCF9F4&#8243; global_module=&#8221;1080&#8243; saved_tabs=&#8221;all&#8221; global_colors_info=&#8221;{}&#8221;][et_pb_row _builder_version=&#8221;4.24.2&#8243; _module_preset=&#8221;default&#8221; width_tablet=&#8221;80%&#8221; width_phone=&#8221;80%&#8221; width_last_edited=&#8221;off|desktop&#8221; global_colors_info=&#8221;{}&#8221;][et_pb_column type=&#8221;4_4&#8243; _builder_version=&#8221;4.21.0&#8243; _module_preset=&#8221;default&#8221; global_colors_info=&#8221;{}&#8221;][et_pb_cta title=&#8221;Hol dir frischen Wind in deine 4 W\u00e4nde&#8221; button_url=&#8221;@ET-DC@eyJkeW5hbWljIjp0cnVlLCJjb250ZW50IjoicG9zdF9saW5rX3VybF9wYWdlIiwic2V0dGluZ3MiOnsicG9zdF9pZCI6IjEwNiJ9fQ==@&#8221; button_text=&#8221;Jetzt Kontakt aufnehmen&#8221; _builder_version=&#8221;4.27.4&#8243; _dynamic_attributes=&#8221;button_url&#8221; _module_preset=&#8221;default&#8221; header_font=&#8221;|600|||||||&#8221; header_font_size=&#8221;30px&#8221; background_enable_color=&#8221;off&#8221; use_background_color=&#8221;off&#8221; background_layout=&#8221;light&#8221; width=&#8221;800px&#8221; width_tablet=&#8221;80%&#8221; width_phone=&#8221;&#8221; width_last_edited=&#8221;on|phone&#8221; module_alignment=&#8221;center&#8221; custom_padding=&#8221;0px|0px|0px|0px|true|true&#8221; header_font_size_tablet=&#8221;26px&#8221; header_font_size_phone=&#8221;24px&#8221; header_font_size_last_edited=&#8221;on|phone&#8221; global_colors_info=&#8221;{}&#8221;]<\/p>\n<p>Mache dein Zuhause und deinen Garten jetzt noch sch\u00f6ner. Entdecke unsere gro\u00dfe Auswahl an dekorativen Produkten f\u00fcr den Innen- und Au\u00dfenbereich. Ob f\u00fcr drinnen oder drau\u00dfen, wir haben garantiert das passende Deko-Element f\u00fcr dich. Du hast Fragen zu unseren Produkten? Dann kontaktiere uns jetzt.<\/p>\n<p>[\/et_pb_cta][\/et_pb_column][\/et_pb_row][\/et_pb_section]<\/p>\n","protected":false},"excerpt":{"rendered":"<p>Dekoration Finde die perfekte Dekoration f\u00fcr jeden Anlass. Entdecke unsere gro\u00dfe Auswahl an dekorativen Produkten f\u00fcr den Innen- und Au\u00dfenbereich. Beachte bitte, dass manche der gezeigten Artikel von der Jahreszeit abh\u00e4ngig sind und deshalb nicht immer in genau dieser Art vorhanden sind. Wir informieren dich aber gerne im Vorfeld \u00fcber die Verf\u00fcgbarkeit. Klick auf die einzelnen Bilder, um eine gr\u00f6\u00dfere Anzeige zu bekommen.<div class=\"et_pb_module dipi_masonry_gallery dipi_masonry_gallery_0\">\n\t\t\t\t\n\t\t\t\t\n\t\t\t\t\n\t\t\t\t\n\t\t\t\t\n\t\t\t\t\n\t\t\t\t<div class=\"et_pb_module_inner\">\n\t\t\t\t\t<div class=\"dipi_masonry_gallery_wrapper\" data-config=\"{&quot;infinite_scroll_viewport&quot;:&quot;25%&quot;}\">\n                \n            <div\n                class=\"dipi_masonry_gallery_container animated none\"\n                \n                data-count=\"6\"\n                data-anim=\"none\"\n            >\n                <div class=\"grid show_lightbox show_lightbox_tablet show_lightbox_phone show_overlay \" data-lazy=\"false\" >\n                    <div class=\"grid-sizer\"><\/div><div class=\"gutter-sizer\"><\/div><div class=\"grid-item et_pb_gallery_image \">\n                       \n                        <div class=\"img-container dipi-mg-animation dipi-mg-none\" href=\"https:\/\/vorlage.roeser-webseiten.de\/bhp-template-2\/wp-content\/uploads\/sites\/17\/2023\/08\/shutterstock_715596850.jpg\">\n                            <img decoding=\"async\" src=\"https:\/\/vorlage.roeser-webseiten.de\/bhp-template-2\/wp-content\/uploads\/sites\/17\/2023\/08\/shutterstock_715596850.jpg\"\n                                alt=\"Dekorative Artikel im Wohnzimmer\"\n                                loading=\"lazy\"\n                            \/>\n                            <span class=\"dipi_masonry_gallery_overlay background\"><\/span>\n                <span class=\"dipi_masonry_gallery_overlay background-hover\"><\/span>\n                <span class=\"dipi_masonry_gallery_overlay content\" style=\"transition-duration: 0ms;\">\n                    <div class=\"et-pb-icon  et_pb_inline_icon dipi-mansonry-gallery-icon animated fadeInUp\" data-icon=\"&#x30;\"><\/div>\n                    \n                    \n                <\/span>\n                        <\/div>\n                    \n                <\/div><div class=\"grid-item et_pb_gallery_image \">\n                       \n                        <div class=\"img-container dipi-mg-animation dipi-mg-none\" href=\"https:\/\/vorlage.roeser-webseiten.de\/bhp-template-2\/wp-content\/uploads\/sites\/17\/2023\/08\/shutterstock_1379809883.jpg\">\n                            <img decoding=\"async\" src=\"https:\/\/vorlage.roeser-webseiten.de\/bhp-template-2\/wp-content\/uploads\/sites\/17\/2023\/08\/shutterstock_1379809883.jpg\"\n                                alt=\"Dekorative Artikel im Wohnzimmer\"\n                                loading=\"lazy\"\n                            \/>\n                            <span class=\"dipi_masonry_gallery_overlay background\"><\/span>\n                <span class=\"dipi_masonry_gallery_overlay background-hover\"><\/span>\n                <span class=\"dipi_masonry_gallery_overlay content\" style=\"transition-duration: 0ms;\">\n                    <div class=\"et-pb-icon  et_pb_inline_icon dipi-mansonry-gallery-icon animated fadeInUp\" data-icon=\"&#x30;\"><\/div>\n                    \n                    \n                <\/span>\n                        <\/div>\n                    \n                <\/div><div class=\"grid-item et_pb_gallery_image \">\n                       \n                        <div class=\"img-container dipi-mg-animation dipi-mg-none\" href=\"https:\/\/vorlage.roeser-webseiten.de\/bhp-template-2\/wp-content\/uploads\/sites\/17\/2023\/08\/shutterstock_2141379911-1.jpg\">\n                            <img decoding=\"async\" src=\"https:\/\/vorlage.roeser-webseiten.de\/bhp-template-2\/wp-content\/uploads\/sites\/17\/2023\/08\/shutterstock_2141379911-1.jpg\"\n                                alt=\"Dekoration mit Grashase, K\u00f6rbchen und Eiern\"\n                                loading=\"lazy\"\n                            \/>\n                            <span class=\"dipi_masonry_gallery_overlay background\"><\/span>\n                <span class=\"dipi_masonry_gallery_overlay background-hover\"><\/span>\n                <span class=\"dipi_masonry_gallery_overlay content\" style=\"transition-duration: 0ms;\">\n                    <div class=\"et-pb-icon  et_pb_inline_icon dipi-mansonry-gallery-icon animated fadeInUp\" data-icon=\"&#x30;\"><\/div>\n                    \n                    \n                <\/span>\n                        <\/div>\n                    \n                <\/div><div class=\"grid-item et_pb_gallery_image \">\n                       \n                        <div class=\"img-container dipi-mg-animation dipi-mg-none\" href=\"https:\/\/vorlage.roeser-webseiten.de\/bhp-template-2\/wp-content\/uploads\/sites\/17\/2023\/08\/shutterstock_354527417.jpg\">\n                            <img decoding=\"async\" src=\"https:\/\/vorlage.roeser-webseiten.de\/bhp-template-2\/wp-content\/uploads\/sites\/17\/2023\/08\/shutterstock_354527417.jpg\"\n                                alt=\"Dekorative Lampen mit Gr\u00fcnpflanzen\"\n                                loading=\"lazy\"\n                            \/>\n                            <span class=\"dipi_masonry_gallery_overlay background\"><\/span>\n                <span class=\"dipi_masonry_gallery_overlay background-hover\"><\/span>\n                <span class=\"dipi_masonry_gallery_overlay content\" style=\"transition-duration: 0ms;\">\n                    <div class=\"et-pb-icon  et_pb_inline_icon dipi-mansonry-gallery-icon animated fadeInUp\" data-icon=\"&#x30;\"><\/div>\n                    \n                    \n                <\/span>\n                        <\/div>\n                    \n                <\/div><div class=\"grid-item et_pb_gallery_image \">\n                       \n                        <div class=\"img-container dipi-mg-animation dipi-mg-none\" href=\"https:\/\/vorlage.roeser-webseiten.de\/bhp-template-2\/wp-content\/uploads\/sites\/17\/2023\/08\/shutterstock_2182609325.jpg\">\n                            <img decoding=\"async\" src=\"https:\/\/vorlage.roeser-webseiten.de\/bhp-template-2\/wp-content\/uploads\/sites\/17\/2023\/08\/shutterstock_2182609325.jpg\"\n                                alt=\"Leuchtende Kerze\"\n                                loading=\"lazy\"\n                            \/>\n                            <span class=\"dipi_masonry_gallery_overlay background\"><\/span>\n                <span class=\"dipi_masonry_gallery_overlay background-hover\"><\/span>\n                <span class=\"dipi_masonry_gallery_overlay content\" style=\"transition-duration: 0ms;\">\n                    <div class=\"et-pb-icon  et_pb_inline_icon dipi-mansonry-gallery-icon animated fadeInUp\" data-icon=\"&#x30;\"><\/div>\n                    \n                    \n                <\/span>\n                        <\/div>\n                    \n                <\/div>\n                <\/div>\n                \n            <\/div>\n            \n            <\/div>\n             \n\t\t\t\t<\/div>\n\t\t\t<\/div>Mache dein Zuhause und deinen Garten jetzt noch sch\u00f6ner. Entdecke unsere gro\u00dfe Auswahl an dekorativen Produkten f\u00fcr den Innen- und Au\u00dfenbereich. Ob f\u00fcr drinnen oder drau\u00dfen, wir haben garantiert das passende Deko-Element f\u00fcr dich. Du hast Fragen zu unseren Produkten? Dann kontaktiere uns jetzt.<\/p>\n","protected":false},"author":2,"featured_media":0,"parent":0,"menu_order":0,"comment_status":"closed","ping_status":"closed","template":"","meta":{"_et_pb_use_builder":"on","_et_pb_old_content":"","_et_gb_content_width":"","footnotes":""},"class_list":["post-1190","page","type-page","status-publish","hentry"],"aioseo_notices":[],"_links":{"self":[{"href":"https:\/\/vorlage.roeser-webseiten.de\/bhp-template-2\/wp-json\/wp\/v2\/pages\/1190","targetHints":{"allow":["GET"]}}],"collection":[{"href":"https:\/\/vorlage.roeser-webseiten.de\/bhp-template-2\/wp-json\/wp\/v2\/pages"}],"about":[{"href":"https:\/\/vorlage.roeser-webseiten.de\/bhp-template-2\/wp-json\/wp\/v2\/types\/page"}],"author":[{"embeddable":true,"href":"https:\/\/vorlage.roeser-webseiten.de\/bhp-template-2\/wp-json\/wp\/v2\/users\/2"}],"replies":[{"embeddable":true,"href":"https:\/\/vorlage.roeser-webseiten.de\/bhp-template-2\/wp-json\/wp\/v2\/comments?post=1190"}],"version-history":[{"count":3,"href":"https:\/\/vorlage.roeser-webseiten.de\/bhp-template-2\/wp-json\/wp\/v2\/pages\/1190\/revisions"}],"predecessor-version":[{"id":1828,"href":"https:\/\/vorlage.roeser-webseiten.de\/bhp-template-2\/wp-json\/wp\/v2\/pages\/1190\/revisions\/1828"}],"wp:attachment":[{"href":"https:\/\/vorlage.roeser-webseiten.de\/bhp-template-2\/wp-json\/wp\/v2\/media?parent=1190"}],"curies":[{"name":"wp","href":"https:\/\/api.w.org\/{rel}","templated":true}]}}