{"id":62,"date":"2022-08-26T14:28:59","date_gmt":"2022-08-26T12:28:59","guid":{"rendered":"https:\/\/2.roeser-webseiten.de\/uro-gesundheit\/?page_id=62"},"modified":"2022-08-26T14:28:59","modified_gmt":"2022-08-26T12:28:59","slug":"impressum","status":"publish","type":"page","link":"https:\/\/vorlage.roeser-webseiten.de\/bhp-template-13\/impressum\/","title":{"rendered":"Impressum &amp; Rechtliches"},"content":{"rendered":"<p>[et_pb_section fb_built=&#8221;1&#8243; custom_padding_last_edited=&#8221;off|desktop&#8221; admin_label=&#8221;Impressum&#8221; module_id=&#8221;intro&#8221; _builder_version=&#8221;4.23.1&#8243; _module_preset=&#8221;default&#8221; custom_padding=&#8221;||||false|false&#8221; custom_padding_tablet=&#8221;0px||||false|false&#8221; custom_padding_phone=&#8221;||||false|false&#8221; bottom_divider_color=&#8221;#023047&#8243; bottom_divider_height=&#8221;54px&#8221; bottom_divider_flip=&#8221;vertical&#8221; bottom_divider_height_tablet=&#8221;40px&#8221; bottom_divider_height_phone=&#8221;30px&#8221; bottom_divider_height_last_edited=&#8221;on|phone&#8221; global_colors_info=&#8221;{}&#8221;][et_pb_row custom_padding_last_edited=&#8221;on|phone&#8221; _builder_version=&#8221;4.19.0&#8243; _module_preset=&#8221;default&#8221; width_tablet=&#8221;90%&#8221; width_phone=&#8221;90%&#8221; width_last_edited=&#8221;on|phone&#8221; custom_padding_tablet=&#8221;||28px||false|false&#8221; custom_padding_phone=&#8221;12px||||false|false&#8221; global_colors_info=&#8221;{}&#8221;][et_pb_column type=&#8221;4_4&#8243; _builder_version=&#8221;4.19.0&#8243; _module_preset=&#8221;default&#8221; global_colors_info=&#8221;{}&#8221;][et_pb_text module_class=&#8221;h-small&#8221; _builder_version=&#8221;4.24.2&#8243; _module_preset=&#8221;default&#8221; global_colors_info=&#8221;{}&#8221;]<\/p>\n<h1>Impressum<\/h1>\n<p>Rudolf R\u00f6ser Verlag und Informationsdienste AG<br \/>Fritz-Erler-Stra\u00dfe 25<br \/>76133 Karlsruhe<\/p>\n<p><strong>Vertreten durch:<\/strong><br \/>Patrick H\u00fcnemohr, Johannes R\u00f6ser, Robert R\u00f6ser, Annette R\u00f6ser-Letizky<\/p>\n<p><strong>Vorsitzender des Aufsichtsrats:<\/strong><br \/>Dr. Michael L\u00fcck<\/p>\n<h2>Kontakt<\/h2>\n<p>Telefon: 0721 3719-0<br \/>Telefax: 0721 3719-300<br \/>E-Mail: info@roeser-medienhaus.de<\/p>\n<h2>Umsatzsteuer-ID<\/h2>\n<p>Umsatzsteuer-Identifikationsnummer gem\u00e4\u00df \u00a7 27 a Umsatzsteuergesetz:<br \/>DE 175 999 802<\/p>\n<h2>Verbraucher\u00adstreit\u00adbeilegung\/Universal\u00adschlichtungs\u00adstelle<\/h2>\n<p>Wir sind nicht bereit oder verpflichtet, an Streitbeilegungsverfahren vor einer Verbraucherschlichtungsstelle teilzunehmen.<\/p>\n<p>[\/et_pb_text][\/et_pb_column][\/et_pb_row][\/et_pb_section][et_pb_section fb_built=&#8221;1&#8243; custom_padding_last_edited=&#8221;off|phone&#8221; module_id=&#8221;intro&#8221; _builder_version=&#8221;4.21.0&#8243; _module_preset=&#8221;default&#8221; background_image=&#8221;https:\/\/vorlage.roeser-webseiten.de\/bhp-template-13\/wp-content\/uploads\/sites\/28\/2023\/09\/neu-dots-shutterstock_1483203809.jpg&#8221; custom_padding=&#8221;0px||||false|false&#8221; custom_padding_tablet=&#8221;0px||||false|false&#8221; custom_padding_phone=&#8221;||||false|false&#8221; top_divider_style=&#8221;none&#8221; top_divider_color=&#8221;#FFFFFF&#8221; top_divider_height=&#8221;54px&#8221; top_divider_height_tablet=&#8221;40px&#8221; top_divider_height_phone=&#8221;30px&#8221; top_divider_height_last_edited=&#8221;on|phone&#8221; global_colors_info=&#8221;{}&#8221;][et_pb_row column_structure=&#8221;3_5,2_5&#8243; use_custom_gutter=&#8221;on&#8221; gutter_width=&#8221;2&#8243; custom_padding_last_edited=&#8221;on|phone&#8221; _builder_version=&#8221;4.24.2&#8243; _module_preset=&#8221;default&#8221; width_tablet=&#8221;90%&#8221; width_phone=&#8221;90%&#8221; width_last_edited=&#8221;on|phone&#8221; module_alignment=&#8221;center&#8221; custom_padding_tablet=&#8221;||28px||false|false&#8221; custom_padding_phone=&#8221;12px||||false|false&#8221; hover_enabled=&#8221;0&#8243; global_colors_info=&#8221;{}&#8221; sticky_enabled=&#8221;0&#8243;][et_pb_column type=&#8221;3_5&#8243; _builder_version=&#8221;4.21.0&#8243; _module_preset=&#8221;default&#8221; global_colors_info=&#8221;{}&#8221;][et_pb_text admin_label=&#8221;Bildnachweis&#8221; module_class=&#8221;pb-5&#8243; _builder_version=&#8221;4.21.0&#8243; _module_preset=&#8221;default&#8221; global_colors_info=&#8221;{}&#8221;]<\/p>\n<h2>Bildnachweis<\/h2>\n<p><strong>Shutterstock<\/strong><\/p>\n<p>[\/et_pb_text][\/et_pb_column][et_pb_column type=&#8221;2_5&#8243; _builder_version=&#8221;4.24.2&#8243; _module_preset=&#8221;default&#8221; background_enable_color=&#8221;off&#8221; custom_padding_tablet=&#8221;|21px||21px|true|true&#8221; custom_padding_phone=&#8221;|21px||21px|true|true&#8221; custom_padding_last_edited=&#8221;off|desktop&#8221; hover_enabled=&#8221;0&#8243; border_radii=&#8221;off||25px||25px&#8221; border_radii_tablet=&#8221;off||20px||20px&#8221; border_radii_phone=&#8221;off||15px||15px&#8221; border_radii_last_edited=&#8221;on|phone&#8221; box_shadow_style=&#8221;preset1&#8243; box_shadow_color=&#8221;rgba(255,255,255,0.12)&#8221; global_colors_info=&#8221;{}&#8221; sticky_enabled=&#8221;0&#8243;][et_pb_text module_class=&#8221;link-dark&#8221; _builder_version=&#8221;4.24.2&#8243; _module_preset=&#8221;default&#8221; header_3_text_color=&#8221;#023047&#8243; hover_enabled=&#8221;0&#8243; global_colors_info=&#8221;{}&#8221; sticky_enabled=&#8221;0&#8243;]<\/p>\n<h3>Design &amp; Umsetzung<\/h3>\n<p>R\u00f6ser MEDIA GmbH &amp; Co. KG<br \/>Fritz-Erler-Stra\u00dfe 25<br \/>76133 Karlsruhe<\/p>\n<p>Telefon 0721 3719-0<br \/>Telefax 0721 3719-4 00<br \/><a title=\"E-Mail\" href=\"mailto:info@roeser-medienhaus.de\">info@roeser-medienhaus.de<\/a><br \/><a title=\"Link zur R\u00f6ser Medienhaus Seite\" href=\"https:\/\/www.roeser-medienhaus.de\/\" target=\"_blank\" rel=\"noopener\">www.roeser-medienhaus.de<\/a><\/p>\n<p>[\/et_pb_text][\/et_pb_column][\/et_pb_row][\/et_pb_section]<\/p>\n","protected":false},"excerpt":{"rendered":"<p>Impressum Rudolf R\u00f6ser Verlag und Informationsdienste AGFritz-Erler-Stra\u00dfe 2576133 Karlsruhe Vertreten durch:Patrick H\u00fcnemohr, Johannes R\u00f6ser, Robert R\u00f6ser, Annette R\u00f6ser-Letizky Vorsitzender des Aufsichtsrats:Dr. Michael L\u00fcck Kontakt Telefon: 0721 3719-0Telefax: 0721 3719-300E-Mail: info@roeser-medienhaus.de Umsatzsteuer-ID Umsatzsteuer-Identifikationsnummer gem\u00e4\u00df \u00a7 27 a Umsatzsteuergesetz:DE 175 999 802 Verbraucher\u00adstreit\u00adbeilegung\/Universal\u00adschlichtungs\u00adstelle Wir sind nicht bereit oder verpflichtet, an Streitbeilegungsverfahren vor einer Verbraucherschlichtungsstelle teilzunehmen.Bildnachweis ShutterstockDesign &amp; Umsetzung R\u00f6ser MEDIA GmbH &amp; Co. KGFritz-Erler-Stra\u00dfe 2576133 Karlsruhe Telefon 0721 3719-0Telefax 0721 3719-4 00info@roeser-medienhaus.dewww.roeser-medienhaus.de<\/p>\n","protected":false},"author":1,"featured_media":0,"parent":0,"menu_order":0,"comment_status":"closed","ping_status":"closed","template":"","meta":{"_et_pb_use_builder":"on","_et_pb_old_content":"<strong>Anschrift<\/strong>","_et_gb_content_width":"","footnotes":""},"class_list":["post-62","page","type-page","status-publish","hentry"],"aioseo_notices":[],"_links":{"self":[{"href":"https:\/\/vorlage.roeser-webseiten.de\/bhp-template-13\/wp-json\/wp\/v2\/pages\/62","targetHints":{"allow":["GET"]}}],"collection":[{"href":"https:\/\/vorlage.roeser-webseiten.de\/bhp-template-13\/wp-json\/wp\/v2\/pages"}],"about":[{"href":"https:\/\/vorlage.roeser-webseiten.de\/bhp-template-13\/wp-json\/wp\/v2\/types\/page"}],"author":[{"embeddable":true,"href":"https:\/\/vorlage.roeser-webseiten.de\/bhp-template-13\/wp-json\/wp\/v2\/users\/1"}],"replies":[{"embeddable":true,"href":"https:\/\/vorlage.roeser-webseiten.de\/bhp-template-13\/wp-json\/wp\/v2\/comments?post=62"}],"version-history":[{"count":0,"href":"https:\/\/vorlage.roeser-webseiten.de\/bhp-template-13\/wp-json\/wp\/v2\/pages\/62\/revisions"}],"wp:attachment":[{"href":"https:\/\/vorlage.roeser-webseiten.de\/bhp-template-13\/wp-json\/wp\/v2\/media?parent=62"}],"curies":[{"name":"wp","href":"https:\/\/api.w.org\/{rel}","templated":true}]}}