{"id":2629,"date":"2022-12-16T12:08:17","date_gmt":"2022-12-16T11:08:17","guid":{"rendered":"https:\/\/2.roeser-webseiten.de\/uro-gesundheit\/?page_id=2629"},"modified":"2025-04-01T16:26:43","modified_gmt":"2025-04-01T14:26:43","slug":"unsere-leistungen","status":"publish","type":"page","link":"https:\/\/vorlage.roeser-webseiten.de\/bhp-template-13\/unsere-leistungen\/","title":{"rendered":"Leistungen"},"content":{"rendered":"<p>[et_pb_section fb_built=&#8221;1&#8243; fullwidth=&#8221;on&#8221; _builder_version=&#8221;4.21.0&#8243; _module_preset=&#8221;default&#8221; z_index=&#8221;1&#8243; bottom_divider_style=&#8221;asymmetric4&#8243; bottom_divider_color=&#8221;#FFFFFF&#8221; bottom_divider_height=&#8221;54px&#8221; bottom_divider_flip=&#8221;horizontal&#8221; bottom_divider_height_tablet=&#8221;40px&#8221; bottom_divider_height_phone=&#8221;30px&#8221; bottom_divider_height_last_edited=&#8221;on|phone&#8221; use_background_color_gradient_tablet=&#8221;on&#8221; background_color_gradient_direction_tablet=&#8221;90deg&#8221; background_color_gradient_stops_tablet=&#8221;#ffffff 40%|rgba(255,255,255,0) 80%&#8221; background_image_tablet=&#8221;https:\/\/vorlage.roeser-webseiten.de\/bhp-template-13\/wp-content\/uploads\/sites\/28\/2023\/07\/leistungen-t.jpg&#8221; background_enable_image_tablet=&#8221;on&#8221; parallax_tablet=&#8221;on&#8221; parallax_phone=&#8221;off&#8221; background_size_tablet=&#8221;cover&#8221; background_size_phone=&#8221;cover&#8221; background_enable_mask_style_phone=&#8221;off&#8221; background_mask_transform_tablet=&#8221;invert|flip_vertical&#8221; background_mask_aspect_ratio_tablet=&#8221;landscape&#8221; background_mask_width_tablet=&#8221;320px&#8221; background_mask_width_phone=&#8221;240px&#8221; background_mask_height_tablet=&#8221;240px&#8221; background_mask_height_phone=&#8221;200px&#8221; background_mask_position_tablet=&#8221;bottom_right&#8221; locked=&#8221;off&#8221; global_colors_info=&#8221;{}&#8221;][et_pb_fullwidth_image src=&#8221;https:\/\/vorlage.roeser-webseiten.de\/bhp-template-13\/wp-content\/uploads\/sites\/28\/2023\/09\/leistungen.jpg&#8221; alt=&#8221;Chiropraktiker \/ Osteopath behandelt den R\u00fccken eines \u00e4lteren Patienten&#8221; title_text=&#8221;leistungen&#8221; src_tablet=&#8221;https:\/\/vorlage.roeser-webseiten.de\/bhp-template-13\/wp-content\/uploads\/sites\/28\/2023\/07\/leistungen-t-1.jpg&#8221; src_phone=&#8221;https:\/\/vorlage.roeser-webseiten.de\/bhp-template-13\/wp-content\/uploads\/sites\/28\/2023\/07\/leistungen-t-1.jpg&#8221; src_last_edited=&#8221;off|desktop&#8221; _builder_version=&#8221;4.21.0&#8243; _module_preset=&#8221;default&#8221; global_colors_info=&#8221;{}&#8221;][\/et_pb_fullwidth_image][\/et_pb_section][et_pb_section fb_built=&#8221;1&#8243; custom_padding_last_edited=&#8221;off|desktop&#8221; admin_label=&#8221;Einleitung&#8221; module_id=&#8221;intro&#8221; _builder_version=&#8221;4.21.0&#8243; _module_preset=&#8221;default&#8221; custom_padding=&#8221;||21px||false|false&#8221; custom_padding_tablet=&#8221;0px||||false|false&#8221; custom_padding_phone=&#8221;||||false|false&#8221; locked=&#8221;off&#8221; global_colors_info=&#8221;{}&#8221;][et_pb_row custom_padding_last_edited=&#8221;on|phone&#8221; _builder_version=&#8221;4.21.0&#8243; _module_preset=&#8221;default&#8221; width_tablet=&#8221;&#8221; width_phone=&#8221;80%&#8221; width_last_edited=&#8221;on|desktop&#8221; custom_padding=&#8221;||54px||false|false&#8221; custom_padding_tablet=&#8221;||30px||false|false&#8221; custom_padding_phone=&#8221;12px||||false|false&#8221; custom_css_main_element=&#8221;display:flex;||flex-direction:row-reverse;&#8221; global_colors_info=&#8221;{}&#8221; custom_css_main_element_last_edited=&#8221;on|desktop&#8221; custom_css_main_element_tablet=&#8221;display:block;&#8221; custom_css_main_element_phone=&#8221;display:block;&#8221;][et_pb_column type=&#8221;4_4&#8243; _builder_version=&#8221;4.21.0&#8243; _module_preset=&#8221;default&#8221; global_colors_info=&#8221;{}&#8221; custom_css_main_element_last_edited=&#8221;off|desktop&#8221; custom_css_main_element_tablet=&#8221;margin:0 auto 30px !important;&#8221; custom_css_main_element_phone=&#8221;margin:0 auto 30px !important;&#8221;][et_pb_text _builder_version=&#8221;4.23.1&#8243; _module_preset=&#8221;default&#8221; header_font_size=&#8221;36px&#8221; header_font_size_tablet=&#8221;32px&#8221; header_font_size_phone=&#8221;30px&#8221; header_font_size_last_edited=&#8221;on|phone&#8221; global_colors_info=&#8221;{}&#8221; max_width=&#8221;720px&#8221;]<\/p>\n<h1>Individuellen Leistungen f\u00fcr Ihre Zahngesundheit<\/h1>\n<p>Ihre Zahngesundheit und Bed\u00fcrfnisse stehen im Mittelpunkt unserer Leistungen. Um ganz individuell auf unsere Patienten eingehen zu k\u00f6nnen, bieten wir ein breites Leistungsspektrum. Ihre W\u00fcnsche als Patient und der medizinische Befund bieten die Grundlage Ihres individuellen Behandlungsplans.<\/p>\n<p>Unsere hochmoderne Ausstattung, das fundierte Wissen unserer Zahn\u00e4rzte sowie unser freundliches, offenes Team stehen Ihnen stets zur Seite.<\/p>\n<p>[\/et_pb_text][\/et_pb_column][\/et_pb_row][\/et_pb_section][et_pb_section fb_built=&#8221;1&#8243; _builder_version=&#8221;4.21.0&#8243; _module_preset=&#8221;default&#8221; background_image=&#8221;https:\/\/vorlage.roeser-webseiten.de\/bhp-template-13\/wp-content\/uploads\/sites\/28\/2023\/09\/neu-dots-shutterstock_1483203809.jpg&#8221; parallax=&#8221;on&#8221; parallax_method=&#8221;off&#8221; custom_padding=&#8221;21px||21px||true|false&#8221; background_last_edited=&#8221;on|tablet&#8221; parallax_tablet=&#8221;off&#8221; background_repeat_tablet=&#8221;repeat&#8221; global_colors_info=&#8221;{}&#8221;][et_pb_row admin_label=&#8221;\u00dcbersicht Leistungen&#8221; _builder_version=&#8221;4.21.0&#8243; _module_preset=&#8221;default&#8221; global_colors_info=&#8221;{}&#8221;][et_pb_column type=&#8221;4_4&#8243; _builder_version=&#8221;4.21.0&#8243; _module_preset=&#8221;default&#8221; global_colors_info=&#8221;{}&#8221;][et_pb_text _builder_version=&#8221;4.23.1&#8243; _module_preset=&#8221;default&#8221; header_2_font_size=&#8221;30px&#8221; max_width=&#8221;1080px&#8221; module_alignment=&#8221;center&#8221; custom_margin=&#8221;||0px||false|false&#8221; header_2_font_size_tablet=&#8221;26px&#8221; header_2_font_size_phone=&#8221;24px&#8221; header_2_font_size_last_edited=&#8221;on|phone&#8221; global_colors_info=&#8221;{}&#8221;]<\/p>\n<h2>Behandlungsspektrum<\/h2>\n<p>[\/et_pb_text][\/et_pb_column][\/et_pb_row][et_pb_row column_structure=&#8221;1_3,2_3&#8243; _builder_version=&#8221;4.27.4&#8243; _module_preset=&#8221;default&#8221; global_colors_info=&#8221;{}&#8221;][et_pb_column type=&#8221;1_3&#8243; _builder_version=&#8221;4.27.4&#8243; _module_preset=&#8221;default&#8221; global_colors_info=&#8221;{}&#8221;][et_pb_image src=&#8221;https:\/\/vorlage.roeser-webseiten.de\/bhp-template-13\/wp-content\/uploads\/sites\/28\/2023\/09\/shutterstock_1500855689.jpg&#8221; alt=&#8221;Vorsorge &#038; Prophylaxe&#8221; title_text=&#8221;shutterstock_1500855689&#8243; _builder_version=&#8221;4.27.4&#8243; _module_preset=&#8221;default&#8221; global_colors_info=&#8221;{}&#8221;][\/et_pb_image][\/et_pb_column][et_pb_column type=&#8221;2_3&#8243; _builder_version=&#8221;4.27.4&#8243; _module_preset=&#8221;default&#8221; global_colors_info=&#8221;{}&#8221;][et_pb_text _builder_version=&#8221;4.27.4&#8243; _module_preset=&#8221;default&#8221; global_colors_info=&#8221;{}&#8221; max_width=&#8221;720px&#8221;]<\/p>\n<h3>Vorsorge &amp; Prophylaxe<\/h3>\n<p>Damit Ihre Z\u00e4hne immer fit und robust bleiben, ist es unbedingt erforderlich, sich regelm\u00e4\u00dfig vom Zahnarzt kontrollieren zu lassen. Dadurch k\u00f6nnen Sie vermeiden, dass unwiderrufliche Sch\u00e4den auftreten und m\u00f6gliche Krankheiten fr\u00fchzeitig erkannt werden.\u00a0<\/p>\n<p>[\/et_pb_text][\/et_pb_column][\/et_pb_row][et_pb_row column_structure=&#8221;1_3,2_3&#8243; _builder_version=&#8221;4.27.4&#8243; _module_preset=&#8221;default&#8221; global_colors_info=&#8221;{}&#8221;][et_pb_column type=&#8221;1_3&#8243; _builder_version=&#8221;4.27.4&#8243; _module_preset=&#8221;default&#8221; global_colors_info=&#8221;{}&#8221;][et_pb_image src=&#8221;https:\/\/vorlage.roeser-webseiten.de\/bhp-template-13\/wp-content\/uploads\/sites\/28\/2023\/09\/shutterstock_2072462471.jpg&#8221; alt=&#8221;Kinderzahnheilkunde&#8221; title_text=&#8221;shutterstock_2072462471&#8243; _builder_version=&#8221;4.27.4&#8243; _module_preset=&#8221;default&#8221; global_colors_info=&#8221;{}&#8221;][\/et_pb_image][\/et_pb_column][et_pb_column type=&#8221;2_3&#8243; _builder_version=&#8221;4.27.4&#8243; _module_preset=&#8221;default&#8221; global_colors_info=&#8221;{}&#8221;][et_pb_text _builder_version=&#8221;4.27.4&#8243; _module_preset=&#8221;default&#8221; global_colors_info=&#8221;{}&#8221; max_width=&#8221;720px&#8221;]<\/p>\n<h3>Kinderzahn\u00adheilkunde<\/h3>\n<p>Der Besuch beim Zahnarzt kann f\u00fcr Kinder oft eine stressige Erfahrung sein, daher ist es f\u00fcr uns wichtig, die Bed\u00fcrfnisse und \u00c4ngste der jungen Patienten zu verstehen und ihnen dabei zu helfen, sich wohl und sicher zu f\u00fchlen.<\/p>\n<p>[\/et_pb_text][\/et_pb_column][\/et_pb_row][et_pb_row column_structure=&#8221;1_3,2_3&#8243; _builder_version=&#8221;4.27.4&#8243; _module_preset=&#8221;default&#8221; global_colors_info=&#8221;{}&#8221;][et_pb_column type=&#8221;1_3&#8243; _builder_version=&#8221;4.27.4&#8243; _module_preset=&#8221;default&#8221; global_colors_info=&#8221;{}&#8221;][et_pb_image src=&#8221;https:\/\/vorlage.roeser-webseiten.de\/bhp-template-13\/wp-content\/uploads\/sites\/28\/2023\/10\/shutterstock_1462189868.jpg&#8221; alt=&#8221;Zahn\u00adreinigung&#8221; title_text=&#8221;shutterstock_1462189868&#8243; _builder_version=&#8221;4.27.4&#8243; _module_preset=&#8221;default&#8221; global_colors_info=&#8221;{}&#8221;][\/et_pb_image][\/et_pb_column][et_pb_column type=&#8221;2_3&#8243; _builder_version=&#8221;4.27.4&#8243; _module_preset=&#8221;default&#8221; global_colors_info=&#8221;{}&#8221;][et_pb_text _builder_version=&#8221;4.27.4&#8243; _module_preset=&#8221;default&#8221; global_colors_info=&#8221;{}&#8221; max_width=&#8221;720px&#8221;]<\/p>\n<h3>Zahn\u00adreinigung<\/h3>\n<p>Eine gr\u00fcndliche Zahnreinigung von Fachleuten kann dazu beitragen, die nat\u00fcrlichen Bei\u00dfer zu sch\u00fctzen und ihre \u00e4sthetische Sch\u00f6nheit \u00fcber viele Jahre hinweg zu erhalten. Sie ist eine effektive Erg\u00e4nzung zur t\u00e4glichen Zahnpflege und spielt eine wichtige Rolle bei der Verhinderung von Karies und Entz\u00fcndungen im Mund.<\/p>\n<p>[\/et_pb_text][\/et_pb_column][\/et_pb_row][et_pb_row column_structure=&#8221;1_3,2_3&#8243; _builder_version=&#8221;4.27.4&#8243; _module_preset=&#8221;default&#8221; global_colors_info=&#8221;{}&#8221;][et_pb_column type=&#8221;1_3&#8243; _builder_version=&#8221;4.27.4&#8243; _module_preset=&#8221;default&#8221; global_colors_info=&#8221;{}&#8221;][et_pb_image src=&#8221;https:\/\/vorlage.roeser-webseiten.de\/bhp-template-13\/wp-content\/uploads\/sites\/28\/2023\/10\/shutterstock_507805258.jpg&#8221; alt=&#8221;Zahn\u00adrestauration &#038; Zahnersatz&#8221; title_text=&#8221;shutterstock_507805258&#8243; _builder_version=&#8221;4.27.4&#8243; _module_preset=&#8221;default&#8221; global_colors_info=&#8221;{}&#8221;][\/et_pb_image][\/et_pb_column][et_pb_column type=&#8221;2_3&#8243; _builder_version=&#8221;4.27.4&#8243; _module_preset=&#8221;default&#8221; global_colors_info=&#8221;{}&#8221;][et_pb_text _builder_version=&#8221;4.27.4&#8243; _module_preset=&#8221;default&#8221; global_colors_info=&#8221;{}&#8221; max_width=&#8221;720px&#8221;]<\/p>\n<h3>Zahn\u00adrestauration &amp; Zahnersatz<\/h3>\n<p>Wenn wir Reparaturen oder Austausche durchf\u00fchren m\u00fcssen, verwenden wir verschiedene Materialien wie Inlays, Onlays, Kronen, Br\u00fccken und Implantate. Unser eigenes Labor erm\u00f6glicht es uns, moderne Inlays, Onlays und Implantatkronen direkt bei uns herzustellen. Das bedeutet f\u00fcr Sie: kein langes Warten auf neue Z\u00e4hne!\u00a0<\/p>\n<p>&nbsp;<\/p>\n<p>[\/et_pb_text][\/et_pb_column][\/et_pb_row][\/et_pb_section][et_pb_section fb_built=&#8221;1&#8243; _builder_version=&#8221;4.27.4&#8243; _module_preset=&#8221;default&#8221; locked=&#8221;off&#8221; global_colors_info=&#8221;{}&#8221;][et_pb_row _builder_version=&#8221;4.21.0&#8243; _module_preset=&#8221;default&#8221; global_colors_info=&#8221;{}&#8221;][et_pb_column type=&#8221;4_4&#8243; _builder_version=&#8221;4.21.0&#8243; _module_preset=&#8221;default&#8221; global_colors_info=&#8221;{}&#8221;][et_pb_cta title=&#8221;Ein sch\u00f6nes L\u00e4cheln \u2013 das ist unser Ziel!&#8221; button_url=&#8221;#&#8221; button_text=&#8221;Termin vereinbaren&#8221; _builder_version=&#8221;4.27.4&#8243; _module_preset=&#8221;default&#8221; background_color=&#8221;#3e5c76&#8243; custom_button=&#8221;on&#8221; button_text_color=&#8221;#275187&#8243; button_bg_color=&#8221;#FFFFFF&#8221; max_width=&#8221;750px&#8221; module_alignment=&#8221;center&#8221; global_colors_info=&#8221;{}&#8221;]<\/p>\n<p>Durch unsere umfangreichen Leistungen rund um das Thema Zahngesundheit unterst\u00fctzen wir Sie bei der Erhaltung Ihrer Zahngesundheit. Vereinbaren Sie noch heute einen Termin bei uns im Praxis und wir beraten Sie gerne.<\/p>\n<p>[\/et_pb_cta][\/et_pb_column][\/et_pb_row][\/et_pb_section]<\/p>\n","protected":false},"excerpt":{"rendered":"<p>Individuellen Leistungen f\u00fcr Ihre Zahngesundheit Ihre Zahngesundheit und Bed\u00fcrfnisse stehen im Mittelpunkt unserer Leistungen. Um ganz individuell auf unsere Patienten eingehen zu k\u00f6nnen, bieten wir ein breites Leistungsspektrum. Ihre W\u00fcnsche als Patient und der medizinische Befund bieten die Grundlage Ihres individuellen Behandlungsplans. Unsere hochmoderne Ausstattung, das fundierte Wissen unserer Zahn\u00e4rzte sowie unser freundliches, offenes Team stehen Ihnen stets zur Seite.BehandlungsspektrumVorsorge &amp; Prophylaxe Damit Ihre Z\u00e4hne immer fit und robust bleiben, ist es unbedingt erforderlich, sich regelm\u00e4\u00dfig vom Zahnarzt kontrollieren zu lassen. Dadurch k\u00f6nnen Sie vermeiden, dass unwiderrufliche Sch\u00e4den auftreten und m\u00f6gliche Krankheiten fr\u00fchzeitig erkannt werden.\u00a0Kinderzahn\u00adheilkunde Der Besuch beim Zahnarzt kann f\u00fcr Kinder oft eine stressige Erfahrung sein, daher ist es f\u00fcr uns wichtig, die Bed\u00fcrfnisse und \u00c4ngste der jungen Patienten zu verstehen und ihnen dabei zu helfen, sich wohl und sicher zu f\u00fchlen.Zahn\u00adreinigung Eine gr\u00fcndliche Zahnreinigung von Fachleuten kann dazu beitragen, die nat\u00fcrlichen Bei\u00dfer zu sch\u00fctzen und ihre \u00e4sthetische Sch\u00f6nheit \u00fcber viele Jahre hinweg zu erhalten. Sie ist eine effektive Erg\u00e4nzung zur t\u00e4glichen Zahnpflege und spielt eine wichtige Rolle bei der Verhinderung von Karies und Entz\u00fcndungen im Mund.Zahn\u00adrestauration &amp; Zahnersatz Wenn wir Reparaturen oder Austausche durchf\u00fchren m\u00fcssen, verwenden wir verschiedene Materialien wie Inlays, Onlays, Kronen, Br\u00fccken und Implantate. Unser eigenes Labor erm\u00f6glicht es uns, moderne Inlays, Onlays und Implantatkronen direkt bei uns herzustellen. Das bedeutet f\u00fcr Sie: kein langes Warten<\/p>\n<div class=\"view-full-post\"><a href=\"https:\/\/vorlage.roeser-webseiten.de\/bhp-template-13\/unsere-leistungen\/\" class=\"view-full-post-btn\">View Full Post<\/a><\/div>\n<p>;<\/p>\n","protected":false},"author":1,"featured_media":0,"parent":0,"menu_order":0,"comment_status":"closed","ping_status":"closed","template":"","meta":{"_et_pb_use_builder":"on","_et_pb_old_content":"","_et_gb_content_width":"","footnotes":""},"class_list":["post-2629","page","type-page","status-publish","hentry"],"aioseo_notices":[],"_links":{"self":[{"href":"https:\/\/vorlage.roeser-webseiten.de\/bhp-template-13\/wp-json\/wp\/v2\/pages\/2629","targetHints":{"allow":["GET"]}}],"collection":[{"href":"https:\/\/vorlage.roeser-webseiten.de\/bhp-template-13\/wp-json\/wp\/v2\/pages"}],"about":[{"href":"https:\/\/vorlage.roeser-webseiten.de\/bhp-template-13\/wp-json\/wp\/v2\/types\/page"}],"author":[{"embeddable":true,"href":"https:\/\/vorlage.roeser-webseiten.de\/bhp-template-13\/wp-json\/wp\/v2\/users\/1"}],"replies":[{"embeddable":true,"href":"https:\/\/vorlage.roeser-webseiten.de\/bhp-template-13\/wp-json\/wp\/v2\/comments?post=2629"}],"version-history":[{"count":3,"href":"https:\/\/vorlage.roeser-webseiten.de\/bhp-template-13\/wp-json\/wp\/v2\/pages\/2629\/revisions"}],"predecessor-version":[{"id":5404,"href":"https:\/\/vorlage.roeser-webseiten.de\/bhp-template-13\/wp-json\/wp\/v2\/pages\/2629\/revisions\/5404"}],"wp:attachment":[{"href":"https:\/\/vorlage.roeser-webseiten.de\/bhp-template-13\/wp-json\/wp\/v2\/media?parent=2629"}],"curies":[{"name":"wp","href":"https:\/\/api.w.org\/{rel}","templated":true}]}}