{"id":585,"date":"2022-08-15T10:01:07","date_gmt":"2022-08-15T08:01:07","guid":{"rendered":"https:\/\/roeser-webseiten.de\/malerziegler\/?page_id=585"},"modified":"2025-04-01T16:23:06","modified_gmt":"2025-04-01T14:23:06","slug":"fassadengestaltung","status":"publish","type":"page","link":"https:\/\/vorlage.roeser-webseiten.de\/bhp-template-11\/leistungen\/fassadengestaltung\/","title":{"rendered":"Fassadengestaltung"},"content":{"rendered":"<p>[et_pb_section fb_built=&#8221;1&#8243; fullwidth=&#8221;on&#8221; _builder_version=&#8221;4.21.0&#8243; _module_preset=&#8221;default&#8221; max_height=&#8221;480px&#8221; max_height_tablet=&#8221;480px&#8221; max_height_phone=&#8221;480px&#8221; max_height_last_edited=&#8221;on|tablet&#8221; custom_margin=&#8221;12px|0px|12px|0px|true|false&#8221; custom_margin_tablet=&#8221;10px|0px|10px|0px|true|true&#8221; custom_margin_phone=&#8221;10px|0px|5px|0px|false|true&#8221; custom_margin_last_edited=&#8221;on|tablet&#8221; custom_padding=&#8221;0px||0px||true|false&#8221; box_shadow_style=&#8221;preset3&#8243; box_shadow_vertical=&#8221;6px&#8221; box_shadow_blur=&#8221;12px&#8221; box_shadow_color=&#8221;rgba(7,58,78,0.23)&#8221; global_colors_info=&#8221;{}&#8221;][et_pb_fullwidth_image src=&#8221;https:\/\/vorlage.roeser-webseiten.de\/bhp-template-11\/wp-content\/uploads\/sites\/26\/2023\/10\/shutterstock_1724780140.jpg&#8221; title_text=&#8221;shutterstock_1724780140&#8243; _builder_version=&#8221;4.21.0&#8243; _module_preset=&#8221;default&#8221; global_colors_info=&#8221;{}&#8221;][\/et_pb_fullwidth_image][\/et_pb_section][et_pb_section fb_built=&#8221;1&#8243; admin_label=&#8221;Einleitung &#8221; _builder_version=&#8221;4.21.0&#8243; _module_preset=&#8221;default&#8221; background_color=&#8221;rgba(255,255,255,0.82)&#8221; z_index=&#8221;1&#8243; custom_margin=&#8221;12px|0px|12px|30px|true|false&#8221; custom_margin_tablet=&#8221;10px|12px|10px|12px|true|true&#8221; custom_margin_phone=&#8221;10px|5px|10px|5px|true|true&#8221; custom_margin_last_edited=&#8221;on|phone&#8221; custom_padding=&#8221;||||false|false&#8221; animation_style=&#8221;fade&#8221; background_last_edited=&#8221;on|phone&#8221; background_mask_color_tablet=&#8221;#F4A261&#8243; background_mask_color_phone=&#8221;#F4A261&#8243; background_mask_transform_phone=&#8221;invert|flip_vertical&#8221; background_mask_aspect_ratio_phone=&#8221;portrait&#8221; background_mask_position_phone=&#8221;top_right&#8221; background_mask_horizontal_offset_tablet=&#8221;0%&#8221; box_shadow_style=&#8221;preset3&#8243; box_shadow_horizontal=&#8221;3px&#8221; box_shadow_vertical=&#8221;6px&#8221; box_shadow_blur=&#8221;12px&#8221; box_shadow_spread=&#8221;-3px&#8221; box_shadow_color=&#8221;rgba(41,50,65,0.23)&#8221; global_colors_info=&#8221;{}&#8221;][et_pb_row custom_padding_last_edited=&#8221;on|phone&#8221; _builder_version=&#8221;4.21.0&#8243; _module_preset=&#8221;default&#8221; width_phone=&#8221;90%&#8221; width_last_edited=&#8221;off|desktop&#8221; custom_padding_tablet=&#8221;12px||12px||true|false&#8221; custom_padding_phone=&#8221;12px||12px||true|false&#8221; global_colors_info=&#8221;{}&#8221;][et_pb_column type=&#8221;4_4&#8243; _builder_version=&#8221;4.17.6&#8243; _module_preset=&#8221;default&#8221; global_colors_info=&#8221;{}&#8221;][et_pb_text _builder_version=&#8221;4.21.0&#8243; _module_preset=&#8221;default&#8221; custom_padding_phone=&#8221;|||12px|false|false&#8221; custom_padding_last_edited=&#8221;off|phone&#8221; global_colors_info=&#8221;{}&#8221; max_width=&#8221;720px&#8221;]<\/p>\n<h1>Fassadengestaltung vom Profi<\/h1>\n<p>Wir stehen Ihnen gerne zur Verf\u00fcgung und k\u00fcmmern uns um die Gestaltung der Fassade Ihrer Immobilie. Wir helfen Ihnen dabei, Ihr Haus wieder in vollem Glanz erstrahlen zu lassen! Sie k\u00f6nnen uns sowohl f\u00fcr Sanierungsprojekte als auch f\u00fcr Neubauten kontaktieren. Unsere kompetente Beratung bez\u00fcglich Farben und Materialien stellt sicher, dass Sie die richtige Wahl f\u00fcr Ihr Haus treffen.<\/p>\n<p>Die \u00e4u\u00dfere Optik Ihres Hauses wird nicht nur durch den Au\u00dfenanstrich bestimmt, sondern er bietet auch einen wichtigen Schutz vor sch\u00e4dlichen Witterungseinfl\u00fcssen. Um Sch\u00e4den wie Risse, abbl\u00e4tternde Farbe oder verblasste T\u00f6ne zu verhindern, empfehlen wir Ihnen dringend, die Fassade alle 10 bis 15 Jahre neu zu streichen.<\/p>\n<p>[\/et_pb_text][\/et_pb_column][\/et_pb_row][\/et_pb_section][et_pb_section fb_built=&#8221;1&#8243; _builder_version=&#8221;4.21.0&#8243; _module_preset=&#8221;default&#8221; background_color=&#8221;rgba(255,255,255,0.82)&#8221; background_enable_pattern_style=&#8221;on&#8221; background_pattern_style=&#8221;diagonal-stripes-2&#8243; background_pattern_color=&#8221;rgba(7,56,78,0.025)&#8221; background_pattern_size=&#8221;custom&#8221; background_pattern_width=&#8221;0.01%&#8221; z_index=&#8221;1&#8243; custom_margin=&#8221;12px|30px|12px|0px|true|false&#8221; custom_margin_tablet=&#8221;10px|12px|10px|12px|true|true&#8221; custom_margin_phone=&#8221;10px|5px|10px|5px|true|true&#8221; custom_margin_last_edited=&#8221;on|desktop&#8221; custom_padding=&#8221;||||false|false&#8221; animation_style=&#8221;fade&#8221; background_last_edited=&#8221;on|phone&#8221; background_mask_color_tablet=&#8221;#F4A261&#8243; background_mask_color_phone=&#8221;#F4A261&#8243; background_mask_transform_phone=&#8221;invert|flip_vertical&#8221; background_mask_aspect_ratio_phone=&#8221;portrait&#8221; background_mask_position_phone=&#8221;top_right&#8221; background_mask_horizontal_offset_tablet=&#8221;0%&#8221; box_shadow_style=&#8221;preset3&#8243; box_shadow_horizontal=&#8221;3px&#8221; box_shadow_vertical=&#8221;6px&#8221; box_shadow_blur=&#8221;12px&#8221; box_shadow_spread=&#8221;-3px&#8221; box_shadow_color=&#8221;rgba(41,50,65,0.23)&#8221; global_colors_info=&#8221;{}&#8221;][et_pb_row column_structure=&#8221;3_5,2_5&#8243; module_class=&#8221;swap-on-mobile&#8221; _builder_version=&#8221;4.21.0&#8243; _module_preset=&#8221;default&#8221; global_colors_info=&#8221;{}&#8221;][et_pb_column type=&#8221;3_5&#8243; _builder_version=&#8221;4.21.0&#8243; _module_preset=&#8221;default&#8221; global_colors_info=&#8221;{}&#8221;][dipi_before_after_slider before_image=&#8221;https:\/\/vorlage.roeser-webseiten.de\/bhp-template-11\/wp-content\/uploads\/sites\/26\/2023\/10\/shutterstock_2199271945.jpg&#8221; before_image_alt=&#8221;Vorher&#8221; after_image=&#8221;https:\/\/vorlage.roeser-webseiten.de\/bhp-template-11\/wp-content\/uploads\/sites\/26\/2023\/10\/shutterstock_2297248033.jpg&#8221; after_image_alt=&#8221;Nachher&#8221; before_label_bg_color=&#8221;RGBA(255,255,255,0)&#8221; after_label_bg_color=&#8221;RGBA(255,255,255,0)&#8221; overlay_color=&#8221;rgba(7,56,78,0.67)&#8221; slider_width=&#8221;6px&#8221; slider_handle_bg_color=&#8221;#118AB2&#8243; handle_circle_size=&#8221;48px&#8221; slider_width_tablet=&#8221;4px&#8221; slider_width_phone=&#8221;3px&#8221; slider_width_last_edited=&#8221;on|desktop&#8221; handle_circle_size_tablet=&#8221;42px&#8221; handle_circle_size_phone=&#8221;32px&#8221; handle_circle_size_last_edited=&#8221;on|phone&#8221; handle_circle_border_width_tablet=&#8221;3px&#8221; handle_circle_border_width_phone=&#8221;2px&#8221; handle_circle_border_width_last_edited=&#8221;on|phone&#8221; _builder_version=&#8221;4.21.0&#8243; _module_preset=&#8221;default&#8221; global_colors_info=&#8221;{}&#8221;][\/dipi_before_after_slider][\/et_pb_column][et_pb_column type=&#8221;2_5&#8243; _builder_version=&#8221;4.21.0&#8243; _module_preset=&#8221;default&#8221; global_colors_info=&#8221;{}&#8221;][et_pb_text _builder_version=&#8221;4.27.2&#8243; _module_preset=&#8221;default&#8221; global_colors_info=&#8221;{}&#8221;]<\/p>\n<h2>Verleihen Sie Ihrem Haus neuen Glanz<\/h2>\n<p><strong>Entdecken Sie die Vielfalt der Fassadengestaltung Vorher-Nachher<\/strong><\/p>\n<p>Wenn Sie auf der Suche nach Inspiration f\u00fcr die Gestaltung der Fassade Ihres Hauses sind, dann sollten Sie sich eine Auswahl an Vorher-Nachher Bildern von Fassadengestaltungen ansehen. Diese Bilder k\u00f6nnen Ihnen helfen, Ideen zu sammeln und zu visualisieren, wie Ihr Haus nach einer Renovierung aussehen k\u00f6nnte. Von der Wahl der Farben bis hin zu den Materialien gibt es viele M\u00f6glichkeiten, um Ihrem Haus einen neuen Look zu verleihen.<\/p>\n<p>[\/et_pb_text][\/et_pb_column][\/et_pb_row][\/et_pb_section][et_pb_section fb_built=&#8221;1&#8243; admin_label=&#8221;CTA&#8221; module_class=&#8221;cta&#8221; _builder_version=&#8221;4.21.0&#8243; _module_preset=&#8221;default&#8221; background_color=&#8221;#FFD166&#8243; background_enable_mask_style=&#8221;on&#8221; background_mask_style=&#8221;diagonal-bars&#8221; background_mask_color=&#8221;#FFFFFF&#8221; background_mask_transform=&#8221;invert&#8221; background_mask_aspect_ratio=&#8221;portrait&#8221; background_mask_size=&#8221;contain&#8221; background_mask_position=&#8221;center_right&#8221; custom_margin=&#8221;12px|0px|12px|30px|true|false&#8221; custom_margin_tablet=&#8221;10px|12px|10px|12px|true|false&#8221; custom_margin_phone=&#8221;5px|5px|5px|5px|true|false&#8221; custom_margin_last_edited=&#8221;on|phone&#8221; custom_padding=&#8221;||||false|false&#8221; animation_style=&#8221;slide&#8221; animation_direction=&#8221;right&#8221; animation_delay=&#8221;200ms&#8221; background_last_edited=&#8221;on|phone&#8221; background_mask_color_phone=&#8221;#FFFFFF&#8221; background_mask_transform_phone=&#8221;invert|flip_horizontal|flip_vertical&#8221; background_mask_size_tablet=&#8221;custom&#8221; background_mask_width_tablet=&#8221;320px&#8221; background_mask_width_phone=&#8221;280px&#8221; background_mask_height_tablet=&#8221;100%&#8221; background_mask_position_phone=&#8221;bottom_right&#8221; box_shadow_style=&#8221;preset3&#8243; box_shadow_horizontal=&#8221;3px&#8221; box_shadow_vertical=&#8221;6px&#8221; box_shadow_blur=&#8221;12px&#8221; box_shadow_spread=&#8221;-3px&#8221; box_shadow_color=&#8221;rgba(41,50,65,0.23)&#8221; global_colors_info=&#8221;{}&#8221;][et_pb_row custom_padding_last_edited=&#8221;on|tablet&#8221; _builder_version=&#8221;4.17.6&#8243; _module_preset=&#8221;default&#8221; width_tablet=&#8221;&#8221; width_phone=&#8221;90%&#8221; width_last_edited=&#8221;on|phone&#8221; custom_padding_tablet=&#8221;12px||12px||true|false&#8221; custom_padding_phone=&#8221;12px||12px||true|false&#8221; global_colors_info=&#8221;{}&#8221; width__hover_enabled=&#8221;off|desktop&#8221;][et_pb_column type=&#8221;4_4&#8243; _builder_version=&#8221;4.17.6&#8243; _module_preset=&#8221;default&#8221; global_colors_info=&#8221;{}&#8221;][et_pb_cta title=&#8221;Qualit\u00e4t und Erfahrung f\u00fcr Ihr Projekt&#8221; button_url=&#8221;#&#8221; button_text=&#8221;Starten wir Ihr Projekt!&#8221; _builder_version=&#8221;4.27.4&#8243; _module_preset=&#8221;default&#8221; header_text_color=&#8221;#025F81&#8243; background_layout=&#8221;light&#8221; hover_enabled=&#8221;0&#8243; global_colors_info=&#8221;{}&#8221; max_width=&#8221;720px&#8221; module_alignment=&#8221;center&#8221; sticky_enabled=&#8221;0&#8243; locked=&#8221;off&#8221;]<\/p>\n<p>Unsere langj\u00e4hrige Expertise verbunden mit Kreativit\u00e4t und innovativen Techniken machen uns zu einem verl\u00e4sslichen Partner f\u00fcr Ihre Projekte. Kontaktieren Sie uns noch heute, um einen Termin f\u00fcr eine kostenlose Beratung zu vereinbaren.<\/p>\n<p>[\/et_pb_cta][\/et_pb_column][\/et_pb_row][\/et_pb_section]<\/p>\n","protected":false},"excerpt":{"rendered":"<p>Fassadengestaltung vom Profi Wir stehen Ihnen gerne zur Verf\u00fcgung und k\u00fcmmern uns um die Gestaltung der Fassade Ihrer Immobilie. Wir helfen Ihnen dabei, Ihr Haus wieder in vollem Glanz erstrahlen zu lassen! Sie k\u00f6nnen uns sowohl f\u00fcr Sanierungsprojekte als auch f\u00fcr Neubauten kontaktieren. Unsere kompetente Beratung bez\u00fcglich Farben und Materialien stellt sicher, dass Sie die richtige Wahl f\u00fcr Ihr Haus treffen. Die \u00e4u\u00dfere Optik Ihres Hauses wird nicht nur durch den Au\u00dfenanstrich bestimmt, sondern er bietet auch einen wichtigen Schutz vor sch\u00e4dlichen Witterungseinfl\u00fcssen. Um Sch\u00e4den wie Risse, abbl\u00e4tternde Farbe oder verblasste T\u00f6ne zu verhindern, empfehlen wir Ihnen dringend, die Fassade alle 10 bis 15 Jahre neu zu streichen.<div class=\"et_pb_module dipi_before_after_slider dipi_before_after_slider_0\">\n\t\t\t\t\n\t\t\t\t\n\t\t\t\t\n\t\t\t\t\n\t\t\t\t\n\t\t\t\t\n\t\t\t\t<div class=\"et_pb_module_inner\">\n\t\t\t\t\t<div class=\"dipi_before_after_slider_container  triangle-handle_icon show_on_hover-overlay\" data-options=\"{&quot;before_image&quot;:&quot;https:\\\/\\\/vorlage.roeser-webseiten.de\\\/bhp-template-11\\\/wp-content\\\/uploads\\\/sites\\\/26\\\/2023\\\/10\\\/shutterstock_2199271945.jpg&quot;,&quot;before_image_alt&quot;:&quot;Vorher&quot;,&quot;before_label&quot;:&quot;Before&quot;,&quot;after_image&quot;:&quot;https:\\\/\\\/vorlage.roeser-webseiten.de\\\/bhp-template-11\\\/wp-content\\\/uploads\\\/sites\\\/26\\\/2023\\\/10\\\/shutterstock_2297248033.jpg&quot;,&quot;after_image_alt&quot;:&quot;Nachher&quot;,&quot;after_label&quot;:&quot;After&quot;,&quot;offset&quot;:&quot;50&quot;,&quot;direction&quot;:&quot;horizontal&quot;,&quot;move_slider&quot;:&quot;on_click&quot;}\">\n            <\/div>\n\t\t\t\t<\/div>\n\t\t\t<\/div>Verleihen Sie Ihrem Haus neuen Glanz Entdecken Sie die Vielfalt der Fassadengestaltung Vorher-Nachher Wenn Sie auf der Suche nach Inspiration f\u00fcr die Gestaltung der Fassade Ihres Hauses sind, dann sollten Sie sich eine Auswahl an Vorher-Nachher Bildern von Fassadengestaltungen ansehen. Diese Bilder k\u00f6nnen Ihnen helfen, Ideen zu sammeln und zu visualisieren, wie Ihr Haus nach einer Renovierung aussehen k\u00f6nnte. Von der Wahl der Farben bis hin zu den Materialien gibt es viele M\u00f6glichkeiten, um Ihrem Haus einen neuen Look zu verleihen.Unsere langj\u00e4hrige Expertise verbunden mit Kreativit\u00e4t und innovativen Techniken machen uns<\/p>\n<div class=\"view-full-post\"><a href=\"https:\/\/vorlage.roeser-webseiten.de\/bhp-template-11\/leistungen\/fassadengestaltung\/\" class=\"view-full-post-btn\">View Full Post<\/a><\/div>\n<p>;<\/p>\n","protected":false},"author":1,"featured_media":0,"parent":16,"menu_order":0,"comment_status":"closed","ping_status":"closed","template":"","meta":{"_et_pb_use_builder":"on","_et_pb_old_content":"","_et_gb_content_width":"","footnotes":""},"class_list":["post-585","page","type-page","status-publish","hentry"],"aioseo_notices":[],"_links":{"self":[{"href":"https:\/\/vorlage.roeser-webseiten.de\/bhp-template-11\/wp-json\/wp\/v2\/pages\/585","targetHints":{"allow":["GET"]}}],"collection":[{"href":"https:\/\/vorlage.roeser-webseiten.de\/bhp-template-11\/wp-json\/wp\/v2\/pages"}],"about":[{"href":"https:\/\/vorlage.roeser-webseiten.de\/bhp-template-11\/wp-json\/wp\/v2\/types\/page"}],"author":[{"embeddable":true,"href":"https:\/\/vorlage.roeser-webseiten.de\/bhp-template-11\/wp-json\/wp\/v2\/users\/1"}],"replies":[{"embeddable":true,"href":"https:\/\/vorlage.roeser-webseiten.de\/bhp-template-11\/wp-json\/wp\/v2\/comments?post=585"}],"version-history":[{"count":1,"href":"https:\/\/vorlage.roeser-webseiten.de\/bhp-template-11\/wp-json\/wp\/v2\/pages\/585\/revisions"}],"predecessor-version":[{"id":2026,"href":"https:\/\/vorlage.roeser-webseiten.de\/bhp-template-11\/wp-json\/wp\/v2\/pages\/585\/revisions\/2026"}],"up":[{"embeddable":true,"href":"https:\/\/vorlage.roeser-webseiten.de\/bhp-template-11\/wp-json\/wp\/v2\/pages\/16"}],"wp:attachment":[{"href":"https:\/\/vorlage.roeser-webseiten.de\/bhp-template-11\/wp-json\/wp\/v2\/media?parent=585"}],"curies":[{"name":"wp","href":"https:\/\/api.w.org\/{rel}","templated":true}]}}