{"id":24,"date":"2022-08-08T15:48:23","date_gmt":"2022-08-08T13:48:23","guid":{"rendered":"https:\/\/roeser-webseiten.de\/malerziegler\/?page_id=24"},"modified":"2022-08-08T15:48:23","modified_gmt":"2022-08-08T13:48:23","slug":"impressum","status":"publish","type":"page","link":"https:\/\/vorlage.roeser-webseiten.de\/bhp-template-11\/impressum\/","title":{"rendered":"Impressum"},"content":{"rendered":"<p>[et_pb_section fb_built=&#8221;1&#8243; custom_padding_last_edited=&#8221;off|desktop&#8221; admin_label=&#8221;Einleitung&#8221; module_id=&#8221;intro&#8221; _builder_version=&#8221;4.21.0&#8243; _module_preset=&#8221;default&#8221; background_color=&#8221;rgba(255,255,255,0.98)&#8221; z_index=&#8221;1&#8243; custom_margin=&#8221;12px|0px|12px|30px|true|false&#8221; custom_margin_tablet=&#8221;10px|12px|10px|12px|true|true&#8221; custom_margin_phone=&#8221;10px|5px|10px|5px|true|true&#8221; custom_margin_last_edited=&#8221;on|desktop&#8221; custom_padding=&#8221;||||false|false&#8221; custom_padding_tablet=&#8221;||40px||false|false&#8221; custom_padding_phone=&#8221;||40px||false|false&#8221; animation_style=&#8221;fade&#8221; animation_direction=&#8221;right&#8221; background_last_edited=&#8221;off|phone&#8221; background_mask_color_tablet=&#8221;#F4A261&#8243; background_mask_color_phone=&#8221;#F4A261&#8243; background_mask_transform_phone=&#8221;invert|flip_vertical&#8221; background_mask_aspect_ratio_tablet=&#8221;portrait&#8221; background_mask_aspect_ratio_phone=&#8221;portrait&#8221; background_mask_size_tablet=&#8221;custom&#8221; background_mask_width_tablet=&#8221;33%&#8221; background_mask_width_phone=&#8221;40%&#8221; background_mask_position_tablet=&#8221;top_right&#8221; background_mask_position_phone=&#8221;top_right&#8221; background_mask_horizontal_offset_tablet=&#8221;0%&#8221; animation_direction_tablet=&#8221;left&#8221; animation_direction_phone=&#8221;left&#8221; animation_direction_last_edited=&#8221;on|phone&#8221; border_radii=&#8221;off|2px|2px|10px|21px&#8221; box_shadow_style=&#8221;preset3&#8243; box_shadow_vertical=&#8221;6px&#8221; box_shadow_blur=&#8221;12px&#8221; box_shadow_spread=&#8221;-3px&#8221; box_shadow_color=&#8221;rgba(7,68,78,0.23)&#8221; global_colors_info=&#8221;{}&#8221;][et_pb_row custom_padding_last_edited=&#8221;on|phone&#8221; _builder_version=&#8221;4.21.0&#8243; _module_preset=&#8221;default&#8221; width_phone=&#8221;90%&#8221; width_last_edited=&#8221;off|desktop&#8221; custom_padding_tablet=&#8221;12px||12px||true|false&#8221; custom_padding_phone=&#8221;12px||12px||true|false&#8221; global_colors_info=&#8221;{}&#8221;][et_pb_column type=&#8221;4_4&#8243; _builder_version=&#8221;4.17.6&#8243; _module_preset=&#8221;default&#8221; global_colors_info=&#8221;{}&#8221;][et_pb_text module_class=&#8221;h2pb&#8221; _builder_version=&#8221;4.24.2&#8243; _module_preset=&#8221;default&#8221; max_width_tablet=&#8221;800px&#8221; max_width_phone=&#8221;100%&#8221; max_width_last_edited=&#8221;off|desktop&#8221; custom_padding_tablet=&#8221;&#8221; custom_padding_phone=&#8221;|||12px|false|false&#8221; custom_padding_last_edited=&#8221;on|phone&#8221; hover_enabled=&#8221;0&#8243; global_colors_info=&#8221;{}&#8221; sticky_enabled=&#8221;0&#8243;]<\/p>\n<h1>Impressum<\/h1>\n<p>Rudolf R\u00f6ser Verlag und Informationsdienste AG<br \/>Fritz-Erler-Stra\u00dfe 25<br \/>76133 Karlsruhe<\/p>\n<p><strong>Vertreten durch:<\/strong><br \/>Patrick H\u00fcnemohr, Johannes R\u00f6ser, Robert R\u00f6ser, Annette R\u00f6ser-Letizky<\/p>\n<p><strong>Vorsitzender des Aufsichtsrats:<\/strong><br \/>Dr. Michael L\u00fcck<\/p>\n<h2>Kontakt<\/h2>\n<p>Telefon: 07 21 \/ 37 19-0<br \/>Telefax: 07 21 \/ 37 19-300<br \/>E-Mail: info@roeser-medienhaus.de<\/p>\n<h2>Umsatzsteuer-ID<\/h2>\n<p>Umsatzsteuer-Identifikationsnummer gem\u00e4\u00df \u00a7 27 a Umsatzsteuergesetz:<br \/>DE 175 999 802<\/p>\n<h2>Verbraucher\u00adstreit\u00adbeilegung\/Universal\u00adschlichtungs\u00adstelle<\/h2>\n<p>Wir sind nicht bereit oder verpflichtet, an Streitbeilegungsverfahren vor einer Verbraucherschlichtungsstelle teilzunehmen.<\/p>\n<p>[\/et_pb_text][\/et_pb_column][\/et_pb_row][\/et_pb_section][et_pb_section fb_built=&#8221;1&#8243; custom_padding_last_edited=&#8221;off|desktop&#8221; admin_label=&#8221;Bildnachweis&#8221; module_id=&#8221;leistungen&#8221; module_class=&#8221;h-p-0 &#8221; _builder_version=&#8221;4.21.0&#8243; _module_preset=&#8221;default&#8221; background_color=&#8221;#FFD166&#8243; background_enable_mask_style=&#8221;on&#8221; background_mask_style=&#8221;diagonal-bars&#8221; background_mask_color=&#8221;#FFFFFF&#8221; background_mask_transform=&#8221;invert&#8221; background_mask_aspect_ratio=&#8221;portrait&#8221; background_mask_size=&#8221;contain&#8221; background_mask_position=&#8221;center_right&#8221; z_index=&#8221;1&#8243; custom_margin=&#8221;12px|30px|12px|0px|true|false&#8221; custom_margin_tablet=&#8221;10px|12px|10px|12px|true|true&#8221; custom_margin_phone=&#8221;5px|5px|5px|5px|true|true&#8221; custom_margin_last_edited=&#8221;on|phone&#8221; custom_padding_tablet=&#8221;30px||40px||false|false&#8221; custom_padding_phone=&#8221;||30px||false|false&#8221; animation_style=&#8221;fade&#8221; animation_direction=&#8221;bottom&#8221; background_last_edited=&#8221;on|phone&#8221; background_enable_mask_style_tablet=&#8221;on&#8221; background_mask_style_tablet=&#8221;diagonal-bars&#8221; background_mask_color_tablet=&#8221;#FFFFFF&#8221; background_mask_color_phone=&#8221;#FFFFFF&#8221; background_mask_transform_tablet=&#8221;invert|flip_vertical|flip_horizontal&#8221; background_mask_transform_phone=&#8221;invert&#8221; background_mask_size_tablet=&#8221;custom&#8221; background_mask_size_phone=&#8221;custom&#8221; background_mask_width_tablet=&#8221;320px&#8221; background_mask_width_phone=&#8221;320px&#8221; background_mask_height_tablet=&#8221;100%&#8221; background_mask_height_phone=&#8221;100%&#8221; background_mask_position_tablet=&#8221;bottom_right&#8221; background_mask_position_phone=&#8221;bottom_right&#8221; border_radii=&#8221;off|2px|21px|10px|2px&#8221; box_shadow_style=&#8221;preset3&#8243; box_shadow_vertical=&#8221;6px&#8221; box_shadow_blur=&#8221;12px&#8221; box_shadow_color=&#8221;rgba(7,68,78,0.23)&#8221; locked=&#8221;off&#8221; global_colors_info=&#8221;{}&#8221;][et_pb_row column_structure=&#8221;3_5,2_5&#8243; use_custom_gutter=&#8221;on&#8221; custom_padding_last_edited=&#8221;off|desktop&#8221; _builder_version=&#8221;4.21.0&#8243; _module_preset=&#8221;default&#8221; width_phone=&#8221;90%&#8221; width_last_edited=&#8221;off|desktop&#8221; custom_padding=&#8221;||||false|false&#8221; custom_padding_tablet=&#8221;12px||||false|false&#8221; custom_padding_phone=&#8221;12px||||false|false&#8221; global_colors_info=&#8221;{}&#8221;][et_pb_column type=&#8221;3_5&#8243; _builder_version=&#8221;4.17.6&#8243; _module_preset=&#8221;default&#8221; global_colors_info=&#8221;{}&#8221;][et_pb_text _builder_version=&#8221;4.21.0&#8243; _module_preset=&#8221;default&#8221; header_2_text_color=&#8221;#118AB2&#8243; max_width_last_edited=&#8221;off|desktop&#8221; custom_padding_phone=&#8221;|||12px|false|false&#8221; custom_padding_last_edited=&#8221;off|desktop&#8221; text_orientation_tablet=&#8221;left&#8221; text_orientation_phone=&#8221;left&#8221; text_orientation_last_edited=&#8221;off|desktop&#8221; module_alignment_tablet=&#8221;center&#8221; module_alignment_phone=&#8221;center&#8221; module_alignment_last_edited=&#8221;off|desktop&#8221; global_colors_info=&#8221;{}&#8221;]<\/p>\n<h2>Bildnachweis<\/h2>\n<p><strong>Shutterstock<\/strong><\/p>\n<p>[\/et_pb_text][\/et_pb_column][et_pb_column type=&#8221;2_5&#8243; _builder_version=&#8221;4.21.0&#8243; _module_preset=&#8221;default&#8221; custom_padding=&#8221;||||false|false&#8221; global_colors_info=&#8221;{}&#8221;][et_pb_text module_class=&#8221;et_pb_orange_background h2&#8243; _builder_version=&#8221;4.24.2&#8243; _module_preset=&#8221;default&#8221; header_3_text_color=&#8221;#118AB2&#8243; hover_enabled=&#8221;0&#8243; global_colors_info=&#8221;{}&#8221; sticky_enabled=&#8221;0&#8243;]<\/p>\n<h3>Design &amp; Umsetzung<\/h3>\n<p>R\u00f6ser Medienhaus<br \/>Fritz-Erler-Stra\u00dfe 25<br \/>76133 Karlsruhe<\/p>\n<p>Telefon 0721 \/ 3719-0<br \/>Telefax 0721 \/ 3719-300<br \/><a title=\"E-Mail\" href=\"mailto:info@roeser-medienhaus.de\">info@roeser-medienhaus.de<\/a><br \/><a title=\"Link zur R\u00f6ser Medienhaus Seite\" href=\"https:\/\/www.roeser-medienhaus.de\/\" target=\"_blank\" rel=\"noopener\">www.roeser-medienhaus.de<\/a>\u200b<a title=\"externer Link zur Website R\u00f6ser Medienhaus\" href=\"https:\/\/www.roeser-medienhaus.de\" target=\"_blank\" rel=\"noopener\"><\/a><\/p>\n<p>[\/et_pb_text][\/et_pb_column][\/et_pb_row][\/et_pb_section]<\/p>\n","protected":false},"excerpt":{"rendered":"<p>Impressum Rudolf R\u00f6ser Verlag und Informationsdienste AGFritz-Erler-Stra\u00dfe 2576133 Karlsruhe Vertreten durch:Patrick H\u00fcnemohr, Johannes R\u00f6ser, Robert R\u00f6ser, Annette R\u00f6ser-Letizky Vorsitzender des Aufsichtsrats:Dr. Michael L\u00fcck Kontakt Telefon: 07 21 \/ 37 19-0Telefax: 07 21 \/ 37 19-300E-Mail: info@roeser-medienhaus.de Umsatzsteuer-ID Umsatzsteuer-Identifikationsnummer gem\u00e4\u00df \u00a7 27 a Umsatzsteuergesetz:DE 175 999 802 Verbraucher\u00adstreit\u00adbeilegung\/Universal\u00adschlichtungs\u00adstelle Wir sind nicht bereit oder verpflichtet, an Streitbeilegungsverfahren vor einer Verbraucherschlichtungsstelle teilzunehmen.Bildnachweis ShutterstockDesign &amp; Umsetzung R\u00f6ser MedienhausFritz-Erler-Stra\u00dfe 2576133 Karlsruhe Telefon 0721 \/ 3719-0Telefax 0721 \/ 3719-300info@roeser-medienhaus.dewww.roeser-medienhaus.de\u200b<\/p>\n","protected":false},"author":1,"featured_media":0,"parent":0,"menu_order":0,"comment_status":"closed","ping_status":"closed","template":"","meta":{"_et_pb_use_builder":"on","_et_pb_old_content":"","_et_gb_content_width":"","footnotes":""},"class_list":["post-24","page","type-page","status-publish","hentry"],"aioseo_notices":[],"_links":{"self":[{"href":"https:\/\/vorlage.roeser-webseiten.de\/bhp-template-11\/wp-json\/wp\/v2\/pages\/24","targetHints":{"allow":["GET"]}}],"collection":[{"href":"https:\/\/vorlage.roeser-webseiten.de\/bhp-template-11\/wp-json\/wp\/v2\/pages"}],"about":[{"href":"https:\/\/vorlage.roeser-webseiten.de\/bhp-template-11\/wp-json\/wp\/v2\/types\/page"}],"author":[{"embeddable":true,"href":"https:\/\/vorlage.roeser-webseiten.de\/bhp-template-11\/wp-json\/wp\/v2\/users\/1"}],"replies":[{"embeddable":true,"href":"https:\/\/vorlage.roeser-webseiten.de\/bhp-template-11\/wp-json\/wp\/v2\/comments?post=24"}],"version-history":[{"count":0,"href":"https:\/\/vorlage.roeser-webseiten.de\/bhp-template-11\/wp-json\/wp\/v2\/pages\/24\/revisions"}],"wp:attachment":[{"href":"https:\/\/vorlage.roeser-webseiten.de\/bhp-template-11\/wp-json\/wp\/v2\/media?parent=24"}],"curies":[{"name":"wp","href":"https:\/\/api.w.org\/{rel}","templated":true}]}}