{"id":16,"date":"2022-08-08T15:46:54","date_gmt":"2022-08-08T13:46:54","guid":{"rendered":"https:\/\/roeser-webseiten.de\/malerziegler\/?page_id=16"},"modified":"2025-04-01T16:22:36","modified_gmt":"2025-04-01T14:22:36","slug":"leistungen","status":"publish","type":"page","link":"https:\/\/vorlage.roeser-webseiten.de\/bhp-template-11\/leistungen\/","title":{"rendered":"Unsere Leistungen"},"content":{"rendered":"<p>[et_pb_section fb_built=&#8221;1&#8243; fullwidth=&#8221;on&#8221; _builder_version=&#8221;4.21.0&#8243; _module_preset=&#8221;default&#8221; custom_margin=&#8221;12px||12px||true|false&#8221; custom_margin_tablet=&#8221;10px|0px|10px|0px|true|true&#8221; custom_margin_phone=&#8221;10px|0px|5px|0px|false|true&#8221; custom_margin_last_edited=&#8221;on|desktop&#8221; custom_padding=&#8221;0px||0px||true|false&#8221; box_shadow_style=&#8221;preset3&#8243; box_shadow_vertical=&#8221;6px&#8221; box_shadow_blur=&#8221;12px&#8221; box_shadow_color=&#8221;rgba(7,59,76,0.33)&#8221; global_colors_info=&#8221;{}&#8221;][et_pb_fullwidth_image src=&#8221;https:\/\/vorlage.roeser-webseiten.de\/bhp-template-11\/wp-content\/uploads\/sites\/26\/2023\/10\/shutterstock_268789436-1.jpg&#8221; title_text=&#8221;shutterstock_268789436-1&#8243; _builder_version=&#8221;4.21.0&#8243; _module_preset=&#8221;default&#8221; global_colors_info=&#8221;{}&#8221;][\/et_pb_fullwidth_image][\/et_pb_section][et_pb_section fb_built=&#8221;1&#8243; custom_padding_last_edited=&#8221;on|phone&#8221; admin_label=&#8221;Einleitung&#8221; module_id=&#8221;intro&#8221; _builder_version=&#8221;4.21.0&#8243; _module_preset=&#8221;default&#8221; background_color=&#8221;rgba(255,255,255,0.98)&#8221; z_index=&#8221;1&#8243; custom_margin=&#8221;12px|0px|12px|30px|true|false&#8221; custom_margin_tablet=&#8221;10px|12px|10px|12px|true|true&#8221; custom_margin_phone=&#8221;10px|5px|10px|5px|true|true&#8221; custom_margin_last_edited=&#8221;on|phone&#8221; custom_padding=&#8221;||74px||false|false&#8221; custom_padding_tablet=&#8221;||54px||false|false&#8221; custom_padding_phone=&#8221;||54px||false|false&#8221; animation_style=&#8221;fade&#8221; animation_direction=&#8221;right&#8221; background_last_edited=&#8221;on|phone&#8221; background_mask_color_tablet=&#8221;#F4A261&#8243; background_mask_color_phone=&#8221;#F4A261&#8243; background_mask_transform_tablet=&#8221;invert|flip_vertical&#8221; background_mask_transform_phone=&#8221;invert|flip_horizontal&#8221; background_mask_aspect_ratio_tablet=&#8221;portrait&#8221; background_mask_aspect_ratio_phone=&#8221;portrait&#8221; background_mask_size_tablet=&#8221;custom&#8221; background_mask_width_tablet=&#8221;33%&#8221; background_mask_width_phone=&#8221;40%&#8221; background_mask_position_tablet=&#8221;bottom_right&#8221; background_mask_position_phone=&#8221;bottom_right&#8221; background_mask_horizontal_offset_tablet=&#8221;0%&#8221; animation_direction_tablet=&#8221;left&#8221; animation_direction_phone=&#8221;left&#8221; animation_direction_last_edited=&#8221;on|phone&#8221; border_radii=&#8221;off|21px|2px|2px|10px&#8221; box_shadow_style=&#8221;preset3&#8243; box_shadow_vertical=&#8221;6px&#8221; box_shadow_blur=&#8221;12px&#8221; box_shadow_color=&#8221;rgba(7,59,76,0.33)&#8221; global_colors_info=&#8221;{}&#8221;][et_pb_row custom_padding_last_edited=&#8221;on|desktop&#8221; _builder_version=&#8221;4.17.6&#8243; _module_preset=&#8221;default&#8221; width_tablet=&#8221;&#8221; width_phone=&#8221;90%&#8221; width_last_edited=&#8221;on|desktop&#8221; max_width=&#8221;1080px&#8221; custom_padding_tablet=&#8221;12px||12px||true|false&#8221; custom_padding_phone=&#8221;12px||12px||true|false&#8221; global_colors_info=&#8221;{}&#8221;][et_pb_column type=&#8221;4_4&#8243; _builder_version=&#8221;4.17.6&#8243; _module_preset=&#8221;default&#8221; global_colors_info=&#8221;{}&#8221;][et_pb_text _builder_version=&#8221;4.21.0&#8243; _module_preset=&#8221;default&#8221; max_width=&#8221;720px&#8221; custom_padding_phone=&#8221;|||12px|false|false&#8221; custom_padding_last_edited=&#8221;off|desktop&#8221; global_colors_info=&#8221;{}&#8221;]<\/p>\n<h1>Renovieren, tapezieren, streichen? Wir haben die passende L\u00f6sung f\u00fcr jeden Bedarf!<\/h1>\n<p>Wir freuen uns, Ihnen eine professionelle Umsetzung anbieten zu k\u00f6nnen. Ganz gleich, ob Sie renovieren m\u00f6chten, tapezieren wollen oder einen neuen Anstrich ben\u00f6tigen \u2013 unsere Dienstleistung ist die beste Wahl!<br \/>\nUnser Ziel ist es, Ihre individuellen W\u00fcnsche stets zu ber\u00fccksichtigen und Sie kompetent bei der Planung und Durchf\u00fchrung Ihres Projektes zu unterst\u00fctzen. Hierbei verwenden wir ausschlie\u00dflich hochwertige Materialien renommierter Hersteller und arbeiten p\u00fcnktlich und ordentlich. Egal ob f\u00fcr den privaten oder gewerblichen Bereich, im Innen- oder Au\u00dfenbereich \u2013 wir finden immer die passende L\u00f6sung f\u00fcr Sie.[\/et_pb_text][\/et_pb_column][\/et_pb_row][\/et_pb_section][et_pb_section fb_built=&#8221;1&#8243; custom_padding_last_edited=&#8221;on|phone&#8221; admin_label=&#8221;Leistungen&#8221; _builder_version=&#8221;4.21.0&#8243; _module_preset=&#8221;default&#8221; background_color=&#8221;RGBA(255,255,255,0)&#8221; use_background_color_gradient=&#8221;on&#8221; background_color_gradient_stops=&#8221;rgba(255,255,255,0) 25%|#06d6a0 25%|#06d6a0 100%&#8221; z_index=&#8221;3&#8243; custom_padding=&#8221;0px||||false|false&#8221; custom_padding_tablet=&#8221;0px||||false|false&#8221; custom_padding_phone=&#8221;||||false|false&#8221; background_last_edited=&#8221;on|tablet&#8221; use_background_color_gradient_tablet=&#8221;on&#8221; background_color_gradient_stops_tablet=&#8221;rgba(255,255,255,0) 10%|#06d6a0 10%|#06d6a0 100%&#8221; box_shadow_style=&#8221;preset3&#8243; box_shadow_vertical=&#8221;6px&#8221; box_shadow_blur=&#8221;12px&#8221; box_shadow_color=&#8221;rgba(7,59,76,0.33)&#8221; locked=&#8221;off&#8221; global_colors_info=&#8221;{}&#8221;][et_pb_row column_structure=&#8221;1_3,1_3,1_3&#8243; use_custom_gutter=&#8221;on&#8221; gutter_width=&#8221;2&#8243; make_equal=&#8221;on&#8221; _builder_version=&#8221;4.21.0&#8243; _module_preset=&#8221;default&#8221; max_width=&#8221;1400px&#8221; global_colors_info=&#8221;{}&#8221;][et_pb_column type=&#8221;1_3&#8243; _builder_version=&#8221;4.21.0&#8243; _module_preset=&#8221;default&#8221; background_color=&#8221;#FFFFFF&#8221; animation_style=&#8221;zoom&#8221; border_radii=&#8221;off|21px|10px|2px|10px&#8221; box_shadow_style=&#8221;preset3&#8243; box_shadow_vertical=&#8221;6px&#8221; box_shadow_blur=&#8221;12px&#8221; box_shadow_color=&#8221;rgba(7,59,76,0.33)&#8221; global_colors_info=&#8221;{}&#8221;][et_pb_blurb title=&#8221;Fassadengestaltung&#8221; image=&#8221;https:\/\/vorlage.roeser-webseiten.de\/bhp-template-11\/wp-content\/uploads\/sites\/26\/2022\/10\/aussenputz.jpg&#8221; alt=&#8221;Mann bringt Au\u00dfenputz an Hauswand an&#8221; content_max_width=&#8221;960px&#8221; _builder_version=&#8221;4.27.2&#8243; _module_preset=&#8221;default&#8221; header_level=&#8221;h2&#8243; header_text_align=&#8221;center&#8221; header_text_color=&#8221;#118AB2&#8243; header_font_size=&#8221;24px&#8221; text_orientation=&#8221;center&#8221; custom_margin=&#8221;||30px||false|false&#8221; header_font_size_tablet=&#8221;21px&#8221; header_font_size_phone=&#8221;21px&#8221; header_font_size_last_edited=&#8221;on|phone&#8221; global_colors_info=&#8221;{}&#8221;]<\/p>\n<p>Durch einen regelm\u00e4\u00dfigen Anstrich bewahren Sie Ihr Zuhause vor sch\u00e4dlichen Einfl\u00fcssen des Wetters. Mithilfe unserer Empfehlungen bez\u00fcglich Farben und Materialien k\u00f6nnen Sie sicher sein, die optimale Entscheidung f\u00fcr Ihre Immobilie zu treffen.<\/p>\n<p>[\/et_pb_blurb][et_pb_button button_url=&#8221;@ET-DC@eyJkeW5hbWljIjp0cnVlLCJjb250ZW50IjoicG9zdF9saW5rX3VybF9wYWdlIiwic2V0dGluZ3MiOnsicG9zdF9pZCI6IjU4NSJ9fQ==@&#8221; button_text=&#8221;mehr erfahren&#8221; button_alignment=&#8221;center&#8221; _builder_version=&#8221;4.21.0&#8243; _dynamic_attributes=&#8221;button_url&#8221; _module_preset=&#8221;default&#8221; custom_button=&#8221;on&#8221; button_use_icon=&#8221;off&#8221; custom_margin=&#8221;||21px||false|false&#8221; animation_style=&#8221;fade&#8221; animation_direction=&#8221;bottom&#8221; global_colors_info=&#8221;{}&#8221;][\/et_pb_button][\/et_pb_column][et_pb_column type=&#8221;1_3&#8243; _builder_version=&#8221;4.21.0&#8243; _module_preset=&#8221;default&#8221; background_color=&#8221;#FFFFFF&#8221; animation_style=&#8221;zoom&#8221; animation_delay=&#8221;200ms&#8221; animation_delay_tablet=&#8221;0ms&#8221; animation_delay_phone=&#8221;0ms&#8221; animation_delay_last_edited=&#8221;on|tablet&#8221; border_radii=&#8221;off|10px|10px|2px|2px&#8221; border_radii_tablet=&#8221;off|10px|21px|10px|2px&#8221; border_radii_phone=&#8221;off|10px|21px|10px|2px&#8221; border_radii_last_edited=&#8221;on|desktop&#8221; box_shadow_style=&#8221;preset3&#8243; box_shadow_vertical=&#8221;6px&#8221; box_shadow_blur=&#8221;12px&#8221; box_shadow_color=&#8221;rgba(7,59,76,0.33)&#8221; global_colors_info=&#8221;{}&#8221;][et_pb_blurb title=&#8221;Malerarbeiten&#8221; image=&#8221;https:\/\/vorlage.roeser-webseiten.de\/bhp-template-11\/wp-content\/uploads\/sites\/26\/2022\/10\/tapezieren.jpg&#8221; alt=&#8221;Mann bringt Au\u00dfenputz an Hauswand an&#8221; content_max_width=&#8221;960px&#8221; _builder_version=&#8221;4.21.0&#8243; _module_preset=&#8221;default&#8221; header_level=&#8221;h2&#8243; header_text_align=&#8221;center&#8221; header_text_color=&#8221;#118AB2&#8243; header_font_size=&#8221;24px&#8221; text_orientation=&#8221;center&#8221; custom_margin=&#8221;||30px||false|false&#8221; header_font_size_tablet=&#8221;21px&#8221; header_font_size_phone=&#8221;21px&#8221; header_font_size_last_edited=&#8221;on|phone&#8221; global_colors_info=&#8221;{}&#8221;]Egal, ob eine glatte und elegante Optik gew\u00fcnscht ist oder eher etwas Extravagantes und Verspieltes bevorzugt wird \u2013 Wir finden immer die optimale L\u00f6sung. Des Weiteren setzen wir auch Spachteltechniken ein, um Ihren R\u00e4umen einen individuellen Touch zu verleihen.[\/et_pb_blurb][et_pb_button button_text=&#8221;mehr erfahren&#8221; button_alignment=&#8221;center&#8221; _builder_version=&#8221;4.21.0&#8243; _module_preset=&#8221;default&#8221; custom_button=&#8221;on&#8221; button_use_icon=&#8221;off&#8221; custom_margin=&#8221;||21px||false|false&#8221; animation_style=&#8221;fade&#8221; animation_direction=&#8221;bottom&#8221; global_colors_info=&#8221;{}&#8221;][\/et_pb_button][\/et_pb_column][et_pb_column type=&#8221;1_3&#8243; _builder_version=&#8221;4.21.0&#8243; _module_preset=&#8221;default&#8221; background_color=&#8221;#FFFFFF&#8221; animation_style=&#8221;zoom&#8221; animation_delay=&#8221;400ms&#8221; animation_delay_tablet=&#8221;0ms&#8221; animation_delay_phone=&#8221;0ms&#8221; animation_delay_last_edited=&#8221;on|tablet&#8221; border_radii=&#8221;off|10px|21px|10px|2px&#8221; border_radii_tablet=&#8221;off|21px|10px|2px|10px&#8221; border_radii_phone=&#8221;off|21px|10px|2px|10px&#8221; border_radii_last_edited=&#8221;on|phone&#8221; box_shadow_style=&#8221;preset3&#8243; box_shadow_vertical=&#8221;6px&#8221; box_shadow_blur=&#8221;12px&#8221; box_shadow_color=&#8221;rgba(7,59,76,0.33)&#8221; global_colors_info=&#8221;{}&#8221;][et_pb_blurb title=&#8221;Tapezierarbeiten&#8221; image=&#8221;https:\/\/vorlage.roeser-webseiten.de\/bhp-template-11\/wp-content\/uploads\/sites\/26\/2023\/10\/shutterstock_2115915200.jpg&#8221; alt=&#8221;Mann bringt Au\u00dfenputz an Hauswand an&#8221; content_max_width=&#8221;960px&#8221; _builder_version=&#8221;4.21.0&#8243; _module_preset=&#8221;default&#8221; header_level=&#8221;h2&#8243; header_text_align=&#8221;center&#8221; header_text_color=&#8221;#118AB2&#8243; header_font_size=&#8221;24px&#8221; text_orientation=&#8221;center&#8221; custom_margin=&#8221;||30px||false|false&#8221; header_font_size_tablet=&#8221;21px&#8221; header_font_size_phone=&#8221;21px&#8221; header_font_size_last_edited=&#8221;on|phone&#8221; global_colors_info=&#8221;{}&#8221;]Tapeten sind nicht blo\u00df eine h\u00fcbsche Augenweide, sondern erf\u00fcllen auch zahlreiche praktische Zwecke. Ganz gleich, f\u00fcr welches Wandkleid Sie sich entscheiden: Wir legen gro\u00dfen Wert auf makellose Verarbeitung und pr\u00e4zise Ausf\u00fchrung.[\/et_pb_blurb][et_pb_button button_text=&#8221;mehr erfahren&#8221; button_alignment=&#8221;center&#8221; _builder_version=&#8221;4.21.0&#8243; _module_preset=&#8221;default&#8221; custom_button=&#8221;on&#8221; button_use_icon=&#8221;off&#8221; custom_margin=&#8221;||21px||false|false&#8221; animation_style=&#8221;fade&#8221; animation_direction=&#8221;bottom&#8221; global_colors_info=&#8221;{}&#8221;][\/et_pb_button][\/et_pb_column][\/et_pb_row][et_pb_row column_structure=&#8221;1_3,1_3,1_3&#8243; use_custom_gutter=&#8221;on&#8221; gutter_width=&#8221;2&#8243; make_equal=&#8221;on&#8221; _builder_version=&#8221;4.21.0&#8243; _module_preset=&#8221;default&#8221; max_width=&#8221;1400px&#8221; custom_padding=&#8221;0px||||false|false&#8221; global_colors_info=&#8221;{}&#8221;][et_pb_column type=&#8221;1_3&#8243; _builder_version=&#8221;4.21.0&#8243; _module_preset=&#8221;default&#8221; background_color=&#8221;#FFFFFF&#8221; animation_style=&#8221;zoom&#8221; animation_delay=&#8221;200ms&#8221; animation_delay_tablet=&#8221;0ms&#8221; animation_delay_phone=&#8221;0ms&#8221; animation_delay_last_edited=&#8221;on|desktop&#8221; border_radii=&#8221;off|10px|2px|10px|21px&#8221; box_shadow_style=&#8221;preset3&#8243; box_shadow_vertical=&#8221;6px&#8221; box_shadow_blur=&#8221;12px&#8221; box_shadow_color=&#8221;rgba(7,59,76,0.33)&#8221; global_colors_info=&#8221;{}&#8221;][et_pb_blurb title=&#8221;Lack- &#038; Lasurarbeiten&#8221; image=&#8221;https:\/\/vorlage.roeser-webseiten.de\/bhp-template-11\/wp-content\/uploads\/sites\/26\/2022\/10\/lackieren-aussen.jpg&#8221; alt=&#8221;Mann bringt Au\u00dfenputz an Hauswand an&#8221; content_max_width=&#8221;960px&#8221; admin_label=&#8221;Informationstext&#8221; _builder_version=&#8221;4.27.2&#8243; _module_preset=&#8221;default&#8221; header_level=&#8221;h2&#8243; header_text_align=&#8221;center&#8221; header_text_color=&#8221;#118AB2&#8243; header_font_size=&#8221;24px&#8221; text_orientation=&#8221;center&#8221; custom_margin=&#8221;||30px||false|false&#8221; header_font_size_tablet=&#8221;21px&#8221; header_font_size_phone=&#8221;21px&#8221; header_font_size_last_edited=&#8221;on|phone&#8221; global_colors_info=&#8221;{}&#8221;]<\/p>\n<p>Lack- und Lasurarbeiten sind eine M\u00f6glichkeit, um Oberfl\u00e4chen zu sch\u00fctzen, ihnen eine dekorative Note zu verleihen oder sie sogar zu ver\u00e4ndern. Dieser Prozess bietet einen sicheren Schutz f\u00fcr die Oberfl\u00e4che.<\/p>\n<p>[\/et_pb_blurb][et_pb_button button_text=&#8221;mehr erfahren&#8221; button_alignment=&#8221;center&#8221; _builder_version=&#8221;4.21.0&#8243; _module_preset=&#8221;default&#8221; custom_button=&#8221;on&#8221; button_use_icon=&#8221;off&#8221; custom_margin=&#8221;||21px||false|false&#8221; animation_style=&#8221;fade&#8221; animation_direction=&#8221;bottom&#8221; global_colors_info=&#8221;{}&#8221;][\/et_pb_button][\/et_pb_column][et_pb_column type=&#8221;1_3&#8243; _builder_version=&#8221;4.21.0&#8243; _module_preset=&#8221;default&#8221; background_color=&#8221;#FFFFFF&#8221; animation_style=&#8221;zoom&#8221; animation_delay=&#8221;400ms&#8221; animation_delay_tablet=&#8221;0ms&#8221; animation_delay_phone=&#8221;0ms&#8221; animation_delay_last_edited=&#8221;on|tablet&#8221; border_radii=&#8221;off|2px|2px|10px|10px&#8221; border_radii_tablet=&#8221;off|2px|10px|10px|21px&#8221; border_radii_phone=&#8221;off|2px|10px|10px|21px&#8221; border_radii_last_edited=&#8221;on|tablet&#8221; box_shadow_style=&#8221;preset3&#8243; box_shadow_vertical=&#8221;6px&#8221; box_shadow_blur=&#8221;12px&#8221; box_shadow_color=&#8221;rgba(7,59,76,0.33)&#8221; global_colors_info=&#8221;{}&#8221;][et_pb_blurb title=&#8221;Restauration &#038; Sanierung&#8221; image=&#8221;https:\/\/vorlage.roeser-webseiten.de\/bhp-template-11\/wp-content\/uploads\/sites\/26\/2023\/10\/shutterstock_1087239533.jpg&#8221; alt=&#8221;Mann bringt Au\u00dfenputz an Hauswand an&#8221; content_max_width=&#8221;960px&#8221; admin_label=&#8221;Informationstext&#8221; _builder_version=&#8221;4.21.0&#8243; _module_preset=&#8221;default&#8221; header_level=&#8221;h2&#8243; header_text_align=&#8221;center&#8221; header_text_color=&#8221;#118AB2&#8243; header_font_size=&#8221;24px&#8221; text_orientation=&#8221;center&#8221; custom_margin=&#8221;||30px||false|false&#8221; header_font_size_tablet=&#8221;21px&#8221; header_font_size_phone=&#8221;21px&#8221; header_font_size_last_edited=&#8221;on|phone&#8221; global_colors_info=&#8221;{}&#8221;]<\/p>\n<p>Unsere Expertise erstreckt sich auch auf die Wiederherstellung und Erneuerung von historischen Geb\u00e4uden, sowohl im Inneren als auch im \u00c4u\u00dferen. Dabei legen wir besonderes Augenmerk auf den Schutz der Denkmalschutzw\u00fcrdigkeit.<\/p>\n<p>[\/et_pb_blurb][et_pb_button button_text=&#8221;mehr erfahren&#8221; button_alignment=&#8221;center&#8221; _builder_version=&#8221;4.21.0&#8243; _module_preset=&#8221;default&#8221; custom_button=&#8221;on&#8221; button_use_icon=&#8221;off&#8221; custom_margin=&#8221;||21px||false|false&#8221; animation_style=&#8221;fade&#8221; animation_direction=&#8221;bottom&#8221; global_colors_info=&#8221;{}&#8221;][\/et_pb_button][\/et_pb_column][et_pb_column type=&#8221;1_3&#8243; _builder_version=&#8221;4.21.0&#8243; _module_preset=&#8221;default&#8221; background_color=&#8221;#FFFFFF&#8221; animation_style=&#8221;zoom&#8221; animation_delay=&#8221;600ms&#8221; animation_delay_tablet=&#8221;0ms&#8221; animation_delay_phone=&#8221;0ms&#8221; animation_delay_last_edited=&#8221;on|tablet&#8221; border_radii=&#8221;off|2px|10px|21px|10px&#8221; border_radii_last_edited=&#8221;off|desktop&#8221; box_shadow_style=&#8221;preset3&#8243; box_shadow_vertical=&#8221;6px&#8221; box_shadow_blur=&#8221;12px&#8221; box_shadow_color=&#8221;rgba(7,59,76,0.33)&#8221; global_colors_info=&#8221;{}&#8221;][et_pb_blurb title=&#8221;Schimmelentfernung&#8221; image=&#8221;https:\/\/vorlage.roeser-webseiten.de\/bhp-template-11\/wp-content\/uploads\/sites\/26\/2022\/10\/schimmelentfernung.jpg&#8221; alt=&#8221;Mann bringt Au\u00dfenputz an Hauswand an&#8221; content_max_width=&#8221;960px&#8221; _builder_version=&#8221;4.21.0&#8243; _module_preset=&#8221;default&#8221; header_level=&#8221;h2&#8243; header_text_align=&#8221;center&#8221; header_text_color=&#8221;#118AB2&#8243; header_font_size=&#8221;24px&#8221; text_orientation=&#8221;center&#8221; custom_margin=&#8221;||30px||false|false&#8221; header_font_size_tablet=&#8221;21px&#8221; header_font_size_phone=&#8221;21px&#8221; header_font_size_last_edited=&#8221;on|phone&#8221; global_colors_info=&#8221;{}&#8221;]Schimmelbildung tritt oft auf und ist ein weitverbreitetes Problem bei Baum\u00e4ngeln. Es sollte stets von einem Experten behoben werden, um Sch\u00e4den am Geb\u00e4ude zu verhindern und die Gesundheitsrisiken gering zu halten.[\/et_pb_blurb][et_pb_button button_text=&#8221;mehr erfahren&#8221; button_alignment=&#8221;center&#8221; _builder_version=&#8221;4.21.0&#8243; _module_preset=&#8221;default&#8221; custom_button=&#8221;on&#8221; button_use_icon=&#8221;off&#8221; custom_margin=&#8221;||21px||false|false&#8221; animation_style=&#8221;fade&#8221; animation_direction=&#8221;bottom&#8221; global_colors_info=&#8221;{}&#8221;][\/et_pb_button][\/et_pb_column][\/et_pb_row][\/et_pb_section][et_pb_section fb_built=&#8221;1&#8243; admin_label=&#8221;CTA&#8221; module_class=&#8221;cta&#8221; _builder_version=&#8221;4.21.0&#8243; _module_preset=&#8221;default&#8221; background_color=&#8221;#FFD166&#8243; background_enable_mask_style=&#8221;on&#8221; background_mask_style=&#8221;diagonal-bars&#8221; background_mask_color=&#8221;#FFFFFF&#8221; background_mask_transform=&#8221;invert&#8221; background_mask_aspect_ratio=&#8221;portrait&#8221; background_mask_size=&#8221;contain&#8221; background_mask_position=&#8221;center_right&#8221; custom_margin=&#8221;12px|0px|12px|30px|true|false&#8221; custom_margin_tablet=&#8221;10px|12px|10px|12px|true|true&#8221; custom_margin_phone=&#8221;5px|5px|5px|5px|true|true&#8221; custom_margin_last_edited=&#8221;on|tablet&#8221; custom_padding=&#8221;||||false|false&#8221; animation_style=&#8221;slide&#8221; animation_direction=&#8221;right&#8221; background_last_edited=&#8221;on|phone&#8221; background_mask_color_tablet=&#8221;#FFFFFF&#8221; background_mask_color_phone=&#8221;#FFFFFF&#8221; background_mask_transform_phone=&#8221;invert|flip_horizontal|flip_vertical&#8221; background_mask_size_tablet=&#8221;custom&#8221; background_mask_width_tablet=&#8221;320px&#8221; background_mask_width_phone=&#8221;280px&#8221; background_mask_height_tablet=&#8221;100%&#8221; background_mask_height_phone=&#8221;100%&#8221; background_mask_position_phone=&#8221;bottom_right&#8221; border_radii=&#8221;off|28px|2px|2px|10px&#8221; box_shadow_style=&#8221;preset3&#8243; box_shadow_vertical=&#8221;6px&#8221; box_shadow_blur=&#8221;12px&#8221; box_shadow_color=&#8221;rgba(7,59,76,0.33)&#8221; global_colors_info=&#8221;{}&#8221;][et_pb_row custom_padding_last_edited=&#8221;on|tablet&#8221; _builder_version=&#8221;4.17.6&#8243; _module_preset=&#8221;default&#8221; width_tablet=&#8221;&#8221; width_phone=&#8221;90%&#8221; width_last_edited=&#8221;on|phone&#8221; custom_padding_tablet=&#8221;12px||12px||true|false&#8221; custom_padding_phone=&#8221;12px||12px||true|false&#8221; global_colors_info=&#8221;{}&#8221; width__hover_enabled=&#8221;off|desktop&#8221;][et_pb_column type=&#8221;4_4&#8243; _builder_version=&#8221;4.17.6&#8243; _module_preset=&#8221;default&#8221; global_colors_info=&#8221;{}&#8221;][et_pb_cta title=&#8221;Qualit\u00e4t und Erfahrung f\u00fcr Ihr Projekt&#8221; button_url=&#8221;#&#8221; button_text=&#8221;Starten wir Ihr Projekt!&#8221; _builder_version=&#8221;4.27.4&#8243; _module_preset=&#8221;default&#8221; header_text_color=&#8221;#025F81&#8243; background_layout=&#8221;light&#8221; global_colors_info=&#8221;{}&#8221; max_width=&#8221;720px&#8221; module_alignment=&#8221;center&#8221;]<\/p>\n<p>Unsere langj\u00e4hrige Expertise verbunden mit Kreativit\u00e4t und innovativen Techniken machen uns zu einem verl\u00e4sslichen Partner f\u00fcr Ihre Projekte. Kontaktieren Sie uns noch heute, um einen Termin f\u00fcr eine kostenlose Beratung zu vereinbaren.<\/p>\n<p>[\/et_pb_cta][\/et_pb_column][\/et_pb_row][\/et_pb_section]<\/p>\n","protected":false},"excerpt":{"rendered":"<p>Renovieren, tapezieren, streichen? Wir haben die passende L\u00f6sung f\u00fcr jeden Bedarf! Wir freuen uns, Ihnen eine professionelle Umsetzung anbieten zu k\u00f6nnen. Ganz gleich, ob Sie renovieren m\u00f6chten, tapezieren wollen oder einen neuen Anstrich ben\u00f6tigen \u2013 unsere Dienstleistung ist die beste Wahl! Unser Ziel ist es, Ihre individuellen W\u00fcnsche stets zu ber\u00fccksichtigen und Sie kompetent bei der Planung und Durchf\u00fchrung Ihres Projektes zu unterst\u00fctzen. Hierbei verwenden wir ausschlie\u00dflich hochwertige Materialien renommierter Hersteller und arbeiten p\u00fcnktlich und ordentlich. Egal ob f\u00fcr den privaten oder gewerblichen Bereich, im Innen- oder Au\u00dfenbereich \u2013 wir finden immer die passende L\u00f6sung f\u00fcr Sie.Durch einen regelm\u00e4\u00dfigen Anstrich bewahren Sie Ihr Zuhause vor sch\u00e4dlichen Einfl\u00fcssen des Wetters. Mithilfe unserer Empfehlungen bez\u00fcglich Farben und Materialien k\u00f6nnen Sie sicher sein, die optimale Entscheidung f\u00fcr Ihre Immobilie zu treffen.Egal, ob eine glatte und elegante Optik gew\u00fcnscht ist oder eher etwas Extravagantes und Verspieltes bevorzugt wird \u2013 Wir finden immer die optimale L\u00f6sung. Des Weiteren setzen wir auch Spachteltechniken ein, um Ihren R\u00e4umen einen individuellen Touch zu verleihen.Tapeten sind nicht blo\u00df eine h\u00fcbsche Augenweide, sondern erf\u00fcllen auch zahlreiche praktische Zwecke. Ganz gleich, f\u00fcr welches Wandkleid Sie sich entscheiden: Wir legen gro\u00dfen Wert auf makellose Verarbeitung und pr\u00e4zise Ausf\u00fchrung.Lack- und Lasurarbeiten sind eine M\u00f6glichkeit, um Oberfl\u00e4chen zu sch\u00fctzen, ihnen eine dekorative Note zu verleihen oder sie sogar zu ver\u00e4ndern. Dieser Prozess bietet einen<\/p>\n<div class=\"view-full-post\"><a href=\"https:\/\/vorlage.roeser-webseiten.de\/bhp-template-11\/leistungen\/\" class=\"view-full-post-btn\">View Full Post<\/a><\/div>\n<p>;<\/p>\n","protected":false},"author":1,"featured_media":0,"parent":0,"menu_order":0,"comment_status":"closed","ping_status":"closed","template":"","meta":{"_et_pb_use_builder":"on","_et_pb_old_content":"","_et_gb_content_width":"","footnotes":""},"class_list":["post-16","page","type-page","status-publish","hentry"],"aioseo_notices":[],"_links":{"self":[{"href":"https:\/\/vorlage.roeser-webseiten.de\/bhp-template-11\/wp-json\/wp\/v2\/pages\/16","targetHints":{"allow":["GET"]}}],"collection":[{"href":"https:\/\/vorlage.roeser-webseiten.de\/bhp-template-11\/wp-json\/wp\/v2\/pages"}],"about":[{"href":"https:\/\/vorlage.roeser-webseiten.de\/bhp-template-11\/wp-json\/wp\/v2\/types\/page"}],"author":[{"embeddable":true,"href":"https:\/\/vorlage.roeser-webseiten.de\/bhp-template-11\/wp-json\/wp\/v2\/users\/1"}],"replies":[{"embeddable":true,"href":"https:\/\/vorlage.roeser-webseiten.de\/bhp-template-11\/wp-json\/wp\/v2\/comments?post=16"}],"version-history":[{"count":2,"href":"https:\/\/vorlage.roeser-webseiten.de\/bhp-template-11\/wp-json\/wp\/v2\/pages\/16\/revisions"}],"predecessor-version":[{"id":2023,"href":"https:\/\/vorlage.roeser-webseiten.de\/bhp-template-11\/wp-json\/wp\/v2\/pages\/16\/revisions\/2023"}],"wp:attachment":[{"href":"https:\/\/vorlage.roeser-webseiten.de\/bhp-template-11\/wp-json\/wp\/v2\/media?parent=16"}],"curies":[{"name":"wp","href":"https:\/\/api.w.org\/{rel}","templated":true}]}}