{"id":32,"date":"2021-03-18T15:58:44","date_gmt":"2021-03-18T14:58:44","guid":{"rendered":"https:\/\/roeser-webseiten.de\/guenthner\/?page_id=32"},"modified":"2025-04-15T15:23:36","modified_gmt":"2025-04-15T13:23:36","slug":"unternehmen","status":"publish","type":"page","link":"https:\/\/vorlage.roeser-webseiten.de\/bhp-template-10\/unternehmen\/","title":{"rendered":"Unternehmen"},"content":{"rendered":"<p>[et_pb_section fb_built=&#8221;1&#8243; fullwidth=&#8221;on&#8221; _builder_version=&#8221;4.16&#8243; _module_preset=&#8221;default&#8221; custom_margin_tablet=&#8221;88px||||false|false&#8221; custom_margin_phone=&#8221;&#8221; custom_margin_last_edited=&#8221;on|phone&#8221; global_colors_info=&#8221;{}&#8221;][et_pb_fullwidth_image src=&#8221;https:\/\/vorlage.roeser-webseiten.de\/bhp-template-10\/wp-content\/uploads\/sites\/25\/2023\/09\/shutterstock_1164585631-1.jpg&#8221; title_text=&#8221;shutterstock_1164585631-1&#8243; _builder_version=&#8221;4.24.2&#8243; _module_preset=&#8221;default&#8221; box_shadow_style=&#8221;preset6&#8243; box_shadow_vertical=&#8221;50px&#8221; box_shadow_blur=&#8221;50px&#8221; box_shadow_spread=&#8221;80px&#8221; box_shadow_color=&#8221;rgba(67,67,67,0.62)&#8221; global_colors_info=&#8221;{}&#8221;][\/et_pb_fullwidth_image][et_pb_fullwidth_code admin_label=&#8221;Verlauf Hintergrund&#8221; _builder_version=&#8221;4.24.2&#8243; _module_preset=&#8221;default&#8221; use_background_color_gradient=&#8221;on&#8221; background_color_gradient_stops=&#8221;rgba(67,67,67,0.95) 0%|rgba(67,67,67,0.71) 18%|rgba(40,47,68,0.4) 50%&#8221; positioning=&#8221;absolute&#8221; position_origin_a=&#8221;top_center&#8221; width=&#8221;100%&#8221; height=&#8221;100%&#8221; locked=&#8221;off&#8221; global_colors_info=&#8221;{}&#8221;][\/et_pb_fullwidth_code][\/et_pb_section][et_pb_section fb_built=&#8221;1&#8243; custom_padding_last_edited=&#8221;off|desktop&#8221; admin_label=&#8221;\u00dcber Uns&#8221; module_id=&#8221;ueber-uns&#8221; _builder_version=&#8221;4.21.0&#8243; _module_preset=&#8221;default&#8221; custom_padding_tablet=&#8221;||0px||false|false&#8221; custom_padding_phone=&#8221;0px||||false|false&#8221; global_colors_info=&#8221;{}&#8221;][et_pb_row _builder_version=&#8221;4.21.0&#8243; _module_preset=&#8221;default&#8221; global_colors_info=&#8221;{}&#8221;][et_pb_column type=&#8221;4_4&#8243; _builder_version=&#8221;4.16&#8243; _module_preset=&#8221;default&#8221; global_colors_info=&#8221;{}&#8221;][et_pb_blurb title=&#8221;Architekturb\u00fcro Baumeister &#038; Baumann&#8221; content_max_width=&#8221;100%&#8221; admin_label=&#8221;Einleitungstext&#8221; _builder_version=&#8221;4.27.4&#8243; _module_preset=&#8221;default&#8221; header_level=&#8221;h1&#8243; header_font_size=&#8221;40px&#8221; header_line_height=&#8221;1.7em&#8221; max_width=&#8221;720px&#8221; hover_enabled=&#8221;0&#8243; header_font_size_tablet=&#8221;36px&#8221; header_font_size_phone=&#8221;24px&#8221; header_font_size_last_edited=&#8221;on|phone&#8221; global_colors_info=&#8221;{}&#8221; sticky_enabled=&#8221;0&#8243;]<\/p>\n<p>Seit unserer Gr\u00fcndung im Jahr 1990 haben wir uns einen Namen als innovatives und \u00e4sthetisch ansprechendes Architekturb\u00fcro gemacht. Mit einem erfahrenen Team aus Architekten, Ingenieuren und Designern setzen wir Projekte jeder Gr\u00f6\u00dfe um &#8211; von der Planung eines Einfamilienhauses bis hin zur Gestaltung gro\u00dfer B\u00fcro- und Industriegeb\u00e4uden.<br \/>Unsere Gr\u00fcnder Hannah Baumeister und Tim Baumann bringen \u00fcber 30 Jahre Erfahrung in der Architekturbranche mit. Zusammen mit unserem Team aus Bauzeichnern, Projektplanern und Werkstudenten arbeiten wir jeden Tag daran, unsere Kunden zufriedenzustellen.<\/p>\n<p>Unser Anspruch an jedes Projekt ist es, eine individuelle L\u00f6sung zu finden, die den Bed\u00fcrfnissen unserer Kunden entspricht. Dabei legen wir gro\u00dfen Wert auf Nachhaltigkeit und Effizienz in allen Bereichen &#8211; sei es bei der Materialwahl oder der technischen Ausstattung des Geb\u00e4udes.<\/p>\n<p>Wir sind stolz darauf, dass unsere Projekte nicht nur \u00e4sthetisch ansprechend sind, sondern auch funktional und nachhaltig. Wir glauben daran, dass ein Geb\u00e4ude mehr sein sollte als nur ein Ort zum Wohnen oder Arbeiten &#8211; es sollte ein Ort sein, an dem man sich wohlf\u00fchlt und der die Umwelt schont.<\/p>\n<p>[\/et_pb_blurb][\/et_pb_column][\/et_pb_row][et_pb_row column_structure=&#8221;1_2,1_2&#8243; _builder_version=&#8221;4.21.0&#8243; _module_preset=&#8221;default&#8221; global_colors_info=&#8221;{}&#8221;][et_pb_column type=&#8221;1_2&#8243; _builder_version=&#8221;4.21.0&#8243; _module_preset=&#8221;default&#8221; global_colors_info=&#8221;{}&#8221;][et_pb_team_member name=&#8221;Hannah Baumeister&#8221; position=&#8221;Gesch\u00e4ftsf\u00fchrung, Dipl.-Ing. (FH) Architektur&#8221; image_url=&#8221;https:\/\/vorlage.roeser-webseiten.de\/bhp-template-10\/wp-content\/uploads\/sites\/25\/2023\/09\/shutterstock_2157053541.jpg&#8221; _builder_version=&#8221;4.27.2&#8243; _module_preset=&#8221;default&#8221; header_level=&#8221;h2&#8243; header_font_size=&#8221;24px&#8221; position_text_color=&#8221;#434343&#8243; header_font_size_tablet=&#8221;22px&#8221; header_font_size_phone=&#8221;21px&#8221; header_font_size_last_edited=&#8221;on|phone&#8221; global_colors_info=&#8221;{}&#8221;][\/et_pb_team_member][\/et_pb_column][et_pb_column type=&#8221;1_2&#8243; _builder_version=&#8221;4.21.0&#8243; _module_preset=&#8221;default&#8221; global_colors_info=&#8221;{}&#8221;][et_pb_team_member name=&#8221;Tim Baumann&#8221; position=&#8221;Gesch\u00e4ftsf\u00fchrung, Dipl.-Ing. (TU) Architektur&#8221; image_url=&#8221;https:\/\/vorlage.roeser-webseiten.de\/bhp-template-10\/wp-content\/uploads\/sites\/25\/2023\/09\/shutterstock_2160751673.jpg&#8221; _builder_version=&#8221;4.24.2&#8243; _module_preset=&#8221;default&#8221; header_level=&#8221;h2&#8243; header_font_size=&#8221;24px&#8221; position_text_color=&#8221;#434343&#8243; header_font_size_tablet=&#8221;22px&#8221; header_font_size_phone=&#8221;21px&#8221; header_font_size_last_edited=&#8221;on|phone&#8221; global_colors_info=&#8221;{}&#8221;][\/et_pb_team_member][\/et_pb_column][\/et_pb_row][\/et_pb_section][et_pb_section fb_built=&#8221;1&#8243; fullwidth=&#8221;on&#8221; _builder_version=&#8221;4.21.0&#8243; _module_preset=&#8221;default&#8221; global_colors_info=&#8221;{}&#8221;][et_pb_fullwidth_image src=&#8221;https:\/\/vorlage.roeser-webseiten.de\/bhp-template-10\/wp-content\/uploads\/sites\/25\/2023\/09\/shutterstock_2140178955.jpg&#8221; title_text=&#8221;shutterstock_2140178955&#8243; _builder_version=&#8221;4.21.0&#8243; _module_preset=&#8221;default&#8221; global_colors_info=&#8221;{}&#8221;][\/et_pb_fullwidth_image][\/et_pb_section][et_pb_section fb_built=&#8221;1&#8243; module_id=&#8221;karriere&#8221; _builder_version=&#8221;4.21.0&#8243; _module_preset=&#8221;default&#8221; background_color=&#8221;#F8F8F8&#8243; background_enable_pattern_style=&#8221;on&#8221; background_pattern_style=&#8221;diagonal-stripes-2&#8243; background_pattern_color=&#8221;rgba(67,67,67,0.023)&#8221; module_alignment=&#8221;center&#8221; saved_tabs=&#8221;all&#8221; locked=&#8221;off&#8221; global_colors_info=&#8221;{}&#8221;][et_pb_row _builder_version=&#8221;4.21.0&#8243; _module_preset=&#8221;default&#8221; background_enable_color=&#8221;off&#8221; background_enable_image=&#8221;off&#8221; background_size=&#8221;contain&#8221; background_position=&#8221;top_left&#8221; module_alignment=&#8221;center&#8221; custom_padding=&#8221;||||false|false&#8221; custom_css_main_element=&#8221;background-size:12.5% auto;&#8221; global_colors_info=&#8221;{}&#8221; custom_css_main_element_last_edited=&#8221;on|phone&#8221; custom_css_main_element_phone=&#8221;background-size:20% auto;&#8221; custom_css_main_element_tablet=&#8221;background-size:12.5% auto;&#8221;][et_pb_column type=&#8221;4_4&#8243; _builder_version=&#8221;4.21.0&#8243; _module_preset=&#8221;default&#8221; global_colors_info=&#8221;{}&#8221;][et_pb_text admin_label=&#8221;Wir suchen Verst\u00e4rkung!&#8221; _builder_version=&#8221;4.24.2&#8243; _module_preset=&#8221;default&#8221; header_3_font=&#8221;||||||||&#8221; header_3_text_align=&#8221;left&#8221; header_3_font_size=&#8221;26px&#8221; max_width=&#8221;720px&#8221; header_3_font_size_tablet=&#8221;24px&#8221; header_3_font_size_phone=&#8221;21px&#8221; header_3_font_size_last_edited=&#8221;on|phone&#8221; global_colors_info=&#8221;{}&#8221;]<\/p>\n<h3>Wir suchen eine\/n Projektplaner\/in &#8211; bewerben Sie sich jetzt und starten Sie Ihre Karriere bei uns!<\/h3>\n<p>Sind Sie auf der Suche nach neuen spannenden Herausforderungen? M\u00f6chten Sie eine berufliche Ver\u00e4nderung vornehmen und Teil unseres Teams werden?<\/p>\n<p>Dann z\u00f6gern Sie nicht l\u00e4nger und reichen Sie Ihre Bewerbung bei uns ein!<\/p>\n<p><strong>Haben wir Ihr Interesse geweckt?<\/strong><\/p>\n<p>Warten Sie nicht l\u00e4nger, sondern senden Sie uns Ihre Unterlagen per E-Mail zu.<\/p>\n<p>Gerne beantworten wir Ihnen unverbindlich weitere Fragen in einem Telefonat.<\/p>\n<p>[\/et_pb_text][\/et_pb_column][\/et_pb_row][\/et_pb_section]<\/p>\n","protected":false},"excerpt":{"rendered":"<p>Seit unserer Gr\u00fcndung im Jahr 1990 haben wir uns einen Namen als innovatives und \u00e4sthetisch ansprechendes Architekturb\u00fcro gemacht. Mit einem erfahrenen Team aus Architekten, Ingenieuren und Designern setzen wir Projekte jeder Gr\u00f6\u00dfe um &#8211; von der Planung eines Einfamilienhauses bis hin zur Gestaltung gro\u00dfer B\u00fcro- und Industriegeb\u00e4uden.Unsere Gr\u00fcnder Hannah Baumeister und Tim Baumann bringen \u00fcber 30 Jahre Erfahrung in der Architekturbranche mit. Zusammen mit unserem Team aus Bauzeichnern, Projektplanern und Werkstudenten arbeiten wir jeden Tag daran, unsere Kunden zufriedenzustellen. Unser Anspruch an jedes Projekt ist es, eine individuelle L\u00f6sung zu finden, die den Bed\u00fcrfnissen unserer Kunden entspricht. Dabei legen wir gro\u00dfen Wert auf Nachhaltigkeit und Effizienz in allen Bereichen &#8211; sei es bei der Materialwahl oder der technischen Ausstattung des Geb\u00e4udes. Wir sind stolz darauf, dass unsere Projekte nicht nur \u00e4sthetisch ansprechend sind, sondern auch funktional und nachhaltig. Wir glauben daran, dass ein Geb\u00e4ude mehr sein sollte als nur ein Ort zum Wohnen oder Arbeiten &#8211; es sollte ein Ort sein, an dem man sich wohlf\u00fchlt und der die Umwelt schont.Wir suchen eine\/n Projektplaner\/in &#8211; bewerben Sie sich jetzt und starten Sie Ihre Karriere bei uns! Sind Sie auf der Suche nach neuen spannenden Herausforderungen? M\u00f6chten Sie eine berufliche Ver\u00e4nderung vornehmen und Teil unseres Teams werden? Dann z\u00f6gern Sie nicht l\u00e4nger und reichen Sie Ihre Bewerbung bei uns ein! Haben<\/p>\n<div class=\"view-full-post\"><a href=\"https:\/\/vorlage.roeser-webseiten.de\/bhp-template-10\/unternehmen\/\" class=\"view-full-post-btn\">View Full Post<\/a><\/div>\n<p>;<\/p>\n","protected":false},"author":1,"featured_media":0,"parent":0,"menu_order":0,"comment_status":"closed","ping_status":"closed","template":"","meta":{"_et_pb_use_builder":"on","_et_pb_old_content":"","_et_gb_content_width":"","footnotes":""},"class_list":["post-32","page","type-page","status-publish","hentry"],"aioseo_notices":[],"_links":{"self":[{"href":"https:\/\/vorlage.roeser-webseiten.de\/bhp-template-10\/wp-json\/wp\/v2\/pages\/32","targetHints":{"allow":["GET"]}}],"collection":[{"href":"https:\/\/vorlage.roeser-webseiten.de\/bhp-template-10\/wp-json\/wp\/v2\/pages"}],"about":[{"href":"https:\/\/vorlage.roeser-webseiten.de\/bhp-template-10\/wp-json\/wp\/v2\/types\/page"}],"author":[{"embeddable":true,"href":"https:\/\/vorlage.roeser-webseiten.de\/bhp-template-10\/wp-json\/wp\/v2\/users\/1"}],"replies":[{"embeddable":true,"href":"https:\/\/vorlage.roeser-webseiten.de\/bhp-template-10\/wp-json\/wp\/v2\/comments?post=32"}],"version-history":[{"count":2,"href":"https:\/\/vorlage.roeser-webseiten.de\/bhp-template-10\/wp-json\/wp\/v2\/pages\/32\/revisions"}],"predecessor-version":[{"id":2404,"href":"https:\/\/vorlage.roeser-webseiten.de\/bhp-template-10\/wp-json\/wp\/v2\/pages\/32\/revisions\/2404"}],"wp:attachment":[{"href":"https:\/\/vorlage.roeser-webseiten.de\/bhp-template-10\/wp-json\/wp\/v2\/media?parent=32"}],"curies":[{"name":"wp","href":"https:\/\/api.w.org\/{rel}","templated":true}]}}