{"id":2124,"date":"2023-09-27T16:15:57","date_gmt":"2023-09-27T14:15:57","guid":{"rendered":"https:\/\/vorlage.roeser-webseiten.de\/bhp-template-10\/?page_id=2124"},"modified":"2025-04-15T15:32:43","modified_gmt":"2025-04-15T13:32:43","slug":"wohnanlagen-mehrfamilienhaeuser","status":"publish","type":"page","link":"https:\/\/vorlage.roeser-webseiten.de\/bhp-template-10\/leistungen\/wohnanlagen-mehrfamilienhaeuser\/","title":{"rendered":"Wohnanlagen \/ Mehrfamilienh\u00e4user"},"content":{"rendered":"<p>[et_pb_section fb_built=&#8221;1&#8243; fullwidth=&#8221;on&#8221; _builder_version=&#8221;4.21.0&#8243; _module_preset=&#8221;default&#8221; global_colors_info=&#8221;{}&#8221;][et_pb_fullwidth_image src=&#8221;https:\/\/vorlage.roeser-webseiten.de\/bhp-template-10\/wp-content\/uploads\/sites\/25\/2021\/10\/Reihenhausanlage-mit-Gruenflaeche.jpg&#8221; alt=&#8221;Reihenhausanlage mit Gruenflaeche&#8221; title_text=&#8221;Reihenhausanlage mit Gruenflaeche&#8221; _builder_version=&#8221;4.21.0&#8243; _module_preset=&#8221;default&#8221; global_colors_info=&#8221;{}&#8221;][\/et_pb_fullwidth_image][et_pb_fullwidth_code _builder_version=&#8221;4.24.2&#8243; _module_preset=&#8221;default&#8221; use_background_color_gradient=&#8221;on&#8221; background_color_gradient_stops=&#8221;rgba(67,67,67,0.91) 0%|rgba(67,67,67,0.7) 20%|rgba(40,47,68,0.3) 50%&#8221; positioning=&#8221;absolute&#8221; position_origin_a=&#8221;top_center&#8221; width=&#8221;100%&#8221; height=&#8221;100%&#8221; locked=&#8221;off&#8221; global_colors_info=&#8221;{}&#8221;][\/et_pb_fullwidth_code][\/et_pb_section][et_pb_section fb_built=&#8221;1&#8243; _builder_version=&#8221;4.21.0&#8243; _module_preset=&#8221;default&#8221; global_colors_info=&#8221;{}&#8221;][et_pb_row custom_padding_last_edited=&#8221;on|phone&#8221; _builder_version=&#8221;4.16&#8243; _module_preset=&#8221;default&#8221; custom_padding_tablet=&#8221;&#8221; custom_padding_phone=&#8221;0px||0px||true|false&#8221; global_colors_info=&#8221;{}&#8221;][et_pb_column type=&#8221;4_4&#8243; _builder_version=&#8221;4.16&#8243; _module_preset=&#8221;default&#8221; global_colors_info=&#8221;{}&#8221;][et_pb_blurb title=&#8221;Mietsh\u00e4user &#038; Wohnanlagen&#8221; content_max_width=&#8221;100%&#8221; admin_label=&#8221;Einleitungstext&#8221; _builder_version=&#8221;4.24.2&#8243; _module_preset=&#8221;default&#8221; header_level=&#8221;h1&#8243; header_font_size=&#8221;40px&#8221; max_width=&#8221;720px&#8221; header_font_size_tablet=&#8221;30px&#8221; header_font_size_phone=&#8221;24px&#8221; header_font_size_last_edited=&#8221;on|phone&#8221; global_colors_info=&#8221;{}&#8221;]<\/p>\n<p>Unser Ziel ist es, Mietsh\u00e4user und Wohnanlagen zu planen und zu bauen, die h\u00f6chsten Anspr\u00fcchen gerecht werden. Wir sind davon \u00fcberzeugt, dass jeder Mensch ein Zuhause verdient, das nicht nur funktional und komfortabel ist, sondern auch \u00e4sthetisch ansprechend und nachhaltig gebaut wurde. Deshalb setzen wir bei jedem Projekt auf eine sorgf\u00e4ltige Planung und eine qualitativ hochwertige Umsetzung.<\/p>\n<p>Wir m\u00f6chten unseren Kunden nicht nur ein Dach \u00fcber dem Kopf bieten, sondern auch ein Zuhause, in dem sie sich wohlf\u00fchlen und das ihren individuellen Bed\u00fcrfnissen entspricht. Wir sind stolz darauf, unseren Teil zur Schaffung von lebenswerten Wohnr\u00e4umen beizutragen.<\/p>\n<p>[\/et_pb_blurb][\/et_pb_column][\/et_pb_row][\/et_pb_section][et_pb_section fb_built=&#8221;1&#8243; _builder_version=&#8221;4.21.0&#8243; _module_preset=&#8221;default&#8221; background_color=&#8221;#F8F8F8&#8243; background_enable_pattern_style=&#8221;on&#8221; background_pattern_style=&#8221;diagonal-stripes-2&#8243; background_pattern_color=&#8221;rgba(67,67,67,0.023)&#8221; custom_padding=&#8221;||||false|false&#8221; global_colors_info=&#8221;{}&#8221;][et_pb_row column_structure=&#8221;1_2,1_2&#8243; use_custom_gutter=&#8221;on&#8221; gutter_width=&#8221;4&#8243; make_equal=&#8221;on&#8221; _builder_version=&#8221;4.21.0&#8243; _module_preset=&#8221;default&#8221; global_colors_info=&#8221;{}&#8221;][et_pb_column type=&#8221;1_2&#8243; _builder_version=&#8221;4.21.0&#8243; _module_preset=&#8221;default&#8221; global_colors_info=&#8221;{}&#8221;][et_pb_blurb title=&#8221;Mietsh\u00e4user&#8221; content_max_width=&#8221;980px&#8221; admin_label=&#8221;Mehrfamilienhaus&#8221; module_class=&#8221;li-check li-chek-1 h3-small&#8221; _builder_version=&#8221;4.27.2&#8243; _module_preset=&#8221;default&#8221; header_level=&#8221;h2&#8243; header_text_align=&#8221;left&#8221; header_font_size=&#8221;32px&#8221; header_font_size_tablet=&#8221;30px&#8221; header_font_size_phone=&#8221;24px&#8221; header_font_size_last_edited=&#8221;on|desktop&#8221; body_font_size_phone=&#8221;18px&#8221; body_font_size_last_edited=&#8221;off|desktop&#8221; global_colors_info=&#8221;{}&#8221;]<\/p>\n<p>Ein Mietshaus ist ein Geb\u00e4ude, das mindestens drei abgeschlossene Wohneinheiten umfasst. Es kann jedoch auch vier, sechs, acht oder sogar zehn separate Wohnungen beherbergen. In der Regel sind die einzelnen Wohnungen nebeneinander und \u00fcbereinander angeordnet und besitzen eine \u00e4hnliche Raumaufteilung.<\/p>\n<p>Es bietet vielf\u00e4ltige M\u00f6glichkeiten zur Nutzung. Es kann als Mehrgenerationenhaus dienen, in dem mehrere Generationen einer Familie zusammenleben k\u00f6nnen. Alternativ kann es auch als Investitionsobjekt genutzt werden, indem man die Wohnungen vermietet oder sie als Eigentumswohnungen verkauft.<\/p>\n<p>[\/et_pb_blurb][\/et_pb_column][et_pb_column type=&#8221;1_2&#8243; _builder_version=&#8221;4.21.0&#8243; _module_preset=&#8221;default&#8221; global_colors_info=&#8221;{}&#8221;][dipi_image_mask image=&#8221;https:\/\/vorlage.roeser-webseiten.de\/bhp-template-10\/wp-content\/uploads\/sites\/25\/2023\/09\/shutterstock_484402267.jpg&#8221; shape=&#8221;Shape33&#8243; shape_scale_x=&#8221;1.18&#8243; shape_scale_y=&#8221;1.12&#8243; image_vert=&#8221;155&#8243; layer_1_enable=&#8221;on&#8221; layer_1_background_color=&#8221;#FFB03B&#8221; layer_3_enable=&#8221;on&#8221; docration_element_2=&#8221;LinedSquare&#8221; layer_3_background_color=&#8221;#282F44&#8243; layer_3_horz=&#8221;55%&#8221; layer_3_vert=&#8221;40%&#8221; layer_3_scale=&#8221;0.3&#8243; _builder_version=&#8221;4.21.0&#8243; _module_preset=&#8221;default&#8221; global_colors_info=&#8221;{}&#8221;][\/dipi_image_mask][\/et_pb_column][\/et_pb_row][et_pb_row column_structure=&#8221;1_2,1_2&#8243; use_custom_gutter=&#8221;on&#8221; gutter_width=&#8221;4&#8243; make_equal=&#8221;on&#8221; module_class=&#8221;swap-on-mobile&#8221; _builder_version=&#8221;4.21.0&#8243; _module_preset=&#8221;default&#8221; global_colors_info=&#8221;{}&#8221;][et_pb_column type=&#8221;1_2&#8243; _builder_version=&#8221;4.21.0&#8243; _module_preset=&#8221;default&#8221; global_colors_info=&#8221;{}&#8221;][dipi_image_mask image=&#8221;https:\/\/vorlage.roeser-webseiten.de\/bhp-template-10\/wp-content\/uploads\/sites\/25\/2023\/09\/shutterstock_1918722533.jpg&#8221; shape=&#8221;Shape33&#8243; shape_scale_x=&#8221;1.18&#8243; shape_scale_y=&#8221;1.12&#8243; shape_flip=&#8221;horizontal&#8221; image_vert=&#8221;155&#8243; layer_1_enable=&#8221;on&#8221; layer_1_background_color=&#8221;#FFB03B&#8221; layer_3_enable=&#8221;on&#8221; docration_element_2=&#8221;LinedSquare&#8221; layer_3_background_color=&#8221;#282F44&#8243; layer_3_horz=&#8221;-55%&#8221; layer_3_vert=&#8221;40%&#8221; layer_3_scale=&#8221;0.3&#8243; layer_3_rotate=&#8221;90&#8243; _builder_version=&#8221;4.21.0&#8243; _module_preset=&#8221;default&#8221; global_colors_info=&#8221;{}&#8221;][\/dipi_image_mask][\/et_pb_column][et_pb_column type=&#8221;1_2&#8243; _builder_version=&#8221;4.21.0&#8243; _module_preset=&#8221;default&#8221; global_colors_info=&#8221;{}&#8221;][et_pb_blurb title=&#8221;Wohnanlagen&#8221; content_max_width=&#8221;980px&#8221; admin_label=&#8221;Wohnanlage&#8221; module_class=&#8221;li-check li-chek-1 h3-small&#8221; _builder_version=&#8221;4.27.2&#8243; _module_preset=&#8221;default&#8221; header_level=&#8221;h2&#8243; header_text_align=&#8221;left&#8221; header_font_size=&#8221;32px&#8221; header_font_size_tablet=&#8221;30px&#8221; header_font_size_phone=&#8221;24px&#8221; header_font_size_last_edited=&#8221;on|phone&#8221; body_font_size_tablet=&#8221;&#8221; body_font_size_phone=&#8221;&#8221; body_font_size_last_edited=&#8221;on|desktop&#8221; global_colors_info=&#8221;{}&#8221;]<\/p>\n<p>Wohnanlagen bieten nicht nur Wohnungen, sondern auch eine Umgebung, die von Gr\u00fcnanlagen und speziellen Einrichtungen gepr\u00e4gt ist, die das Zusammenleben der Mieter f\u00f6rdern.<br \/>Die Gr\u00fcnanlagen bieten nicht nur eine sch\u00f6ne Optik, sondern auch eine M\u00f6glichkeit zur Erholung und Entspannung. Die speziellen Einrichtungen, die dem Zusammenleben dienen, k\u00f6nnten unter anderem Gemeinschaftsr\u00e4ume oder Sporteinrichtungen sein, die den Bewohnern erm\u00f6glichen, sich kennenzulernen und gemeinsam Zeit zu verbringen.<\/p>\n<p>[\/et_pb_blurb][\/et_pb_column][\/et_pb_row][\/et_pb_section][et_pb_section fb_built=&#8221;1&#8243; custom_padding_last_edited=&#8221;off|desktop&#8221; _builder_version=&#8221;4.21.0&#8243; _module_preset=&#8221;default&#8221; custom_padding_tablet=&#8221;||0px||false|false&#8221; custom_padding_phone=&#8221;0px||||false|false&#8221; global_colors_info=&#8221;{}&#8221;][et_pb_row custom_padding_last_edited=&#8221;on|phone&#8221; _builder_version=&#8221;4.16&#8243; _module_preset=&#8221;default&#8221; custom_padding_tablet=&#8221;&#8221; custom_padding_phone=&#8221;||0px||false|false&#8221; global_colors_info=&#8221;{}&#8221;][et_pb_column type=&#8221;4_4&#8243; _builder_version=&#8221;4.16&#8243; _module_preset=&#8221;default&#8221; global_colors_info=&#8221;{}&#8221;][et_pb_text _builder_version=&#8221;4.24.2&#8243; _module_preset=&#8221;default&#8221; header_2_font_size=&#8221;40px&#8221; max_width=&#8221;720px&#8221; header_2_font_size_tablet=&#8221;30px&#8221; header_2_font_size_phone=&#8221;24px&#8221; header_2_font_size_last_edited=&#8221;on|tablet&#8221; global_colors_info=&#8221;{}&#8221;]<\/p>\n<h2>Unsere Leistungen f\u00fcr Sie<\/h2>\n<p>Die erfolgreiche Durchf\u00fchrung eines Bauprojekts erfordert eine sorgf\u00e4ltige Planung, eine pr\u00e4zise Bauausf\u00fchrung und eine effektive Projektsteuerung.<br \/>Eine gr\u00fcndliche Projektplanung ist der Schl\u00fcssel zum Erfolg, da sie sicherstellt, dass alle Aspekte des Projekts ber\u00fccksichtigt werden und ein realistischer Zeitplan erstellt wird. Eine pr\u00e4zise Bauausf\u00fchrung ist ebenfalls von entscheidender Bedeutung, da sie sicherstellt, dass das Projekt gem\u00e4\u00df den Spezifikationen und Standards abgeschlossen wird. Eine effektive Projektsteuerung ist schlie\u00dflich unerl\u00e4sslich, um sicherzustellen, dass das Projekt innerhalb des Zeitplans und des Budgets bleibt und dass alle Beteiligten auf dem gleichen Stand sind. Zusammen bilden diese drei Elemente das Fundament f\u00fcr eine erfolgreiche Umsetzung eines Bauprojekts.<\/p>\n<p>[\/et_pb_text][\/et_pb_column][\/et_pb_row][\/et_pb_section][et_pb_section fb_built=&#8221;1&#8243; admin_label=&#8221;Call to Action&#8221; _builder_version=&#8221;4.27.4&#8243; _module_preset=&#8221;default&#8221; background_color=&#8221;#434343&#8243; use_background_color_gradient=&#8221;on&#8221; background_color_gradient_stops=&#8221;#282f44 0%|#434343 100%&#8221; hover_enabled=&#8221;0&#8243; global_colors_info=&#8221;{}&#8221; sticky_enabled=&#8221;0&#8243;][et_pb_row _builder_version=&#8221;4.21.0&#8243; _module_preset=&#8221;default&#8221; background_enable_image=&#8221;off&#8221; background_size=&#8221;contain&#8221; background_position=&#8221;top_left&#8221; max_width=&#8221;800px&#8221; module_alignment=&#8221;center&#8221; custom_padding=&#8221;||||false|false&#8221; custom_css_main_element=&#8221;background-size:12.5% auto;&#8221; locked=&#8221;off&#8221; global_colors_info=&#8221;{}&#8221; custom_css_main_element_last_edited=&#8221;on|phone&#8221; custom_css_main_element_phone=&#8221;background-size:20% auto;&#8221; custom_css_main_element_tablet=&#8221;background-size:12.5% auto;&#8221;][et_pb_column type=&#8221;4_4&#8243; _builder_version=&#8221;4.16&#8243; _module_preset=&#8221;default&#8221; global_colors_info=&#8221;{}&#8221;][et_pb_cta title=&#8221;Lassen Sie uns Ihre Ideen verwirklichen.&#8221; button_url=&#8221;#&#8221; button_text=&#8221;Starten Sie Ihr Bauprojekt mit uns.&#8221; _builder_version=&#8221;4.27.4&#8243; _module_preset=&#8221;default&#8221; custom_button=&#8221;on&#8221; button_border_color=&#8221;#282F44&#8243; background_layout=&#8221;light&#8221; locked=&#8221;off&#8221; global_colors_info=&#8221;{}&#8221; button_border_color__hover_enabled=&#8221;on|desktop&#8221; button_border_color__hover=&#8221;#FFB03B&#8221; button_text_color=&#8221;#282F44&#8243; button_text_color__hover=&#8221;#FFFFFF&#8221; button_text_color__hover_enabled=&#8221;on|hover&#8221; button_use_icon=&#8221;off&#8221; button_bg_color__hover=&#8221;#282F44&#8243; button_bg_color__hover_enabled=&#8221;on|hover&#8221;]<\/p>\n<p>Wenn Sie auf der Suche nach einem zuverl\u00e4ssigen und kompetenten Partner f\u00fcr Ihr Bauprojekt sind, dann sind Sie bei uns genau richtig. Kontaktieren Sie uns gerne &#8211; wir freuen uns darauf, Ihre Ideen gemeinsam mit Ihnen umzusetzen!<\/p>\n<p>[\/et_pb_cta][\/et_pb_column][\/et_pb_row][\/et_pb_section]<\/p>\n","protected":false},"excerpt":{"rendered":"<p>Unser Ziel ist es, Mietsh\u00e4user und Wohnanlagen zu planen und zu bauen, die h\u00f6chsten Anspr\u00fcchen gerecht werden. Wir sind davon \u00fcberzeugt, dass jeder Mensch ein Zuhause verdient, das nicht nur funktional und komfortabel ist, sondern auch \u00e4sthetisch ansprechend und nachhaltig gebaut wurde. Deshalb setzen wir bei jedem Projekt auf eine sorgf\u00e4ltige Planung und eine qualitativ hochwertige Umsetzung. Wir m\u00f6chten unseren Kunden nicht nur ein Dach \u00fcber dem Kopf bieten, sondern auch ein Zuhause, in dem sie sich wohlf\u00fchlen und das ihren individuellen Bed\u00fcrfnissen entspricht. Wir sind stolz darauf, unseren Teil zur Schaffung von lebenswerten Wohnr\u00e4umen beizutragen.Ein Mietshaus ist ein Geb\u00e4ude, das mindestens drei abgeschlossene Wohneinheiten umfasst. Es kann jedoch auch vier, sechs, acht oder sogar zehn separate Wohnungen beherbergen. In der Regel sind die einzelnen Wohnungen nebeneinander und \u00fcbereinander angeordnet und besitzen eine \u00e4hnliche Raumaufteilung. Es bietet vielf\u00e4ltige M\u00f6glichkeiten zur Nutzung. Es kann als Mehrgenerationenhaus dienen, in dem mehrere Generationen einer Familie zusammenleben k\u00f6nnen. Alternativ kann es auch als Investitionsobjekt genutzt werden, indem man die Wohnungen vermietet oder sie als Eigentumswohnungen verkauft.<div class=\"et_pb_module dipi_image_mask dipi_image_mask_0\">\n\t\t\t\t\n\t\t\t\t\n\t\t\t\t\n\t\t\t\t\n\t\t\t\t\n\t\t\t\t\n\t\t\t\t<div class=\"et_pb_module_inner\">\n\t\t\t\t\t<div class=\"dipi-image-mask--mask\">\n                <svg width=\"100%\" height=\"100%\"  style=\"overflow:visible\" xmlns=\"http:\/\/www.w3.org\/2000\/svg\" xmlns:xlink=\"http:\/\/www.w3.org\/1999\/xlink\" viewBox=\"0 0 1000 1000\" aria-labelledby=\"alt-text-69ea11e875c72\" role=\"img\">\n                    <title id=\"alt-text-69ea11e875c72\"><\/title>\n                    \n                    <style><\/style>\n                    \n                    \n                <g>\n                    <g style=\"transform-origin: center; transform: rotate(0deg) scale(1.18 , 1.12)\" fill=\"url(#GRAD_1)\"><path class=\"st1\" d=\"M683.8 94.3h222v222h-222zM99.4 595.9h304.9v304.9H99.4z\"\/><\/g>\n                    <g>\n                        <defs>\n                            <mask id=\"SHAPE_1-69ea11e875c57\" fill=\"#fff\">\n                                <g style=\"transform-origin: center; transform: rotate(0deg) scale(1.18 , 1.12)\"> \n                                    <path d=\"M53.5 46.1h441.2v441.2H53.5zm458.7 458.7h441.2V946H512.2zm0-380.3h362.7v362.7H512.2zM131.3 505.4H494v362.7H131.3z\"\/>\n                                <\/g>\n                            <\/mask>\n                        <\/defs>\n                        \n        <g style=\"mask:url(#SHAPE_1-69ea11e875c57)\">\n            <image \n                style=\"overflow:visible\" \n                width=100%  \n                href=https:\/\/vorlage.roeser-webseiten.de\/bhp-template-10\/wp-content\/uploads\/sites\/25\/2023\/09\/shutterstock_484402267.jpg\n                transform=\"matrix(1 0 0 1 0 155)\"\n                preserveAspectRatio=\"none\"> \n            <\/image>\n        <\/g>\n                    <\/g>\n                <\/g>\n                    \n            <g style=\"transform: translate(55%, 40%) scale(0.3) rotate(0deg);transform-origin: center\">\n              <defs>\n              <rect id=\"SVG_1\" x=\"20\" y=\"10.7\" width=\"460.2\" height=\"460.2\"\/>\n              <\/defs>\n              <clipPath id=\"SVG_2\">\n                <use xlink:href=\"#SVG_1\"  style=\"overflow: visible\"\/>\n              <\/clipPath>\n              <g class=\"s03\" style=\"clip-path: url(#SVG_2)\">\n                <g>\n                  <rect x=\"425\" y=\"138.4\" width=\"423.7\" height=\"3\"\/>\n                  <rect x=\"425\" y=\"105.4\" width=\"423.7\" height=\"3\"\/>\n                  <rect x=\"425\" y=\"72.4\" width=\"423.7\" height=\"3\"\/>\n                  <rect x=\"425\" y=\"39.4\" width=\"423.7\" height=\"3\"\/>\n                  <rect x=\"425\" y=\"6.4\" width=\"423.7\" height=\"3\"\/>\n        \n              <rect x=\"425\" y=\"303.4\" width=\"423.7\" height=\"3\"\/>\n                  <rect x=\"425\" y=\"270.4\" width=\"423.7\" height=\"3\"\/>\n                  <rect x=\"425\" y=\"237.4\" width=\"423.7\" height=\"3\"\/>\n                  <rect x=\"425\" y=\"204.4\" width=\"423.7\" height=\"3\"\/>\n                  <rect x=\"425\" y=\"171.4\" width=\"423.7\" height=\"3\"\/>\n        \n              <rect x=\"425\" y=\"468.4\" width=\"423.7\" height=\"3\"\/>\n                  <rect x=\"425\" y=\"435.4\" width=\"423.7\" height=\"3\"\/>\n                  <rect x=\"425\" y=\"402.4\" width=\"423.7\" height=\"3\"\/>\n                  <rect x=\"425\" y=\"369.4\" width=\"423.7\" height=\"3\"\/>\n                  <rect x=\"425\" y=\"336.4\" width=\"423.7\" height=\"3\"\/>\n        \n              <rect x=\"1.3\" y=\"138.4\" width=\"423.7\" height=\"3\"\/>\n                  <rect x=\"1.3\" y=\"105.4\" width=\"423.7\" height=\"3\"\/>\n                  <rect x=\"1.3\" y=\"72.4\" width=\"423.7\" height=\"3\"\/>\n                  <rect x=\"1.3\" y=\"39.4\" width=\"423.7\" height=\"3\"\/>\n                  <rect x=\"1.3\" y=\"6.4\" width=\"423.7\" height=\"3\"\/>\n        \n              <rect x=\"1.3\" y=\"303.4\" width=\"423.7\" height=\"3\"\/>\n                  <rect x=\"1.3\" y=\"270.4\" width=\"423.7\" height=\"3\"\/>\n                  <rect x=\"1.3\" y=\"237.4\" width=\"423.7\" height=\"3\"\/>\n                  <rect x=\"1.3\" y=\"204.4\" width=\"423.7\" height=\"3\"\/>\n                  <rect x=\"1.3\" y=\"171.4\" width=\"423.7\" height=\"3\"\/>\n        \n              <rect x=\"1.3\" y=\"468.4\" width=\"423.7\" height=\"3\"\/>\n                  <rect x=\"1.3\" y=\"435.4\" width=\"423.7\" height=\"3\"\/>\n                  <rect x=\"1.3\" y=\"402.4\" width=\"423.7\" height=\"3\"\/>\n                  <rect x=\"1.3\" y=\"369.4\" width=\"423.7\" height=\"3\"\/>\n                  <rect x=\"1.3\" y=\"336.4\" width=\"423.7\" height=\"3\"\/>\n                <\/g>\n              <\/g>\n            \n            <\/g>\n                <\/svg>\n            <\/div>\n\t\t\t\t<\/div>\n\t\t\t<\/div><div class=\"et_pb_module dipi_image_mask dipi_image_mask_1\">\n\t\t\t\t\n\t\t\t\t\n\t\t\t\t\n\t\t\t\t\n\t\t\t\t\n\t\t\t\t\n\t\t\t\t<div class=\"et_pb_module_inner\">\n\t\t\t\t\t<div class=\"dipi-image-mask--mask\">\n                <svg width=\"100%\" height=\"100%\"  style=\"overflow:visible\" xmlns=\"http:\/\/www.w3.org\/2000\/svg\" xmlns:xlink=\"http:\/\/www.w3.org\/1999\/xlink\" viewBox=\"0 0 1000 1000\" aria-labelledby=\"alt-text-69ea11e87a872\" role=\"img\">\n                    <title id=\"alt-text-69ea11e87a872\"><\/title>\n                    \n                    <style><\/style>\n                    \n                    \n                <g>\n                    <g style=\"transform-origin: center; transform: rotate(0deg) scale(1.18 , 1.12) scale(-1,1)\" fill=\"url(#GRAD_2)\"><path class=\"st1\" d=\"M683.8 94.3h222v222h-222zM99.4 595.9h304.9v304.9H99.4z\"\/><\/g>\n                    <g>\n                        <defs>\n                            <mask id=\"SHAPE_2-69ea11e87a853\" fill=\"#fff\">\n                                <g style=\"transform-origin: center; transform: rotate(0deg) scale(1.18 , 1.12) scale(-1,1)\"> \n                                    <path d=\"M53.5 46.1h441.2v441.2H53.5zm458.7 458.7h441.2V946H512.2zm0-380.3h362.7v362.7H512.2zM131.3 505.4H494v362.7H131.3z\"\/>\n                                <\/g>\n                            <\/mask>\n                        <\/defs>\n                        \n        <g style=\"mask:url(#SHAPE_2-69ea11e87a853)\">\n            <image \n                style=\"overflow:visible\" \n                width=100%  \n                href=https:\/\/vorlage.roeser-webseiten.de\/bhp-template-10\/wp-content\/uploads\/sites\/25\/2023\/09\/shutterstock_1918722533.jpg\n                transform=\"matrix(1 0 0 1 0 155)\"\n                preserveAspectRatio=\"none\"> \n            <\/image>\n        <\/g>\n                    <\/g>\n                <\/g>\n                    \n            <g style=\"transform: translate(-55%, 40%) scale(0.3) rotate(90deg);transform-origin: center\">\n              <defs>\n              <rect id=\"SVG_3\" x=\"20\" y=\"10.7\" width=\"460.2\" height=\"460.2\"\/>\n              <\/defs>\n              <clipPath id=\"SVG_4\">\n                <use xlink:href=\"#SVG_3\"  style=\"overflow: visible\"\/>\n              <\/clipPath>\n              <g class=\"s03\" style=\"clip-path: url(#SVG_4)\">\n                <g>\n                  <rect x=\"425\" y=\"138.4\" width=\"423.7\" height=\"3\"\/>\n                  <rect x=\"425\" y=\"105.4\" width=\"423.7\" height=\"3\"\/>\n                  <rect x=\"425\" y=\"72.4\" width=\"423.7\" height=\"3\"\/>\n                  <rect x=\"425\" y=\"39.4\" width=\"423.7\" height=\"3\"\/>\n                  <rect x=\"425\" y=\"6.4\" width=\"423.7\" height=\"3\"\/>\n        \n              <rect x=\"425\" y=\"303.4\" width=\"423.7\" height=\"3\"\/>\n                  <rect x=\"425\" y=\"270.4\" width=\"423.7\" height=\"3\"\/>\n                  <rect x=\"425\" y=\"237.4\" width=\"423.7\" height=\"3\"\/>\n                  <rect x=\"425\" y=\"204.4\" width=\"423.7\" height=\"3\"\/>\n                  <rect x=\"425\" y=\"171.4\" width=\"423.7\" height=\"3\"\/>\n        \n              <rect x=\"425\" y=\"468.4\" width=\"423.7\" height=\"3\"\/>\n                  <rect x=\"425\" y=\"435.4\" width=\"423.7\" height=\"3\"\/>\n                  <rect x=\"425\" y=\"402.4\" width=\"423.7\" height=\"3\"\/>\n                  <rect x=\"425\" y=\"369.4\" width=\"423.7\" height=\"3\"\/>\n                  <rect x=\"425\" y=\"336.4\" width=\"423.7\" height=\"3\"\/>\n        \n              <rect x=\"1.3\" y=\"138.4\" width=\"423.7\" height=\"3\"\/>\n                  <rect x=\"1.3\" y=\"105.4\" width=\"423.7\" height=\"3\"\/>\n                  <rect x=\"1.3\" y=\"72.4\" width=\"423.7\" height=\"3\"\/>\n                  <rect x=\"1.3\" y=\"39.4\" width=\"423.7\" height=\"3\"\/>\n                  <rect x=\"1.3\" y=\"6.4\" width=\"423.7\" height=\"3\"\/>\n        \n              <rect x=\"1.3\" y=\"303.4\" width=\"423.7\" height=\"3\"\/>\n                  <rect x=\"1.3\" y=\"270.4\" width=\"423.7\" height=\"3\"\/>\n                  <rect x=\"1.3\" y=\"237.4\" width=\"423.7\" height=\"3\"\/>\n                  <rect x=\"1.3\" y=\"204.4\" width=\"423.7\" height=\"3\"\/>\n                  <rect x=\"1.3\" y=\"171.4\" width=\"423.7\" height=\"3\"\/>\n        \n              <rect x=\"1.3\" y=\"468.4\" width=\"423.7\" height=\"3\"\/>\n                  <rect x=\"1.3\" y=\"435.4\" width=\"423.7\" height=\"3\"\/>\n                  <rect x=\"1.3\" y=\"402.4\" width=\"423.7\" height=\"3\"\/>\n                  <rect x=\"1.3\" y=\"369.4\" width=\"423.7\" height=\"3\"\/>\n                  <rect x=\"1.3\" y=\"336.4\" width=\"423.7\" height=\"3\"\/>\n                <\/g>\n              <\/g>\n            \n            <\/g>\n                <\/svg>\n            <\/div>\n\t\t\t\t<\/div>\n\t\t\t<\/div>Wohnanlagen bieten nicht nur Wohnungen, sondern auch eine Umgebung, die von Gr\u00fcnanlagen und speziellen Einrichtungen<\/p>\n<div class=\"view-full-post\"><a href=\"https:\/\/vorlage.roeser-webseiten.de\/bhp-template-10\/leistungen\/wohnanlagen-mehrfamilienhaeuser\/\" class=\"view-full-post-btn\">View Full Post<\/a><\/div>\n<p>;<\/p>\n","protected":false},"author":1,"featured_media":0,"parent":34,"menu_order":0,"comment_status":"closed","ping_status":"closed","template":"","meta":{"_et_pb_use_builder":"on","_et_pb_old_content":"","_et_gb_content_width":"","footnotes":""},"class_list":["post-2124","page","type-page","status-publish","hentry"],"aioseo_notices":[],"_links":{"self":[{"href":"https:\/\/vorlage.roeser-webseiten.de\/bhp-template-10\/wp-json\/wp\/v2\/pages\/2124","targetHints":{"allow":["GET"]}}],"collection":[{"href":"https:\/\/vorlage.roeser-webseiten.de\/bhp-template-10\/wp-json\/wp\/v2\/pages"}],"about":[{"href":"https:\/\/vorlage.roeser-webseiten.de\/bhp-template-10\/wp-json\/wp\/v2\/types\/page"}],"author":[{"embeddable":true,"href":"https:\/\/vorlage.roeser-webseiten.de\/bhp-template-10\/wp-json\/wp\/v2\/users\/1"}],"replies":[{"embeddable":true,"href":"https:\/\/vorlage.roeser-webseiten.de\/bhp-template-10\/wp-json\/wp\/v2\/comments?post=2124"}],"version-history":[{"count":4,"href":"https:\/\/vorlage.roeser-webseiten.de\/bhp-template-10\/wp-json\/wp\/v2\/pages\/2124\/revisions"}],"predecessor-version":[{"id":2405,"href":"https:\/\/vorlage.roeser-webseiten.de\/bhp-template-10\/wp-json\/wp\/v2\/pages\/2124\/revisions\/2405"}],"up":[{"embeddable":true,"href":"https:\/\/vorlage.roeser-webseiten.de\/bhp-template-10\/wp-json\/wp\/v2\/pages\/34"}],"wp:attachment":[{"href":"https:\/\/vorlage.roeser-webseiten.de\/bhp-template-10\/wp-json\/wp\/v2\/media?parent=2124"}],"curies":[{"name":"wp","href":"https:\/\/api.w.org\/{rel}","templated":true}]}}