{"id":420,"date":"2021-07-15T13:16:57","date_gmt":"2021-07-15T11:16:57","guid":{"rendered":"https:\/\/roeser-webseiten.de\/pape-transporte\/?page_id=420"},"modified":"2025-04-14T13:34:45","modified_gmt":"2025-04-14T11:34:45","slug":"ueber-uns","status":"publish","type":"page","link":"https:\/\/vorlage.roeser-webseiten.de\/bhp-template-1\/ueber-uns\/","title":{"rendered":"\u00dcber Uns"},"content":{"rendered":"<p>[et_pb_section fb_built=&#8221;1&#8243; fullwidth=&#8221;on&#8221; _builder_version=&#8221;4.24.2&#8243; _module_preset=&#8221;default&#8221; top_divider_color=&#8221;#FFFFFF&#8221; top_divider_height=&#8221;54px&#8221; top_divider_flip=&#8221;horizontal&#8221; bottom_divider_style=&#8221;slant2&#8243; bottom_divider_color=&#8221;#FFFFFF&#8221; bottom_divider_height=&#8221;74px&#8221; bottom_divider_flip=&#8221;horizontal&#8221; bottom_divider_height_tablet=&#8221;54px&#8221; bottom_divider_height_phone=&#8221;30px&#8221; bottom_divider_height_last_edited=&#8221;on|phone&#8221; locked=&#8221;off&#8221; global_colors_info=&#8221;{}&#8221;][et_pb_fullwidth_image src=&#8221;https:\/\/vorlage.roeser-webseiten.de\/bhp-template-1\/wp-content\/uploads\/sites\/16\/2023\/08\/shutterstock_2138002649.jpg&#8221; alt=&#8221;2 Umzugshelfer l\u00e4cheln in Kamera&#8221; title_text=&#8221;team&#8221; src_tablet=&#8221;https:\/\/vorlage.roeser-webseiten.de\/bhp-template-1\/wp-content\/uploads\/sites\/16\/2023\/08\/shutterstock_2138002649-t.jpg&#8221; src_phone=&#8221;https:\/\/vorlage.roeser-webseiten.de\/bhp-template-1\/wp-content\/uploads\/sites\/16\/2023\/08\/shutterstock_2138002649-t.jpg&#8221; src_last_edited=&#8221;on|phone&#8221; _builder_version=&#8221;4.21.0&#8243; _module_preset=&#8221;default&#8221; global_colors_info=&#8221;{}&#8221;][\/et_pb_fullwidth_image][\/et_pb_section][et_pb_section fb_built=&#8221;1&#8243; admin_label=&#8221;Einleitungstext&#8221; _builder_version=&#8221;4.16&#8243; _module_preset=&#8221;default&#8221; background_color=&#8221;#FFFFFF&#8221; global_colors_info=&#8221;{}&#8221;][et_pb_row column_structure=&#8221;3_5,2_5&#8243; custom_padding_last_edited=&#8221;on|phone&#8221; _builder_version=&#8221;4.16&#8243; _module_preset=&#8221;default&#8221; width_tablet=&#8221;&#8221; width_phone=&#8221;90%&#8221; width_last_edited=&#8221;on|phone&#8221; max_width=&#8221;1080px&#8221; module_alignment=&#8221;center&#8221; custom_margin_tablet=&#8221;||-74px||false|false&#8221; custom_margin_phone=&#8221;||0px||false|false&#8221; custom_margin_last_edited=&#8221;off|desktop&#8221; custom_padding_tablet=&#8221;&#8221; custom_padding_phone=&#8221;0px||0px||false|false&#8221; global_colors_info=&#8221;{}&#8221;][et_pb_column type=&#8221;3_5&#8243; _builder_version=&#8221;4.16&#8243; _module_preset=&#8221;default&#8221; global_colors_info=&#8221;{}&#8221;][dipi_dual_heading first_heading=&#8221;EXPRESS Umz\u00fcge&#8221; second_heading=&#8221;Ihr Partner f\u00fcr Umz\u00fcge in der Region&#8221; heading_tag=&#8221;h1&#8243; heading_display=&#8221;column&#8221; fh_padding=&#8221;0px|3px|0px|0px|false|false&#8221; sh_padding=&#8221;0px|3px|0px|0px|false|false&#8221; _builder_version=&#8221;4.27.4&#8243; _module_preset=&#8221;default&#8221; first_heading_font=&#8221;|700|on||||||&#8221; first_heading_font_size=&#8221;42px&#8221; first_heading_line_height=&#8221;1.3em&#8221; second_heading_font=&#8221;|300|||||||&#8221; second_heading_font_size=&#8221;21px&#8221; second_heading_line_height=&#8221;2em&#8221; text_orientation=&#8221;left&#8221; background_layout=&#8221;light&#8221; animation_direction=&#8221;left&#8221; first_heading_font_size_tablet=&#8221;36px&#8221; first_heading_font_size_phone=&#8221;32px&#8221; first_heading_font_size_last_edited=&#8221;on|phone&#8221; second_heading_font_size_tablet=&#8221;21px&#8221; second_heading_font_size_phone=&#8221;18px&#8221; second_heading_font_size_last_edited=&#8221;on|desktop&#8221; locked=&#8221;off&#8221; global_colors_info=&#8221;{}&#8221;][\/dipi_dual_heading][et_pb_text _builder_version=&#8221;4.27.4&#8243; _module_preset=&#8221;default&#8221; max_width_last_edited=&#8221;off|desktop&#8221; global_colors_info=&#8221;{}&#8221;]<\/p>\n<p>Unsere langj\u00e4hrige Erfahrung im Umzugsbereich hat uns zu einem vertrauensw\u00fcrdigen und zuverl\u00e4ssigen Partner f\u00fcr Umz\u00fcge in der Region gemacht. Wir wissen, dass ein Umzug oft mit Stress und Aufregung verbunden ist, deshalb setzen wir alles daran, Ihnen den Umzug so angenehm wie m\u00f6glich zu gestalten.<\/p>\n<p>Unser Team besteht aus erfahrenen Mitarbeitern, die sich durch ihre Sorgfalt und Professionalit\u00e4t auszeichnen. Jeder Umzug wird individuell geplant und auf Ihre Bed\u00fcrfnisse abgestimmt. Wir bieten Ihnen eine umfangreiche Beratung und stehen Ihnen bei Fragen jederzeit zur Verf\u00fcgung.<\/p>\n<p>[\/et_pb_text][\/et_pb_column][et_pb_column type=&#8221;2_5&#8243; _builder_version=&#8221;4.16&#8243; _module_preset=&#8221;default&#8221; global_colors_info=&#8221;{}&#8221;][et_pb_image src=&#8221;https:\/\/vorlage.roeser-webseiten.de\/bhp-template-1\/wp-content\/uploads\/sites\/16\/2021\/07\/header-umzug1-t.jpg&#8221; alt=&#8221;Umzugshelfer tr\u00e4gt Kisten&#8221; title_text=&#8221;Umzugshelfer&#8221; _builder_version=&#8221;4.27.4&#8243; _module_preset=&#8221;default&#8221; global_colors_info=&#8221;{}&#8221;][\/et_pb_image][\/et_pb_column][\/et_pb_row][\/et_pb_section][et_pb_section fb_built=&#8221;1&#8243; admin_label=&#8221;Aufz\u00e4hlung \/ Counter&#8221; _builder_version=&#8221;4.21.0&#8243; _module_preset=&#8221;default&#8221; background_color=&#8221;rgba(98,144,195,0.12)&#8221; locked=&#8221;off&#8221; global_colors_info=&#8221;{}&#8221;][et_pb_row column_structure=&#8221;1_4,1_4,1_4,1_4&#8243; _builder_version=&#8221;4.16&#8243; _module_preset=&#8221;default&#8221; animation_style=&#8221;fade&#8221; global_colors_info=&#8221;{}&#8221;][et_pb_column type=&#8221;1_4&#8243; _builder_version=&#8221;4.16&#8243; _module_preset=&#8221;default&#8221; global_colors_info=&#8221;{}&#8221;][et_pb_number_counter title=&#8221;Mitarbeiter&#8221; number=&#8221;50&#8243; percent_sign=&#8221;off&#8221; _builder_version=&#8221;4.27.4&#8243; _module_preset=&#8221;default&#8221; title_level=&#8221;h2&#8243; title_text_color=&#8221;#9EF01A&#8221; number_font=&#8221;|800|on||||||&#8221; number_text_color=&#8221;#93EF00&#8243; number_font_size=&#8221;48px&#8221; number_line_height=&#8221;1em&#8221; background_color=&#8221;#1B4D89&#8243; custom_margin=&#8221;||0px||false|false&#8221; custom_padding=&#8221;12px||12px||true|false&#8221; hover_enabled=&#8221;0&#8243; number_font_size_tablet=&#8221;32px&#8221; number_font_size_phone=&#8221;24px&#8221; number_font_size_last_edited=&#8221;on|tablet&#8221; custom_css_percent=&#8221;margin-bottom:12px;||height:auto;&#8221; box_shadow_style=&#8221;preset3&#8243; box_shadow_vertical=&#8221;3px&#8221; box_shadow_blur=&#8221;6px&#8221; box_shadow_spread=&#8221;-3px&#8221; global_colors_info=&#8221;{}&#8221; sticky_enabled=&#8221;0&#8243;][\/et_pb_number_counter][\/et_pb_column][et_pb_column type=&#8221;1_4&#8243; _builder_version=&#8221;4.16&#8243; _module_preset=&#8221;default&#8221; global_colors_info=&#8221;{}&#8221;][et_pb_number_counter title=&#8221;Standorte&#8221; number=&#8221;4&#8243; percent_sign=&#8221;off&#8221; _builder_version=&#8221;4.21.0&#8243; _module_preset=&#8221;default&#8221; title_level=&#8221;h2&#8243; title_text_color=&#8221;#9EF01A&#8221; number_font=&#8221;|800|on||||||&#8221; number_text_color=&#8221;#93EF00&#8243; number_font_size=&#8221;48px&#8221; number_line_height=&#8221;1em&#8221; background_color=&#8221;#1B4D89&#8243; custom_margin=&#8221;||0px||false|false&#8221; custom_padding=&#8221;12px||12px||true|false&#8221; number_font_size_tablet=&#8221;32px&#8221; number_font_size_phone=&#8221;24px&#8221; number_font_size_last_edited=&#8221;on|tablet&#8221; custom_css_percent=&#8221;margin-bottom:12px;||height:auto;&#8221; box_shadow_style=&#8221;preset3&#8243; box_shadow_vertical=&#8221;3px&#8221; box_shadow_blur=&#8221;6px&#8221; box_shadow_spread=&#8221;-3px&#8221; global_colors_info=&#8221;{}&#8221;][\/et_pb_number_counter][\/et_pb_column][et_pb_column type=&#8221;1_4&#8243; _builder_version=&#8221;4.16&#8243; _module_preset=&#8221;default&#8221; global_colors_info=&#8221;{}&#8221;][et_pb_number_counter title=&#8221;LKW&#8217;s -7,49 t&#8221; number=&#8221;20&#8243; percent_sign=&#8221;off&#8221; _builder_version=&#8221;4.21.0&#8243; _module_preset=&#8221;default&#8221; title_level=&#8221;h2&#8243; title_text_color=&#8221;#9EF01A&#8221; number_font=&#8221;|800|on||||||&#8221; number_text_color=&#8221;#93EF00&#8243; number_font_size=&#8221;48px&#8221; number_line_height=&#8221;1em&#8221; background_color=&#8221;#1B4D89&#8243; custom_margin=&#8221;||0px||false|false&#8221; custom_padding=&#8221;12px||12px||true|false&#8221; number_font_size_tablet=&#8221;32px&#8221; number_font_size_phone=&#8221;24px&#8221; number_font_size_last_edited=&#8221;on|tablet&#8221; custom_css_percent=&#8221;margin-bottom:12px;||height:auto;&#8221; box_shadow_style=&#8221;preset3&#8243; box_shadow_vertical=&#8221;3px&#8221; box_shadow_blur=&#8221;6px&#8221; box_shadow_spread=&#8221;-3px&#8221; global_colors_info=&#8221;{}&#8221;][\/et_pb_number_counter][\/et_pb_column][et_pb_column type=&#8221;1_4&#8243; _builder_version=&#8221;4.16&#8243; _module_preset=&#8221;default&#8221; global_colors_info=&#8221;{}&#8221;][et_pb_number_counter title=&#8221;Klein-LKW&#8217;s -3,49 t&#8221; number=&#8221;10&#8243; percent_sign=&#8221;off&#8221; _builder_version=&#8221;4.21.0&#8243; _module_preset=&#8221;default&#8221; title_level=&#8221;h2&#8243; title_text_color=&#8221;#9EF01A&#8221; number_font=&#8221;|800|on||||||&#8221; number_text_color=&#8221;#93EF00&#8243; number_font_size=&#8221;48px&#8221; number_line_height=&#8221;1em&#8221; background_color=&#8221;#1B4D89&#8243; custom_margin=&#8221;||0px||false|false&#8221; custom_padding=&#8221;12px||12px||true|false&#8221; number_font_size_tablet=&#8221;32px&#8221; number_font_size_phone=&#8221;24px&#8221; number_font_size_last_edited=&#8221;on|tablet&#8221; custom_css_percent=&#8221;margin-bottom:12px;||height:auto;&#8221; box_shadow_style=&#8221;preset3&#8243; box_shadow_vertical=&#8221;3px&#8221; box_shadow_blur=&#8221;6px&#8221; box_shadow_spread=&#8221;-3px&#8221; global_colors_info=&#8221;{}&#8221;][\/et_pb_number_counter][\/et_pb_column][\/et_pb_row][\/et_pb_section][et_pb_section fb_built=&#8221;1&#8243; _builder_version=&#8221;4.21.0&#8243; _module_preset=&#8221;default&#8221; global_colors_info=&#8221;{}&#8221;][et_pb_row column_structure=&#8221;3_5,2_5&#8243; _builder_version=&#8221;4.16&#8243; _module_preset=&#8221;default&#8221; width_tablet=&#8221;&#8221; width_phone=&#8221;90%&#8221; width_last_edited=&#8221;on|phone&#8221; max_width=&#8221;1080px&#8221; module_alignment=&#8221;center&#8221; global_colors_info=&#8221;{}&#8221;][et_pb_column type=&#8221;3_5&#8243; _builder_version=&#8221;4.16&#8243; _module_preset=&#8221;default&#8221; global_colors_info=&#8221;{}&#8221;][dipi_dual_heading first_heading=&#8221;Kundenorientierter Umzugsservice&#8221; second_heading=&#8221;mit pers\u00f6nlicher Betreuung&#8221; heading_display=&#8221;column&#8221; _builder_version=&#8221;4.27.4&#8243; _module_preset=&#8221;default&#8221; first_heading_font=&#8221;|600|||||||&#8221; first_heading_font_size=&#8221;32px&#8221; second_heading_font_size=&#8221;22px&#8221; text_orientation=&#8221;left&#8221; background_layout=&#8221;light&#8221; hover_enabled=&#8221;0&#8243; first_heading_font_size_tablet=&#8221;30px&#8221; first_heading_font_size_phone=&#8221;24px&#8221; first_heading_font_size_last_edited=&#8221;on|tablet&#8221; second_heading_font_size_tablet=&#8221;21px&#8221; second_heading_font_size_phone=&#8221;18px&#8221; second_heading_font_size_last_edited=&#8221;on|phone&#8221; global_colors_info=&#8221;{}&#8221; sticky_enabled=&#8221;0&#8243;][\/dipi_dual_heading][et_pb_text _builder_version=&#8221;4.27.4&#8243; _module_preset=&#8221;default&#8221; header_2_font=&#8221;|600|||||||&#8221; header_2_font_size=&#8221;36px&#8221; max_width=&#8221;800px&#8221; header_2_font_size_tablet=&#8221;32px&#8221; header_2_font_size_phone=&#8221;26px&#8221; header_2_font_size_last_edited=&#8221;on|phone&#8221; global_colors_info=&#8221;{}&#8221;]<\/p>\n<p>Bei EXPRESS Umz\u00fcge legen wir gro\u00dfen Wert auf Transparenz und Fairness. Wir bieten Ihnen faire Preise ohne versteckte Kosten. Unser Motto lautet: Gute Arbeit muss nicht teuer sein.<\/p>\n<p>Die Zufriedenheit unserer Kunden steht f\u00fcr uns an erster Stelle. Deshalb sind unsere Inhaber Mark und Simon Mustermann bei jedem Umzug pers\u00f6nlich vor Ort. Sie sorgen daf\u00fcr, dass alles reibungslos abl\u00e4uft und stehen Ihnen als Ansprechpartner zur Verf\u00fcgung.<\/p>\n<p>Gerne vereinbaren wir mit Ihnen eine kostenlose Besichtigung vor Ort, um Ihren Umzug optimal planen zu k\u00f6nnen. Dabei besprechen wir alle Details mit Ihnen und erstellen ein individuelles Angebot.<br \/>Wir freuen uns darauf, auch Sie von unserem Service \u00fcberzeugen zu d\u00fcrfen!<\/p>\n<p>[\/et_pb_text][et_pb_button button_url=&#8221;@ET-DC@eyJkeW5hbWljIjp0cnVlLCJjb250ZW50IjoicG9zdF9saW5rX3VybF9wYWdlIiwic2V0dGluZ3MiOnsicG9zdF9pZCI6IjIyIn19@&#8221; button_text=&#8221;Kontakt aufnehmen&#8221; module_class=&#8221;button-animate&#8221; _builder_version=&#8221;4.27.4&#8243; _dynamic_attributes=&#8221;button_url&#8221; _module_preset=&#8221;default&#8221; custom_button=&#8221;on&#8221; button_text_size=&#8221;18px&#8221; button_text_color=&#8221;#1A1B41&#8243; button_font=&#8221;|600|||||||&#8221; button_icon=&#8221;&#xf0a9;||fa||900&#8243; button_icon_color=&#8221;#1B4D89&#8243; button_on_hover=&#8221;off&#8221; custom_padding=&#8221;|||0px|false|false&#8221; animation_direction=&#8221;bottom&#8221; button_text_size_tablet=&#8221;16px&#8221; button_text_size_phone=&#8221;15px&#8221; button_text_size_last_edited=&#8221;on|desktop&#8221; locked=&#8221;off&#8221; global_colors_info=&#8221;{}&#8221; button_icon_color__hover_enabled=&#8221;on|desktop&#8221; button_icon_color__hover=&#8221;#93EF00&#8243; button_text_color__hover=&#8221;#1B4D89&#8243; button_text_color__hover_enabled=&#8221;on|hover&#8221;][\/et_pb_button][\/et_pb_column][et_pb_column type=&#8221;2_5&#8243; _builder_version=&#8221;4.16&#8243; _module_preset=&#8221;default&#8221; global_colors_info=&#8221;{}&#8221;][et_pb_image src=&#8221;https:\/\/vorlage.roeser-webseiten.de\/bhp-template-1\/wp-content\/uploads\/sites\/16\/2023\/08\/team-1.jpg&#8221; alt=&#8221;2 Umzugshelfer l\u00e4cheln in Kamera&#8221; title_text=&#8221;team&#8221; _builder_version=&#8221;4.27.4&#8243; _module_preset=&#8221;default&#8221; global_colors_info=&#8221;{}&#8221;][\/et_pb_image][\/et_pb_column][\/et_pb_row][\/et_pb_section]<\/p>\n","protected":false},"excerpt":{"rendered":"<p><div class=\"et_pb_module dipi_dual_heading dipi_dual_heading_0\">\n\t\t\t\t\n\t\t\t\t\n\t\t\t\t\n\t\t\t\t\n\t\t\t\t\n\t\t\t\t\n\t\t\t\t<div class=\"et_pb_module_inner\">\n\t\t\t\t\t\n                <div class=\"dipi-dual-heading \">\n                    <h1 class=\"dipi-dh-main\">\n                        <span class=\"dipi-dh-first-heading\">\n                            <span class=\"dipi-dh-animation-container\">\n                                <span class=\"dipi-dh-bg-container\">\n                                    EXPRESS Umz\u00fcge\n                                <\/span>\n                            <\/span>\n                        <\/span>\n                        <span class=\"dipi-dh-second-heading\">\n                            <span class=\"dipi-dh-animation-container\">\n                                <span class=\"dipi-dh-bg-container\">\n                                    Ihr Partner f\u00fcr Umz\u00fcge in der Region\n                                <\/span>\n                            <\/span>\n                        <\/span>\n                    <\/h1>\n                <\/div>\n\t\t\t\t<\/div>\n\t\t\t<\/div>Unsere langj\u00e4hrige Erfahrung im Umzugsbereich hat uns zu einem vertrauensw\u00fcrdigen und zuverl\u00e4ssigen Partner f\u00fcr Umz\u00fcge in der Region gemacht. Wir wissen, dass ein Umzug oft mit Stress und Aufregung verbunden ist, deshalb setzen wir alles daran, Ihnen den Umzug so angenehm wie m\u00f6glich zu gestalten. Unser Team besteht aus erfahrenen Mitarbeitern, die sich durch ihre Sorgfalt und Professionalit\u00e4t auszeichnen. Jeder Umzug wird individuell geplant und auf Ihre Bed\u00fcrfnisse abgestimmt. Wir bieten Ihnen eine umfangreiche Beratung und stehen Ihnen bei Fragen jederzeit zur Verf\u00fcgung.<div class=\"et_pb_module dipi_dual_heading dipi_dual_heading_1\">\n\t\t\t\t\n\t\t\t\t\n\t\t\t\t\n\t\t\t\t\n\t\t\t\t\n\t\t\t\t\n\t\t\t\t<div class=\"et_pb_module_inner\">\n\t\t\t\t\t\n                <div class=\"dipi-dual-heading \">\n                    <h2 class=\"dipi-dh-main\">\n                        <span class=\"dipi-dh-first-heading\">\n                            <span class=\"dipi-dh-animation-container\">\n                                <span class=\"dipi-dh-bg-container\">\n                                    Kundenorientierter Umzugsservice\n                                <\/span>\n                            <\/span>\n                        <\/span>\n                        <span class=\"dipi-dh-second-heading\">\n                            <span class=\"dipi-dh-animation-container\">\n                                <span class=\"dipi-dh-bg-container\">\n                                    mit pers\u00f6nlicher Betreuung\n                                <\/span>\n                            <\/span>\n                        <\/span>\n                    <\/h2>\n                <\/div>\n\t\t\t\t<\/div>\n\t\t\t<\/div>Bei EXPRESS Umz\u00fcge legen wir gro\u00dfen Wert auf Transparenz und Fairness. Wir bieten Ihnen faire Preise ohne versteckte Kosten. Unser Motto lautet: Gute Arbeit muss nicht teuer sein. Die Zufriedenheit unserer Kunden steht f\u00fcr uns an erster Stelle. Deshalb sind unsere Inhaber Mark und Simon Mustermann bei jedem Umzug pers\u00f6nlich vor Ort. Sie sorgen daf\u00fcr, dass alles reibungslos abl\u00e4uft und stehen Ihnen als Ansprechpartner zur Verf\u00fcgung. Gerne vereinbaren wir mit Ihnen eine kostenlose Besichtigung vor Ort, um Ihren Umzug optimal planen zu k\u00f6nnen. Dabei<\/p>\n<div class=\"view-full-post\"><a href=\"https:\/\/vorlage.roeser-webseiten.de\/bhp-template-1\/ueber-uns\/\" class=\"view-full-post-btn\">View Full Post<\/a><\/div>\n<p>;<\/p>\n","protected":false},"author":2,"featured_media":0,"parent":0,"menu_order":0,"comment_status":"closed","ping_status":"closed","template":"","meta":{"_et_pb_use_builder":"on","_et_pb_old_content":"","_et_gb_content_width":"","footnotes":""},"class_list":["post-420","page","type-page","status-publish","hentry"],"aioseo_notices":[],"_links":{"self":[{"href":"https:\/\/vorlage.roeser-webseiten.de\/bhp-template-1\/wp-json\/wp\/v2\/pages\/420","targetHints":{"allow":["GET"]}}],"collection":[{"href":"https:\/\/vorlage.roeser-webseiten.de\/bhp-template-1\/wp-json\/wp\/v2\/pages"}],"about":[{"href":"https:\/\/vorlage.roeser-webseiten.de\/bhp-template-1\/wp-json\/wp\/v2\/types\/page"}],"author":[{"embeddable":true,"href":"https:\/\/vorlage.roeser-webseiten.de\/bhp-template-1\/wp-json\/wp\/v2\/users\/2"}],"replies":[{"embeddable":true,"href":"https:\/\/vorlage.roeser-webseiten.de\/bhp-template-1\/wp-json\/wp\/v2\/comments?post=420"}],"version-history":[{"count":5,"href":"https:\/\/vorlage.roeser-webseiten.de\/bhp-template-1\/wp-json\/wp\/v2\/pages\/420\/revisions"}],"predecessor-version":[{"id":2147,"href":"https:\/\/vorlage.roeser-webseiten.de\/bhp-template-1\/wp-json\/wp\/v2\/pages\/420\/revisions\/2147"}],"wp:attachment":[{"href":"https:\/\/vorlage.roeser-webseiten.de\/bhp-template-1\/wp-json\/wp\/v2\/media?parent=420"}],"curies":[{"name":"wp","href":"https:\/\/api.w.org\/{rel}","templated":true}]}}