{"id":26,"date":"2021-06-25T12:54:06","date_gmt":"2021-06-25T10:54:06","guid":{"rendered":"https:\/\/roeser-webseiten.de\/pape-transporte\/?page_id=26"},"modified":"2025-04-03T13:30:46","modified_gmt":"2025-04-03T11:30:46","slug":"impressum","status":"publish","type":"page","link":"https:\/\/vorlage.roeser-webseiten.de\/bhp-template-1\/impressum\/","title":{"rendered":"Impressum"},"content":{"rendered":"<p>[et_pb_section fb_built=&#8221;1&#8243; custom_padding_last_edited=&#8221;on|phone&#8221; admin_label=&#8221;Impressum&#8221; _builder_version=&#8221;4.23.1&#8243; _module_preset=&#8221;default&#8221; background_color=&#8221;RGBA(0,0,0,0)&#8221; use_background_color_gradient=&#8221;on&#8221; background_color_gradient_stops=&#8221;#ffffff 80%|rgba(98,144,195,0.12) 80%&#8221; background_color_gradient_start=&#8221;#ffffff&#8221; background_color_gradient_start_position=&#8221;80%&#8221; background_color_gradient_end=&#8221;#ed8031&#8243; background_color_gradient_end_position=&#8221;80%&#8221; custom_padding=&#8221;154px||0px||false|false&#8221; custom_padding_tablet=&#8221;94px||||false|false&#8221; custom_padding_phone=&#8221;60px||||false|false&#8221; locked=&#8221;off&#8221; global_colors_info=&#8221;{}&#8221;][et_pb_row _builder_version=&#8221;4.21.0&#8243; _module_preset=&#8221;default&#8221; background_color=&#8221;#FFFFFF&#8221; custom_margin=&#8221;-154px||||false|false&#8221; custom_margin_tablet=&#8221;-104px||||false|false&#8221; custom_margin_phone=&#8221;-104px||||false|false&#8221; custom_margin_last_edited=&#8221;on|phone&#8221; custom_padding=&#8221;||0px||false|false&#8221; global_colors_info=&#8221;{}&#8221;][et_pb_column type=&#8221;4_4&#8243; _builder_version=&#8221;4.16&#8243; _module_preset=&#8221;default&#8221; custom_padding=&#8221;28px|28px|28px|28px|true|true&#8221; custom_padding_tablet=&#8221;&#8221; custom_padding_phone=&#8221;14px|14px|14px|14px|true|true&#8221; custom_padding_last_edited=&#8221;on|phone&#8221; global_colors_info=&#8221;{}&#8221;][et_pb_text disabled_on=&#8221;off|off|off&#8221; _builder_version=&#8221;4.24.2&#8243; _module_preset=&#8221;default&#8221; global_colors_info=&#8221;{}&#8221;]<\/p>\n<h1>Impressum<\/h1>\n<p>Rudolf R\u00f6ser Verlag und Informationsdienste AG<br \/>Fritz-Erler-Stra\u00dfe 25<br \/>76133 Karlsruhe<\/p>\n<p><strong>Vertreten durch:<\/strong><br \/>Patrick H\u00fcnemohr, Johannes R\u00f6ser, Robert R\u00f6ser, Annette R\u00f6ser-Letizky<\/p>\n<p><strong>Vorsitzender des Aufsichtsrats:<\/strong><br \/>Dr. Michael L\u00fcck<\/p>\n<h2>Kontakt<\/h2>\n<p>Telefon: (0721) 37 19-0<br \/>Telefax: (0721) 37 19-300<br \/>E-Mail: info@roeser-medienhaus.de<\/p>\n<h2>Umsatzsteuer-ID<\/h2>\n<p>Umsatzsteuer-Identifikationsnummer gem\u00e4\u00df \u00a7 27 a Umsatzsteuergesetz:<br \/>DE 175 999 802<\/p>\n<h2>Verbraucher\u00adstreit\u00adbeilegung\/Universal\u00adschlichtungs\u00adstelle<\/h2>\n<p>Wir sind nicht bereit oder verpflichtet, an Streitbeilegungsverfahren vor einer Verbraucherschlichtungsstelle teilzunehmen.<\/p>\n<p>[\/et_pb_text][\/et_pb_column][\/et_pb_row][\/et_pb_section][et_pb_section fb_built=&#8221;1&#8243; custom_padding_last_edited=&#8221;on|phone&#8221; _builder_version=&#8221;4.21.0&#8243; _module_preset=&#8221;default&#8221; background_color=&#8221;rgba(98,144,195,0.12)&#8221; custom_padding_tablet=&#8221;&#8221; custom_padding_phone=&#8221;&#8221; border_width_bottom=&#8221;12px&#8221; border_color_bottom=&#8221;#1B4D89&#8243; global_colors_info=&#8221;{}&#8221;][et_pb_row column_structure=&#8221;2_5,3_5&#8243; use_custom_gutter=&#8221;on&#8221; make_equal=&#8221;on&#8221; _builder_version=&#8221;4.16&#8243; _module_preset=&#8221;default&#8221; global_colors_info=&#8221;{}&#8221;][et_pb_column type=&#8221;2_5&#8243; _builder_version=&#8221;4.16&#8243; _module_preset=&#8221;default&#8221; global_colors_info=&#8221;{}&#8221;][et_pb_text admin_label=&#8221;Design &#038; Umsetzung&#8221; _builder_version=&#8221;4.24.2&#8243; _module_preset=&#8221;default&#8221; text_text_color=&#8221;#1A1B41&#8243; global_colors_info=&#8221;{}&#8221;]<\/p>\n<h3>Design &amp; Umsetzung der Internet-Pr\u00e4senz:<\/h3>\n<p>R\u00f6ser Medienhaus<br \/>Fritz-Erler-Stra\u00dfe 25<br \/>76133 Karlsruhe<\/p>\n<p>Telefon (0721) 37 19-0<br \/>Telefax (0721) 37 19-300<br \/><a title=\"E-Mail\" href=\"mailto:info@roeser-medienhaus.de\">info@roeser-medienhaus.de<\/a><br \/><a title=\"Link zur R\u00f6ser Medienhaus Seite\" href=\"https:\/\/www.roeser-medienhaus.de\/\" target=\"_blank\" rel=\"noopener\">www.roeser-medienhaus.de<\/a>\u200b<\/p>\n<p>[\/et_pb_text][\/et_pb_column][et_pb_column type=&#8221;3_5&#8243; _builder_version=&#8221;4.16&#8243; _module_preset=&#8221;default&#8221; global_colors_info=&#8221;{}&#8221;][et_pb_text admin_label=&#8221;Bildnachweis&#8221; _builder_version=&#8221;4.21.0&#8243; _module_preset=&#8221;default&#8221; global_colors_info=&#8221;{}&#8221;]<\/p>\n<h3>Bildnachweis:<\/h3>\n<p>Stock Photo ID: 298435811 | Von <a title=\"Link zur Seite des Autors Jaroslav Pachy sr\" href=\"https:\/\/www.shutterstock.com\/g\/Jones18051959\" target=\"_blank\" rel=\"nofollow noopener\">Jaroslav Pachy sr\/Shutterstock<\/a><br \/>Stock Photo ID: 2138002649 | Von <a title=\"Link zur Seite des AutorsStudio Romantic\" href=\"https:\/\/www.shutterstock.com\/g\/StudioRomantic\" target=\"_blank\" rel=\"nofollow noopener\">Studio Romantic\/Shutterstock<\/a><br \/>Stock-Foto ID: 1934596586 | Von <a title=\"Link zur Autorenseite\" href=\"https:\/\/www.shutterstock.com\/g\/newafrica\">New Africa\/shutterstock.com<\/a><br \/>Stock Photo ID: 786326773 | Von <a title=\"Link zur Autorenseite\" href=\"https:\/\/www.shutterstock.com\/g\/newafrica\">New Africa\/shutterstock.com<\/a><br \/>Stock-Foto ID: 1923831977 | Von <a class=\"\" title=\"Link zur Autorenseite\" href=\"https:\/\/www.shutterstock.com\/g\/evgenyataman\" data-track-section=\"assetDescription\" data-track-action=\"click\" data-automation=\"AssetDetails_contributorLink\" data-track-label=\"contributorLink\">Evgeny Atamanenko\/shutterstock.com<\/a><br \/>Stock-Foto ID: 1071485564 |Von <a title=\"Link zur Autorenseite\" href=\"https:\/\/www.shutterstock.com\/g\/newafrica\">New Africa\/shutterstock.com<\/a><br \/>Stock-Foto ID: 2267572249 |Von <a title=\"Link zur Autorenseite\" href=\"https:\/\/www.shutterstock.com\/g\/MarcusMillo\">m.mphoto\/shutterstock.com<\/a><\/p>\n<p>[\/et_pb_text][\/et_pb_column][\/et_pb_row][\/et_pb_section]<\/p>\n","protected":false},"excerpt":{"rendered":"<p>Impressum Rudolf R\u00f6ser Verlag und Informationsdienste AGFritz-Erler-Stra\u00dfe 2576133 Karlsruhe Vertreten durch:Patrick H\u00fcnemohr, Johannes R\u00f6ser, Robert R\u00f6ser, Annette R\u00f6ser-Letizky Vorsitzender des Aufsichtsrats:Dr. Michael L\u00fcck Kontakt Telefon: (0721) 37 19-0Telefax: (0721) 37 19-300E-Mail: info@roeser-medienhaus.de Umsatzsteuer-ID Umsatzsteuer-Identifikationsnummer gem\u00e4\u00df \u00a7 27 a Umsatzsteuergesetz:DE 175 999 802 Verbraucher\u00adstreit\u00adbeilegung\/Universal\u00adschlichtungs\u00adstelle Wir sind nicht bereit oder verpflichtet, an Streitbeilegungsverfahren vor einer Verbraucherschlichtungsstelle teilzunehmen.Design &amp; Umsetzung der Internet-Pr\u00e4senz: R\u00f6ser MedienhausFritz-Erler-Stra\u00dfe 2576133 Karlsruhe Telefon (0721) 37 19-0Telefax (0721) 37 19-300info@roeser-medienhaus.dewww.roeser-medienhaus.de\u200bBildnachweis: Stock Photo ID: 298435811 | Von Jaroslav Pachy sr\/ShutterstockStock Photo ID: 2138002649 | Von Studio Romantic\/ShutterstockStock-Foto ID: 1934596586 | Von New Africa\/shutterstock.comStock Photo ID: 786326773 | Von New Africa\/shutterstock.comStock-Foto ID: 1923831977 | Von Evgeny Atamanenko\/shutterstock.comStock-Foto ID: 1071485564 |Von New Africa\/shutterstock.comStock-Foto ID: 2267572249 |Von m.mphoto\/shutterstock.com<\/p>\n","protected":false},"author":2,"featured_media":0,"parent":0,"menu_order":0,"comment_status":"closed","ping_status":"closed","template":"","meta":{"_et_pb_use_builder":"on","_et_pb_old_content":"","_et_gb_content_width":"","footnotes":""},"class_list":["post-26","page","type-page","status-publish","hentry"],"aioseo_notices":[],"_links":{"self":[{"href":"https:\/\/vorlage.roeser-webseiten.de\/bhp-template-1\/wp-json\/wp\/v2\/pages\/26","targetHints":{"allow":["GET"]}}],"collection":[{"href":"https:\/\/vorlage.roeser-webseiten.de\/bhp-template-1\/wp-json\/wp\/v2\/pages"}],"about":[{"href":"https:\/\/vorlage.roeser-webseiten.de\/bhp-template-1\/wp-json\/wp\/v2\/types\/page"}],"author":[{"embeddable":true,"href":"https:\/\/vorlage.roeser-webseiten.de\/bhp-template-1\/wp-json\/wp\/v2\/users\/2"}],"replies":[{"embeddable":true,"href":"https:\/\/vorlage.roeser-webseiten.de\/bhp-template-1\/wp-json\/wp\/v2\/comments?post=26"}],"version-history":[{"count":1,"href":"https:\/\/vorlage.roeser-webseiten.de\/bhp-template-1\/wp-json\/wp\/v2\/pages\/26\/revisions"}],"predecessor-version":[{"id":2129,"href":"https:\/\/vorlage.roeser-webseiten.de\/bhp-template-1\/wp-json\/wp\/v2\/pages\/26\/revisions\/2129"}],"wp:attachment":[{"href":"https:\/\/vorlage.roeser-webseiten.de\/bhp-template-1\/wp-json\/wp\/v2\/media?parent=26"}],"curies":[{"name":"wp","href":"https:\/\/api.w.org\/{rel}","templated":true}]}}