{"id":16,"date":"2021-06-25T12:53:07","date_gmt":"2021-06-25T10:53:07","guid":{"rendered":"https:\/\/roeser-webseiten.de\/pape-transporte\/?page_id=16"},"modified":"2025-04-03T13:46:34","modified_gmt":"2025-04-03T11:46:34","slug":"transport","status":"publish","type":"page","link":"https:\/\/vorlage.roeser-webseiten.de\/bhp-template-1\/transport\/","title":{"rendered":"Transport"},"content":{"rendered":"<p>[et_pb_section fb_built=&#8221;1&#8243; fullwidth=&#8221;on&#8221; module_id=&#8221;start&#8221; _builder_version=&#8221;4.21.0&#8243; _module_preset=&#8221;default&#8221; top_divider_color=&#8221;#FFFFFF&#8221; top_divider_height=&#8221;54px&#8221; top_divider_flip=&#8221;horizontal&#8221; bottom_divider_style=&#8221;slant2&#8243; bottom_divider_color=&#8221;#FFFFFF&#8221; bottom_divider_height=&#8221;74px&#8221; bottom_divider_flip=&#8221;horizontal&#8221; bottom_divider_height_tablet=&#8221;54px&#8221; bottom_divider_height_phone=&#8221;30px&#8221; bottom_divider_height_last_edited=&#8221;on|phone&#8221; locked=&#8221;off&#8221; global_colors_info=&#8221;{}&#8221;][et_pb_fullwidth_image src=&#8221;https:\/\/vorlage.roeser-webseiten.de\/bhp-template-1\/wp-content\/uploads\/sites\/16\/2023\/08\/shutterstock_2267572249.jpg&#8221; alt=&#8221;Lieferwagen f\u00e4hrt durch eine Innenstadt&#8221; title_text=&#8221;Lieferwagen in der Stadt&#8221; src_tablet=&#8221;https:\/\/vorlage.roeser-webseiten.de\/bhp-template-1\/wp-content\/uploads\/sites\/16\/2023\/08\/shutterstock_2267572249-t.jpg&#8221; src_phone=&#8221;https:\/\/vorlage.roeser-webseiten.de\/bhp-template-1\/wp-content\/uploads\/sites\/16\/2023\/08\/shutterstock_2267572249-t.jpg&#8221; src_last_edited=&#8221;on|phone&#8221; _builder_version=&#8221;4.21.0&#8243; _module_preset=&#8221;default&#8221; global_colors_info=&#8221;{}&#8221;][\/et_pb_fullwidth_image][\/et_pb_section][et_pb_section fb_built=&#8221;1&#8243; admin_label=&#8221;Einleitungstext&#8221; _builder_version=&#8221;4.21.0&#8243; _module_preset=&#8221;default&#8221; background_color=&#8221;#FFFFFF&#8221; custom_padding=&#8221;||21px||false|false&#8221; global_colors_info=&#8221;{}&#8221;][et_pb_row custom_padding_last_edited=&#8221;on|phone&#8221; _builder_version=&#8221;4.16&#8243; _module_preset=&#8221;default&#8221; max_width=&#8221;1080px&#8221; module_alignment=&#8221;center&#8221; custom_margin_tablet=&#8221;||-74px||false|false&#8221; custom_margin_phone=&#8221;||0px||false|false&#8221; custom_margin_last_edited=&#8221;off|desktop&#8221; custom_padding_tablet=&#8221;&#8221; custom_padding_phone=&#8221;0px||||false|false&#8221; global_colors_info=&#8221;{}&#8221;][et_pb_column type=&#8221;4_4&#8243; _builder_version=&#8221;4.16&#8243; _module_preset=&#8221;default&#8221; global_colors_info=&#8221;{}&#8221;][et_pb_text _builder_version=&#8221;4.27.4&#8243; _module_preset=&#8221;default&#8221; text_line_height=&#8221;1.8em&#8221; header_font=&#8221;|600|||||||&#8221; header_font_size=&#8221;40px&#8221; max_width=&#8221;800px&#8221; animation_style=&#8221;slide&#8221; animation_direction=&#8221;bottom&#8221; header_font_size_tablet=&#8221;36px&#8221; header_font_size_phone=&#8221;32px&#8221; header_font_size_last_edited=&#8221;on|phone&#8221; global_colors_info=&#8221;{}&#8221;]<\/p>\n<h1>Transporte<\/h1>\n<p>Wenn Sie auf der Suche nach einem Transportdienstleister in Musterstadt sind, dann haben Sie mit Express Umz\u00fcge &amp; Transporte genau den richtigen Anbieter gefunden. Als inhabergef\u00fchrtes Unternehmen legen wir gro\u00dfen Wert auf die Zufriedenheit unserer Kunden und eine reibungslose Abwicklung jedes einzelnen Auftrags.<\/p>\n<p>Unsere St\u00e4rken liegen in unserer Zuverl\u00e4ssigkeit, unserer Kompetenz und unserer Schnelligkeit, die wir mit einer Zufriedenheitsgarantie untermauern. Besonders gesch\u00e4tzt wird auch unsere spontane Unterst\u00fctzung in schwierigen Situationen.<\/p>\n<p>Egal, ob Sie innerhalb von Musterstadt, der Musterregion oder in ganz Europa einen Transport ben\u00f6tigen &#8211; wir sind gerne f\u00fcr Sie da und \u00fcbernehmen Ihren Auftrag mit h\u00f6chster Sorgfalt und Professionalit\u00e4t.<\/p>\n<p>[\/et_pb_text][\/et_pb_column][\/et_pb_row][\/et_pb_section][et_pb_section fb_built=&#8221;1&#8243; _builder_version=&#8221;4.21.0&#8243; _module_preset=&#8221;default&#8221; background_color=&#8221;#1B4D89&#8243; custom_padding=&#8221;21px||21px||true|false&#8221; global_colors_info=&#8221;{}&#8221;][et_pb_row use_custom_gutter=&#8221;on&#8221; make_equal=&#8221;on&#8221; disabled_on=&#8221;off|off|off&#8221; module_class=&#8221;col-4&#8243; _builder_version=&#8221;4.21.0&#8243; _module_preset=&#8221;default&#8221; max_width=&#8221;1080px&#8221; module_alignment=&#8221;center&#8221; global_colors_info=&#8221;{}&#8221;][et_pb_column type=&#8221;4_4&#8243; _builder_version=&#8221;4.16&#8243; _module_preset=&#8221;default&#8221; global_colors_info=&#8221;{}&#8221;][et_pb_blurb use_icon=&#8221;on&#8221; font_icon=&#8221;&#x5a;||divi||400&#8243; icon_placement=&#8221;left&#8221; admin_label=&#8221;Kurierdienste&#8221; _builder_version=&#8221;4.27.4&#8243; _module_preset=&#8221;default&#8221; header_level=&#8221;h2&#8243; body_font_size=&#8221;24px&#8221; body_line_height=&#8221;1.3em&#8221; background_layout=&#8221;dark&#8221; animation_style=&#8221;fade&#8221; body_font_size_tablet=&#8221;24px&#8221; body_font_size_phone=&#8221;21px&#8221; body_font_size_last_edited=&#8221;on|phone&#8221; global_colors_info=&#8221;{}&#8221;]<\/p>\n<p>Kurierdienste<\/p>\n<p>[\/et_pb_blurb][et_pb_blurb use_icon=&#8221;on&#8221; font_icon=&#8221;&#x5a;||divi||400&#8243; icon_placement=&#8221;left&#8221; admin_label=&#8221;Kurierservice&#8221; _builder_version=&#8221;4.27.4&#8243; _module_preset=&#8221;default&#8221; header_level=&#8221;h2&#8243; body_font_size=&#8221;24px&#8221; body_line_height=&#8221;1.3em&#8221; background_layout=&#8221;dark&#8221; animation_style=&#8221;fade&#8221; animation_delay=&#8221;200ms&#8221; body_font_size_tablet=&#8221;24px&#8221; body_font_size_phone=&#8221;21px&#8221; body_font_size_last_edited=&#8221;on|phone&#8221; global_colors_info=&#8221;{}&#8221;]<\/p>\n<p>Kurierservice<\/p>\n<p>[\/et_pb_blurb][et_pb_blurb use_icon=&#8221;on&#8221; font_icon=&#8221;&#x5a;||divi||400&#8243; icon_placement=&#8221;left&#8221; admin_label=&#8221;Eildienste&#8221; _builder_version=&#8221;4.27.4&#8243; _module_preset=&#8221;default&#8221; header_level=&#8221;h2&#8243; body_font_size=&#8221;24px&#8221; body_line_height=&#8221;1.3em&#8221; background_layout=&#8221;dark&#8221; animation_style=&#8221;fade&#8221; animation_delay=&#8221;400ms&#8221; body_font_size_tablet=&#8221;24px&#8221; body_font_size_phone=&#8221;21px&#8221; body_font_size_last_edited=&#8221;on|phone&#8221; global_colors_info=&#8221;{}&#8221;]<\/p>\n<p>Eildienste<\/p>\n<p>[\/et_pb_blurb][et_pb_blurb use_icon=&#8221;on&#8221; font_icon=&#8221;&#x5a;||divi||400&#8243; icon_placement=&#8221;left&#8221; admin_label=&#8221;Eiltransporte&#8221; _builder_version=&#8221;4.27.4&#8243; _module_preset=&#8221;default&#8221; header_level=&#8221;h2&#8243; body_font_size=&#8221;24px&#8221; body_line_height=&#8221;1.3em&#8221; background_layout=&#8221;dark&#8221; animation_style=&#8221;fade&#8221; animation_delay=&#8221;600ms&#8221; body_font_size_tablet=&#8221;24px&#8221; body_font_size_phone=&#8221;21px&#8221; body_font_size_last_edited=&#8221;on|phone&#8221; global_colors_info=&#8221;{}&#8221;]<\/p>\n<p>Eiltransporte<\/p>\n<p>[\/et_pb_blurb][et_pb_blurb use_icon=&#8221;on&#8221; font_icon=&#8221;&#x5a;||divi||400&#8243; icon_placement=&#8221;left&#8221; admin_label=&#8221;Botendienste&#8221; _builder_version=&#8221;4.27.4&#8243; _module_preset=&#8221;default&#8221; header_level=&#8221;h2&#8243; body_font_size=&#8221;24px&#8221; body_line_height=&#8221;1.3em&#8221; background_layout=&#8221;dark&#8221; animation_style=&#8221;fade&#8221; animation_delay=&#8221;800ms&#8221; body_font_size_tablet=&#8221;24px&#8221; body_font_size_phone=&#8221;21px&#8221; body_font_size_last_edited=&#8221;on|phone&#8221; global_colors_info=&#8221;{}&#8221;]<\/p>\n<p>Botendienste<\/p>\n<p>[\/et_pb_blurb][et_pb_blurb use_icon=&#8221;on&#8221; font_icon=&#8221;&#x5a;||divi||400&#8243; icon_placement=&#8221;left&#8221; admin_label=&#8221;Sonderfahrten&#8221; _builder_version=&#8221;4.27.4&#8243; _module_preset=&#8221;default&#8221; header_level=&#8221;h2&#8243; body_font_size=&#8221;24px&#8221; body_line_height=&#8221;1.3em&#8221; background_layout=&#8221;dark&#8221; animation_style=&#8221;fade&#8221; animation_delay=&#8221;1000ms&#8221; body_font_size_tablet=&#8221;24px&#8221; body_font_size_phone=&#8221;21px&#8221; body_font_size_last_edited=&#8221;on|phone&#8221; global_colors_info=&#8221;{}&#8221;]<\/p>\n<p>Sonderfahrten<\/p>\n<p>[\/et_pb_blurb][\/et_pb_column][\/et_pb_row][\/et_pb_section][et_pb_section fb_built=&#8221;1&#8243; module_id=&#8221;form&#8221; module_class=&#8221;form-umzug&#8221; _builder_version=&#8221;4.27.4&#8243; _module_preset=&#8221;default&#8221; background_color=&#8221;#6290C3&#8243; background_enable_mask_style=&#8221;on&#8221; background_mask_style=&#8221;diagonal-bars&#8221; background_mask_transform=&#8221;flip_vertical&#8221; border_color_bottom=&#8221;#ED8031&#8243; border_width_bottom_tablet=&#8221;28px&#8221; border_width_bottom_last_edited=&#8221;off|desktop&#8221; global_colors_info=&#8221;{}&#8221;][et_pb_row custom_padding_last_edited=&#8221;off|desktop&#8221; _builder_version=&#8221;4.27.4&#8243; _module_preset=&#8221;default&#8221; background_color=&#8221;#FFFFFF&#8221; width_tablet=&#8221;90%&#8221; width_phone=&#8221;95%&#8221; width_last_edited=&#8221;off|desktop&#8221; max_width=&#8221;800px&#8221; max_width_tablet=&#8221;960px&#8221; max_width_phone=&#8221;720px&#8221; max_width_last_edited=&#8221;on|desktop&#8221; module_alignment=&#8221;center&#8221; custom_margin_tablet=&#8221;-104px||||false|false&#8221; custom_margin_phone=&#8221;-104px||||false|false&#8221; custom_margin_last_edited=&#8221;off|desktop&#8221; custom_padding=&#8221;||0px||false|false&#8221; custom_padding_phone=&#8221;28px|28px|28px|28px|true|true&#8221; animation_direction=&#8221;bottom&#8221; box_shadow_style=&#8221;preset1&#8243; box_shadow_color=&#8221;rgba(98,144,195,0.5)&#8221; global_colors_info=&#8221;{}&#8221;][et_pb_column type=&#8221;4_4&#8243; _builder_version=&#8221;4.21.0&#8243; _module_preset=&#8221;default&#8221; global_colors_info=&#8221;{}&#8221;][et_pb_cta title=&#8221;Jetzt stressfrei liefern lassen!&#8221; button_url=&#8221;#&#8221; button_text=&#8221;Jetzt Angebot einholen&#8221; _builder_version=&#8221;4.27.4&#8243; _module_preset=&#8221;default&#8221; header_font=&#8221;|600|on||||||&#8221; background_color=&#8221;#FFFFFF&#8221; custom_button=&#8221;on&#8221; button_text_size=&#8221;18px&#8221; button_font=&#8221;|600|||||||&#8221; button_icon=&#8221;&#xf0a9;||fa||900&#8243; button_icon_color=&#8221;#1B4D89&#8243; button_on_hover=&#8221;off&#8221; background_layout=&#8221;light&#8221; button_text_size_tablet=&#8221;16px&#8221; button_text_size_phone=&#8221;15px&#8221; button_text_size_last_edited=&#8221;on|desktop&#8221; global_colors_info=&#8221;{}&#8221; button_icon_color__hover_enabled=&#8221;on|hover&#8221; button_icon_color__hover=&#8221;#93EF00&#8243; button_text_color__hover=&#8221;#1B4D89&#8243; button_text_color__hover_enabled=&#8221;on|desktop&#8221;]<\/p>\n<p>Durch uns werden Ihre Anlieferungen schnell und zuverl\u00e4ssig abgewickelt. Wir \u00fcbernehmen f\u00fcr Sie Kurierfahrten, Eiltransporte und Botendienste. Dadurch k\u00f6nnen Sie Ihren Kunden auch nach Ihren Laden\u00f6ffnungszeiten Pakete anbieten.<\/p>\n<p>[\/et_pb_cta][\/et_pb_column][\/et_pb_row][\/et_pb_section]<\/p>\n","protected":false},"excerpt":{"rendered":"<p>Transporte Wenn Sie auf der Suche nach einem Transportdienstleister in Musterstadt sind, dann haben Sie mit Express Umz\u00fcge &amp; Transporte genau den richtigen Anbieter gefunden. Als inhabergef\u00fchrtes Unternehmen legen wir gro\u00dfen Wert auf die Zufriedenheit unserer Kunden und eine reibungslose Abwicklung jedes einzelnen Auftrags. Unsere St\u00e4rken liegen in unserer Zuverl\u00e4ssigkeit, unserer Kompetenz und unserer Schnelligkeit, die wir mit einer Zufriedenheitsgarantie untermauern. Besonders gesch\u00e4tzt wird auch unsere spontane Unterst\u00fctzung in schwierigen Situationen. Egal, ob Sie innerhalb von Musterstadt, der Musterregion oder in ganz Europa einen Transport ben\u00f6tigen &#8211; wir sind gerne f\u00fcr Sie da und \u00fcbernehmen Ihren Auftrag mit h\u00f6chster Sorgfalt und Professionalit\u00e4t.KurierdiensteKurierserviceEildiensteEiltransporteBotendiensteSonderfahrtenDurch uns werden Ihre Anlieferungen schnell und zuverl\u00e4ssig abgewickelt. Wir \u00fcbernehmen f\u00fcr Sie Kurierfahrten, Eiltransporte und Botendienste. Dadurch k\u00f6nnen Sie Ihren Kunden auch nach Ihren Laden\u00f6ffnungszeiten Pakete anbieten.<\/p>\n","protected":false},"author":2,"featured_media":0,"parent":0,"menu_order":0,"comment_status":"closed","ping_status":"closed","template":"","meta":{"_et_pb_use_builder":"on","_et_pb_old_content":"","_et_gb_content_width":"","footnotes":""},"class_list":["post-16","page","type-page","status-publish","hentry"],"aioseo_notices":[],"_links":{"self":[{"href":"https:\/\/vorlage.roeser-webseiten.de\/bhp-template-1\/wp-json\/wp\/v2\/pages\/16","targetHints":{"allow":["GET"]}}],"collection":[{"href":"https:\/\/vorlage.roeser-webseiten.de\/bhp-template-1\/wp-json\/wp\/v2\/pages"}],"about":[{"href":"https:\/\/vorlage.roeser-webseiten.de\/bhp-template-1\/wp-json\/wp\/v2\/types\/page"}],"author":[{"embeddable":true,"href":"https:\/\/vorlage.roeser-webseiten.de\/bhp-template-1\/wp-json\/wp\/v2\/users\/2"}],"replies":[{"embeddable":true,"href":"https:\/\/vorlage.roeser-webseiten.de\/bhp-template-1\/wp-json\/wp\/v2\/comments?post=16"}],"version-history":[{"count":5,"href":"https:\/\/vorlage.roeser-webseiten.de\/bhp-template-1\/wp-json\/wp\/v2\/pages\/16\/revisions"}],"predecessor-version":[{"id":2135,"href":"https:\/\/vorlage.roeser-webseiten.de\/bhp-template-1\/wp-json\/wp\/v2\/pages\/16\/revisions\/2135"}],"wp:attachment":[{"href":"https:\/\/vorlage.roeser-webseiten.de\/bhp-template-1\/wp-json\/wp\/v2\/media?parent=16"}],"curies":[{"name":"wp","href":"https:\/\/api.w.org\/{rel}","templated":true}]}}