{"id":14,"date":"2021-06-25T12:52:55","date_gmt":"2021-06-25T10:52:55","guid":{"rendered":"https:\/\/roeser-webseiten.de\/pape-transporte\/?page_id=14"},"modified":"2025-04-03T13:41:14","modified_gmt":"2025-04-03T11:41:14","slug":"umzuege","status":"publish","type":"page","link":"https:\/\/vorlage.roeser-webseiten.de\/bhp-template-1\/umzuege\/","title":{"rendered":"Umz\u00fcge"},"content":{"rendered":"<p>[et_pb_section fb_built=&#8221;1&#8243; fullwidth=&#8221;on&#8221; module_id=&#8221;start&#8221; _builder_version=&#8221;4.21.0&#8243; _module_preset=&#8221;default&#8221; top_divider_color=&#8221;#FFFFFF&#8221; top_divider_height=&#8221;54px&#8221; top_divider_flip=&#8221;horizontal&#8221; bottom_divider_style=&#8221;slant2&#8243; bottom_divider_color=&#8221;#FFFFFF&#8221; bottom_divider_height=&#8221;74px&#8221; bottom_divider_flip=&#8221;horizontal&#8221; bottom_divider_height_tablet=&#8221;54px&#8221; bottom_divider_height_phone=&#8221;30px&#8221; bottom_divider_height_last_edited=&#8221;on|phone&#8221; locked=&#8221;off&#8221; global_colors_info=&#8221;{}&#8221;][et_pb_fullwidth_image src=&#8221;https:\/\/vorlage.roeser-webseiten.de\/bhp-template-1\/wp-content\/uploads\/sites\/16\/2023\/08\/shutterstock_786326773-e1692348722797.jpg&#8221; alt=&#8221;Umzugshelfer pr\u00fcft Umzugsliste&#8221; title_text=&#8221;Umzugshelfer&#8221; src_tablet=&#8221;https:\/\/vorlage.roeser-webseiten.de\/bhp-template-1\/wp-content\/uploads\/sites\/16\/2023\/08\/shutterstock_786326773-t.jpg&#8221; src_phone=&#8221;https:\/\/vorlage.roeser-webseiten.de\/bhp-template-1\/wp-content\/uploads\/sites\/16\/2023\/08\/shutterstock_786326773-t.jpg&#8221; src_last_edited=&#8221;on|phone&#8221; _builder_version=&#8221;4.21.0&#8243; _module_preset=&#8221;default&#8221; global_colors_info=&#8221;{}&#8221;][\/et_pb_fullwidth_image][\/et_pb_section][et_pb_section fb_built=&#8221;1&#8243; admin_label=&#8221;Einleitung&#8221; _builder_version=&#8221;4.27.4&#8243; _module_preset=&#8221;default&#8221; background_color=&#8221;#FFFFFF&#8221; custom_padding=&#8221;||||false|false&#8221; global_colors_info=&#8221;{}&#8221;][et_pb_row _builder_version=&#8221;4.21.0&#8243; _module_preset=&#8221;default&#8221; module_alignment=&#8221;center&#8221; global_colors_info=&#8221;{}&#8221;][et_pb_column type=&#8221;4_4&#8243; _builder_version=&#8221;4.16&#8243; _module_preset=&#8221;default&#8221; global_colors_info=&#8221;{}&#8221;][et_pb_text _builder_version=&#8221;4.27.4&#8243; _module_preset=&#8221;default&#8221; header_font=&#8221;|600|||||||&#8221; header_font_size=&#8221;40px&#8221; header_2_font=&#8221;|600|||||||&#8221; header_2_font_size=&#8221;36px&#8221; max_width=&#8221;800px&#8221; header_font_size_tablet=&#8221;36px&#8221; header_font_size_phone=&#8221;32px&#8221; header_font_size_last_edited=&#8221;on|phone&#8221; header_2_font_size_tablet=&#8221;32px&#8221; header_2_font_size_phone=&#8221;30px&#8221; header_2_font_size_last_edited=&#8221;on|phone&#8221; global_colors_info=&#8221;{}&#8221;]<\/p>\n<h1>\u200bWir k\u00fcmmern uns um Ihren Umzug<\/h1>\n<p>Unser Unternehmen bietet Ihnen eine kostenlose und unverbindliche Umzugsberatung vor Ort. Wir sind auf Privatumz\u00fcge, Firmenumz\u00fcge und Seniorenumz\u00fcge spezialisiert. Ob regional oder national \u2013 wir k\u00fcmmern uns um alles.<\/p>\n<p>[\/et_pb_text][\/et_pb_column][\/et_pb_row][\/et_pb_section][et_pb_section fb_built=&#8221;1&#8243; admin_label=&#8221;Leistung 1&#8243; _builder_version=&#8221;4.27.4&#8243; _module_preset=&#8221;default&#8221; background_color=&#8221;#FFFFFF&#8221; background_enable_mask_style=&#8221;on&#8221; background_mask_style=&#8221;diagonal-bars&#8221; background_mask_color=&#8221;rgba(98,144,195,0.12)&#8221; background_mask_transform=&#8221;flip_vertical&#8221; background_mask_size=&#8221;cover&#8221; background_mask_position=&#8221;top_left&#8221; background_mask_vertical_offset=&#8221;69%&#8221; custom_padding=&#8221;21px||21px||true|false&#8221; background_last_edited=&#8221;on|tablet&#8221; background_position_tablet=&#8221;bottom_center&#8221; background_mask_position_phone=&#8221;top_center&#8221; background_mask_vertical_offset_phone=&#8221;0%&#8221; global_colors_info=&#8221;{}&#8221;][et_pb_row _builder_version=&#8221;4.27.4&#8243; _module_preset=&#8221;default&#8221; global_colors_info=&#8221;{}&#8221;][et_pb_column type=&#8221;4_4&#8243; _builder_version=&#8221;4.27.4&#8243; _module_preset=&#8221;default&#8221; global_colors_info=&#8221;{}&#8221; custom_padding__hover_enabled=&#8221;off|desktop&#8221;][et_pb_text _builder_version=&#8221;4.24.2&#8243; _module_preset=&#8221;default&#8221; header_2_font=&#8221;|600|||||||&#8221; header_2_font_size=&#8221;36px&#8221; max_width=&#8221;800px&#8221; header_2_font_size_tablet=&#8221;32px&#8221; header_2_font_size_phone=&#8221;26px&#8221; header_2_font_size_last_edited=&#8221;on|phone&#8221; global_colors_info=&#8221;{}&#8221;]<\/p>\n<h2>Privatumz\u00fcge<\/h2>\n<p><strong>Sie m\u00f6chten einen entspannten Umzug, Service und tadellose Arbeit ist Ihnen wichtig?<\/strong><\/p>\n<p>Dann sind wir Ihre Umzugsfirma in der Region.<\/p>\n<p>Ein Umzug will bestens geplant sein. Damit wir Ihnen ein wenig Arbeit abnehmen k\u00f6nnen und auch wirklich nichts schief geht, bieten wir Ihnen einen besonderen Umzugsservice an. Dies beginnt mit einer kostenfreien und unverbindlichen Besichtigung, um Ihren pers\u00f6nlichen Umzugsbedarf einzusch\u00e4tzen.<\/p>\n<p>Weiterhin stellen wir Ihnen Umzugsmaterial wie Umzugskartons, Packseide, Kleiderkartons und Umverpackungen zur Verf\u00fcgung.<\/p>\n<p>[\/et_pb_text][et_pb_button button_text=&#8221;Angebot einholen&#8221; module_class=&#8221;button-animate&#8221; _builder_version=&#8221;4.24.2&#8243; _module_preset=&#8221;default&#8221; custom_button=&#8221;on&#8221; button_text_size=&#8221;18px&#8221; button_text_color=&#8221;#1A1B41&#8243; button_font=&#8221;|600|||||||&#8221; button_icon=&#8221;&#xf0a9;||fa||900&#8243; button_icon_color=&#8221;#1B4D89&#8243; button_on_hover=&#8221;off&#8221; custom_padding=&#8221;|||0px|false|false&#8221; animation_direction=&#8221;bottom&#8221; button_text_size_tablet=&#8221;16px&#8221; button_text_size_phone=&#8221;15px&#8221; button_text_size_last_edited=&#8221;on|desktop&#8221; locked=&#8221;off&#8221; global_colors_info=&#8221;{}&#8221; button_icon_color__hover_enabled=&#8221;on|desktop&#8221; button_icon_color__hover=&#8221;#93EF00&#8243; button_text_color__hover=&#8221;#1B4D89&#8243; button_text_color__hover_enabled=&#8221;on|hover&#8221;][\/et_pb_button][\/et_pb_column][\/et_pb_row][\/et_pb_section][et_pb_section fb_built=&#8221;1&#8243; fullwidth=&#8221;on&#8221; _builder_version=&#8221;4.27.4&#8243; _module_preset=&#8221;default&#8221; global_colors_info=&#8221;{}&#8221;][et_pb_fullwidth_image src=&#8221;https:\/\/vorlage.roeser-webseiten.de\/bhp-template-1\/wp-content\/uploads\/sites\/16\/2021\/08\/Umzugskartons-familie.jpg&#8221; alt=&#8221;gl\u00fcckliche Familie sitzt auf Sofa mit Umzugskartons im Raum verteilt&#8221; title_text=&#8221;Familie beim Umzug&#8221; _builder_version=&#8221;4.27.4&#8243; _module_preset=&#8221;default&#8221; global_colors_info=&#8221;{}&#8221;][\/et_pb_fullwidth_image][\/et_pb_section][et_pb_section fb_built=&#8221;1&#8243; admin_label=&#8221;Leistung 2&#8243; _builder_version=&#8221;4.27.4&#8243; _module_preset=&#8221;default&#8221; background_color=&#8221;rgba(98,144,195,0.12)&#8221; background_enable_mask_style=&#8221;on&#8221; background_mask_style=&#8221;diagonal-bars&#8221; background_mask_color=&#8221;#FFFFFF&#8221; background_mask_size=&#8221;cover&#8221; custom_padding=&#8221;21px||||false|false&#8221; bottom_divider_color=&#8221;#6290C3&#8243; bottom_divider_height=&#8221;54px&#8221; bottom_divider_flip=&#8221;horizontal&#8221; bottom_divider_height_tablet=&#8221;40px&#8221; bottom_divider_height_phone=&#8221;30px&#8221; bottom_divider_height_last_edited=&#8221;on|phone&#8221; background_last_edited=&#8221;off|desktop&#8221; global_colors_info=&#8221;{}&#8221;][et_pb_row custom_padding_last_edited=&#8221;off|desktop&#8221; _builder_version=&#8221;4.21.0&#8243; _module_preset=&#8221;default&#8221; module_alignment=&#8221;center&#8221; custom_padding_phone=&#8221;0px||0px||true|false&#8221; global_colors_info=&#8221;{}&#8221;][et_pb_column type=&#8221;4_4&#8243; _builder_version=&#8221;4.16&#8243; _module_preset=&#8221;default&#8221; global_colors_info=&#8221;{}&#8221;][et_pb_text _builder_version=&#8221;4.27.4&#8243; _module_preset=&#8221;default&#8221; header_2_font=&#8221;|600|||||||&#8221; header_2_font_size=&#8221;36px&#8221; max_width=&#8221;800px&#8221; header_2_font_size_tablet=&#8221;32px&#8221; header_2_font_size_phone=&#8221;26px&#8221; header_2_font_size_last_edited=&#8221;on|tablet&#8221; global_colors_info=&#8221;{}&#8221;]<\/p>\n<h2>Firmenumz\u00fcge<\/h2>\n<p><strong>Falls Sie mit Ihren B\u00fcror\u00e4umen umziehen?<\/strong><\/p>\n<p>Dann nutzen Sie unseren professionellen Umzugsservice. Wir k\u00fcmmern uns, damit Ihr Gesch\u00e4ft nahtlos weiter gehen kann.<\/p>\n<p>[\/et_pb_text][et_pb_button button_url=&#8221;@ET-DC@eyJkeW5hbWljIjp0cnVlLCJjb250ZW50IjoicG9zdF9saW5rX3VybF9wYWdlIiwic2V0dGluZ3MiOnsicG9zdF9pZCI6IjIyIn19@&#8221; button_text=&#8221;Angebot einholen&#8221; module_class=&#8221;button-animate&#8221; _builder_version=&#8221;4.21.0&#8243; _dynamic_attributes=&#8221;button_url&#8221; _module_preset=&#8221;default&#8221; custom_button=&#8221;on&#8221; button_text_size=&#8221;18px&#8221; button_text_color=&#8221;#1A1B41&#8243; button_font=&#8221;|600|||||||&#8221; button_icon=&#8221;&#xf0a9;||fa||900&#8243; button_icon_color=&#8221;#1B4D89&#8243; button_on_hover=&#8221;off&#8221; custom_padding=&#8221;|||0px|false|false&#8221; animation_direction=&#8221;bottom&#8221; button_text_size_tablet=&#8221;16px&#8221; button_text_size_phone=&#8221;15px&#8221; button_text_size_last_edited=&#8221;on|desktop&#8221; locked=&#8221;off&#8221; global_colors_info=&#8221;{}&#8221; button_icon_color__hover_enabled=&#8221;on|desktop&#8221; button_icon_color__hover=&#8221;#93EF00&#8243; button_text_color__hover=&#8221;#1B4D89&#8243; button_text_color__hover_enabled=&#8221;on|hover&#8221;][\/et_pb_button][\/et_pb_column][\/et_pb_row][\/et_pb_section][et_pb_section fb_built=&#8221;1&#8243; fullwidth=&#8221;on&#8221; disabled_on=&#8221;off|off|off&#8221; admin_label=&#8221;Bild B\u00fcrom\u00f6bel&#8221; _builder_version=&#8221;4.21.0&#8243; _module_preset=&#8221;default&#8221; locked=&#8221;off&#8221; global_colors_info=&#8221;{}&#8221;][et_pb_fullwidth_image src=&#8221;https:\/\/vorlage.roeser-webseiten.de\/bhp-template-1\/wp-content\/uploads\/sites\/16\/2023\/08\/shutterstock_1071485564.jpg&#8221; alt=&#8221;verpackte B\u00fcrom\u00f6bel vor dem Umzug&#8221; title_text=&#8221;verpackte B\u00fcrom\u00f6bel&#8221; src_tablet=&#8221;https:\/\/vorlage.roeser-webseiten.de\/bhp-template-1\/wp-content\/uploads\/sites\/16\/2023\/08\/shutterstock_1071485564-t.jpg&#8221; src_phone=&#8221;https:\/\/vorlage.roeser-webseiten.de\/bhp-template-1\/wp-content\/uploads\/sites\/16\/2023\/08\/shutterstock_1071485564-t.jpg&#8221; src_last_edited=&#8221;on|phone&#8221; module_class=&#8221;button-animate&#8221; _builder_version=&#8221;4.21.0&#8243; _module_preset=&#8221;default&#8221; custom_padding=&#8221;|||0px|false|false&#8221; global_colors_info=&#8221;{}&#8221; button_text_size_tablet=&#8221;16px&#8221; button_text_size_phone=&#8221;15px&#8221; button_text_size_last_edited=&#8221;on|desktop&#8221; button_text_color__hover=&#8221;#1B4D89&#8243; button_text_color__hover_enabled=&#8221;on|hover&#8221; button_icon_color__hover=&#8221;#93EF00&#8243; button_icon_color__hover_enabled=&#8221;on|desktop&#8221;][\/et_pb_fullwidth_image][\/et_pb_section][et_pb_section fb_built=&#8221;1&#8243; _builder_version=&#8221;4.21.0&#8243; _module_preset=&#8221;default&#8221; background_enable_color=&#8221;off&#8221; global_colors_info=&#8221;{}&#8221;][et_pb_row _builder_version=&#8221;4.21.0&#8243; _module_preset=&#8221;default&#8221; global_colors_info=&#8221;{}&#8221;][et_pb_column type=&#8221;4_4&#8243; _builder_version=&#8221;4.21.0&#8243; _module_preset=&#8221;default&#8221; global_colors_info=&#8221;{}&#8221;][et_pb_text admin_label=&#8221;\u00dcberschrift&#8221; _builder_version=&#8221;4.27.4&#8243; _module_preset=&#8221;default&#8221; header_2_font=&#8221;|600|||||||&#8221; header_2_font_size=&#8221;36px&#8221; header_3_font=&#8221;|600|||||||&#8221; header_3_text_align=&#8221;center&#8221; header_3_font_size=&#8221;32px&#8221; custom_margin=&#8221;||0px||false|false&#8221; header_2_font_size_tablet=&#8221;32px&#8221; header_2_font_size_phone=&#8221;30px&#8221; header_2_font_size_last_edited=&#8221;on|phone&#8221; header_3_font_size_tablet=&#8221;30px&#8221; header_3_font_size_phone=&#8221;26px&#8221; header_3_font_size_last_edited=&#8221;on|phone&#8221; global_colors_info=&#8221;{}&#8221;]<\/p>\n<h3>Wir unterst\u00fctzen Sie bei:<\/h3>\n<p>[\/et_pb_text][et_pb_text admin_label=&#8221;Aufz\u00e4hlung&#8221; module_class=&#8221;col-3 li-check&#8221; _builder_version=&#8221;4.27.4&#8243; _module_preset=&#8221;default&#8221; header_2_font=&#8221;|600|||||||&#8221; header_2_font_size=&#8221;36px&#8221; header_2_font_size_tablet=&#8221;32px&#8221; header_2_font_size_phone=&#8221;30px&#8221; header_2_font_size_last_edited=&#8221;on|phone&#8221; global_colors_info=&#8221;{}&#8221;]<\/p>\n<ul>\n<li>Vorabbesichtigung und Absch\u00e4tzung des Aufwands<\/li>\n<li>Einrichtung von Halteverbotszonen<\/li>\n<li>Aufbau eines M\u00f6belaufzug falls notwendig<\/li>\n<li>Einpack- und Auspack Service<\/li>\n<li>M\u00f6belab- und aufbau<\/li>\n<li>Haushaltsaufl\u00f6sungen<\/li>\n<li>Entr\u00fcmpelungen<\/li>\n<li>Transport von Klavieren<\/li>\n<li>Sanit\u00e4r und Elekroinstallationen<\/li>\n<\/ul>\n<p>[\/et_pb_text][\/et_pb_column][\/et_pb_row][\/et_pb_section][et_pb_section fb_built=&#8221;1&#8243; module_id=&#8221;form&#8221; module_class=&#8221;form-umzug&#8221; _builder_version=&#8221;4.27.4&#8243; _module_preset=&#8221;default&#8221; background_color=&#8221;#6290C3&#8243; background_enable_mask_style=&#8221;on&#8221; background_mask_style=&#8221;diagonal-bars&#8221; background_mask_transform=&#8221;flip_vertical&#8221; border_color_bottom=&#8221;#ED8031&#8243; border_width_bottom_tablet=&#8221;28px&#8221; border_width_bottom_last_edited=&#8221;off|desktop&#8221; global_colors_info=&#8221;{}&#8221;][et_pb_row custom_padding_last_edited=&#8221;off|desktop&#8221; _builder_version=&#8221;4.27.4&#8243; _module_preset=&#8221;default&#8221; background_color=&#8221;#FFFFFF&#8221; width_tablet=&#8221;90%&#8221; width_phone=&#8221;95%&#8221; width_last_edited=&#8221;off|desktop&#8221; max_width=&#8221;800px&#8221; max_width_tablet=&#8221;960px&#8221; max_width_phone=&#8221;720px&#8221; max_width_last_edited=&#8221;on|desktop&#8221; module_alignment=&#8221;center&#8221; custom_margin_tablet=&#8221;-104px||||false|false&#8221; custom_margin_phone=&#8221;-104px||||false|false&#8221; custom_margin_last_edited=&#8221;off|desktop&#8221; custom_padding=&#8221;||0px||false|false&#8221; custom_padding_phone=&#8221;28px|28px|28px|28px|true|true&#8221; animation_direction=&#8221;bottom&#8221; box_shadow_style=&#8221;preset1&#8243; box_shadow_color=&#8221;rgba(98,144,195,0.5)&#8221; global_colors_info=&#8221;{}&#8221;][et_pb_column type=&#8221;4_4&#8243; _builder_version=&#8221;4.21.0&#8243; _module_preset=&#8221;default&#8221; global_colors_info=&#8221;{}&#8221;][et_pb_cta title=&#8221;Sie m\u00f6chten einen entspannten Umzug?&#8221; button_url=&#8221;#&#8221; button_text=&#8221;Jetzt Angebot einholen&#8221; _builder_version=&#8221;4.27.4&#8243; _module_preset=&#8221;default&#8221; header_font=&#8221;|600|on||||||&#8221; background_color=&#8221;#FFFFFF&#8221; custom_button=&#8221;on&#8221; button_text_size=&#8221;18px&#8221; button_font=&#8221;|600|||||||&#8221; button_icon=&#8221;&#xf0a9;||fa||900&#8243; button_icon_color=&#8221;#1B4D89&#8243; button_on_hover=&#8221;off&#8221; background_layout=&#8221;light&#8221; button_text_size_tablet=&#8221;16px&#8221; button_text_size_phone=&#8221;15px&#8221; button_text_size_last_edited=&#8221;on|desktop&#8221; global_colors_info=&#8221;{}&#8221; button_icon_color__hover_enabled=&#8221;on|hover&#8221; button_icon_color__hover=&#8221;#93EF00&#8243; button_text_color__hover=&#8221;#1B4D89&#8243; button_text_color__hover_enabled=&#8221;on|desktop&#8221;]<\/p>\n<p>Dann sind wir Ihre Umzugsfirma in der Region.<\/p>\n<p>Damit wir Ihnen ein wenig Arbeit abnehmen k\u00f6nnen, bieten wir Ihnen einen besonderen Umzugsservice an.<\/p>\n<p>[\/et_pb_cta][\/et_pb_column][\/et_pb_row][\/et_pb_section]<\/p>\n","protected":false},"excerpt":{"rendered":"<p>\u200bWir k\u00fcmmern uns um Ihren Umzug Unser Unternehmen bietet Ihnen eine kostenlose und unverbindliche Umzugsberatung vor Ort. Wir sind auf Privatumz\u00fcge, Firmenumz\u00fcge und Seniorenumz\u00fcge spezialisiert. Ob regional oder national \u2013 wir k\u00fcmmern uns um alles.Privatumz\u00fcge Sie m\u00f6chten einen entspannten Umzug, Service und tadellose Arbeit ist Ihnen wichtig? Dann sind wir Ihre Umzugsfirma in der Region. Ein Umzug will bestens geplant sein. Damit wir Ihnen ein wenig Arbeit abnehmen k\u00f6nnen und auch wirklich nichts schief geht, bieten wir Ihnen einen besonderen Umzugsservice an. Dies beginnt mit einer kostenfreien und unverbindlichen Besichtigung, um Ihren pers\u00f6nlichen Umzugsbedarf einzusch\u00e4tzen. Weiterhin stellen wir Ihnen Umzugsmaterial wie Umzugskartons, Packseide, Kleiderkartons und Umverpackungen zur Verf\u00fcgung.Firmenumz\u00fcge Falls Sie mit Ihren B\u00fcror\u00e4umen umziehen? Dann nutzen Sie unseren professionellen Umzugsservice. Wir k\u00fcmmern uns, damit Ihr Gesch\u00e4ft nahtlos weiter gehen kann.Wir unterst\u00fctzen Sie bei: Vorabbesichtigung und Absch\u00e4tzung des Aufwands Einrichtung von Halteverbotszonen Aufbau eines M\u00f6belaufzug falls notwendig Einpack- und Auspack Service M\u00f6belab- und aufbau Haushaltsaufl\u00f6sungen Entr\u00fcmpelungen Transport von Klavieren Sanit\u00e4r und Elekroinstallationen Dann sind wir Ihre Umzugsfirma in der Region. Damit wir Ihnen ein wenig Arbeit abnehmen k\u00f6nnen, bieten wir Ihnen einen besonderen Umzugsservice an.<\/p>\n","protected":false},"author":2,"featured_media":0,"parent":0,"menu_order":0,"comment_status":"closed","ping_status":"closed","template":"","meta":{"_et_pb_use_builder":"on","_et_pb_old_content":"","_et_gb_content_width":"","footnotes":""},"class_list":["post-14","page","type-page","status-publish","hentry"],"aioseo_notices":[],"_links":{"self":[{"href":"https:\/\/vorlage.roeser-webseiten.de\/bhp-template-1\/wp-json\/wp\/v2\/pages\/14","targetHints":{"allow":["GET"]}}],"collection":[{"href":"https:\/\/vorlage.roeser-webseiten.de\/bhp-template-1\/wp-json\/wp\/v2\/pages"}],"about":[{"href":"https:\/\/vorlage.roeser-webseiten.de\/bhp-template-1\/wp-json\/wp\/v2\/types\/page"}],"author":[{"embeddable":true,"href":"https:\/\/vorlage.roeser-webseiten.de\/bhp-template-1\/wp-json\/wp\/v2\/users\/2"}],"replies":[{"embeddable":true,"href":"https:\/\/vorlage.roeser-webseiten.de\/bhp-template-1\/wp-json\/wp\/v2\/comments?post=14"}],"version-history":[{"count":5,"href":"https:\/\/vorlage.roeser-webseiten.de\/bhp-template-1\/wp-json\/wp\/v2\/pages\/14\/revisions"}],"predecessor-version":[{"id":2133,"href":"https:\/\/vorlage.roeser-webseiten.de\/bhp-template-1\/wp-json\/wp\/v2\/pages\/14\/revisions\/2133"}],"wp:attachment":[{"href":"https:\/\/vorlage.roeser-webseiten.de\/bhp-template-1\/wp-json\/wp\/v2\/media?parent=14"}],"curies":[{"name":"wp","href":"https:\/\/api.w.org\/{rel}","templated":true}]}}