{"id":26,"date":"2025-03-31T14:47:47","date_gmt":"2025-03-31T12:47:47","guid":{"rendered":"https:\/\/vorlage.roeser-webseiten.de\/basic-template-9\/?page_id=26"},"modified":"2025-04-14T13:08:44","modified_gmt":"2025-04-14T11:08:44","slug":"impressum","status":"publish","type":"page","link":"https:\/\/vorlage.roeser-webseiten.de\/basic-template-9\/impressum\/","title":{"rendered":"Impressum"},"content":{"rendered":"<p>[et_pb_section fb_built=&#8220;1&#8243; admin_label=&#8220;section&#8220; _builder_version=&#8220;4.16&#8243; global_colors_info=&#8220;{}&#8220;][et_pb_row admin_label=&#8220;row&#8220; _builder_version=&#8220;4.16&#8243; background_size=&#8220;initial&#8220; background_position=&#8220;top_left&#8220; background_repeat=&#8220;repeat&#8220; global_colors_info=&#8220;{}&#8220;][et_pb_column type=&#8220;4_4&#8243; _builder_version=&#8220;4.16&#8243; custom_padding=&#8220;|||&#8220; global_colors_info=&#8220;{}&#8220; custom_padding__hover=&#8220;|||&#8220;][et_pb_text admin_label=&#8220;Text&#8220; _builder_version=&#8220;4.27.4&#8243; background_size=&#8220;initial&#8220; background_position=&#8220;top_left&#8220; background_repeat=&#8220;repeat&#8220; global_colors_info=&#8220;{}&#8220;]<\/p>\n<h1>Impressum<\/h1>\n<p>Rudolf R\u00f6ser Verlag und Informationsdienste AG<br \/>\nFritz-Erler-Stra\u00dfe 25<br \/>\n76133 Karlsruhe<\/p>\n<p><strong>Vertreten durch:<\/strong><br \/>\nPatrick H\u00fcnemohr, Johannes R\u00f6ser, Robert R\u00f6ser, Annette R\u00f6ser-Letizky<\/p>\n<p><strong>Vorsitzender des Aufsichtsrats:<\/strong><br \/>\nDr. Michael L\u00fcck<\/p>\n<h2>Kontakt<\/h2>\n<p>Telefon: 0721 \/ 37 19-0<br \/>\nTelefax: 0721 \/ 37 19-300<br \/>\nE-Mail: info@roeser-medienhaus.de<\/p>\n<h2>Umsatzsteuer-ID<\/h2>\n<p>Umsatzsteuer-Identifikationsnummer gem\u00e4\u00df \u00a7 27 a Umsatzsteuergesetz:<br \/>\nDE 175 999 802<\/p>\n<h2>Verbraucher\u00adstreit\u00adbeilegung\/Universal\u00adschlichtungs\u00adstelle<\/h2>\n<p>Wir sind nicht bereit oder verpflichtet, an Streitbeilegungsverfahren vor einer Verbraucherschlichtungsstelle teilzunehmen.[\/et_pb_text][\/et_pb_column][\/et_pb_row][\/et_pb_section][et_pb_section fb_built=&#8220;1&#8243; _builder_version=&#8220;4.27.4&#8243; _module_preset=&#8220;default&#8220; background_color=&#8220;#FBFBFB&#8220; global_colors_info=&#8220;{}&#8220;][et_pb_row column_structure=&#8220;1_2,1_2&#8243; _builder_version=&#8220;4.27.4&#8243; _module_preset=&#8220;default&#8220; global_colors_info=&#8220;{}&#8220;][et_pb_column type=&#8220;1_2&#8243; _builder_version=&#8220;4.27.4&#8243; _module_preset=&#8220;default&#8220; global_colors_info=&#8220;{}&#8220;][et_pb_text _builder_version=&#8220;4.27.4&#8243; _module_preset=&#8220;default&#8220; hover_enabled=&#8220;0&#8243; sticky_enabled=&#8220;0&#8243;]<\/p>\n<h3>Bildnachweis:<\/h3>\n<p><strong>Shutterstock:<\/strong><br \/>Stock Photo ID: 12345 | Von\u00a0<a title=\"Link zur Seite des Autors ABC\" href=\"#\" target=\"_blank\" rel=\"nofollow noopener\">Autor\/Shutterstock<\/a><\/p>\n<p>[\/et_pb_text][\/et_pb_column][et_pb_column type=&#8220;1_2&#8243; _builder_version=&#8220;4.27.4&#8243; _module_preset=&#8220;default&#8220; global_colors_info=&#8220;{}&#8220;][et_pb_text _builder_version=&#8220;4.27.4&#8243; _module_preset=&#8220;default&#8220; global_colors_info=&#8220;{}&#8220;]<\/p>\n<h3>Design &amp; Umsetzung<\/h3>\n<p>R\u00f6ser Medienhaus<br \/>Fritz-Erler-Stra\u00dfe 25<br \/>76133 Karlsruhe<\/p>\n<p>Telefon: 0721 \/ 37 19-0<br \/>Telefax: 0721 \/ 37 19-400<br \/><a title=\"E-Mail\" href=\"mailto:info@roeser-medienhaus.de\">info@roeser-medienhaus.de<\/a><br \/><a title=\"Link zur R\u00f6ser Medienhaus Seite\" href=\"https:\/\/www.roeser-medienhaus.de\/\" target=\"_blank\" rel=\"noopener\">www.roeser-medienhaus.de<\/a><\/p>\n<p>[\/et_pb_text][\/et_pb_column][\/et_pb_row][\/et_pb_section]<\/p>\n","protected":false},"excerpt":{"rendered":"<p>Impressum Rudolf R\u00f6ser Verlag und Informationsdienste AG Fritz-Erler-Stra\u00dfe 25 76133 Karlsruhe Vertreten durch: Patrick H\u00fcnemohr, Johannes R\u00f6ser, Robert R\u00f6ser, Annette R\u00f6ser-Letizky Vorsitzender des Aufsichtsrats: Dr. Michael L\u00fcck Kontakt Telefon: 0721 \/ 37 19-0 Telefax: 0721 \/ 37 19-300 E-Mail: info@roeser-medienhaus.de Umsatzsteuer-ID Umsatzsteuer-Identifikationsnummer gem\u00e4\u00df \u00a7 27 a Umsatzsteuergesetz: DE 175 999 802 Verbraucher\u00adstreit\u00adbeilegung\/Universal\u00adschlichtungs\u00adstelle Wir sind nicht bereit oder verpflichtet, an Streitbeilegungsverfahren vor einer Verbraucherschlichtungsstelle teilzunehmen.Bildnachweis: Shutterstock:Stock Photo ID: 12345 | Von\u00a0Autor\/ShutterstockDesign &amp; Umsetzung R\u00f6ser MedienhausFritz-Erler-Stra\u00dfe 2576133 Karlsruhe Telefon: 0721 \/ 37 19-0Telefax: 0721 \/ 37 19-400info@roeser-medienhaus.dewww.roeser-medienhaus.de<\/p>\n","protected":false},"author":2,"featured_media":0,"parent":0,"menu_order":0,"comment_status":"closed","ping_status":"closed","template":"","meta":{"_et_pb_use_builder":"on","_et_pb_old_content":"<div class=\"et_pb_module et_pb_text et_pb_text_0 et_pb_text_align_left et_pb_bg_layout_light\">\r\n<div class=\"et_pb_text_inner\">\r\n\r\nKanzlei Mustermann\r\nMusterstr. 1\r\n12345 Musterhausen\r\nTel.: 0721\/12345\r\nFax: 0721\/678910\r\ninfo@mustermann.de\r\n\r\n<\/div>\r\n<\/div>\r\n<div class=\"et_pb_module et_pb_text et_pb_text_1 et_pb_text_align_left et_pb_bg_layout_light\">\r\n<div class=\"et_pb_text_inner\">\r\n<h2>Bildnachweis- und rechte<\/h2>\r\n<ul>\r\n \t<li>Kanzlei Mustermann<\/li>\r\n<\/ul>\r\n<\/div>\r\n<\/div>\r\n<div class=\"et_pb_module et_pb_text et_pb_text_2 et_pb_text_align_left et_pb_bg_layout_light\">\r\n<div class=\"et_pb_text_inner\">\r\n<h2>Webdesign und technische Umsetzung<\/h2>\r\nR\u00f6ser Medienhaus\r\nFritz-Erler-Stra\u00dfe 25\r\n76133 Karlsruhe\r\n\r\nTelefon +49 721 37 19-0\r\nTelefax +49 721 37 19-4 00\r\n<a title=\"E-Mail\" href=\"mailto:info@roeser-medienhaus.de\">info@roeser-medienhaus.de<\/a>\r\n<a title=\"Link zur Website R\u00f6ser Medienhaus\" href=\"https:\/\/roeser-medienhaus.de\/\" target=\"_blank\" rel=\"noopener\">www.roeser-medienhaus.de<\/a>\r\n\r\n<\/div>\r\n<\/div>","_et_gb_content_width":"","footnotes":""},"class_list":["post-26","page","type-page","status-publish","hentry"],"aioseo_notices":[],"_links":{"self":[{"href":"https:\/\/vorlage.roeser-webseiten.de\/basic-template-9\/wp-json\/wp\/v2\/pages\/26","targetHints":{"allow":["GET"]}}],"collection":[{"href":"https:\/\/vorlage.roeser-webseiten.de\/basic-template-9\/wp-json\/wp\/v2\/pages"}],"about":[{"href":"https:\/\/vorlage.roeser-webseiten.de\/basic-template-9\/wp-json\/wp\/v2\/types\/page"}],"author":[{"embeddable":true,"href":"https:\/\/vorlage.roeser-webseiten.de\/basic-template-9\/wp-json\/wp\/v2\/users\/2"}],"replies":[{"embeddable":true,"href":"https:\/\/vorlage.roeser-webseiten.de\/basic-template-9\/wp-json\/wp\/v2\/comments?post=26"}],"version-history":[{"count":4,"href":"https:\/\/vorlage.roeser-webseiten.de\/basic-template-9\/wp-json\/wp\/v2\/pages\/26\/revisions"}],"predecessor-version":[{"id":175,"href":"https:\/\/vorlage.roeser-webseiten.de\/basic-template-9\/wp-json\/wp\/v2\/pages\/26\/revisions\/175"}],"wp:attachment":[{"href":"https:\/\/vorlage.roeser-webseiten.de\/basic-template-9\/wp-json\/wp\/v2\/media?parent=26"}],"curies":[{"name":"wp","href":"https:\/\/api.w.org\/{rel}","templated":true}]}}