{"id":62,"date":"2022-08-26T14:28:59","date_gmt":"2022-08-26T12:28:59","guid":{"rendered":"https:\/\/2.roeser-webseiten.de\/bestattungen-hartfelder\/?page_id=62"},"modified":"2025-04-01T10:17:32","modified_gmt":"2025-04-01T08:17:32","slug":"impressum","status":"publish","type":"page","link":"https:\/\/vorlage.roeser-webseiten.de\/basic-template-8\/impressum\/","title":{"rendered":"Impressum"},"content":{"rendered":"<p>[et_pb_section fb_built=&#8221;1&#8243; custom_padding_last_edited=&#8221;on|phone&#8221; _builder_version=&#8221;4.23.1&#8243; _module_preset=&#8221;default&#8221; custom_padding=&#8221;60px||||false|false&#8221; custom_padding_tablet=&#8221;40px||||false|false&#8221; custom_padding_phone=&#8221;30px||||false|false&#8221; global_colors_info=&#8221;{}&#8221;][et_pb_row _builder_version=&#8221;4.24.2&#8243; _module_preset=&#8221;default&#8221; width_tablet=&#8221;80%&#8221; width_phone=&#8221;80%&#8221; width_last_edited=&#8221;on|desktop&#8221; module_alignment=&#8221;center&#8221; custom_css_main_element=&#8221;background:transparent !important;&#8221; global_colors_info=&#8221;{}&#8221;][et_pb_column type=&#8221;4_4&#8243; _builder_version=&#8221;4.16&#8243; _module_preset=&#8221;default&#8221; global_colors_info=&#8221;{}&#8221;][et_pb_text _builder_version=&#8221;4.24.2&#8243; _module_preset=&#8221;default&#8221; text_line_height=&#8221;1.6em&#8221; animation_style=&#8221;fade&#8221; global_colors_info=&#8221;{}&#8221;]<\/p>\n<h1>Impressum<\/h1>\n<p>Rudolf R\u00f6ser Verlag und Informationsdienste AG<br \/>Fritz-Erler-Stra\u00dfe 25<br \/>76133 Karlsruhe<\/p>\n<p><strong>Vertreten durch:<\/strong><br \/>Patrick H\u00fcnemohr, Johannes R\u00f6ser, Robert R\u00f6ser, Annette R\u00f6ser-Letizky<\/p>\n<p><strong>Vorsitzender des Aufsichtsrats:<\/strong><br \/>Dr. Michael L\u00fcck<\/p>\n<h2>Kontakt<\/h2>\n<p>Telefon: 0721 \/ 37 19-0<br \/>Telefax: 0721 \/ 37 19-300<br \/>E-Mail: info@roeser-medienhaus.de<\/p>\n<h2>Umsatzsteuer-ID<\/h2>\n<p>Umsatzsteuer-Identifikationsnummer gem\u00e4\u00df \u00a7 27 a Umsatzsteuergesetz:<br \/>DE 175 999 802<\/p>\n<h2>Verbraucher\u00adstreit\u00adbeilegung\/Universal\u00adschlichtungs\u00adstelle<\/h2>\n<p>Wir sind nicht bereit oder verpflichtet, an Streitbeilegungsverfahren vor einer Verbraucherschlichtungsstelle teilzunehmen.<\/p>\n<p>[\/et_pb_text][\/et_pb_column][\/et_pb_row][\/et_pb_section][et_pb_section fb_built=&#8221;1&#8243; _builder_version=&#8221;4.24.2&#8243; _module_preset=&#8221;default&#8221; background_color=&#8221;#e9e7e5&#8243; global_colors_info=&#8221;{}&#8221;][et_pb_row column_structure=&#8221;3_5,2_5&#8243; use_custom_gutter=&#8221;on&#8221; make_equal=&#8221;on&#8221; _builder_version=&#8221;4.24.2&#8243; _module_preset=&#8221;default&#8221; width_tablet=&#8221;80%&#8221; width_phone=&#8221;80%&#8221; width_last_edited=&#8221;on|desktop&#8221; module_alignment=&#8221;center&#8221; custom_css_main_element=&#8221;background:transparent !important;&#8221; global_colors_info=&#8221;{}&#8221; width__hover_enabled=&#8221;off|desktop&#8221;][et_pb_column type=&#8221;3_5&#8243; _builder_version=&#8221;4.16&#8243; _module_preset=&#8221;default&#8221; global_colors_info=&#8221;{}&#8221;][et_pb_text admin_label=&#8221;Bildnachweis&#8221; _builder_version=&#8221;4.24.2&#8243; _module_preset=&#8221;default&#8221; header_3_font=&#8221;|600|||||||&#8221; header_3_font_size=&#8221;24px&#8221; animation_style=&#8221;fade&#8221; header_3_font_size_tablet=&#8221;22px&#8221; header_3_font_size_phone=&#8221;21px&#8221; header_3_font_size_last_edited=&#8221;on|phone&#8221; global_colors_info=&#8221;{}&#8221;]<\/p>\n<h3>Bildnachweis:<\/h3>\n<p><strong>Shutterstock<\/strong><\/p>\n<p>Stock Photo ID: 1102742372 | <a title=\"Link zur Autorenseite\" href=\"https:\/\/www.shutterstock.com\/g\/ArtSvetlana\" target=\"_blank\" rel=\"noopener\">ArtSvetlana<\/a>\/Shutterstock.com<\/p>\n<p>Stock Photo ID: 2288021055 | <a title=\"Link zur Autorenseite\" href=\"https:\/\/www.shutterstock.com\/g\/shulers\" target=\"_blank\" rel=\"noopener\">shulers<\/a>\/Shutterstock.com<\/p>\n<p>Stock Photo ID: 1301455684 | <a title=\"Link zur Autorenseite\" href=\"https:\/\/www.shutterstock.com\/g\/Peter+Vandenbelt\" target=\"_blank\" rel=\"noopener\">VDB Photos<\/a>\/Shutterstock.com<\/p>\n<p>Stock Photo ID: 1506284045 | <a title=\"Link zur Autorenseite\" href=\"https:\/\/www.shutterstock.com\/g\/U+Eisenlohr\" target=\"_blank\" rel=\"noopener\">U. Eisenlohr<\/a>\/Shutterstock.com<\/p>\n<p>Stock Photo ID: 2214837463 |\u00a0<a title=\"Link zur Autorenseite\" href=\"https:\/\/www.shutterstock.com\/g\/stylefoto24\" target=\"_blank\" rel=\"noopener\">stylefoto24<\/a>\/Shutterstock.com<\/p>\n<p>Stock Photo ID: 1102742372 | <a title=\"Link zur Autorenseite\" href=\"https:\/\/www.shutterstock.com\/g\/kentauros\" target=\"_blank\" rel=\"noopener\">Traveller Martin<\/a>\/Shutterstock.com<\/p>\n<p>Stock Vector ID: 1721802880 | <a class=\"mui-19sk0fy-a-underline-inherit-linkContainer\" href=\"https:\/\/www.shutterstock.com\/g\/Alexandra+DE+Angelis\" target=\"_blank\" rel=\"noopener\" title=\"Link zur Autorenseite\">Alexandra DE Angelis<\/a>\/Shutterstock.com<\/p>\n<p>[\/et_pb_text][\/et_pb_column][et_pb_column type=&#8221;2_5&#8243; _builder_version=&#8221;4.16&#8243; _module_preset=&#8221;default&#8221; global_colors_info=&#8221;{}&#8221;][et_pb_text _builder_version=&#8221;4.24.2&#8243; _module_preset=&#8221;default&#8221; text_line_height=&#8221;1.6em&#8221; header_3_font=&#8221;|600|||||||&#8221; header_3_font_size=&#8221;24px&#8221; header_3_font_size_tablet=&#8221;22px&#8221; header_3_font_size_phone=&#8221;21px&#8221; header_3_font_size_last_edited=&#8221;on|phone&#8221; locked=&#8221;off&#8221; global_colors_info=&#8221;{}&#8221;]<\/p>\n<h3>Design &amp; Umsetzung<\/h3>\n<p>R\u00f6ser Medienhaus<br \/>Fritz-Erler-Stra\u00dfe 25<br \/>76133 Karlsruhe<\/p>\n<p>Telefon: 0721 \/ 37 19-0<br \/>Telefax: 0721 \/ 37 19-400<br \/><a title=\"E-Mail\" href=\"mailto:info@roeser-medienhaus.de\">info@roeser-medienhaus.de<\/a><br \/><a title=\"Link zur R\u00f6ser Medienhaus Seite\" href=\"https:\/\/www.roeser-medienhaus.de\/\" target=\"_blank\" rel=\"noopener\">www.roeser-medienhaus.de<\/a>\u200b<\/p>\n<p>[\/et_pb_text][\/et_pb_column][\/et_pb_row][\/et_pb_section]<\/p>\n","protected":false},"excerpt":{"rendered":"<p>Impressum Rudolf R\u00f6ser Verlag und Informationsdienste AGFritz-Erler-Stra\u00dfe 2576133 Karlsruhe Vertreten durch:Patrick H\u00fcnemohr, Johannes R\u00f6ser, Robert R\u00f6ser, Annette R\u00f6ser-Letizky Vorsitzender des Aufsichtsrats:Dr. Michael L\u00fcck Kontakt Telefon: 0721 \/ 37 19-0Telefax: 0721 \/ 37 19-300E-Mail: info@roeser-medienhaus.de Umsatzsteuer-ID Umsatzsteuer-Identifikationsnummer gem\u00e4\u00df \u00a7 27 a Umsatzsteuergesetz:DE 175 999 802 Verbraucher\u00adstreit\u00adbeilegung\/Universal\u00adschlichtungs\u00adstelle Wir sind nicht bereit oder verpflichtet, an Streitbeilegungsverfahren vor einer Verbraucherschlichtungsstelle teilzunehmen.Bildnachweis: Shutterstock Stock Photo ID: 1102742372 | ArtSvetlana\/Shutterstock.com Stock Photo ID: 2288021055 | shulers\/Shutterstock.com Stock Photo ID: 1301455684 | VDB Photos\/Shutterstock.com Stock Photo ID: 1506284045 | U. Eisenlohr\/Shutterstock.com Stock Photo ID: 2214837463 |\u00a0stylefoto24\/Shutterstock.com Stock Photo ID: 1102742372 | Traveller Martin\/Shutterstock.com Stock Vector ID: 1721802880 | Alexandra DE Angelis\/Shutterstock.comDesign &amp; Umsetzung R\u00f6ser MedienhausFritz-Erler-Stra\u00dfe 2576133 Karlsruhe Telefon: 0721 \/ 37 19-0Telefax: 0721 \/ 37 19-400info@roeser-medienhaus.dewww.roeser-medienhaus.de\u200b<\/p>\n","protected":false},"author":1,"featured_media":0,"parent":0,"menu_order":0,"comment_status":"closed","ping_status":"closed","template":"","meta":{"_et_pb_use_builder":"on","_et_pb_old_content":"","_et_gb_content_width":"","footnotes":""},"class_list":["post-62","page","type-page","status-publish","hentry"],"aioseo_notices":[],"_links":{"self":[{"href":"https:\/\/vorlage.roeser-webseiten.de\/basic-template-8\/wp-json\/wp\/v2\/pages\/62","targetHints":{"allow":["GET"]}}],"collection":[{"href":"https:\/\/vorlage.roeser-webseiten.de\/basic-template-8\/wp-json\/wp\/v2\/pages"}],"about":[{"href":"https:\/\/vorlage.roeser-webseiten.de\/basic-template-8\/wp-json\/wp\/v2\/types\/page"}],"author":[{"embeddable":true,"href":"https:\/\/vorlage.roeser-webseiten.de\/basic-template-8\/wp-json\/wp\/v2\/users\/1"}],"replies":[{"embeddable":true,"href":"https:\/\/vorlage.roeser-webseiten.de\/basic-template-8\/wp-json\/wp\/v2\/comments?post=62"}],"version-history":[{"count":1,"href":"https:\/\/vorlage.roeser-webseiten.de\/basic-template-8\/wp-json\/wp\/v2\/pages\/62\/revisions"}],"predecessor-version":[{"id":1415,"href":"https:\/\/vorlage.roeser-webseiten.de\/basic-template-8\/wp-json\/wp\/v2\/pages\/62\/revisions\/1415"}],"wp:attachment":[{"href":"https:\/\/vorlage.roeser-webseiten.de\/basic-template-8\/wp-json\/wp\/v2\/media?parent=62"}],"curies":[{"name":"wp","href":"https:\/\/api.w.org\/{rel}","templated":true}]}}