{"id":62,"date":"2022-08-26T14:28:59","date_gmt":"2022-08-26T12:28:59","guid":{"rendered":"https:\/\/2.roeser-webseiten.de\/dquadrat\/?page_id=62"},"modified":"2025-04-11T14:43:24","modified_gmt":"2025-04-11T12:43:24","slug":"impressum","status":"publish","type":"page","link":"https:\/\/vorlage.roeser-webseiten.de\/basic-template-2\/impressum\/","title":{"rendered":"Impressum"},"content":{"rendered":"<p>[et_pb_section fb_built=&#8220;1&#8243; custom_padding_last_edited=&#8220;off|desktop&#8220; _builder_version=&#8220;4.21.0&#8243; _module_preset=&#8220;default&#8220; custom_padding_tablet=&#8220;74px||||false|false&#8220; custom_padding_phone=&#8220;74px||||false|false&#8220; global_colors_info=&#8220;{}&#8220;][et_pb_row _builder_version=&#8220;4.21.0&#8243; _module_preset=&#8220;default&#8220; max_width=&#8220;1080px&#8220; module_alignment=&#8220;center&#8220; global_colors_info=&#8220;{}&#8220;][et_pb_column type=&#8220;4_4&#8243; _builder_version=&#8220;4.21.0&#8243; _module_preset=&#8220;default&#8220; global_colors_info=&#8220;{}&#8220;][et_pb_text admin_label=&#8220;Impressum Text&#8220; module_class=&#8220;imprint&#8220; _builder_version=&#8220;4.27.4&#8243; _module_preset=&#8220;default&#8220; header_2_text_align=&#8220;left&#8220; locked=&#8220;off&#8220; global_colors_info=&#8220;{}&#8220;]<\/p>\n<h1>Impressum<\/h1>\n<p>Rudolf R\u00f6ser Verlag und Informationsdienste AG<br \/>\nFritz-Erler-Stra\u00dfe 25<br \/>\n76133 Karlsruhe<\/p>\n<p><strong>Vertreten durch:<\/strong><br \/>\nPatrick H\u00fcnemohr, Johannes R\u00f6ser, Robert R\u00f6ser, Annette R\u00f6ser-Letizky<\/p>\n<p><strong>Vorsitzender des Aufsichtsrats:<\/strong><br \/>\nDr. Michael L\u00fcck<\/p>\n<h2>Kontakt<\/h2>\n<p>Telefon: +49 (0) 721 \/ 37 19-0<br \/>\nTelefax: +49 (0) 721 \/ 37 19-300<br \/>\nE-Mail: info@roeser-medienhaus.de<\/p>\n<h3>Umsatzsteuer-ID<\/h3>\n<p>Umsatzsteuer-Identifikationsnummer gem\u00e4\u00df \u00a7 27 a Umsatzsteuergesetz:<br \/>\nDE 175 999 802<\/p>\n<h3>Verbraucher\u00adstreit\u00adbeilegung\/Universal\u00adschlichtungs\u00adstelle<\/h3>\n<p>Wir sind nicht bereit oder verpflichtet, an Streitbeilegungsverfahren vor einer Verbraucherschlichtungsstelle teilzunehmen.<\/p>\n<p>[\/et_pb_text][\/et_pb_column][\/et_pb_row][et_pb_row column_structure=&#8220;3_5,2_5&#8243; use_custom_gutter=&#8220;on&#8220; make_equal=&#8220;on&#8220; _builder_version=&#8220;4.21.0&#8243; _module_preset=&#8220;default&#8220; max_width=&#8220;1080px&#8220; module_alignment=&#8220;center&#8220; global_colors_info=&#8220;{}&#8220;][et_pb_column type=&#8220;3_5&#8243; _builder_version=&#8220;4.21.0&#8243; _module_preset=&#8220;default&#8220; global_colors_info=&#8220;{}&#8220;][et_pb_text admin_label=&#8220;Bildnachweis&#8220; _builder_version=&#8220;4.27.4&#8243; _module_preset=&#8220;default&#8220; locked=&#8220;off&#8220; global_colors_info=&#8220;{}&#8220;]<\/p>\n<h3>Bildnachweis:<\/h3>\n<p><strong>Shutterstock:<\/strong><br \/>\nStock-Foto ID: 1786268402| Von <a class=\"mui-19sk0fy-a-underline-inherit-linkContainer\" title=\"Link zur Autorenseite\" href=\"https:\/\/www.shutterstock.com\/g\/Victoria_Fox\" target=\"_blank\" rel=\"nofollow noopener\">Victoria Chudinova\/Shutterstock.com<\/a><br \/>\nStock-Foto ID: 1857686140 | Von <a class=\"mui-19sk0fy-a-underline-inherit-linkContainer\" title=\"Link zur Autorenseite\" href=\"https:\/\/www.shutterstock.com\/g\/chombosan\" target=\"_blank\" rel=\"nofollow noopener\">metamorworks\/Shutterstock.com<\/a><br \/>\nStock-Foto ID: 2219432119 | Von <a class=\"mui-19sk0fy-a-underline-inherit-linkContainer\" title=\"Link zur Autorenseite\" href=\"https:\/\/www.shutterstock.com\/g\/CarloPrearo\" target=\"_blank\" rel=\"nofollow noopener\">Carlo Prearo\/Shutterstock.com<\/a><br \/>\nStock-Foto ID: 2212718203 | Von <a class=\"mui-19sk0fy-a-underline-inherit-linkContainer\" title=\"Link zur Autorenseite\" href=\"https:\/\/www.shutterstock.com\/g\/mayak\" target=\"_blank\" rel=\"nofollow noopener\">Maya Kruchankova\/Shutterstock.com<\/a><br \/>\nStock-Foto ID: 2255732941 | Von<a class=\"mui-19sk0fy-a-underline-inherit-linkContainer\" title=\"Link zur Autorenseite\" href=\"https:\/\/www.shutterstock.com\/g\/Victoria_Fox\" target=\"_blank\" rel=\"nofollow noopener\">Victoria Chudinova\/Shutterstock.com<\/a><br \/>\nStock-Foto ID: 2245937845 | Von<a class=\"mui-19sk0fy-a-underline-inherit-linkContainer\" title=\"Link zur Autorenseite\" href=\"https:\/\/www.shutterstock.com\/g\/pornpawit\" target=\"_blank\" rel=\"nofollow noopener\">pornpawit\/Shutterstock.com<\/a><br \/>\nStock-Foto ID: 1855048690 | Von <a class=\"mui-19sk0fy-a-underline-inherit-linkContainer\" title=\"Link zur Autorenseite\" href=\"https:\/\/www.shutterstock.com\/g\/LightField+Studios\" target=\"_blank\" rel=\"nofollow noopener\">LightField Studios\/Shutterstock.com<\/a><br \/>\nStock-Foto ID: 1006128949 | Von <a class=\"mui-19sk0fy-a-underline-inherit-linkContainer\" title=\"Link zur Autorenseite\" href=\"https:\/\/www.shutterstock.com\/g\/fizkes\" target=\"_blank\" rel=\"nofollow noopener\">fizkes\/Shutterstock.com<\/a><br \/>\nStock-Foto ID: 2070020111| Von <a class=\"mui-19sk0fy-a-underline-inherit-linkContainer\" title=\"Link zur Autorenseite\" href=\"https:\/\/www.shutterstock.com\/g\/FlyPic\" target=\"_blank\" rel=\"nofollow noopener\">FlyPic\/Shutterstock.com<\/a><\/p>\n<p>Foto von <a title=\"Link zur Autorenseite\" href=\"https:\/\/unsplash.com\/de\/@anotherlovely?utm_source=unsplash&amp;utm_medium=referral&amp;utm_content=creditCopyText\">Alyssa Strohmann<\/a> auf <a title=\"Link zu Unsplash\" href=\"https:\/\/unsplash.com\/de\/fotos\/aufgehangtes-oberteil-auf-braun-weissem-waschestander-TS--uNw-JqE?utm_source=unsplash&amp;utm_medium=referral&amp;utm_content=creditCopyText\">Unsplash<\/a><br \/>\nFoto von <a title=\"Link zur Autorenseite\" href=\"https:\/\/unsplash.com\/de\/@haileymoeller?utm_source=unsplash&amp;utm_medium=referral&amp;utm_content=creditCopyText\">Hailey Moeller<\/a> auf <a title=\"Link zu Unsplash\" href=\"https:\/\/unsplash.com\/de\/fotos\/_ZNmfIAX5vU?utm_source=unsplash&amp;utm_medium=referral&amp;utm_content=creditCopyText\">Unsplash<\/a><br \/>\nFoto von <a title=\"Link zur Autorenseite\" href=\"https:\/\/unsplash.com\/de\/@stereophototyp?utm_source=unsplash&amp;utm_medium=referral&amp;utm_content=creditCopyText\">Sara Kurfe\u00df<\/a> auf <a title=\"Link zu Unsplash\" href=\"https:\/\/unsplash.com\/de\/fotos\/5epnzwsphl0?utm_source=unsplash&amp;utm_medium=referral&amp;utm_content=creditCopyText\">Unsplash<\/a><\/p>\n<p>[\/et_pb_text][\/et_pb_column][et_pb_column type=&#8220;2_5&#8243; _builder_version=&#8220;4.21.0&#8243; _module_preset=&#8220;default&#8220; global_colors_info=&#8220;{}&#8220;][et_pb_text admin_label=&#8220;Design und Umsetzung&#8220; _builder_version=&#8220;4.27.4&#8243; _module_preset=&#8220;default&#8220; locked=&#8220;off&#8220; global_colors_info=&#8220;{}&#8220;]<\/p>\n<div class=\"et_pb_module et_pb_text et_pb_text_0 et_pb_text_align_left et_pb_bg_layout_light\">\n<div class=\"et_pb_text_inner\">\n<h3>Design &amp; Umsetzung<\/h3>\n<p>R\u00f6ser Medienhaus<br \/>\nFritz-Erler-Stra\u00dfe 25<br \/>\n76133 Karlsruhe<\/p>\n<p>Telefon +49 (0) 721 \/ 37 19-0<br \/>\nTelefax +49 (0) 721 \/ 37 19-300<br \/>\n<a title=\"E-Mail\" href=\"mailto:info@roeser-medienhaus.de\">info@roeser-medienhaus.de<\/a><br \/>\n<a title=\"Link zur R\u00f6ser Medienhaus Seite\" href=\"https:\/\/www.roeser-medienhaus.de\/\" target=\"_blank\" rel=\"noopener\">www.roeser-medienhaus.de<\/a>\u200b<\/p>\n<\/div>\n<\/div>\n<p>[\/et_pb_text][\/et_pb_column][\/et_pb_row][\/et_pb_section]<\/p>\n","protected":false},"excerpt":{"rendered":"<p>Impressum Rudolf R\u00f6ser Verlag und Informationsdienste AG Fritz-Erler-Stra\u00dfe 25 76133 Karlsruhe Vertreten durch: Patrick H\u00fcnemohr, Johannes R\u00f6ser, Robert R\u00f6ser, Annette R\u00f6ser-Letizky Vorsitzender des Aufsichtsrats: Dr. Michael L\u00fcck Kontakt Telefon: +49 (0) 721 \/ 37 19-0 Telefax: +49 (0) 721 \/ 37 19-300 E-Mail: info@roeser-medienhaus.de Umsatzsteuer-ID Umsatzsteuer-Identifikationsnummer gem\u00e4\u00df \u00a7 27 a Umsatzsteuergesetz: DE 175 999 802 Verbraucher\u00adstreit\u00adbeilegung\/Universal\u00adschlichtungs\u00adstelle Wir sind nicht bereit oder verpflichtet, an Streitbeilegungsverfahren vor einer Verbraucherschlichtungsstelle teilzunehmen. Bildnachweis: Shutterstock: Stock-Foto ID: 1786268402| Von Victoria Chudinova\/Shutterstock.com Stock-Foto ID: 1857686140 | Von metamorworks\/Shutterstock.com Stock-Foto ID: 2219432119 | Von Carlo Prearo\/Shutterstock.com Stock-Foto ID: 2212718203 | Von Maya Kruchankova\/Shutterstock.com Stock-Foto ID: 2255732941 | VonVictoria Chudinova\/Shutterstock.com Stock-Foto ID: 2245937845 | Vonpornpawit\/Shutterstock.com Stock-Foto ID: 1855048690 | Von LightField Studios\/Shutterstock.com Stock-Foto ID: 1006128949 | Von fizkes\/Shutterstock.com Stock-Foto ID: 2070020111| Von FlyPic\/Shutterstock.com Foto von Alyssa Strohmann auf Unsplash Foto von Hailey Moeller auf Unsplash Foto von Sara Kurfe\u00df auf Unsplash Design &amp; Umsetzung R\u00f6ser Medienhaus Fritz-Erler-Stra\u00dfe 25 76133 Karlsruhe Telefon +49 (0) 721 \/ 37 19-0 Telefax +49 (0) 721 \/ 37 19-300 info@roeser-medienhaus.de www.roeser-medienhaus.de\u200b<\/p>\n","protected":false},"author":1,"featured_media":0,"parent":0,"menu_order":0,"comment_status":"closed","ping_status":"closed","template":"","meta":{"_et_pb_use_builder":"on","_et_pb_old_content":"","_et_gb_content_width":"","footnotes":""},"class_list":["post-62","page","type-page","status-publish","hentry"],"aioseo_notices":[],"_links":{"self":[{"href":"https:\/\/vorlage.roeser-webseiten.de\/basic-template-2\/wp-json\/wp\/v2\/pages\/62","targetHints":{"allow":["GET"]}}],"collection":[{"href":"https:\/\/vorlage.roeser-webseiten.de\/basic-template-2\/wp-json\/wp\/v2\/pages"}],"about":[{"href":"https:\/\/vorlage.roeser-webseiten.de\/basic-template-2\/wp-json\/wp\/v2\/types\/page"}],"author":[{"embeddable":true,"href":"https:\/\/vorlage.roeser-webseiten.de\/basic-template-2\/wp-json\/wp\/v2\/users\/1"}],"replies":[{"embeddable":true,"href":"https:\/\/vorlage.roeser-webseiten.de\/basic-template-2\/wp-json\/wp\/v2\/comments?post=62"}],"version-history":[{"count":4,"href":"https:\/\/vorlage.roeser-webseiten.de\/basic-template-2\/wp-json\/wp\/v2\/pages\/62\/revisions"}],"predecessor-version":[{"id":1237,"href":"https:\/\/vorlage.roeser-webseiten.de\/basic-template-2\/wp-json\/wp\/v2\/pages\/62\/revisions\/1237"}],"wp:attachment":[{"href":"https:\/\/vorlage.roeser-webseiten.de\/basic-template-2\/wp-json\/wp\/v2\/media?parent=62"}],"curies":[{"name":"wp","href":"https:\/\/api.w.org\/{rel}","templated":true}]}}