{"id":118,"date":"2022-02-03T13:47:00","date_gmt":"2022-02-03T12:47:00","guid":{"rendered":"https:\/\/eberwein-hydraulik.de\/?page_id=118"},"modified":"2025-04-04T15:24:22","modified_gmt":"2025-04-04T13:24:22","slug":"impressum","status":"publish","type":"page","link":"https:\/\/vorlage.roeser-webseiten.de\/basic-template-11\/impressum\/","title":{"rendered":"Impressum"},"content":{"rendered":"<p>[et_pb_section fb_built=&#8221;1&#8243; _builder_version=&#8221;4.21.0&#8243; _module_preset=&#8221;default&#8221; locked=&#8221;off&#8221; global_colors_info=&#8221;{}&#8221;][et_pb_row _builder_version=&#8221;4.21.0&#8243; _module_preset=&#8221;default&#8221; global_colors_info=&#8221;{}&#8221;][et_pb_column type=&#8221;4_4&#8243; _builder_version=&#8221;4.21.0&#8243; _module_preset=&#8221;default&#8221; global_colors_info=&#8221;{}&#8221;][et_pb_text _builder_version=&#8221;4.27.4&#8243; _module_preset=&#8221;default&#8221; hover_enabled=&#8221;0&#8243; global_colors_info=&#8221;{}&#8221; sticky_enabled=&#8221;0&#8243;]<\/p>\n<h1>Impressum<\/h1>\n<p>Rudolf R\u00f6ser Verlag und Informationsdienste AG<br \/>Fritz-Erler-Stra\u00dfe 25<br \/>76133 Karlsruhe<\/p>\n<p><strong>Vertreten durch:<\/strong><br \/>Patrick H\u00fcnemohr, Johannes R\u00f6ser, Robert R\u00f6ser, Annette R\u00f6ser-Letizky<\/p>\n<p><strong>Vorsitzender des Aufsichtsrats:<\/strong><br \/>Dr. Michael L\u00fcck<\/p>\n<h2>Kontakt<\/h2>\n<p>Telefon: 0721 \/ 37 19-0<br \/>Telefax: 0721 \/ 37 19-300<br \/>E-Mail: info@roeser-medienhaus.de<\/p>\n<h2>Umsatzsteuer-ID<\/h2>\n<p>Umsatzsteuer-Identifikationsnummer gem\u00e4\u00df \u00a7 27 a Umsatzsteuergesetz:<br \/>DE 175 999 802<\/p>\n<h2>Verbraucher\u00adstreit\u00adbeilegung\/Universal\u00adschlichtungs\u00adstelle<\/h2>\n<p>Wir sind nicht bereit oder verpflichtet, an Streitbeilegungsverfahren vor einer Verbraucherschlichtungsstelle teilzunehmen.<\/p>\n<p>[\/et_pb_text][\/et_pb_column][\/et_pb_row][\/et_pb_section][et_pb_section fb_built=&#8221;1&#8243; _builder_version=&#8221;4.27.4&#8243; _module_preset=&#8221;default&#8221; background_color=&#8221;gcid-7451cd9a-fc9c-41dc-8107-fe2cd36e7ea8&#8243; hover_enabled=&#8221;0&#8243; locked=&#8221;off&#8221; global_colors_info=&#8221;{%22gcid-7451cd9a-fc9c-41dc-8107-fe2cd36e7ea8%22:%91%22background_color%22%93}&#8221; sticky_enabled=&#8221;0&#8243;][et_pb_row column_structure=&#8221;1_2,1_2&#8243; _builder_version=&#8221;4.21.0&#8243; _module_preset=&#8221;default&#8221; global_colors_info=&#8221;{}&#8221;][et_pb_column type=&#8221;1_2&#8243; _builder_version=&#8221;4.21.0&#8243; _module_preset=&#8221;default&#8221; global_colors_info=&#8221;{}&#8221;][et_pb_text admin_label=&#8221;Bildnachweis&#8221; _builder_version=&#8221;4.27.4&#8243; _module_preset=&#8221;default&#8221; hover_enabled=&#8221;0&#8243; global_colors_info=&#8221;{}&#8221; sticky_enabled=&#8221;0&#8243;]<\/p>\n<h3>Bildnachweis<\/h3>\n<p><strong>Shutterstock<\/strong><\/p>\n<p>[\/et_pb_text][\/et_pb_column][et_pb_column type=&#8221;1_2&#8243; _builder_version=&#8221;4.21.0&#8243; _module_preset=&#8221;default&#8221; global_colors_info=&#8221;{}&#8221;][et_pb_text _builder_version=&#8221;4.24.2&#8243; _module_preset=&#8221;default&#8221; global_colors_info=&#8221;{}&#8221;]<\/p>\n<h3>Design &amp; Umsetzung<\/h3>\n<p>R\u00f6ser Medienhaus<br \/>Fritz-Erler-Stra\u00dfe 25<br \/>76133 Karlsruhe<\/p>\n<p>Telefon 0721 37 19-0<br \/>Telefax 0721 37 19-4 00<br \/><a title=\"E-Mail\" href=\"mailto:info@roeser-medienhaus.de\">info@roeser-medienhaus.de<\/a><br \/><a title=\"Link zur R\u00f6ser Medienhaus Seite\" href=\"https:\/\/www.roeser-medienhaus.de\/\" target=\"_blank\" rel=\"noopener\">www.roeser-medienhaus.de<\/a>\u200b<\/p>\n<p>&nbsp;<\/p>\n<p>[\/et_pb_text][\/et_pb_column][\/et_pb_row][\/et_pb_section]<\/p>\n","protected":false},"excerpt":{"rendered":"<p>Impressum Rudolf R\u00f6ser Verlag und Informationsdienste AGFritz-Erler-Stra\u00dfe 2576133 Karlsruhe Vertreten durch:Patrick H\u00fcnemohr, Johannes R\u00f6ser, Robert R\u00f6ser, Annette R\u00f6ser-Letizky Vorsitzender des Aufsichtsrats:Dr. Michael L\u00fcck Kontakt Telefon: 0721 \/ 37 19-0Telefax: 0721 \/ 37 19-300E-Mail: info@roeser-medienhaus.de Umsatzsteuer-ID Umsatzsteuer-Identifikationsnummer gem\u00e4\u00df \u00a7 27 a Umsatzsteuergesetz:DE 175 999 802 Verbraucher\u00adstreit\u00adbeilegung\/Universal\u00adschlichtungs\u00adstelle Wir sind nicht bereit oder verpflichtet, an Streitbeilegungsverfahren vor einer Verbraucherschlichtungsstelle teilzunehmen.Bildnachweis ShutterstockDesign &amp; Umsetzung R\u00f6ser MedienhausFritz-Erler-Stra\u00dfe 2576133 Karlsruhe Telefon 0721 37 19-0Telefax 0721 37 19-4 00info@roeser-medienhaus.dewww.roeser-medienhaus.de\u200b &nbsp;<\/p>\n","protected":false},"author":1,"featured_media":0,"parent":0,"menu_order":0,"comment_status":"closed","ping_status":"closed","template":"","meta":{"_et_pb_use_builder":"on","_et_pb_old_content":"","_et_gb_content_width":"","footnotes":""},"class_list":["post-118","page","type-page","status-publish","hentry"],"aioseo_notices":[],"_links":{"self":[{"href":"https:\/\/vorlage.roeser-webseiten.de\/basic-template-11\/wp-json\/wp\/v2\/pages\/118","targetHints":{"allow":["GET"]}}],"collection":[{"href":"https:\/\/vorlage.roeser-webseiten.de\/basic-template-11\/wp-json\/wp\/v2\/pages"}],"about":[{"href":"https:\/\/vorlage.roeser-webseiten.de\/basic-template-11\/wp-json\/wp\/v2\/types\/page"}],"author":[{"embeddable":true,"href":"https:\/\/vorlage.roeser-webseiten.de\/basic-template-11\/wp-json\/wp\/v2\/users\/1"}],"replies":[{"embeddable":true,"href":"https:\/\/vorlage.roeser-webseiten.de\/basic-template-11\/wp-json\/wp\/v2\/comments?post=118"}],"version-history":[{"count":1,"href":"https:\/\/vorlage.roeser-webseiten.de\/basic-template-11\/wp-json\/wp\/v2\/pages\/118\/revisions"}],"predecessor-version":[{"id":1183,"href":"https:\/\/vorlage.roeser-webseiten.de\/basic-template-11\/wp-json\/wp\/v2\/pages\/118\/revisions\/1183"}],"wp:attachment":[{"href":"https:\/\/vorlage.roeser-webseiten.de\/basic-template-11\/wp-json\/wp\/v2\/media?parent=118"}],"curies":[{"name":"wp","href":"https:\/\/api.w.org\/{rel}","templated":true}]}}