{"id":37,"date":"2021-06-18T11:36:24","date_gmt":"2021-06-18T09:36:24","guid":{"rendered":"https:\/\/roeser-webseiten.de\/osteria-il-giardino\/?page_id=37"},"modified":"2025-03-31T16:19:22","modified_gmt":"2025-03-31T14:19:22","slug":"impressum","status":"publish","type":"page","link":"https:\/\/vorlage.roeser-webseiten.de\/basic-template-1\/impressum\/","title":{"rendered":"Impressum"},"content":{"rendered":"<p>[et_pb_section fb_built=&#8220;1&#8243; custom_padding_last_edited=&#8220;on|desktop&#8220; _builder_version=&#8220;4.24.2&#8243; _module_preset=&#8220;default&#8220; custom_padding=&#8220;104px||||false|false&#8220; custom_padding_tablet=&#8220;74px||||false|false&#8220; custom_padding_phone=&#8220;54px||||false|false&#8220; background_image_tablet=&#8220;https:\/\/vorlage.roeser-webseiten.de\/basic-template-1\/wp-content\/uploads\/sites\/2\/2021\/07\/hintergrund-website-holz-h-t.jpg&#8220; background_enable_image_tablet=&#8220;on&#8220; global_colors_info=&#8220;{}&#8220;][et_pb_row _builder_version=&#8220;4.21.0&#8243; _module_preset=&#8220;default&#8220; global_colors_info=&#8220;{}&#8220;][et_pb_column type=&#8220;4_4&#8243; _builder_version=&#8220;4.16&#8243; _module_preset=&#8220;default&#8220; global_colors_info=&#8220;{}&#8220;][et_pb_text admin_label=&#8220;Impressum Text&#8220; module_class=&#8220;imprint&#8220; _builder_version=&#8220;4.27.4&#8243; _module_preset=&#8220;default&#8220; header_2_text_align=&#8220;left&#8220; hover_enabled=&#8220;0&#8243; global_colors_info=&#8220;{}&#8220; header_font_size=&#8220;36px&#8220; header_font_size_last_edited=&#8220;on|phone&#8220; sticky_enabled=&#8220;0&#8243; header_font_size_tablet=&#8220;32px&#8220; header_font_size_phone=&#8220;30px&#8220; header_2_font_size=&#8220;32px&#8220; header_2_font_size_last_edited=&#8220;on|phone&#8220; header_2_font_size_tablet=&#8220;30px&#8220; header_2_font_size_phone=&#8220;26px&#8220; header_3_font_size=&#8220;32px&#8220; header_3_font_size_last_edited=&#8220;on|phone&#8220; header_3_font_size_tablet=&#8220;30px&#8220; header_3_font_size_phone=&#8220;26px&#8220;]<\/p>\n<h1>Impressum<\/h1>\n<p>Rudolf R\u00f6ser Verlag und Informationsdienste AG<br \/>Fritz-Erler-Stra\u00dfe 25<br \/>76133 Karlsruhe<\/p>\n<p><strong>Vertreten durch:<\/strong><br \/>Patrick H\u00fcnemohr, Johannes R\u00f6ser, Robert R\u00f6ser, Annette R\u00f6ser-Letizky<\/p>\n<p><strong>Vorsitzender des Aufsichtsrats:<\/strong><br \/>Dr. Michael L\u00fcck<\/p>\n<h2>Kontakt<\/h2>\n<p>Telefon: +49 (0) 721 \/ 37 19-0<br \/>Telefax: +49 (0) 721 \/ 37 19-300<br \/>E-Mail: info@roeser-medienhaus.de<\/p>\n<h2>Umsatzsteuer-ID<\/h2>\n<p>Umsatzsteuer-Identifikationsnummer gem\u00e4\u00df \u00a7 27 a Umsatzsteuergesetz:<br \/>DE 175 999 802<\/p>\n<h2>Verbraucher\u00adstreit\u00adbeilegung\/Universal\u00adschlichtungs\u00adstelle<\/h2>\n<p>Wir sind nicht bereit oder verpflichtet, an Streitbeilegungsverfahren vor einer Verbraucherschlichtungsstelle teilzunehmen.<\/p>\n<p>[\/et_pb_text][\/et_pb_column][\/et_pb_row][\/et_pb_section][et_pb_section fb_built=&#8220;1&#8243; _builder_version=&#8220;4.24.2&#8243; _module_preset=&#8220;default&#8220; background_color=&#8220;#FCFAEE&#8220; global_colors_info=&#8220;{}&#8220;][et_pb_row column_structure=&#8220;3_5,2_5&#8243; use_custom_gutter=&#8220;on&#8220; make_equal=&#8220;on&#8220; _builder_version=&#8220;4.21.0&#8243; _module_preset=&#8220;default&#8220; global_colors_info=&#8220;{}&#8220;][et_pb_column type=&#8220;3_5&#8243; _builder_version=&#8220;4.21.0&#8243; _module_preset=&#8220;default&#8220; border_color_right=&#8220;#416A59&#8243; border_width_right_tablet=&#8220;0px&#8220; border_width_right_phone=&#8220;0px&#8220; border_width_right_last_edited=&#8220;off|desktop&#8220; global_colors_info=&#8220;{}&#8220;][et_pb_text admin_label=&#8220;Bildnachweis&#8220; _builder_version=&#8220;4.27.4&#8243; _module_preset=&#8220;default&#8220; header_3_text_color=&#8220;#252526&#8243; global_colors_info=&#8220;{}&#8220; header_font_size=&#8220;36px&#8220; header_2_text_align=&#8220;left&#8220; header_2_text_color=&#8220;#252526&#8243; header_2_font_size=&#8220;32px&#8220; header_3_font_size=&#8220;32px&#8220; header_font_size_tablet=&#8220;32px&#8220; header_font_size_phone=&#8220;30px&#8220; header_font_size_last_edited=&#8220;on|phone&#8220; header_2_font_size_tablet=&#8220;30px&#8220; header_2_font_size_phone=&#8220;26px&#8220; header_2_font_size_last_edited=&#8220;on|phone&#8220; header_3_font_size_tablet=&#8220;30px&#8220; header_3_font_size_phone=&#8220;26px&#8220; header_3_font_size_last_edited=&#8220;on|phone&#8220;]<\/p>\n<h3>Bildnachweis:<\/h3>\n<p><strong>Shutterstock:<\/strong><br \/>Stock-Foto ID: 1912944946 | Von <a class=\"mui-19sk0fy-a-underline-inherit-linkContainer\" title=\"Link zur Autorenseite\" href=\"https:\/\/www.shutterstock.com\/g\/aleksandr+talancev\" target=\"_blank\" rel=\"nofollow noopener\">aleksandr talancev\/Shutterstock.com<\/a><br \/>Stock-Foto ID: 1176403045 | Von <a class=\"mui-19sk0fy-a-underline-inherit-linkContainer\" title=\"Link zur Autorenseite\" href=\"https:\/\/www.shutterstock.com\/g\/Liliya+Kandrashevich\" target=\"_blank\" rel=\"nofollow noopener\">Liliya Kandrashevich\/Shutterstock.com<\/a><br \/>Stock-Foto ID: 1034719102 | Von <a class=\"mui-19sk0fy-a-underline-inherit-linkContainer\" title=\"Link zur Autorenseite\" href=\"https:\/\/www.shutterstock.com\/g\/barol16\" target=\"_blank\" rel=\"nofollow noopener\">BarbaraGoreckaPhotography\/Shutterstock.com<\/a><br \/>Stock-Foto ID: 455063371 | Von <a class=\"mui-19sk0fy-a-underline-inherit-linkContainer\" title=\"Link zur Autorenseite\" href=\"https:\/\/www.shutterstock.com\/g\/4774344sean\" target=\"_blank\" rel=\"nofollow noopener\">wavebreakmedia\/Shutterstock.com<\/a><br \/>Stock-Foto ID: 429072265 | Von <a class=\"mui-19sk0fy-a-underline-inherit-linkContainer\" title=\"Link zur Autorenseite\" href=\"https:\/\/www.shutterstock.com\/g\/karandaev\" target=\"_blank\" rel=\"nofollow noopener\">Evgeny Karandaev\/Shutterstock.com<\/a><br \/>Stock-Foto ID: 763790878 | Von <a class=\"mui-19sk0fy-a-underline-inherit-linkContainer\" title=\"Link zur Autorenseite\" href=\"https:\/\/www.shutterstock.com\/g\/7Crafts\" target=\"_blank\" rel=\"nofollow noopener\">7Crafts\/Shutterstock.com<\/a><br \/>Stock-Foto ID: 763790884 | Von <a class=\"mui-19sk0fy-a-underline-inherit-linkContainer\" title=\"Link zur Autorenseite\" href=\"https:\/\/www.shutterstock.com\/g\/7Crafts\" target=\"_blank\" rel=\"nofollow noopener\">7Crafts\/Shutterstock.com<\/a><br \/>Stock-Foto ID: 763790902 | Von <a class=\"mui-19sk0fy-a-underline-inherit-linkContainer\" title=\"Link zur Autorenseite\" href=\"https:\/\/www.shutterstock.com\/g\/7Crafts\" target=\"_blank\" rel=\"nofollow noopener\">7Crafts\/Shutterstock.com<\/a><br \/>Stock-Foto ID: 1535962472 | Von <a class=\"mui-19sk0fy-a-underline-inherit-linkContainer\" title=\"Link zur Autorenseite\" href=\"https:\/\/www.shutterstock.com\/g\/NOVOKRESHCHENOVA\" target=\"_blank\" rel=\"nofollow noopener\">NOVOKRESHCHENOVA MARIA\/Shutterstock.com<\/a><br \/>Stock-Foto ID: 1678594945 | Von <a class=\"mui-19sk0fy-a-underline-inherit-linkContainer\" title=\"Link zur Autorenseite\" href=\"https:\/\/www.shutterstock.com\/g\/Hihitetlin\" target=\"_blank\" rel=\"nofollow noopener\">Hihitetlin\/Shutterstock.com<\/a><br \/>Stock-Foto ID: 1206985765 | Von <a class=\"mui-19sk0fy-a-underline-inherit-linkContainer\" title=\"Link zur Autorenseite\" href=\"https:\/\/www.shutterstock.com\/g\/Yulia+Grigoryeva\" target=\"_blank\" rel=\"nofollow noopener\">fornStudio\/Shutterstock.com<\/a><br \/>Stock-Foto ID: 1330520720 | Von <a class=\"mui-19sk0fy-a-underline-inherit-linkContainer\" title=\"Link zur Autorenseite\" href=\"https:\/\/www.shutterstock.com\/g\/olgakim93\" target=\"_blank\" rel=\"nofollow noopener\">olgakimphoto\/Shutterstock.com<\/a><br \/>Stock-Foto ID: 1779418367 | Von <a class=\"mui-19sk0fy-a-underline-inherit-linkContainer\" title=\"Link zur Autorenseite\" href=\"https:\/\/www.shutterstock.com\/g\/Stefanovic+Mina\" target=\"_blank\" rel=\"nofollow noopener\">Stefanovic Mina\/Shutterstock.com<\/a><br \/>Stock-Foto ID: 1827684221 | Von <a class=\"mui-19sk0fy-a-underline-inherit-linkContainer\" title=\"Link zur Autorenseite\" href=\"https:\/\/www.shutterstock.com\/g\/ALDECAstudio\" target=\"_blank\" rel=\"nofollow noopener\">ALDECA studio\/Shutterstock.com<\/a><br \/>Stock-Foto ID: 1505333561 | Von <a class=\"mui-19sk0fy-a-underline-inherit-linkContainer\" title=\"Link zur Autorenseite\" href=\"https:\/\/www.shutterstock.com\/g\/IciakP\" target=\"_blank\" rel=\"nofollow noopener\">Przemek Iciak\/Shutterstock.com<\/a><br \/>Stock-Foto ID: 1822698680 | Von <a class=\"mui-19sk0fy-a-underline-inherit-linkContainer\" title=\"Link zur Autorenseite\" href=\"https:\/\/www.shutterstock.com\/g\/Chatham172\" target=\"_blank\" rel=\"nofollow noopener\">Chatham172\/Shutterstock.com<\/a><br \/>Stock-Foto ID: 2131624585 | Von <a class=\"mui-19sk0fy-a-underline-inherit-linkContainer\" title=\"Link zur Autorenseite\" href=\"https:\/\/www.shutterstock.com\/g\/Vel_volkov\" target=\"_blank\" rel=\"nofollow noopener\">Valery_Volkov\/Shutterstock.com<\/a><br \/>Stock-Foto ID: 1425855284 | Von <a class=\"mui-19sk0fy-a-underline-inherit-linkContainer\" title=\"Link zur Autorenseite\" href=\"https:\/\/www.shutterstock.com\/g\/Pietruszka\" target=\"_blank\" rel=\"nofollow noopener\">Pietruszka\/Shutterstock.com<\/a><br \/>Stock-Foto ID: 2136917259 | Von <a class=\"mui-19sk0fy-a-underline-inherit-linkContainer\" title=\"Link zur Autorenseite\" href=\"https:\/\/www.shutterstock.com\/g\/Katerina+Parameyeva\" target=\"_blank\" rel=\"nofollow noopener\">Katerina Parameyeva\/Shutterstock.com<\/a><br \/>Stock-Foto ID: 2099845969 | Von <a class=\"mui-19sk0fy-a-underline-inherit-linkContainer\" title=\"Link zur Autorenseite\" href=\"https:\/\/www.shutterstock.com\/g\/5PH\" target=\"_blank\" rel=\"nofollow noopener\">5PH\/Shutterstock.com<\/a><br \/>Stock-Foto ID: 1666849081 | Von <a class=\"mui-19sk0fy-a-underline-inherit-linkContainer\" title=\"Link zur Autorenseite\" href=\"https:\/\/www.shutterstock.com\/g\/igorr\" target=\"_blank\" rel=\"nofollow noopener\">Igor Normann\/Shutterstock.com<\/a><br \/>Stock-Foto ID: 2112290168 | Von <a class=\"mui-19sk0fy-a-underline-inherit-linkContainer\" title=\"Link zur Autorenseite\" href=\"https:\/\/www.shutterstock.com\/g\/aprilphoto\" target=\"_blank\" rel=\"nofollow noopener\">Aprilphoto\/Shutterstock.com<\/a><br \/>Stock-Foto ID: 249395137 | Von <a class=\"mui-19sk0fy-a-underline-inherit-linkContainer\" title=\"Link zur Autorenseite\" href=\"https:\/\/www.shutterstock.com\/g\/gbh007\" target=\"_blank\" rel=\"nofollow noopener\">Jacek Chabraszewski\/Shutterstock.com<\/a><br \/>Stock-Foto ID: 740240074 | Von <a class=\"mui-19sk0fy-a-underline-inherit-linkContainer\" title=\"Link zur Autorenseite\" href=\"https:\/\/www.shutterstock.com\/g\/breenphoto\" target=\"_blank\" rel=\"nofollow noopener\">Natasha Breen\/Shutterstock.com<\/a><br \/>Stock-Foto ID: 1458238325 | Von <a class=\"mui-19sk0fy-a-underline-inherit-linkContainer\" title=\"Link zur Autorenseite\" href=\"https:\/\/www.shutterstock.com\/g\/Valeria_Aksakova\" target=\"_blank\" rel=\"nofollow noopener\">nerudol\/Shutterstock.com<\/a><br \/>Stock-Foto ID: 1829686103 | Von <a class=\"mui-19sk0fy-a-underline-inherit-linkContainer\" title=\"Link zur Autorenseite\" href=\"https:\/\/www.shutterstock.com\/g\/south_juls\" target=\"_blank\" rel=\"nofollow noopener\">Julia Mikhaylova\/Shutterstock.com<\/a><br \/>Stock-Foto ID: 527876767 | Von <a class=\"mui-19sk0fy-a-underline-inherit-linkContainer\" title=\"Link zur Autorenseite\" href=\"https:\/\/www.shutterstock.com\/g\/MeSamong\" target=\"_blank\" rel=\"nofollow noopener\">MeSamong\/Shutterstock.com<\/a><br \/>Stock-Foto ID: 1610323657 | Von <a href=\"https:\/\/www.shutterstock.com\/g\/catarina\" target=\"_blank\" rel=\"noopener\" title=\"Externer Link zur Autorenseite von Catarina Belova\">Catarina Belova\/Shutterstock.com<\/a><br \/>Stock-Foto ID: 136403075 | Von <a href=\"https:\/\/www.shutterstock.com\/g\/robynm\" target=\"_blank\" rel=\"noopener\" title=\"Externer Link zur Autorenseite von Robyn Mackenzie\">Robyn Mackenzie\/Shutterstock.com<\/a><br \/>Asset ID: 512861605 | Von <a href=\"https:\/\/www.shutterstock.com\/g\/Penza\" target=\"_blank\" rel=\"noopener\" title=\"Externer Link zur Autorenseite von Penza\">Penza\/Shutterstock.com<\/a><\/p>\n<p>[\/et_pb_text][\/et_pb_column][et_pb_column type=&#8220;2_5&#8243; _builder_version=&#8220;4.21.0&#8243; _module_preset=&#8220;default&#8220; custom_padding=&#8220;|||5%|false|false&#8220; custom_padding_tablet=&#8220;|||0%|false|false&#8220; custom_padding_phone=&#8220;|||0%|false|false&#8220; custom_padding_last_edited=&#8220;on|tablet&#8220; border_width_left=&#8220;1px&#8220; border_color_left=&#8220;#416A59&#8243; border_width_left_tablet=&#8220;0px&#8220; border_width_left_phone=&#8220;0px&#8220; border_width_left_last_edited=&#8220;on|tablet&#8220; global_colors_info=&#8220;{}&#8220;][et_pb_text admin_label=&#8220;Design und Umsetzung&#8220; _builder_version=&#8220;4.24.2&#8243; _module_preset=&#8220;default&#8220; header_3_text_color=&#8220;#252526&#8243; global_colors_info=&#8220;{}&#8220; header_font_size=&#8220;36px&#8220; header_2_text_align=&#8220;left&#8220; header_2_text_color=&#8220;#252526&#8243; header_2_font_size=&#8220;32px&#8220; header_3_font_size=&#8220;32px&#8220; header_font_size_tablet=&#8220;32px&#8220; header_font_size_phone=&#8220;30px&#8220; header_font_size_last_edited=&#8220;on|phone&#8220; header_2_font_size_tablet=&#8220;30px&#8220; header_2_font_size_phone=&#8220;26px&#8220; header_2_font_size_last_edited=&#8220;on|phone&#8220; header_3_font_size_tablet=&#8220;30px&#8220; header_3_font_size_phone=&#8220;26px&#8220; header_3_font_size_last_edited=&#8220;on|phone&#8220;]<\/p>\n<div class=\"et_pb_module et_pb_text et_pb_text_0 et_pb_text_align_left et_pb_bg_layout_light\">\n<div class=\"et_pb_text_inner\">\n<h3>Design &amp; Umsetzung<\/h3>\n<p>R\u00f6ser Medienhaus<br \/>Fritz-Erler-Stra\u00dfe 25<br \/>76133 Karlsruhe<\/p>\n<p>Telefon +49 (0) 721 \/ 37 19-0<br \/>Telefax +49 (0) 721 \/ 37 19-3 00<br \/><a title=\"E-Mail\" href=\"mailto:info@roeser-medienhaus.de\">info@roeser-medienhaus.de<\/a><br \/><a title=\"Link zur R\u00f6ser Medienhaus Seite\" href=\"https:\/\/www.roeser-medienhaus.de\/\" target=\"_blank\" rel=\"noopener\">www.roeser-medienhaus.de<\/a>\u200b<\/p>\n<\/div>\n<\/div>\n<p>[\/et_pb_text][\/et_pb_column][\/et_pb_row][\/et_pb_section]<\/p>\n","protected":false},"excerpt":{"rendered":"<p>Impressum Rudolf R\u00f6ser Verlag und Informationsdienste AGFritz-Erler-Stra\u00dfe 2576133 Karlsruhe Vertreten durch:Patrick H\u00fcnemohr, Johannes R\u00f6ser, Robert R\u00f6ser, Annette R\u00f6ser-Letizky Vorsitzender des Aufsichtsrats:Dr. Michael L\u00fcck Kontakt Telefon: +49 (0) 721 \/ 37 19-0Telefax: +49 (0) 721 \/ 37 19-300E-Mail: info@roeser-medienhaus.de Umsatzsteuer-ID Umsatzsteuer-Identifikationsnummer gem\u00e4\u00df \u00a7 27 a Umsatzsteuergesetz:DE 175 999 802 Verbraucher\u00adstreit\u00adbeilegung\/Universal\u00adschlichtungs\u00adstelle Wir sind nicht bereit oder verpflichtet, an Streitbeilegungsverfahren vor einer Verbraucherschlichtungsstelle teilzunehmen.Bildnachweis: Shutterstock:Stock-Foto ID: 1912944946 | Von aleksandr talancev\/Shutterstock.comStock-Foto ID: 1176403045 | Von Liliya Kandrashevich\/Shutterstock.comStock-Foto ID: 1034719102 | Von BarbaraGoreckaPhotography\/Shutterstock.comStock-Foto ID: 455063371 | Von wavebreakmedia\/Shutterstock.comStock-Foto ID: 429072265 | Von Evgeny Karandaev\/Shutterstock.comStock-Foto ID: 763790878 | Von 7Crafts\/Shutterstock.comStock-Foto ID: 763790884 | Von 7Crafts\/Shutterstock.comStock-Foto ID: 763790902 | Von 7Crafts\/Shutterstock.comStock-Foto ID: 1535962472 | Von NOVOKRESHCHENOVA MARIA\/Shutterstock.comStock-Foto ID: 1678594945 | Von Hihitetlin\/Shutterstock.comStock-Foto ID: 1206985765 | Von fornStudio\/Shutterstock.comStock-Foto ID: 1330520720 | Von olgakimphoto\/Shutterstock.comStock-Foto ID: 1779418367 | Von Stefanovic Mina\/Shutterstock.comStock-Foto ID: 1827684221 | Von ALDECA studio\/Shutterstock.comStock-Foto ID: 1505333561 | Von Przemek Iciak\/Shutterstock.comStock-Foto ID: 1822698680 | Von Chatham172\/Shutterstock.comStock-Foto ID: 2131624585 | Von Valery_Volkov\/Shutterstock.comStock-Foto ID: 1425855284 | Von Pietruszka\/Shutterstock.comStock-Foto ID: 2136917259 | Von Katerina Parameyeva\/Shutterstock.comStock-Foto ID: 2099845969 | Von 5PH\/Shutterstock.comStock-Foto ID: 1666849081 | Von Igor Normann\/Shutterstock.comStock-Foto ID: 2112290168 | Von Aprilphoto\/Shutterstock.comStock-Foto ID: 249395137 | Von Jacek Chabraszewski\/Shutterstock.comStock-Foto ID: 740240074 | Von Natasha Breen\/Shutterstock.comStock-Foto ID: 1458238325 | Von nerudol\/Shutterstock.comStock-Foto ID: 1829686103 | Von Julia Mikhaylova\/Shutterstock.comStock-Foto ID: 527876767 | Von MeSamong\/Shutterstock.comStock-Foto ID: 1610323657 | Von Catarina Belova\/Shutterstock.comStock-Foto ID: 136403075 | Von Robyn<\/p>\n<div class=\"view-full-post\"><a href=\"https:\/\/vorlage.roeser-webseiten.de\/basic-template-1\/impressum\/\" class=\"view-full-post-btn\">View Full Post<\/a><\/div>\n<p>;<\/p>\n","protected":false},"author":1,"featured_media":0,"parent":0,"menu_order":0,"comment_status":"closed","ping_status":"closed","template":"","meta":{"_et_pb_use_builder":"on","_et_pb_old_content":"","_et_gb_content_width":"","footnotes":""},"class_list":["post-37","page","type-page","status-publish","hentry"],"aioseo_notices":[],"_links":{"self":[{"href":"https:\/\/vorlage.roeser-webseiten.de\/basic-template-1\/wp-json\/wp\/v2\/pages\/37","targetHints":{"allow":["GET"]}}],"collection":[{"href":"https:\/\/vorlage.roeser-webseiten.de\/basic-template-1\/wp-json\/wp\/v2\/pages"}],"about":[{"href":"https:\/\/vorlage.roeser-webseiten.de\/basic-template-1\/wp-json\/wp\/v2\/types\/page"}],"author":[{"embeddable":true,"href":"https:\/\/vorlage.roeser-webseiten.de\/basic-template-1\/wp-json\/wp\/v2\/users\/1"}],"replies":[{"embeddable":true,"href":"https:\/\/vorlage.roeser-webseiten.de\/basic-template-1\/wp-json\/wp\/v2\/comments?post=37"}],"version-history":[{"count":3,"href":"https:\/\/vorlage.roeser-webseiten.de\/basic-template-1\/wp-json\/wp\/v2\/pages\/37\/revisions"}],"predecessor-version":[{"id":2915,"href":"https:\/\/vorlage.roeser-webseiten.de\/basic-template-1\/wp-json\/wp\/v2\/pages\/37\/revisions\/2915"}],"wp:attachment":[{"href":"https:\/\/vorlage.roeser-webseiten.de\/basic-template-1\/wp-json\/wp\/v2\/media?parent=37"}],"curies":[{"name":"wp","href":"https:\/\/api.w.org\/{rel}","templated":true}]}}